{"id":2691,"date":"2023-05-13T04:07:06","date_gmt":"2023-05-13T04:07:06","guid":{"rendered":"https:\/\/yume-silm.com\/?post_type=product&#038;p=2691"},"modified":"2025-02-07T05:23:35","modified_gmt":"2025-02-07T05:23:35","slug":"sweat-waist-trainer-com-4-barras-de-suporte","status":"publish","type":"product","link":"https:\/\/yume-silm.com\/pt\/produto\/sweat-waist-trainer-com-4-barras-de-suporte\/","title":{"rendered":"Aparador de cintura para suor di\u00e1rio por atacado com 4 barras de suporte"},"content":{"rendered":"<h5>Caracter\u00edsticas de design<\/h5>\n<ul>\n<li><strong>SUPORTE EXCEPCIONAL:<\/strong> Este modelador de cintura modelador de suor est\u00e1 equipado com 4 barras de suporte que fornecem suporte incompar\u00e1vel para melhores resultados de treino e satisfa\u00e7\u00e3o do cliente.<\/li>\n<li><strong>AJUSTE AJUST\u00c1VEL:<\/strong> O sistema de gancho de 3 camadas do treinador de cintura de suor \u00e9 facilmente ajust\u00e1vel para garantir um ajuste seguro e confort\u00e1vel para diferentes tipos de corpo.<\/li>\n<li><strong>MELHORIA DO SUOR:<\/strong> Projetado para aumentar a produ\u00e7\u00e3o de suor, este modelador de cintura para homens e mulheres agrega valor significativo \u00e0 jornada de prepara\u00e7\u00e3o f\u00edsica do cliente.<\/li>\n<li><strong>MULTIFUNCIONALIDADE:<\/strong> Seja para exerc\u00edcios, uso di\u00e1rio ou suporte p\u00f3s-parto, este modelador de cintura para treino masculino \u00e9 uma adi\u00e7\u00e3o vers\u00e1til a qualquer arm\u00e1rio.<\/li>\n<li><strong>MATERIAL DE ALTA QUALIDADE:<\/strong> O modelador de cintura Faja \u00e9 feito de uma mistura de n\u00e1ilon e spandex com alta elasticidade para garantir um ajuste est\u00e1vel ao redor da cintura, dur\u00e1vel e resistente \u00e0 deforma\u00e7\u00e3o.<\/li>\n<\/ul>\n<h6><em>Controle de barriga com cinto de suor para treino de cintura<\/em><\/h6>\n<ul>\n<li>Nosso aparador de cintura di\u00e1rio com 4 barras de suporte \u00e9 uma mistura harmoniosa de inova\u00e7\u00e3o, estilo e funcionalidade.<\/li>\n<li>Para atacadistas que desejam oferecer produtos de primeira linha que correspondam \u00e0s \u00faltimas tend\u00eancias, este modelador de cintura masculino \u00e9 indispens\u00e1vel.<\/li>\n<li>Com op\u00e7\u00f5es de personaliza\u00e7\u00e3o, variedade de tamanhos e promessa de entrega r\u00e1pida, o melhor modelador de cintura para mulheres \u00e9 uma adi\u00e7\u00e3o valiosa ao seu invent\u00e1rio.<\/li>\n<li>Mergulhe no mundo do atacado com este excelente moletom de cintura. Encomende hoje!<\/li>\n<\/ul>","protected":false},"excerpt":{"rendered":"<ul>\n<li>Apresentamos nosso aparador de cintura di\u00e1rio com 4 barras de suporte, uma fus\u00e3o perfeita de estilo e funcionalidade.<\/li>\n<li>Projetado com 4 barras de suporte e sistema de gancho de 3 camadas, garante um ajuste confort\u00e1vel, melhorando a cintura e aumentando a produ\u00e7\u00e3o de suor durante os treinos.<\/li>\n<\/ul>","protected":false},"featured_media":2698,"comment_status":"open","ping_status":"closed","template":"","meta":{"site-sidebar-layout":"default","site-content-layout":"default","ast-site-content-layout":"default","site-content-style":"default","site-sidebar-style":"default","ast-global-header-display":"","ast-banner-title-visibility":"","ast-main-header-display":"","ast-hfb-above-header-display":"","ast-hfb-below-header-display":"","ast-hfb-mobile-header-display":"","site-post-title":"","ast-breadcrumbs-content":"","ast-featured-img":"","footer-sml-layout":"","ast-disable-related-posts":"","theme-transparent-header-meta":"default","adv-header-id-meta":"","stick-header-meta":"default","header-above-stick-meta":"","header-main-stick-meta":"","header-below-stick-meta":"","astra-migrate-meta-layouts":"set","ast-page-background-enabled":"default","ast-page-background-meta":{"desktop":{"background-color":"","background-image":"","background-repeat":"repeat","background-position":"center center","background-size":"auto","background-attachment":"scroll","background-type":"","background-media":"","overlay-type":"","overlay-color":"","overlay-opacity":"","overlay-gradient":""},"tablet":{"background-color":"","background-image":"","background-repeat":"repeat","background-position":"center center","background-size":"auto","background-attachment":"scroll","background-type":"","background-media":"","overlay-type":"","overlay-color":"","overlay-opacity":"","overlay-gradient":""},"mobile":{"background-color":"","background-image":"","background-repeat":"repeat","background-position":"center center","background-size":"auto","background-attachment":"scroll","background-type":"","background-media":"","overlay-type":"","overlay-color":"","overlay-opacity":"","overlay-gradient":""}},"ast-content-background-meta":{"desktop":{"background-color":"var(--ast-global-color-5)","background-image":"","background-repeat":"repeat","background-position":"center center","background-size":"auto","background-attachment":"scroll","background-type":"","background-media":"","overlay-type":"","overlay-color":"","overlay-opacity":"","overlay-gradient":""},"tablet":{"background-color":"var(--ast-global-color-5)","background-image":"","background-repeat":"repeat","background-position":"center center","background-size":"auto","background-attachment":"scroll","background-type":"","background-media":"","overlay-type":"","overlay-color":"","overlay-opacity":"","overlay-gradient":""},"mobile":{"background-color":"var(--ast-global-color-5)","background-image":"","background-repeat":"repeat","background-position":"center center","background-size":"auto","background-attachment":"scroll","background-type":"","background-media":"","overlay-type":"","overlay-color":"","overlay-opacity":"","overlay-gradient":""}}},"product_brand":[],"product_cat":[65,76,90,96,92],"product_tag":[198,154,185],"class_list":{"0":"post-2691","1":"product","2":"type-product","3":"status-publish","4":"has-post-thumbnail","6":"product_cat-best-sellers","7":"product_cat-new-arrivels","8":"product_cat-wholesale-waist-trainer","9":"product_cat-sweat-waist-trainer","10":"product_cat-wholesale-waist-girdle","11":"product_tag-hourglass","12":"product_tag-with-hooks","13":"product_tag-workout","14":"pa_color-black","15":"pa_size-l","16":"pa_size-m","17":"pa_size-s","18":"pa_size-xl","19":"pa_size-xxl","20":"desktop-align-center","21":"tablet-align-left","22":"mobile-align-left","23":"ast-product-gallery-layout-horizontal-slider","24":"ast-product-single-variable","25":"ast-product-tabs-layout-horizontal","26":"ast-qv-on-image","28":"first","29":"instock","30":"shipping-taxable","31":"purchasable","32":"product-type-variable"},"tiered_pricing_type":"fixed","tiered_pricing_fixed_rules":{"2":3.99,"50":3.79,"300":3.29},"tiered_pricing_product_settings":{"layout":"default","base_unit_name":{"singular":null,"plural":null},"default_variation":{}},"tiered_pricing_minimum_quantity":null,"tiered_pricing_roles_data":[],"tiered_pricing_percentage_rules":[],"_links":{"self":[{"href":"https:\/\/yume-silm.com\/pt\/wp-json\/wp\/v2\/product\/2691","targetHints":{"allow":["GET"]}}],"collection":[{"href":"https:\/\/yume-silm.com\/pt\/wp-json\/wp\/v2\/product"}],"about":[{"href":"https:\/\/yume-silm.com\/pt\/wp-json\/wp\/v2\/types\/product"}],"replies":[{"embeddable":true,"href":"https:\/\/yume-silm.com\/pt\/wp-json\/wp\/v2\/comments?post=2691"}],"wp:featuredmedia":[{"embeddable":true,"href":"https:\/\/yume-silm.com\/pt\/wp-json\/wp\/v2\/media\/2698"}],"wp:attachment":[{"href":"https:\/\/yume-silm.com\/pt\/wp-json\/wp\/v2\/media?parent=2691"}],"wp:term":[{"taxonomy":"product_brand","embeddable":true,"href":"https:\/\/yume-silm.com\/pt\/wp-json\/wp\/v2\/product_brand?post=2691"},{"taxonomy":"product_cat","embeddable":true,"href":"https:\/\/yume-silm.com\/pt\/wp-json\/wp\/v2\/product_cat?post=2691"},{"taxonomy":"product_tag","embeddable":true,"href":"https:\/\/yume-silm.com\/pt\/wp-json\/wp\/v2\/product_tag?post=2691"}],"curies":[{"name":"wp","href":"https:\/\/api.w.org\/{rel}","templated":true}]}}