{"id":2710,"date":"2023-05-13T06:38:16","date_gmt":"2023-05-13T06:38:16","guid":{"rendered":"https:\/\/yume-silm.com\/?post_type=product&#038;p=2710"},"modified":"2024-06-11T03:38:07","modified_gmt":"2024-06-11T03:38:07","slug":"colete-de-emagrecimento-para-homem-colete-de-controlo-da-barriga-colete-de-compressao-para-homem","status":"publish","type":"product","link":"https:\/\/yume-silm.com\/pt\/produto\/colete-de-emagrecimento-para-homem-colete-de-controlo-da-barriga-colete-de-compressao-para-homem\/","title":{"rendered":"Camisa de compress\u00e3o de colete modelador masculino por atacado"},"content":{"rendered":"<h5>Caracter\u00edsticas de design<\/h5>\n<ul>\n<li><strong>CONFORT\u00c1VEL E RESPIR\u00c1VEL:<\/strong> A regata modeladora masculina \u00e9 feita de material de alta qualidade, confort\u00e1vel e respir\u00e1vel para garantir que voc\u00ea n\u00e3o se sentir\u00e1 desconfort\u00e1vel por muito tempo.<\/li>\n<li><strong>PROJETO DE MODELAGEM DO CORPO:<\/strong> Nossa camiseta modeladora masculina ajuda a comprimir o excesso de gordura no peito, abd\u00f4men e costas para um visual mais definido e tonificado.<\/li>\n<li><strong>ELEG\u00c2NCIA SEM EMENDA:<\/strong> O design perfeito da camisa de compress\u00e3o com colete modelador masculino oferece uma apar\u00eancia elegante sob as roupas, tornando-a discreta e vers\u00e1til para qualquer ocasi\u00e3o.<\/li>\n<li><strong>POSTURA MELHORADA:<\/strong> O modelador corporal masculino proporciona sustenta\u00e7\u00e3o aos m\u00fasculos da parte superior do corpo, auxiliando na corre\u00e7\u00e3o da postura e na redu\u00e7\u00e3o do cansa\u00e7o ao ficar em p\u00e9 ou sentado por longos per\u00edodos.<\/li>\n<li><strong>VERSATILIDADE \u00d3TIMA:<\/strong> Este nosso melhor modelador de barriga masculino \u00e9 adequado para treinos, atividades di\u00e1rias, trabalho, viagens ou lazer, garantindo um f\u00edsico ideal e mantendo um estilo de vida ativo.<\/li>\n<\/ul>\n<h6><em>Colete de compress\u00e3o modelador de corpo sem costura masculino com controle abdominal<\/em><\/h6>\n<ul>\n<li>Nossa regata masculina de compress\u00e3o modeladora emagrecedora com controle de barriga \u00e9 uma mistura perfeita de estilo, conforto e funcionalidade.<\/li>\n<li>Para atacadistas que buscam oferecer produtos de primeira linha alinhados com as tend\u00eancias atuais, esta camisa de compress\u00e3o com colete modelador masculino \u00e9 obrigat\u00f3ria.<\/li>\n<li>Com op\u00e7\u00f5es de personaliza\u00e7\u00e3o, uma variedade de tamanhos e a promessa de entrega r\u00e1pida, \u00e9 uma adi\u00e7\u00e3o valiosa ao seu estoque.<\/li>\n<li>Mergulhe no mundo do atacado com esta pe\u00e7a de destaque. Encomende hoje!<\/li>\n<\/ul>","protected":false},"excerpt":{"rendered":"<ul>\n<li>Experimente o poder transformador da nossa camisa de compress\u00e3o modeladora masculina.<\/li>\n<li>Fabricada com uma mistura de n\u00e1ilon e spandex, esta regata de compress\u00e3o contorna perfeitamente o torso, oferecendo um efeito elegante e emagrecedor, adequado para treinos e uso di\u00e1rio.<\/li>\n<\/ul>","protected":false},"featured_media":2719,"comment_status":"open","ping_status":"closed","template":"","meta":{"site-sidebar-layout":"default","site-content-layout":"default","ast-site-content-layout":"default","site-content-style":"default","site-sidebar-style":"default","ast-global-header-display":"","ast-banner-title-visibility":"","ast-main-header-display":"","ast-hfb-above-header-display":"","ast-hfb-below-header-display":"","ast-hfb-mobile-header-display":"","site-post-title":"","ast-breadcrumbs-content":"","ast-featured-img":"","footer-sml-layout":"","ast-disable-related-posts":"","theme-transparent-header-meta":"default","adv-header-id-meta":"","stick-header-meta":"default","header-above-stick-meta":"","header-main-stick-meta":"","header-below-stick-meta":"","astra-migrate-meta-layouts":"set","ast-page-background-enabled":"default","ast-page-background-meta":{"desktop":{"background-color":"","background-image":"","background-repeat":"repeat","background-position":"center center","background-size":"auto","background-attachment":"scroll","background-type":"","background-media":"","overlay-type":"","overlay-color":"","overlay-opacity":"","overlay-gradient":""},"tablet":{"background-color":"","background-image":"","background-repeat":"repeat","background-position":"center center","background-size":"auto","background-attachment":"scroll","background-type":"","background-media":"","overlay-type":"","overlay-color":"","overlay-opacity":"","overlay-gradient":""},"mobile":{"background-color":"","background-image":"","background-repeat":"repeat","background-position":"center center","background-size":"auto","background-attachment":"scroll","background-type":"","background-media":"","overlay-type":"","overlay-color":"","overlay-opacity":"","overlay-gradient":""}},"ast-content-background-meta":{"desktop":{"background-color":"var(--ast-global-color-5)","background-image":"","background-repeat":"repeat","background-position":"center center","background-size":"auto","background-attachment":"scroll","background-type":"","background-media":"","overlay-type":"","overlay-color":"","overlay-opacity":"","overlay-gradient":""},"tablet":{"background-color":"var(--ast-global-color-5)","background-image":"","background-repeat":"repeat","background-position":"center center","background-size":"auto","background-attachment":"scroll","background-type":"","background-media":"","overlay-type":"","overlay-color":"","overlay-opacity":"","overlay-gradient":""},"mobile":{"background-color":"var(--ast-global-color-5)","background-image":"","background-repeat":"repeat","background-position":"center center","background-size":"auto","background-attachment":"scroll","background-type":"","background-media":"","overlay-type":"","overlay-color":"","overlay-opacity":"","overlay-gradient":""}}},"product_brand":[],"product_cat":[85,86],"product_tag":[148,134,214,185],"class_list":{"0":"post-2710","1":"product","2":"type-product","3":"status-publish","4":"has-post-thumbnail","6":"product_cat-wholesale-mens-shapewear","7":"product_cat-wholesale-men-sliming-vest","8":"product_tag-one-piece","9":"product_tag-tummy-tucker","10":"product_tag-waist-trainer","11":"product_tag-workout","12":"pa_color-black","13":"pa_color-white","14":"pa_size-l","15":"pa_size-m","16":"pa_size-s","17":"pa_size-xl","18":"pa_size-xxl","19":"desktop-align-center","20":"tablet-align-left","21":"mobile-align-left","22":"ast-product-gallery-layout-horizontal-slider","23":"ast-product-single-variable","24":"ast-product-tabs-layout-horizontal","25":"ast-qv-on-image","27":"first","28":"instock","29":"shipping-taxable","30":"purchasable","31":"product-type-variable"},"tiered_pricing_type":"fixed","tiered_pricing_fixed_rules":{"5":1.95,"50":1.81,"100":1.65},"tiered_pricing_product_settings":{"layout":"default","base_unit_name":{"singular":null,"plural":null},"default_variation":{}},"tiered_pricing_minimum_quantity":null,"tiered_pricing_roles_data":[],"tiered_pricing_percentage_rules":[],"_links":{"self":[{"href":"https:\/\/yume-silm.com\/pt\/wp-json\/wp\/v2\/product\/2710","targetHints":{"allow":["GET"]}}],"collection":[{"href":"https:\/\/yume-silm.com\/pt\/wp-json\/wp\/v2\/product"}],"about":[{"href":"https:\/\/yume-silm.com\/pt\/wp-json\/wp\/v2\/types\/product"}],"replies":[{"embeddable":true,"href":"https:\/\/yume-silm.com\/pt\/wp-json\/wp\/v2\/comments?post=2710"}],"wp:featuredmedia":[{"embeddable":true,"href":"https:\/\/yume-silm.com\/pt\/wp-json\/wp\/v2\/media\/2719"}],"wp:attachment":[{"href":"https:\/\/yume-silm.com\/pt\/wp-json\/wp\/v2\/media?parent=2710"}],"wp:term":[{"taxonomy":"product_brand","embeddable":true,"href":"https:\/\/yume-silm.com\/pt\/wp-json\/wp\/v2\/product_brand?post=2710"},{"taxonomy":"product_cat","embeddable":true,"href":"https:\/\/yume-silm.com\/pt\/wp-json\/wp\/v2\/product_cat?post=2710"},{"taxonomy":"product_tag","embeddable":true,"href":"https:\/\/yume-silm.com\/pt\/wp-json\/wp\/v2\/product_tag?post=2710"}],"curies":[{"name":"wp","href":"https:\/\/api.w.org\/{rel}","templated":true}]}}