{"id":2778,"date":"2023-05-15T02:46:04","date_gmt":"2023-05-15T02:46:04","guid":{"rendered":"https:\/\/yume-silm.com\/?post_type=product&#038;p=2778"},"modified":"2024-05-11T03:48:38","modified_gmt":"2024-05-11T03:48:38","slug":"faja-25-cinto-de-aco-com-cintura-ossea-cinto-de-cintura-latex-cinto-de-cintura","status":"publish","type":"product","link":"https:\/\/yume-silm.com\/pt\/produto\/faja-25-cinto-de-aco-com-cintura-ossea-cinto-de-cintura-latex-cinto-de-cintura\/","title":{"rendered":"Cinto de cintura de l\u00e1tex no atacado: 25 com desossado de a\u00e7o"},"content":{"rendered":"<h5>Caracter\u00edsticas de design<\/h5>\n<ul>\n<li><strong>L\u00c1TEX ALTAMENTE FLEX\u00cdVEL:<\/strong> Este cinto de l\u00e1tex \u00e9 feito de l\u00e1tex de alta qualidade para excelente elasticidade e compressibilidade, afinando instantaneamente sua cintura em 7 a 12 cm.<\/li>\n<li><strong>SUPORTE SUPERIOR:<\/strong> O excelente controle de compress\u00e3o de 25 ossos de a\u00e7o proporciona suporte incompar\u00e1vel para a regi\u00e3o lombar. Deixe este cinto cincher atender \u00e0s suas necessidades de figura curvil\u00ednea. O cinto de suor plus size tamb\u00e9m ajuda a melhorar a postura e a aliviar a dor lombar causada por um estilo de vida sedent\u00e1rio.<\/li>\n<li><strong>CONFORTO AJUST\u00c1VEL:<\/strong> Nossos cintos de treino para cintura transpirante s\u00e3o projetados com uma fivela de a\u00e7o inovadora para garantir um ajuste confort\u00e1vel e s\u00e3o livremente ajust\u00e1veis para maior conforto. O material de l\u00e1tex do modelador de cintura para homens e mulheres alivia um pouco o desconforto do aperto instant\u00e2neo.<\/li>\n<li><strong>DUR\u00c1VEL E RESISTENTE AO DESGASTE:<\/strong> Nossos cintos de cintura fitness s\u00e3o feitos de borracha de muito boa qualidade, que podem ser usados muitas vezes para uma vida longa e resistente ao desgaste.<\/li>\n<li><strong>FIGURA DA AMPULHETA:<\/strong> O cinto de l\u00e1tex ajuda a criar uma figura de ampulheta perfeita em apenas alguns segundos. Ideal para obter resultados de muscula\u00e7\u00e3o e perda de peso por meio de exerc\u00edcios e tamb\u00e9m de uma alimenta\u00e7\u00e3o sensata.<\/li>\n<\/ul>\n<h6><em>Plus size suor cintura cincher cinto treinador de cintura de l\u00e1tex<\/em><\/h6>\n<ul>\n<li>Nosso cinto modelador de cintura de l\u00e1tex com desossamento de a\u00e7o faja 25 \u00e9 uma mistura harmoniosa de estilo, conforto e funcionalidade. Para atacadistas que buscam oferecer produtos de primeira linha que correspondam \u00e0s \u00faltimas tend\u00eancias, este cincher \u00e9 obrigat\u00f3rio.<\/li>\n<li>Com op\u00e7\u00f5es de personaliza\u00e7\u00e3o, uma variedade de tamanhos e a promessa de entrega r\u00e1pida, os t\u00eanis de cintura transpirada s\u00e3o uma adi\u00e7\u00e3o valiosa ao seu invent\u00e1rio. Mergulhe no mundo do atacado com esta pe\u00e7a de destaque. Encomende hoje!<\/li>\n<\/ul>","protected":false},"excerpt":{"rendered":"<p>Descubra o poder transformador do nosso cinto de l\u00e1tex, projetado para mulheres que buscam uma figura de ampulheta. Com 25 ossos de a\u00e7o, este modelador oferece suporte incompar\u00e1vel, reduzindo instantaneamente a cintura e garantindo conforto.<\/p>","protected":false},"featured_media":2783,"comment_status":"open","ping_status":"closed","template":"","meta":{"site-sidebar-layout":"default","site-content-layout":"default","ast-site-content-layout":"default","site-content-style":"default","site-sidebar-style":"default","ast-global-header-display":"","ast-banner-title-visibility":"","ast-main-header-display":"","ast-hfb-above-header-display":"","ast-hfb-below-header-display":"","ast-hfb-mobile-header-display":"","site-post-title":"","ast-breadcrumbs-content":"","ast-featured-img":"","footer-sml-layout":"","ast-disable-related-posts":"","theme-transparent-header-meta":"default","adv-header-id-meta":"","stick-header-meta":"default","header-above-stick-meta":"","header-main-stick-meta":"","header-below-stick-meta":"","astra-migrate-meta-layouts":"set","ast-page-background-enabled":"default","ast-page-background-meta":{"desktop":{"background-color":"","background-image":"","background-repeat":"repeat","background-position":"center center","background-size":"auto","background-attachment":"scroll","background-type":"","background-media":"","overlay-type":"","overlay-color":"","overlay-opacity":"","overlay-gradient":""},"tablet":{"background-color":"","background-image":"","background-repeat":"repeat","background-position":"center center","background-size":"auto","background-attachment":"scroll","background-type":"","background-media":"","overlay-type":"","overlay-color":"","overlay-opacity":"","overlay-gradient":""},"mobile":{"background-color":"","background-image":"","background-repeat":"repeat","background-position":"center center","background-size":"auto","background-attachment":"scroll","background-type":"","background-media":"","overlay-type":"","overlay-color":"","overlay-opacity":"","overlay-gradient":""}},"ast-content-background-meta":{"desktop":{"background-color":"var(--ast-global-color-5)","background-image":"","background-repeat":"repeat","background-position":"center center","background-size":"auto","background-attachment":"scroll","background-type":"","background-media":"","overlay-type":"","overlay-color":"","overlay-opacity":"","overlay-gradient":""},"tablet":{"background-color":"var(--ast-global-color-5)","background-image":"","background-repeat":"repeat","background-position":"center center","background-size":"auto","background-attachment":"scroll","background-type":"","background-media":"","overlay-type":"","overlay-color":"","overlay-opacity":"","overlay-gradient":""},"mobile":{"background-color":"var(--ast-global-color-5)","background-image":"","background-repeat":"repeat","background-position":"center center","background-size":"auto","background-attachment":"scroll","background-type":"","background-media":"","overlay-type":"","overlay-color":"","overlay-opacity":"","overlay-gradient":""}}},"product_brand":[],"product_cat":[65,76,90,93,96,92],"product_tag":[194,153,198,200,154],"class_list":{"0":"post-2778","1":"product","2":"type-product","3":"status-publish","4":"has-post-thumbnail","6":"product_cat-best-sellers","7":"product_cat-new-arrivels","8":"product_cat-wholesale-waist-trainer","9":"product_cat-wholesale-plus-size-waist-trainer","10":"product_cat-sweat-waist-trainer","11":"product_cat-wholesale-waist-girdle","12":"product_tag-adjustable","13":"product_tag-boned","14":"product_tag-hourglass","15":"product_tag-latex","16":"product_tag-with-hooks","17":"pa_color-beige","18":"pa_color-black","19":"pa_size-4xl","20":"pa_size-5xl","21":"pa_size-6xl","22":"pa_size-l","23":"pa_size-m","24":"pa_size-s","25":"pa_size-xl","26":"pa_size-xxl","27":"pa_size-xxxl","28":"desktop-align-center","29":"tablet-align-left","30":"mobile-align-left","31":"ast-product-gallery-layout-horizontal-slider","32":"ast-product-single-variable","33":"ast-product-tabs-layout-horizontal","34":"ast-qv-on-image","36":"first","37":"instock","38":"shipping-taxable","39":"purchasable","40":"product-type-variable"},"tiered_pricing_type":"fixed","tiered_pricing_fixed_rules":{"5":8.8,"50":8.47,"100":8.13},"tiered_pricing_product_settings":{"layout":"default","base_unit_name":{"singular":null,"plural":null},"default_variation":{}},"tiered_pricing_minimum_quantity":null,"tiered_pricing_roles_data":[],"tiered_pricing_percentage_rules":[],"_links":{"self":[{"href":"https:\/\/yume-silm.com\/pt\/wp-json\/wp\/v2\/product\/2778","targetHints":{"allow":["GET"]}}],"collection":[{"href":"https:\/\/yume-silm.com\/pt\/wp-json\/wp\/v2\/product"}],"about":[{"href":"https:\/\/yume-silm.com\/pt\/wp-json\/wp\/v2\/types\/product"}],"replies":[{"embeddable":true,"href":"https:\/\/yume-silm.com\/pt\/wp-json\/wp\/v2\/comments?post=2778"}],"wp:featuredmedia":[{"embeddable":true,"href":"https:\/\/yume-silm.com\/pt\/wp-json\/wp\/v2\/media\/2783"}],"wp:attachment":[{"href":"https:\/\/yume-silm.com\/pt\/wp-json\/wp\/v2\/media?parent=2778"}],"wp:term":[{"taxonomy":"product_brand","embeddable":true,"href":"https:\/\/yume-silm.com\/pt\/wp-json\/wp\/v2\/product_brand?post=2778"},{"taxonomy":"product_cat","embeddable":true,"href":"https:\/\/yume-silm.com\/pt\/wp-json\/wp\/v2\/product_cat?post=2778"},{"taxonomy":"product_tag","embeddable":true,"href":"https:\/\/yume-silm.com\/pt\/wp-json\/wp\/v2\/product_tag?post=2778"}],"curies":[{"name":"wp","href":"https:\/\/api.w.org\/{rel}","templated":true}]}}