{"id":2932,"date":"2023-05-16T04:00:11","date_gmt":"2023-05-16T04:00:11","guid":{"rendered":"https:\/\/yume-silm.com\/?post_type=product&#038;p=2932"},"modified":"2026-02-28T09:53:45","modified_gmt":"2026-02-28T09:53:45","slug":"slimming-seamless-top-body-shaper-heat-underwear-for-men","status":"publish","type":"product","link":"https:\/\/yume-silm.com\/pt\/produto\/slimming-seamless-top-body-shaper-heat-underwear-for-men\/","title":{"rendered":"Camisa de compress\u00e3o sem costura modeladora de corpo de mangas compridas masculina por atacado"},"content":{"rendered":"<h5>Caracter\u00edsticas de design<\/h5>\n<ul>\n<li><strong>PROJETO X \u00daNICO:<\/strong> Nossa camisa de compress\u00e3o sem costura modeladora de corpo masculino facilita o aperto aprimorado da barriga e a modelagem acelerada. Ajuda a endireitar as costas, as costas ficar\u00e3o mais fortes e saud\u00e1veis. A camiseta masculina para ginecomastia com controle de barriga oferece forte compress\u00e3o para o peito, cintura e costas, envolvendo totalmente o seu corpo. A camiseta de compress\u00e3o tamb\u00e9m \u00e9 adequada para recupera\u00e7\u00e3o ap\u00f3s cirurgia ginecol\u00f3gica.<\/li>\n<li><strong>FORMA DE LONGO PRAZO:<\/strong> O design bi\u00f4nico humanizado garante um ajuste confort\u00e1vel e ret\u00e9m a gordura para um efeito de emagrecimento. O modelador masculino de manga comprida justo pode obter um efeito invis\u00edvel sob qualquer roupa. O corte justo tamb\u00e9m permitir\u00e1 que voc\u00ea conclua o treino com facilidade, ajudando a proteger os grupos musculares e a postura adequada.<\/li>\n<li><strong>CONVENIENTE E CONFORT\u00c1VEL:<\/strong> Este modelador corporal de manga comprida sem costura \u00e9 macio, leve, respir\u00e1vel e el\u00e1stico, com um design sem costura que garante conforto durante longos per\u00edodos de uso. Este modelador corporal masculino cl\u00e1ssico de compress\u00e3o de manga comprida pode ser combinado com qualquer roupa di\u00e1ria para melhorar seu visual perfeito.<\/li>\n<li><strong>USO VERS\u00c1TIL:<\/strong> As camisas de compress\u00e3o para ginecomastia masculina de manga comprida t\u00eam alguma elasticidade e reten\u00e7\u00e3o de forma. O ajuste justo ret\u00e9m melhor o calor do corpo. Adequado para todas as ocasi\u00f5es, seja um evento formal, festa, treino ou uso di\u00e1rio, pode melhorar a imagem geral do usu\u00e1rio. Seja o homem mais confiante e charmoso.<\/li>\n<\/ul>\n<h6><em>Abd\u00f4men camisa slim cl\u00e1ssico abs modelador de corpo masculino<\/em><\/h6>\n<ul>\n<li>Nossa camisa masculina de compress\u00e3o sem costura modeladora de corpo de mangas compridas \u00e9 uma mistura de estilo, conforto e funcionalidade. Para atacadistas que buscam oferecer produtos de primeira linha que correspondam \u00e0s \u00faltimas tend\u00eancias, este modelador corporal \u00e9 obrigat\u00f3rio.<\/li>\n<li>Com op\u00e7\u00f5es de personaliza\u00e7\u00e3o, uma variedade de tamanhos e a promessa de entrega r\u00e1pida, \u00e9 uma adi\u00e7\u00e3o valiosa ao seu estoque. Mergulhe no mundo do atacado com esta pe\u00e7a de destaque. Encomende hoje!<\/li>\n<\/ul>","protected":false},"excerpt":{"rendered":"<p>Apresentando nossa camisa masculina de compress\u00e3o sem costura modeladora de corpo de mangas compridas, uma mistura perfeita de estilo e funcionalidade. Projetado com um design exclusivo entrela\u00e7ado em X nas costas, este modelador corporal oferece aperto superior ao abd\u00f4men, garantindo um f\u00edsico esculpido. Feito com uma mistura de n\u00e1ilon e elastano, promete calor e conforto, principalmente nos meses mais frios.<\/p>","protected":false},"featured_media":2934,"comment_status":"open","ping_status":"closed","template":"","meta":{"site-sidebar-layout":"default","site-content-layout":"default","ast-site-content-layout":"default","site-content-style":"default","site-sidebar-style":"default","ast-global-header-display":"","ast-banner-title-visibility":"","ast-main-header-display":"","ast-hfb-above-header-display":"","ast-hfb-below-header-display":"","ast-hfb-mobile-header-display":"","site-post-title":"","ast-breadcrumbs-content":"","ast-featured-img":"","footer-sml-layout":"","ast-disable-related-posts":"","theme-transparent-header-meta":"default","adv-header-id-meta":"","stick-header-meta":"default","header-above-stick-meta":"","header-main-stick-meta":"","header-below-stick-meta":"","astra-migrate-meta-layouts":"set","ast-page-background-enabled":"default","ast-page-background-meta":{"desktop":{"background-color":"","background-image":"","background-repeat":"repeat","background-position":"center center","background-size":"auto","background-attachment":"scroll","background-type":"","background-media":"","overlay-type":"","overlay-color":"","overlay-opacity":"","overlay-gradient":""},"tablet":{"background-color":"","background-image":"","background-repeat":"repeat","background-position":"center center","background-size":"auto","background-attachment":"scroll","background-type":"","background-media":"","overlay-type":"","overlay-color":"","overlay-opacity":"","overlay-gradient":""},"mobile":{"background-color":"","background-image":"","background-repeat":"repeat","background-position":"center center","background-size":"auto","background-attachment":"scroll","background-type":"","background-media":"","overlay-type":"","overlay-color":"","overlay-opacity":"","overlay-gradient":""}},"ast-content-background-meta":{"desktop":{"background-color":"var(--ast-global-color-5)","background-image":"","background-repeat":"repeat","background-position":"center center","background-size":"auto","background-attachment":"scroll","background-type":"","background-media":"","overlay-type":"","overlay-color":"","overlay-opacity":"","overlay-gradient":""},"tablet":{"background-color":"var(--ast-global-color-5)","background-image":"","background-repeat":"repeat","background-position":"center center","background-size":"auto","background-attachment":"scroll","background-type":"","background-media":"","overlay-type":"","overlay-color":"","overlay-opacity":"","overlay-gradient":""},"mobile":{"background-color":"var(--ast-global-color-5)","background-image":"","background-repeat":"repeat","background-position":"center center","background-size":"auto","background-attachment":"scroll","background-type":"","background-media":"","overlay-type":"","overlay-color":"","overlay-opacity":"","overlay-gradient":""}}},"product_brand":[],"product_cat":[65,76,85,88],"product_tag":[136,147,183,134,185],"class_list":{"0":"post-2932","1":"product","2":"type-product","3":"status-publish","4":"has-post-thumbnail","6":"product_cat-best-sellers","7":"product_cat-new-arrivels","8":"product_cat-wholesale-mens-shapewear","9":"product_cat-wholesale-men-t-shirt-shaper","10":"product_tag-bridal","11":"product_tag-cross","12":"product_tag-long-sleeve","13":"product_tag-tummy-tucker","14":"product_tag-workout","15":"pa_color-gray","16":"pa_color-white","17":"pa_size-l","18":"pa_size-m","19":"pa_size-s","20":"pa_size-xl","21":"desktop-align-center","22":"tablet-align-left","23":"mobile-align-left","24":"ast-product-gallery-layout-horizontal-slider","25":"ast-product-single-variable","26":"ast-product-tabs-layout-horizontal","27":"ast-qv-on-image","29":"first","30":"instock","31":"shipping-taxable","32":"purchasable","33":"product-type-variable"},"tiered_pricing_type":"fixed","tiered_pricing_fixed_rules":{"5":12.15,"100":10.6,"300":8.35},"tiered_pricing_product_settings":{"layout":"default","base_unit_name":{"singular":null,"plural":null},"default_variation":{}},"tiered_pricing_minimum_quantity":null,"tiered_pricing_roles_data":[],"tiered_pricing_percentage_rules":[],"_links":{"self":[{"href":"https:\/\/yume-silm.com\/pt\/wp-json\/wp\/v2\/product\/2932","targetHints":{"allow":["GET"]}}],"collection":[{"href":"https:\/\/yume-silm.com\/pt\/wp-json\/wp\/v2\/product"}],"about":[{"href":"https:\/\/yume-silm.com\/pt\/wp-json\/wp\/v2\/types\/product"}],"replies":[{"embeddable":true,"href":"https:\/\/yume-silm.com\/pt\/wp-json\/wp\/v2\/comments?post=2932"}],"wp:featuredmedia":[{"embeddable":true,"href":"https:\/\/yume-silm.com\/pt\/wp-json\/wp\/v2\/media\/2934"}],"wp:attachment":[{"href":"https:\/\/yume-silm.com\/pt\/wp-json\/wp\/v2\/media?parent=2932"}],"wp:term":[{"taxonomy":"product_brand","embeddable":true,"href":"https:\/\/yume-silm.com\/pt\/wp-json\/wp\/v2\/product_brand?post=2932"},{"taxonomy":"product_cat","embeddable":true,"href":"https:\/\/yume-silm.com\/pt\/wp-json\/wp\/v2\/product_cat?post=2932"},{"taxonomy":"product_tag","embeddable":true,"href":"https:\/\/yume-silm.com\/pt\/wp-json\/wp\/v2\/product_tag?post=2932"}],"curies":[{"name":"wp","href":"https:\/\/api.w.org\/{rel}","templated":true}]}}