{"id":2964,"date":"2023-05-16T05:37:00","date_gmt":"2023-05-16T05:37:00","guid":{"rendered":"https:\/\/yume-silm.com\/?post_type=product&#038;p=2964"},"modified":"2024-11-08T08:57:31","modified_gmt":"2024-11-08T08:57:31","slug":"cinto-de-treino-ideal-3-em-1-ajustavel-para-aumentar-o-suor","status":"publish","type":"product","link":"https:\/\/yume-silm.com\/pt\/produto\/cinto-de-treino-ideal-3-em-1-ajustavel-para-aumentar-o-suor\/","title":{"rendered":"Cinto de treino ajust\u00e1vel para aumentar o suor na cintura por atacado"},"content":{"rendered":"<h5>Caracter\u00edsticas de design<\/h5>\n<ul>\n<li><strong>MULTIFUNCIONALIDADE 3 EM 1:<\/strong> Este cinto de treino ajust\u00e1vel para aumentar o suor da cintura atende \u00e0 necessidade de modelar o abd\u00f4men, a cintura e as coxas ao mesmo tempo, tornando-o um item obrigat\u00f3rio para quem procura um treino aprimorado.<\/li>\n<li><strong>AJUSTE AJUST\u00c1VEL:<\/strong> O recurso ajust\u00e1vel do treinador de cintura multifuncional para ioga \u00e9 muito pr\u00e1tico. Garantindo um ajuste confort\u00e1vel para todos os tipos de corpo, \u00e9 uma escolha vers\u00e1til para todos.<\/li>\n<li><strong>Modelagem das pernas:<\/strong> O treinador de emagrecimento de coxas e cintura oferece suporte extra durante os treinos, garante estabilidade e aumenta a transpira\u00e7\u00e3o.<\/li>\n<li><strong>MELHORIA DO SUOR:<\/strong> O cinto de perda de peso para modelador de cintura promove a transpira\u00e7\u00e3o para resultados m\u00e1ximos de treino e \u00e9 o favorito entre os entusiastas do fitness.<\/li>\n<li><strong>MATERIAL DE QUALIDADE PREMIUM:<\/strong> Este cinto aparador de cintura e coxa \u00e9 feito de uma mistura de spandex e n\u00e1ilon, que \u00e9 dur\u00e1vel e confort\u00e1vel de usar por longos per\u00edodos de tempo.<\/li>\n<\/ul>\n<h6><em>Treinador de cintura altamente eficaz para modelagem de cintura e coxa com controle de barriga<\/em><\/h6>\n<ul>\n<li>Nosso cinto de treino de cintura ajust\u00e1vel 3 em 1 para aumentar o suor \u00e9 uma mistura de estilo, conforto e funcionalidade.<\/li>\n<li>Para atacadistas que buscam oferecer produtos de primeira linha que correspondam \u00e0s \u00faltimas tend\u00eancias de fitness, este cinto \u00e9 obrigat\u00f3rio.<\/li>\n<li>Com op\u00e7\u00f5es de personaliza\u00e7\u00e3o, uma variedade de tamanhos e a promessa de entrega r\u00e1pida, \u00e9 uma adi\u00e7\u00e3o valiosa ao seu estoque.<\/li>\n<li>Mergulhe no mundo do atacado com esta pe\u00e7a de destaque. Encomende hoje!<\/li>\n<\/ul>","protected":false},"excerpt":{"rendered":"<p>Eleve suas ofertas de condicionamento f\u00edsico com nosso cinto de treino de cintura ajust\u00e1vel 3 em 1 para aumentar o suor. Projetado com amarra\u00e7\u00e3o nas pernas, este cinto aprimora os treinos, aumentando a produ\u00e7\u00e3o de suor, garantindo \u00f3timos resultados. Confeccionado em uma mistura de spandex e n\u00e1ilon, promete durabilidade e conforto.<\/p>","protected":false},"featured_media":2977,"comment_status":"open","ping_status":"closed","template":"","meta":{"site-sidebar-layout":"default","site-content-layout":"default","ast-site-content-layout":"default","site-content-style":"default","site-sidebar-style":"default","ast-global-header-display":"","ast-banner-title-visibility":"","ast-main-header-display":"","ast-hfb-above-header-display":"","ast-hfb-below-header-display":"","ast-hfb-mobile-header-display":"","site-post-title":"","ast-breadcrumbs-content":"","ast-featured-img":"","footer-sml-layout":"","ast-disable-related-posts":"","theme-transparent-header-meta":"default","adv-header-id-meta":"","stick-header-meta":"default","header-above-stick-meta":"","header-main-stick-meta":"","header-below-stick-meta":"","astra-migrate-meta-layouts":"set","ast-page-background-enabled":"default","ast-page-background-meta":{"desktop":{"background-color":"","background-image":"","background-repeat":"repeat","background-position":"center center","background-size":"auto","background-attachment":"scroll","background-type":"","background-media":"","overlay-type":"","overlay-color":"","overlay-opacity":"","overlay-gradient":""},"tablet":{"background-color":"","background-image":"","background-repeat":"repeat","background-position":"center center","background-size":"auto","background-attachment":"scroll","background-type":"","background-media":"","overlay-type":"","overlay-color":"","overlay-opacity":"","overlay-gradient":""},"mobile":{"background-color":"","background-image":"","background-repeat":"repeat","background-position":"center center","background-size":"auto","background-attachment":"scroll","background-type":"","background-media":"","overlay-type":"","overlay-color":"","overlay-opacity":"","overlay-gradient":""}},"ast-content-background-meta":{"desktop":{"background-color":"var(--ast-global-color-5)","background-image":"","background-repeat":"repeat","background-position":"center center","background-size":"auto","background-attachment":"scroll","background-type":"","background-media":"","overlay-type":"","overlay-color":"","overlay-opacity":"","overlay-gradient":""},"tablet":{"background-color":"var(--ast-global-color-5)","background-image":"","background-repeat":"repeat","background-position":"center center","background-size":"auto","background-attachment":"scroll","background-type":"","background-media":"","overlay-type":"","overlay-color":"","overlay-opacity":"","overlay-gradient":""},"mobile":{"background-color":"var(--ast-global-color-5)","background-image":"","background-repeat":"repeat","background-position":"center center","background-size":"auto","background-attachment":"scroll","background-type":"","background-media":"","overlay-type":"","overlay-color":"","overlay-opacity":"","overlay-gradient":""}}},"product_brand":[],"product_cat":[94,65,76,90,96,92],"product_tag":[194,200,644,500,558,185],"class_list":{"0":"post-2964","1":"product","2":"type-product","3":"status-publish","4":"has-post-thumbnail","6":"product_cat-n-in-1-waist-trainer","7":"product_cat-best-sellers","8":"product_cat-new-arrivels","9":"product_cat-wholesale-waist-trainer","10":"product_cat-sweat-waist-trainer","11":"product_cat-wholesale-waist-girdle","12":"product_tag-adjustable","13":"product_tag-latex","14":"product_tag-leg-shaping","15":"product_tag-tummy-control","16":"product_tag-weight-loss","17":"product_tag-workout","18":"pa_color-black","19":"pa_color-pink","20":"pa_color-yellow","21":"pa_size-l-xl","22":"pa_size-s-m","23":"pa_size-xxl-xxxl","24":"desktop-align-center","25":"tablet-align-left","26":"mobile-align-left","27":"ast-product-gallery-layout-horizontal-slider","28":"ast-product-single-variable","29":"ast-product-tabs-layout-horizontal","30":"ast-qv-on-image","32":"first","33":"instock","34":"shipping-taxable","35":"purchasable","36":"product-type-variable"},"tiered_pricing_type":"fixed","tiered_pricing_fixed_rules":{"2":4.39,"50":4.09,"300":3.89},"tiered_pricing_product_settings":{"layout":"default","base_unit_name":{"singular":null,"plural":null},"default_variation":{}},"tiered_pricing_minimum_quantity":null,"tiered_pricing_roles_data":[],"tiered_pricing_percentage_rules":[],"_links":{"self":[{"href":"https:\/\/yume-silm.com\/pt\/wp-json\/wp\/v2\/product\/2964","targetHints":{"allow":["GET"]}}],"collection":[{"href":"https:\/\/yume-silm.com\/pt\/wp-json\/wp\/v2\/product"}],"about":[{"href":"https:\/\/yume-silm.com\/pt\/wp-json\/wp\/v2\/types\/product"}],"replies":[{"embeddable":true,"href":"https:\/\/yume-silm.com\/pt\/wp-json\/wp\/v2\/comments?post=2964"}],"wp:featuredmedia":[{"embeddable":true,"href":"https:\/\/yume-silm.com\/pt\/wp-json\/wp\/v2\/media\/2977"}],"wp:attachment":[{"href":"https:\/\/yume-silm.com\/pt\/wp-json\/wp\/v2\/media?parent=2964"}],"wp:term":[{"taxonomy":"product_brand","embeddable":true,"href":"https:\/\/yume-silm.com\/pt\/wp-json\/wp\/v2\/product_brand?post=2964"},{"taxonomy":"product_cat","embeddable":true,"href":"https:\/\/yume-silm.com\/pt\/wp-json\/wp\/v2\/product_cat?post=2964"},{"taxonomy":"product_tag","embeddable":true,"href":"https:\/\/yume-silm.com\/pt\/wp-json\/wp\/v2\/product_tag?post=2964"}],"curies":[{"name":"wp","href":"https:\/\/api.w.org\/{rel}","templated":true}]}}