{"id":3030,"date":"2023-05-18T03:37:35","date_gmt":"2023-05-18T03:37:35","guid":{"rendered":"https:\/\/yume-silm.com\/?post_type=product&#038;p=3030"},"modified":"2024-04-25T03:15:44","modified_gmt":"2024-04-25T03:15:44","slug":"fato-de-treino-de-malha-elastica-de-corpo-inteiro-para-homem-com-cruz-nas-costas","status":"publish","type":"product","link":"https:\/\/yume-silm.com\/pt\/produto\/fato-de-treino-de-malha-elastica-de-corpo-inteiro-para-homem-com-cruz-nas-costas\/","title":{"rendered":"Modeladores de corpo inteiro de malha alta el\u00e1stica masculina por atacado: Design cruzado nas costas"},"content":{"rendered":"<h5>Caracter\u00edsticas de design<\/h5>\n<ul>\n<li data-slate-node=\"element\"><span data-slate-node=\"text\"><span class=\"00\" data-slate-leaf=\"true\"><strong>SHAPEWEAR DE CORPO COMPLETO:<\/strong> Body modelador de corpo inteiro masculino de alta elasticidade, dispon\u00edvel em uma variedade de tamanhos, incluindo S-6XL para sele\u00e7\u00e3o gratuita. <\/span><\/span><span data-slate-node=\"text\"><span class=\"01\" data-slate-leaf=\"true\">O body Fajas plus size modelador de corpo inteiro com controle de barriga e levantamento de quadril oferece uma solu\u00e7\u00e3o de escultura abrangente para ajud\u00e1-lo a comprimir efetivamente seu abd\u00f4men e cintura enquanto aperta os m\u00fasculos da coxa para uma apar\u00eancia geral mais elegante e confiante.<\/span><\/span><\/li>\n<li data-slate-node=\"element\"><span data-slate-node=\"text\"><span class=\"21\" data-slate-leaf=\"true\"><strong>MALHA RESPIR\u00c1VEL:<\/strong> A roupa \u00edntima modeladora de corpo inteiro sem mangas masculina \u00e9 projetada com alta elasticidade e malha, que \u00e9 confort\u00e1vel e respir\u00e1vel, permitindo que voc\u00ea relaxe em qualquer esporte, trabalho di\u00e1rio ou namoro. <\/span><\/span><span data-slate-node=\"text\"><span class=\"22\" data-slate-leaf=\"true\">Ajuste confort\u00e1vel, uma variedade de tamanhos s\u00e3o perfeitos para homens atraentes de todos os tipos de corpo.<\/span><\/span><\/li>\n<li data-slate-node=\"element\" data-slate-fragment=\"JTVCJTdCJTIydHlwZSUyMiUzQSUyMnBhcmFncmFwaCUyMiUyQyUyMmNoaWxkcmVuJTIyJTNBJTVCJTdCJTIydGV4dCUyMiUzQSUyMkZVTEwlMjBCT0RZJTIwU0hBUEVXRUFSJTNBJTIwSGlnaC1lbGFzdGljJTIwbWVuJ3MlMjBmdWxsLWJvZHklMjBzaGFwZXdlYXIlMjBib2R5c3VpdCUyQyUyMGF2YWlsYWJsZSUyMGluJTIwYSUyMHZhcmlldHklMjBvZiUyMHNpemVzJTIwaW5jbHVkaW5nJTIwUy02WEwlMjBmb3IlMjBmcmVlJTIwc2VsZWN0aW9uLiUyMCUyMiUyQyUyMnNlbnRlbmNlJTIyJTNBMCUyQyUyMmNoaWxkU2VudGVuY2UlMjIlM0EwJTdEJTJDJTdCJTIydGV4dCUyMiUzQSUyMlBsdXMlMjBzaXplJTIwZmFqYXMlMjBmdWxsJTIwYm9keSUyMHNoYXBlciUyMHR1bW15JTIwY29udHJvbCUyMGxpZnQlMjBoaXAlMjBib2R5c3VpdCUyMG9mZmVycyUyMGElMjBjb21wcmVoZW5zaXZlJTIwc2N1bHB0aW5nJTIwc29sdXRpb24lMjB0byUyMGhlbHAlMjB5b3UlMjBlZmZlY3RpdmVseSUyMGNvbXByZXNzJTIweW91ciUyMGFiZG9tZW4lMjBhbmQlMjB3YWlzdCUyMHdoaWxlJTIwdGlnaHRlbmluZyUyMHlvdXIlMjB0aGlnaCUyMG11c2NsZXMlMjBmb3IlMjBhJTIwbW9yZSUyMHN0eWxpc2glMjBhbmQlMjBjb25maWRlbnQlMjBvdmVyYWxsJTIwbG9vay4lMjIlMkMlMjJzZW50ZW5jZSUyMiUzQTAlMkMlMjJjaGlsZFNlbnRlbmNlJTIyJTNBMSU3RCU1RCU3RCUyQyU3QiUyMnR5cGUlMjIlM0ElMjJwYXJhZ3JhcGglMjIlMkMlMjJjaGlsZHJlbiUyMiUzQSU1QiU3QiUyMnRleHQlMjIlM0ElMjIlMjIlMkMlMjJzZW50ZW5jZSUyMiUzQTElMkMlMjJjaGlsZFNlbnRlbmNlJTIyJTNBMSU3RCU1RCU3RCUyQyU3QiUyMnR5cGUlMjIlM0ElMjJwYXJhZ3JhcGglMjIlMkMlMjJjaGlsZHJlbiUyMiUzQSU1QiU3QiUyMnRleHQlMjIlM0ElMjJNRVNIJTIwQlJFQVRIQUJMRSUzQSUyME1lbidzJTIwc2xlZXZlbGVzcyUyMGZ1bGwtYm9keSUyMHNoYXBlciUyMHVuZGVyd2VhciUyMHNsaW1taW5nJTIwaXMlMjBkZXNpZ25lZCUyMHdpdGglMjBoaWdoJTIwZWxhc3RpY2l0eSUyMGFuZCUyMG1lc2glMkMlMjB3aGljaCUyMGlzJTIwY29tZm9ydGFibGUlMjBhbmQlMjBicmVhdGhhYmxlJTJDJTIwYWxsb3dpbmclMjB5b3UlMjB0byUyMHJlbGF4JTIwaW4lMjBhbnklMjBzcG9ydCUyMGRhaWx5JTIwd29yayUyQyUyMG9yJTIwZGF0aW5nLiUyMCUyMiUyQyUyMnNlbnRlbmNlJTIyJTNBMiUyQyUyMmNoaWxkU2VudGVuY2UlMjIlM0ExJTdEJTJDJTdCJTIydGV4dCUyMiUzQSUyMkNvbWZvcnRhYmxlJTIwZml0JTJDJTIwYSUyMHZhcmlldHklMjBvZiUyMHNpemVzJTIwYXJlJTIwcGVyZmVjdCUyMGZvciUyMGF0dHJhY3RpdmUlMjBtZW4lMjBvZiUyMGFsbCUyMGJvZHklMjB0eXBlcy4lMjIlMkMlMjJzZW50ZW5jZSUyMiUzQTIlMkMlMjJjaGlsZFNlbnRlbmNlJTIyJTNBMiU3RCU1RCU3RCUyQyU3QiUyMnR5cGUlMjIlM0ElMjJwYXJhZ3JhcGglMjIlMkMlMjJjaGlsZHJlbiUyMiUzQSU1QiU3QiUyMnRleHQlMjIlM0ElMjIlMjIlMkMlMjJzZW50ZW5jZSUyMiUzQTMlMkMlMjJjaGlsZFNlbnRlbmNlJTIyJTNBMSU3RCU1RCU3RCUyQyU3QiUyMnR5cGUlMjIlM0ElMjJwYXJhZ3JhcGglMjIlMkMlMjJjaGlsZHJlbiUyMiUzQSU1QiU3QiUyMnRleHQlMjIlM0ElMjJDT05WRU5JRU5UJTIwWklQUEVSJTNBJTIwT3VyJTIwYmVzdCUyMHNoYXBld2VhciUyMGZvciUyMG1lbiUyMGhhcyUyMGElMjB6aXBwZXIlMjBkZXNpZ24lMjB0byUyMGVuaGFuY2UlMjBlYXNlJTIwb2YlMjB1c2UlMkMlMjBtYWtpbmclMjBpdCUyMHZlcnklMjBlYXN5JTIwdG8lMjB3ZWFyJTIwYW5kJTIwdGFrZSUyMG9mZiUyQyUyMHNhdmluZyUyMHRpbWUuJTIyJTJDJTIyc2VudGVuY2UlMjIlM0E0JTJDJTIyY2hpbGRTZW50ZW5jZSUyMiUzQTElN0QlNUQlN0QlNUQ=\"><span data-slate-node=\"text\"><span class=\"41\" data-slate-leaf=\"true\"><strong>Z\u00cdPER CONVENIENTE:<\/strong> Nosso melhor modelador masculino tem um design com z\u00edper para facilitar o uso, tornando-o muito f\u00e1cil de usar e tirar, economizando tempo.<\/span><\/span><\/li>\n<li><strong>CRUZ DE VOLTA:<\/strong> A cruz traseira do body de compress\u00e3o masculino fornecer\u00e1 suporte extra para uma silhueta mais clara.<\/li>\n<li><strong>AL\u00c7A DE OMBRO LARGA AJUST\u00c1VEL:<\/strong> Roupa \u00edntima modeladora de corpo inteiro sem mangas masculina, design de al\u00e7a de ombro larga, adicionando fivela de gancho ajust\u00e1vel, n\u00e3o apenas f\u00e1cil de ajustar ao corpo, reduz a press\u00e3o nas costas, reduz a ligadura do ombro; mas tamb\u00e9m f\u00e1cil de ajustar, usar e tirar, mais conveniente, pr\u00e1tico e dur\u00e1vel.<\/li>\n<li><strong>CROTCH ABERTO EM FORMA DE U:<\/strong> O design de roupa \u00edntima modeladora masculina em forma de U oferece um espa\u00e7o muito conveniente para os homens. O design em forma de \u201cU\u201d \u00e9 conveniente para ventila\u00e7\u00e3o e respirabilidade, n\u00e3o parece abafado e \u00e9 muito conveniente para uso no banheiro.<\/li>\n<\/ul>\n<h6><em>Macac\u00e3o modelador de corpo inteiro de alta compress\u00e3o masculino plus size fajas<\/em><\/h6>\n<ul>\n<li>Nosso modelador masculino de malha de alta elasticidade para corpo inteiro \u00e9 uma mistura de estilo, conforto e funcionalidade. Para atacadistas que desejam oferecer produtos de primeira linha que ressoem com as \u00faltimas tend\u00eancias, este modelador de costas com el\u00e1stico cruzado \u00e9 obrigat\u00f3rio.<\/li>\n<li>Com op\u00e7\u00f5es de personaliza\u00e7\u00e3o, uma variedade de tamanhos e a promessa de entrega r\u00e1pida, \u00e9 uma adi\u00e7\u00e3o valiosa ao seu estoque. Mergulhe no mundo do atacado com esta pe\u00e7a de destaque. Encomende hoje!<\/li>\n<\/ul>","protected":false},"excerpt":{"rendered":"<ul>\n<li>Apresentando nosso espartilho ajust\u00e1vel respir\u00e1vel e modelador corporal de malha masculina de alta elasticidade com um design cruzado distinto nas costas.<\/li>\n<li>Fabricado com um z\u00edper conveniente e refor\u00e7o cruzado nas costas, este modelador masculino de malha de alta elasticidade garante conforto e ajuste superior.<\/li>\n<li>Feito com uma mistura de n\u00e1ilon e spandex, \u00e9 a melhor op\u00e7\u00e3o para quem busca um f\u00edsico esculpido.<\/li>\n<\/ul>","protected":false},"featured_media":3061,"comment_status":"open","ping_status":"closed","template":"","meta":{"site-sidebar-layout":"default","site-content-layout":"default","ast-site-content-layout":"default","site-content-style":"default","site-sidebar-style":"default","ast-global-header-display":"","ast-banner-title-visibility":"","ast-main-header-display":"","ast-hfb-above-header-display":"","ast-hfb-below-header-display":"","ast-hfb-mobile-header-display":"","site-post-title":"","ast-breadcrumbs-content":"","ast-featured-img":"","footer-sml-layout":"","ast-disable-related-posts":"","theme-transparent-header-meta":"default","adv-header-id-meta":"","stick-header-meta":"default","header-above-stick-meta":"","header-main-stick-meta":"","header-below-stick-meta":"","astra-migrate-meta-layouts":"set","ast-page-background-enabled":"default","ast-page-background-meta":{"desktop":{"background-color":"","background-image":"","background-repeat":"repeat","background-position":"center center","background-size":"auto","background-attachment":"scroll","background-type":"","background-media":"","overlay-type":"","overlay-color":"","overlay-opacity":"","overlay-gradient":""},"tablet":{"background-color":"","background-image":"","background-repeat":"repeat","background-position":"center center","background-size":"auto","background-attachment":"scroll","background-type":"","background-media":"","overlay-type":"","overlay-color":"","overlay-opacity":"","overlay-gradient":""},"mobile":{"background-color":"","background-image":"","background-repeat":"repeat","background-position":"center center","background-size":"auto","background-attachment":"scroll","background-type":"","background-media":"","overlay-type":"","overlay-color":"","overlay-opacity":"","overlay-gradient":""}},"ast-content-background-meta":{"desktop":{"background-color":"var(--ast-global-color-5)","background-image":"","background-repeat":"repeat","background-position":"center center","background-size":"auto","background-attachment":"scroll","background-type":"","background-media":"","overlay-type":"","overlay-color":"","overlay-opacity":"","overlay-gradient":""},"tablet":{"background-color":"var(--ast-global-color-5)","background-image":"","background-repeat":"repeat","background-position":"center center","background-size":"auto","background-attachment":"scroll","background-type":"","background-media":"","overlay-type":"","overlay-color":"","overlay-opacity":"","overlay-gradient":""},"mobile":{"background-color":"var(--ast-global-color-5)","background-image":"","background-repeat":"repeat","background-position":"center center","background-size":"auto","background-attachment":"scroll","background-type":"","background-media":"","overlay-type":"","overlay-color":"","overlay-opacity":"","overlay-gradient":""}}},"product_brand":[],"product_cat":[76,65,85,89],"product_tag":[135,137,147,498,141,184],"class_list":{"0":"post-3030","1":"product","2":"type-product","3":"status-publish","4":"has-post-thumbnail","6":"product_cat-new-arrivels","7":"product_cat-best-sellers","8":"product_cat-wholesale-mens-shapewear","9":"product_cat-wholesale-men-full-body-shaper","10":"product_tag-all-in-one","11":"product_tag-butt-lift","12":"product_tag-cross","13":"product_tag-full-body","14":"product_tag-plus-size","15":"product_tag-zipper","16":"pa_color-beige","17":"pa_color-black","18":"pa_size-4xl","19":"pa_size-5xl","20":"pa_size-6xl","21":"pa_size-l","22":"pa_size-m","23":"pa_size-s","24":"pa_size-xl","25":"pa_size-xxl","26":"pa_size-xxxl","27":"desktop-align-center","28":"tablet-align-left","29":"mobile-align-left","30":"ast-product-gallery-layout-horizontal-slider","31":"ast-product-single-variable","32":"ast-product-tabs-layout-horizontal","33":"ast-qv-on-image","35":"first","36":"instock","37":"shipping-taxable","38":"purchasable","39":"product-type-variable"},"tiered_pricing_type":"fixed","tiered_pricing_fixed_rules":{"2":16.99,"50":15.79,"300":13.19},"tiered_pricing_product_settings":{"layout":"default","base_unit_name":{"singular":null,"plural":null},"default_variation":{}},"tiered_pricing_minimum_quantity":null,"tiered_pricing_roles_data":[],"tiered_pricing_percentage_rules":[],"_links":{"self":[{"href":"https:\/\/yume-silm.com\/pt\/wp-json\/wp\/v2\/product\/3030","targetHints":{"allow":["GET"]}}],"collection":[{"href":"https:\/\/yume-silm.com\/pt\/wp-json\/wp\/v2\/product"}],"about":[{"href":"https:\/\/yume-silm.com\/pt\/wp-json\/wp\/v2\/types\/product"}],"replies":[{"embeddable":true,"href":"https:\/\/yume-silm.com\/pt\/wp-json\/wp\/v2\/comments?post=3030"}],"wp:featuredmedia":[{"embeddable":true,"href":"https:\/\/yume-silm.com\/pt\/wp-json\/wp\/v2\/media\/3061"}],"wp:attachment":[{"href":"https:\/\/yume-silm.com\/pt\/wp-json\/wp\/v2\/media?parent=3030"}],"wp:term":[{"taxonomy":"product_brand","embeddable":true,"href":"https:\/\/yume-silm.com\/pt\/wp-json\/wp\/v2\/product_brand?post=3030"},{"taxonomy":"product_cat","embeddable":true,"href":"https:\/\/yume-silm.com\/pt\/wp-json\/wp\/v2\/product_cat?post=3030"},{"taxonomy":"product_tag","embeddable":true,"href":"https:\/\/yume-silm.com\/pt\/wp-json\/wp\/v2\/product_tag?post=3030"}],"curies":[{"name":"wp","href":"https:\/\/api.w.org\/{rel}","templated":true}]}}