{"id":3110,"date":"2023-05-18T07:36:23","date_gmt":"2023-05-18T07:36:23","guid":{"rendered":"https:\/\/yume-silm.com\/?post_type=product&#038;p=3110"},"modified":"2025-05-26T00:52:35","modified_gmt":"2025-05-26T00:52:35","slug":"atacado-sem-costura-mulheres-shapewear-slips-for-under-dresses","status":"publish","type":"product","link":"https:\/\/yume-silm.com\/pt\/produto\/atacado-sem-costura-mulheres-shapewear-slips-for-under-dresses\/","title":{"rendered":"Mulheres por atacado sem costura shapewear desliza vestidos de an\u00e1gua"},"content":{"rendered":"<h5>Caracter\u00edsticas de design<\/h5>\n<ul>\n<li><b>Design sem costuras:<\/b> Nossos vestidos camisola se ajustam perfeitamente, garantindo que n\u00e3o haja sali\u00eancias ou linhas desagrad\u00e1veis sob a saia.<\/li>\n<li><b>Malha altamente el\u00e1stica:<\/b> Esta an\u00e1gua completa com al\u00e7as finas \u00e9 feita de uma mistura de n\u00e1ilon e spandex para flexibilidade e conforto.<\/li>\n<li><b>Controlo da barriga:<\/b> As an\u00e1guas modeladoras s\u00e3o projetadas para minimizar a apar\u00eancia da barriga, quadris e coxas, criando uma silhueta mais elegante.<\/li>\n<li><b>Uso vers\u00e1til:<\/b> Nossas an\u00e1guas modeladoras femininas sem costura s\u00e3o perfeitas para uma variedade de vestidos e roupas, desde vestidos formais at\u00e9 vestidos casuais. Tamb\u00e9m pode ser usado como pijama sem mangas para uma noite de sono tranquila.<\/li>\n<li><b>Al\u00e7as finas ajust\u00e1veis:<\/b> Os vestidos de an\u00e1gua sem costura garantem que o modelador permane\u00e7a no lugar, proporcionando um ajuste personalizado e maior conforto.<\/li>\n<\/ul>\n<h6><em>Vestido camisola feminino el\u00e1stico e emagrecedor sem costura<\/em><\/h6>\n<ul>\n<li>Em resumo, nossos vestidos de an\u00e1gua modeladores sem costura s\u00e3o uma mistura de estilo, conforto e funcionalidade. Para atacadistas que buscam oferecer produtos de primeira linha que ressoem com as \u00faltimas tend\u00eancias da moda, este modelador \u00e9 obrigat\u00f3rio. Com op\u00e7\u00f5es de personaliza\u00e7\u00e3o, uma variedade de tamanhos e a promessa de entrega r\u00e1pida, \u00e9 uma adi\u00e7\u00e3o valiosa ao seu estoque. Mergulhe no mundo do atacado com esta pe\u00e7a de destaque. Encomende hoje!<\/li>\n<\/ul>","protected":false},"excerpt":{"rendered":"<p>Eleve sua cole\u00e7\u00e3o com nossos vestidos de an\u00e1gua modeladores sem costura. Projetada para usar sob os vestidos, esta combina\u00e7\u00e3o \u00e9 confeccionada em uma mistura de n\u00e1ilon e spandex, garantindo uma apar\u00eancia suave e aerodin\u00e2mica. Com seu recurso de controle de barriga, proporciona uma silhueta emagrecedora, aumentando a confian\u00e7a em qualquer ocasi\u00e3o.<\/p>","protected":false},"featured_media":3116,"comment_status":"open","ping_status":"closed","template":"","meta":{"site-sidebar-layout":"default","site-content-layout":"default","ast-site-content-layout":"default","site-content-style":"default","site-sidebar-style":"default","ast-global-header-display":"","ast-banner-title-visibility":"","ast-main-header-display":"","ast-hfb-above-header-display":"","ast-hfb-below-header-display":"","ast-hfb-mobile-header-display":"","site-post-title":"","ast-breadcrumbs-content":"","ast-featured-img":"","footer-sml-layout":"","ast-disable-related-posts":"","theme-transparent-header-meta":"default","adv-header-id-meta":"","stick-header-meta":"default","header-above-stick-meta":"","header-main-stick-meta":"","header-below-stick-meta":"","astra-migrate-meta-layouts":"set","ast-page-background-enabled":"default","ast-page-background-meta":{"desktop":{"background-color":"","background-image":"","background-repeat":"repeat","background-position":"center center","background-size":"auto","background-attachment":"scroll","background-type":"","background-media":"","overlay-type":"","overlay-color":"","overlay-opacity":"","overlay-gradient":""},"tablet":{"background-color":"","background-image":"","background-repeat":"repeat","background-position":"center center","background-size":"auto","background-attachment":"scroll","background-type":"","background-media":"","overlay-type":"","overlay-color":"","overlay-opacity":"","overlay-gradient":""},"mobile":{"background-color":"","background-image":"","background-repeat":"repeat","background-position":"center center","background-size":"auto","background-attachment":"scroll","background-type":"","background-media":"","overlay-type":"","overlay-color":"","overlay-opacity":"","overlay-gradient":""}},"ast-content-background-meta":{"desktop":{"background-color":"var(--ast-global-color-5)","background-image":"","background-repeat":"repeat","background-position":"center center","background-size":"auto","background-attachment":"scroll","background-type":"","background-media":"","overlay-type":"","overlay-color":"","overlay-opacity":"","overlay-gradient":""},"tablet":{"background-color":"var(--ast-global-color-5)","background-image":"","background-repeat":"repeat","background-position":"center center","background-size":"auto","background-attachment":"scroll","background-type":"","background-media":"","overlay-type":"","overlay-color":"","overlay-opacity":"","overlay-gradient":""},"mobile":{"background-color":"var(--ast-global-color-5)","background-image":"","background-repeat":"repeat","background-position":"center center","background-size":"auto","background-attachment":"scroll","background-type":"","background-media":"","overlay-type":"","overlay-color":"","overlay-opacity":"","overlay-gradient":""}}},"product_brand":[],"product_cat":[65,76,77,79,78],"product_tag":[135,136,450,449],"class_list":{"0":"post-3110","1":"product","2":"type-product","3":"status-publish","4":"has-post-thumbnail","6":"product_cat-best-sellers","7":"product_cat-new-arrivels","8":"product_cat-wholesale-womens-shapewear","9":"product_cat-wholesale-seemless-shaperwear","10":"product_cat-wholesale-full-body-shaper","11":"product_tag-all-in-one","12":"product_tag-bridal","13":"product_tag-camisole-dress","14":"product_tag-petticoat","15":"pa_color-beige","16":"pa_color-black","17":"pa_color-white","18":"pa_size-l","19":"pa_size-m","20":"pa_size-s","21":"pa_size-xl","22":"desktop-align-center","23":"tablet-align-left","24":"mobile-align-left","25":"ast-product-gallery-layout-horizontal-slider","26":"ast-product-single-variable","27":"ast-product-tabs-layout-horizontal","28":"ast-qv-on-image","30":"first","31":"instock","32":"shipping-taxable","33":"purchasable","34":"product-type-variable"},"tiered_pricing_type":"fixed","tiered_pricing_fixed_rules":{"20":8.9,"200":8.5,"500":7.9},"tiered_pricing_product_settings":{"layout":"default","base_unit_name":{"singular":null,"plural":null},"default_variation":{}},"tiered_pricing_minimum_quantity":null,"tiered_pricing_roles_data":[],"tiered_pricing_percentage_rules":[],"_links":{"self":[{"href":"https:\/\/yume-silm.com\/pt\/wp-json\/wp\/v2\/product\/3110","targetHints":{"allow":["GET"]}}],"collection":[{"href":"https:\/\/yume-silm.com\/pt\/wp-json\/wp\/v2\/product"}],"about":[{"href":"https:\/\/yume-silm.com\/pt\/wp-json\/wp\/v2\/types\/product"}],"replies":[{"embeddable":true,"href":"https:\/\/yume-silm.com\/pt\/wp-json\/wp\/v2\/comments?post=3110"}],"wp:featuredmedia":[{"embeddable":true,"href":"https:\/\/yume-silm.com\/pt\/wp-json\/wp\/v2\/media\/3116"}],"wp:attachment":[{"href":"https:\/\/yume-silm.com\/pt\/wp-json\/wp\/v2\/media?parent=3110"}],"wp:term":[{"taxonomy":"product_brand","embeddable":true,"href":"https:\/\/yume-silm.com\/pt\/wp-json\/wp\/v2\/product_brand?post=3110"},{"taxonomy":"product_cat","embeddable":true,"href":"https:\/\/yume-silm.com\/pt\/wp-json\/wp\/v2\/product_cat?post=3110"},{"taxonomy":"product_tag","embeddable":true,"href":"https:\/\/yume-silm.com\/pt\/wp-json\/wp\/v2\/product_tag?post=3110"}],"curies":[{"name":"wp","href":"https:\/\/api.w.org\/{rel}","templated":true}]}}