{"id":3257,"date":"2023-05-22T04:19:25","date_gmt":"2023-05-22T04:19:25","guid":{"rendered":"https:\/\/yume-silm.com\/?post_type=product&#038;p=3257"},"modified":"2025-05-26T00:44:20","modified_gmt":"2025-05-26T00:44:20","slug":"t-shirt-para-homem-com-malha-respiravel-e-que-modela-o-corpo","status":"publish","type":"product","link":"https:\/\/yume-silm.com\/pt\/produto\/t-shirt-para-homem-com-malha-respiravel-e-que-modela-o-corpo\/","title":{"rendered":"Camiseta modeladora masculina por atacado: design de malha respir\u00e1vel"},"content":{"rendered":"<h5>Caracter\u00edsticas de design<\/h5>\n<ul>\n<li><strong>Modelagem instant\u00e2nea do corpo:<\/strong> Nossas camisetas regata de malha de compress\u00e3o modeladora de corpo masculino s\u00e3o seu melhor parceiro para queimar gordura. Ajud\u00e1-lo a esconder melhor seus \u201cpeitos de homem\u201d, contrair sua \u201cbarriga de cerveja\u201d e endireitar as costas. Este modelador de colete emagrecedor far\u00e1 voc\u00ea parecer mais alto e com mais energia!<\/li>\n<li><strong>CORSET INVIS\u00cdVEL:<\/strong> Uma camiseta modeladora modeladora oferece modelagem corporal superior, mantendo um perfil discreto, atraente para quem busca um ajuste natural. Devido ao design de compress\u00e3o cruzada em v\u00e1rias camadas no peito, costas e abd\u00f4men, ele pode ser moldado em v\u00e1rios aspectos, facilitando a cria\u00e7\u00e3o de um contorno ideal mais perfeito.<\/li>\n<li><strong>MALHA LEVE RESPIR\u00c1VEL:<\/strong> Nosso modelador de corpo emagrecedor de camisa de compress\u00e3o masculina sem costura \u00e9 confort\u00e1vel e pr\u00f3ximo \u00e0 pele, leve e sem press\u00e3o. Adequado para todas as esta\u00e7\u00f5es, mesmo no ver\u00e3o quente, voc\u00ea pode us\u00e1-lo sozinho para fazer exerc\u00edcios ou para uso di\u00e1rio em casa ou no trabalho.<\/li>\n<li><strong>FIRME E EL\u00c1STICO:<\/strong> Nosso colete de treino masculino abd\u00f4men abd\u00f4men modelador de corpo fino \u00e9 feito de uma mistura de elastano e n\u00e1ilon para durabilidade e um ajuste confort\u00e1vel. O tecido el\u00e1stico adequado permite que voc\u00ea n\u00e3o tenha medo de puxar e ser\u00e1 adequado independentemente do formato do seu corpo.<\/li>\n<\/ul>\n<h6><em>Camiseta masculina leve e invis\u00edvel de compress\u00e3o abdominal com controle modelador<\/em><\/h6>\n<ul>\n<li>Nossa camiseta masculina modeladora com malha respir\u00e1vel \u00e9 uma mistura de estilo, conforto e funcionalidade.<\/li>\n<li>Para os atacadistas que desejam entrar no mercado de shapewear masculino, a camiseta modeladora masculina \u00e9 obrigat\u00f3ria.<\/li>\n<li>Com op\u00e7\u00f5es de personaliza\u00e7\u00e3o, uma variedade de tamanhos e a promessa de entrega r\u00e1pida, \u00e9 uma adi\u00e7\u00e3o valiosa ao seu estoque.<\/li>\n<li>Mergulhe no mundo do atacado com esta pe\u00e7a de destaque. Encomende hoje!<\/li>\n<\/ul>","protected":false},"excerpt":{"rendered":"<p>Descubra a nossa t-shirt modeladora masculina, desenhada para o homem moderno. Com controle de barriga, espartilho invis\u00edvel e malha respir\u00e1vel, garante estilo e conforto. Feito com uma mistura de spandex e n\u00e1ilon, \u00e9 o complemento perfeito para qualquer guarda-roupa ativo.<\/p>","protected":false},"featured_media":3268,"comment_status":"open","ping_status":"closed","template":"","meta":{"site-sidebar-layout":"default","site-content-layout":"default","ast-site-content-layout":"default","site-content-style":"default","site-sidebar-style":"default","ast-global-header-display":"","ast-banner-title-visibility":"","ast-main-header-display":"","ast-hfb-above-header-display":"","ast-hfb-below-header-display":"","ast-hfb-mobile-header-display":"","site-post-title":"","ast-breadcrumbs-content":"","ast-featured-img":"","footer-sml-layout":"","ast-disable-related-posts":"","theme-transparent-header-meta":"default","adv-header-id-meta":"","stick-header-meta":"default","header-above-stick-meta":"","header-main-stick-meta":"","header-below-stick-meta":"","astra-migrate-meta-layouts":"set","ast-page-background-enabled":"default","ast-page-background-meta":{"desktop":{"background-color":"","background-image":"","background-repeat":"repeat","background-position":"center center","background-size":"auto","background-attachment":"scroll","background-type":"","background-media":"","overlay-type":"","overlay-color":"","overlay-opacity":"","overlay-gradient":""},"tablet":{"background-color":"","background-image":"","background-repeat":"repeat","background-position":"center center","background-size":"auto","background-attachment":"scroll","background-type":"","background-media":"","overlay-type":"","overlay-color":"","overlay-opacity":"","overlay-gradient":""},"mobile":{"background-color":"","background-image":"","background-repeat":"repeat","background-position":"center center","background-size":"auto","background-attachment":"scroll","background-type":"","background-media":"","overlay-type":"","overlay-color":"","overlay-opacity":"","overlay-gradient":""}},"ast-content-background-meta":{"desktop":{"background-color":"var(--ast-global-color-5)","background-image":"","background-repeat":"repeat","background-position":"center center","background-size":"auto","background-attachment":"scroll","background-type":"","background-media":"","overlay-type":"","overlay-color":"","overlay-opacity":"","overlay-gradient":""},"tablet":{"background-color":"var(--ast-global-color-5)","background-image":"","background-repeat":"repeat","background-position":"center center","background-size":"auto","background-attachment":"scroll","background-type":"","background-media":"","overlay-type":"","overlay-color":"","overlay-opacity":"","overlay-gradient":""},"mobile":{"background-color":"var(--ast-global-color-5)","background-image":"","background-repeat":"repeat","background-position":"center center","background-size":"auto","background-attachment":"scroll","background-type":"","background-media":"","overlay-type":"","overlay-color":"","overlay-opacity":"","overlay-gradient":""}}},"product_brand":[],"product_cat":[65,76,85,88],"product_tag":[147,566,567,185],"class_list":{"0":"post-3257","1":"product","2":"type-product","3":"status-publish","4":"has-post-thumbnail","6":"product_cat-best-sellers","7":"product_cat-new-arrivels","8":"product_cat-wholesale-mens-shapewear","9":"product_cat-wholesale-men-t-shirt-shaper","10":"product_tag-cross","11":"product_tag-short-sleeves","12":"product_tag-slimming-effect","13":"product_tag-workout","14":"pa_color-black","15":"pa_color-white","16":"pa_size-l","17":"pa_size-m","18":"pa_size-xl","19":"pa_size-xxl","20":"desktop-align-center","21":"tablet-align-left","22":"mobile-align-left","23":"ast-product-gallery-layout-horizontal-slider","24":"ast-product-single-variable","25":"ast-product-tabs-layout-horizontal","26":"ast-qv-on-image","28":"first","29":"instock","30":"shipping-taxable","31":"purchasable","32":"product-type-variable"},"tiered_pricing_type":"fixed","tiered_pricing_fixed_rules":{"2":5.49,"50":5.19,"300":4.29},"tiered_pricing_product_settings":{"layout":"default","base_unit_name":{"singular":null,"plural":null},"default_variation":{}},"tiered_pricing_minimum_quantity":null,"tiered_pricing_roles_data":[],"tiered_pricing_percentage_rules":[],"_links":{"self":[{"href":"https:\/\/yume-silm.com\/pt\/wp-json\/wp\/v2\/product\/3257","targetHints":{"allow":["GET"]}}],"collection":[{"href":"https:\/\/yume-silm.com\/pt\/wp-json\/wp\/v2\/product"}],"about":[{"href":"https:\/\/yume-silm.com\/pt\/wp-json\/wp\/v2\/types\/product"}],"replies":[{"embeddable":true,"href":"https:\/\/yume-silm.com\/pt\/wp-json\/wp\/v2\/comments?post=3257"}],"wp:featuredmedia":[{"embeddable":true,"href":"https:\/\/yume-silm.com\/pt\/wp-json\/wp\/v2\/media\/3268"}],"wp:attachment":[{"href":"https:\/\/yume-silm.com\/pt\/wp-json\/wp\/v2\/media?parent=3257"}],"wp:term":[{"taxonomy":"product_brand","embeddable":true,"href":"https:\/\/yume-silm.com\/pt\/wp-json\/wp\/v2\/product_brand?post=3257"},{"taxonomy":"product_cat","embeddable":true,"href":"https:\/\/yume-silm.com\/pt\/wp-json\/wp\/v2\/product_cat?post=3257"},{"taxonomy":"product_tag","embeddable":true,"href":"https:\/\/yume-silm.com\/pt\/wp-json\/wp\/v2\/product_tag?post=3257"}],"curies":[{"name":"wp","href":"https:\/\/api.w.org\/{rel}","templated":true}]}}