{"id":3348,"date":"2023-05-29T03:04:31","date_gmt":"2023-05-29T03:04:31","guid":{"rendered":"https:\/\/yume-silm.com\/?post_type=product&#038;p=3348"},"modified":"2025-05-24T05:05:09","modified_gmt":"2025-05-24T05:05:09","slug":"roupa-interior-de-tamanho-grande-com-cava-inferior-e-cavas-ajustaveis","status":"publish","type":"product","link":"https:\/\/yume-silm.com\/pt\/produto\/roupa-interior-de-tamanho-grande-com-cava-inferior-e-cavas-ajustaveis\/","title":{"rendered":"Venda por atacado de roupas \u00edntimas plus size para levantamento de bunda: aprimoramento do quadril"},"content":{"rendered":"<h5>Caracter\u00edsticas de design<\/h5>\n<ul>\n<li><strong>AL\u00c7AS DE OMBRO FINAS AJUST\u00c1VEIS:<\/strong> As al\u00e7as ajust\u00e1veis da cueca plus size bumbum s\u00e3o muito humanizadas, facilitando o ajuste livre do comprimento de acordo com a necessidade, adaptando-se \u00e0s necessidades do formato do corpo e conforto, al\u00e9m de aprimorar a experi\u00eancia do usu\u00e1rio.<\/li>\n<li><strong>COMBINA\u00c7\u00c3O DUPLA DE FIVELA DE A\u00c7O E Z\u00cdPER:<\/strong> O material altamente el\u00e1stico das cal\u00e7as para levantar a barriga e o quadril \u00e9 dur\u00e1vel e n\u00e3o tem medo de puxar. Os ganchos e z\u00edperes do intensificador de quadril e bumbum feminino realizam a dupla combina\u00e7\u00e3o, melhor controle para realizar o levantamento do abd\u00f4men e das n\u00e1degas.<\/li>\n<li><strong>PROJETO DE ELEVA\u00c7\u00c3O DE N\u00c1DEGAS:<\/strong> A respirabilidade do intensificador de quadril e bumbum com controle de barriga garante que a pele respire. Esteja voc\u00ea suando na academia ou exibindo sua confian\u00e7a na frente de seus amigos, nossas cal\u00e7as para levantar o bumbum se ajustam perfeitamente ao seu corpo e criam curvas invej\u00e1veis em forma de S com facilidade.<\/li>\n<li><strong>ALMOFADA DE COMPRESS\u00c3O REMOV\u00cdVEL:<\/strong> O modelador de cintura alta com 2 almofadas de quadril remov\u00edveis vem com almofadas de quadril remov\u00edveis para um levantamento de bunda personalizado. Deixe suas n\u00e1degas mais cheias e bem torneadas.<\/li>\n<li><strong>MODELADORES DE TAMANHO GRANDE:<\/strong> Nossos shorts plus size para controle de barriga s\u00e3o projetados para mulheres com diferentes tipos de corpo. Se voc\u00ea \u00e9 uma m\u00e3e obesa p\u00f3s-parto, ficar\u00e1 surpresa com os resultados instant\u00e2neos do BBL que os melhores modeladores corporais plus size podem alcan\u00e7ar. Voc\u00ea pode facilmente exibir sua figura de ampulheta favorita, festejar com suas amigas, fazer compras e muito mais.<\/li>\n<\/ul>\n<h6><em>Cal\u00e7as plus size com al\u00e7as remov\u00edveis e protetores de quadril para curvas e estilo sem esfor\u00e7o<\/em><\/h6>\n<ul>\n<li>Nossa roupa \u00edntima plus size com suspens\u00f3rios ajust\u00e1veis \u00e9 uma mistura de estilo, conforto e funcionalidade. Essas roupas \u00edntimas plus size para levantar o bumbum s\u00e3o obrigat\u00f3rias para atacadistas que desejam atender a um p\u00fablico diversificado.<\/li>\n<li>Com op\u00e7\u00f5es de personaliza\u00e7\u00e3o, uma variedade de tamanhos e a promessa de entrega r\u00e1pida, \u00e9 uma adi\u00e7\u00e3o valiosa ao seu estoque. Mergulhe no mundo do atacado com esta pe\u00e7a de destaque. Encomende hoje!<\/li>\n<\/ul>","protected":false},"excerpt":{"rendered":"<p>Intensifique sua cole\u00e7\u00e3o com nossa roupa \u00edntima Plus Size Butt Lift. Com suspens\u00f3rios ajust\u00e1veis, z\u00edper com fivela de a\u00e7o e almofada de press\u00e3o remov\u00edvel, esta roupa \u00edntima foi projetada para um ajuste perfeito e uma silhueta aprimorada. A virilha aberta garante maior comodidade para a mulher moderna.<\/p>","protected":false},"featured_media":3364,"comment_status":"open","ping_status":"closed","template":"","meta":{"site-sidebar-layout":"default","site-content-layout":"default","ast-site-content-layout":"default","site-content-style":"default","site-sidebar-style":"default","ast-global-header-display":"","ast-banner-title-visibility":"","ast-main-header-display":"","ast-hfb-above-header-display":"","ast-hfb-below-header-display":"","ast-hfb-mobile-header-display":"","site-post-title":"","ast-breadcrumbs-content":"","ast-featured-img":"","footer-sml-layout":"","ast-disable-related-posts":"","theme-transparent-header-meta":"default","adv-header-id-meta":"","stick-header-meta":"default","header-above-stick-meta":"","header-main-stick-meta":"","header-below-stick-meta":"","astra-migrate-meta-layouts":"set","ast-page-background-enabled":"default","ast-page-background-meta":{"desktop":{"background-color":"","background-image":"","background-repeat":"repeat","background-position":"center center","background-size":"auto","background-attachment":"scroll","background-type":"","background-media":"","overlay-type":"","overlay-color":"","overlay-opacity":"","overlay-gradient":""},"tablet":{"background-color":"","background-image":"","background-repeat":"repeat","background-position":"center center","background-size":"auto","background-attachment":"scroll","background-type":"","background-media":"","overlay-type":"","overlay-color":"","overlay-opacity":"","overlay-gradient":""},"mobile":{"background-color":"","background-image":"","background-repeat":"repeat","background-position":"center center","background-size":"auto","background-attachment":"scroll","background-type":"","background-media":"","overlay-type":"","overlay-color":"","overlay-opacity":"","overlay-gradient":""}},"ast-content-background-meta":{"desktop":{"background-color":"var(--ast-global-color-5)","background-image":"","background-repeat":"repeat","background-position":"center center","background-size":"auto","background-attachment":"scroll","background-type":"","background-media":"","overlay-type":"","overlay-color":"","overlay-opacity":"","overlay-gradient":""},"tablet":{"background-color":"var(--ast-global-color-5)","background-image":"","background-repeat":"repeat","background-position":"center center","background-size":"auto","background-attachment":"scroll","background-type":"","background-media":"","overlay-type":"","overlay-color":"","overlay-opacity":"","overlay-gradient":""},"mobile":{"background-color":"var(--ast-global-color-5)","background-image":"","background-repeat":"repeat","background-position":"center center","background-size":"auto","background-attachment":"scroll","background-type":"","background-media":"","overlay-type":"","overlay-color":"","overlay-opacity":"","overlay-gradient":""}}},"product_brand":[],"product_cat":[65,76,77,1092,80],"product_tag":[137,147,186,134,184],"class_list":{"0":"post-3348","1":"product","2":"type-product","3":"status-publish","4":"has-post-thumbnail","6":"product_cat-best-sellers","7":"product_cat-new-arrivels","8":"product_cat-wholesale-womens-shapewear","9":"product_cat-plus-size-shapewear","10":"product_cat-wholesale-butt-lift-underwear","11":"product_tag-butt-lift","12":"product_tag-cross","13":"product_tag-padded","14":"product_tag-tummy-tucker","15":"product_tag-zipper","16":"pa_color-black","17":"pa_size-4xl","18":"pa_size-5xl","19":"pa_size-6xl","20":"pa_size-l","21":"pa_size-m","22":"pa_size-s","23":"pa_size-xl","24":"pa_size-xxl","25":"pa_size-xxxl","26":"desktop-align-center","27":"tablet-align-left","28":"mobile-align-left","29":"ast-product-gallery-layout-horizontal-slider","30":"ast-product-single-variable","31":"ast-product-tabs-layout-horizontal","32":"ast-qv-on-image","34":"first","35":"instock","36":"shipping-taxable","37":"purchasable","38":"product-type-variable"},"tiered_pricing_type":"fixed","tiered_pricing_fixed_rules":{"2":13.19,"30":12.39,"500":10.29},"tiered_pricing_product_settings":{"layout":"default","base_unit_name":{"singular":null,"plural":null},"default_variation":{}},"tiered_pricing_minimum_quantity":null,"tiered_pricing_roles_data":[],"tiered_pricing_percentage_rules":[],"_links":{"self":[{"href":"https:\/\/yume-silm.com\/pt\/wp-json\/wp\/v2\/product\/3348","targetHints":{"allow":["GET"]}}],"collection":[{"href":"https:\/\/yume-silm.com\/pt\/wp-json\/wp\/v2\/product"}],"about":[{"href":"https:\/\/yume-silm.com\/pt\/wp-json\/wp\/v2\/types\/product"}],"replies":[{"embeddable":true,"href":"https:\/\/yume-silm.com\/pt\/wp-json\/wp\/v2\/comments?post=3348"}],"wp:featuredmedia":[{"embeddable":true,"href":"https:\/\/yume-silm.com\/pt\/wp-json\/wp\/v2\/media\/3364"}],"wp:attachment":[{"href":"https:\/\/yume-silm.com\/pt\/wp-json\/wp\/v2\/media?parent=3348"}],"wp:term":[{"taxonomy":"product_brand","embeddable":true,"href":"https:\/\/yume-silm.com\/pt\/wp-json\/wp\/v2\/product_brand?post=3348"},{"taxonomy":"product_cat","embeddable":true,"href":"https:\/\/yume-silm.com\/pt\/wp-json\/wp\/v2\/product_cat?post=3348"},{"taxonomy":"product_tag","embeddable":true,"href":"https:\/\/yume-silm.com\/pt\/wp-json\/wp\/v2\/product_tag?post=3348"}],"curies":[{"name":"wp","href":"https:\/\/api.w.org\/{rel}","templated":true}]}}