{"id":3368,"date":"2023-05-29T03:34:50","date_gmt":"2023-05-29T03:34:50","guid":{"rendered":"https:\/\/yume-silm.com\/?post_type=product&#038;p=3368"},"modified":"2024-03-11T08:13:35","modified_gmt":"2024-03-11T08:13:35","slug":"soutien-com-aros-fato-de-treino-com-dupla-camada-de-controlo","status":"publish","type":"product","link":"https:\/\/yume-silm.com\/pt\/produto\/soutien-com-aros-fato-de-treino-com-dupla-camada-de-controlo\/","title":{"rendered":"Bodysuit modelador de suti\u00e3 com arma\u00e7\u00e3o por atacado: controle de camada dupla"},"content":{"rendered":"<h5>Caracter\u00edsticas de design<\/h5>\n<ol>\n<li><strong>Body modelador tanga:<\/strong> Uma pe\u00e7a vers\u00e1til que pode enriquecer sua linha de body modelador sexy de suti\u00e3 de uma pe\u00e7a e atender \u00e0s necessidades de diferentes clientes.<\/li>\n<li><strong>Body Shapewear com Suti\u00e3:<\/strong> Escolher estes modeladores corporais com controle de barriga e emagrecimento de cintura pode tornar a sele\u00e7\u00e3o de roupas \u00edntimas menos dif\u00edcil. Devido ao seu suporte integrado, n\u00e3o s\u00f3 suporta o peito, mas tamb\u00e9m modela facilmente o corpo, proporcionando aos clientes uma solu\u00e7\u00e3o dois em um.<\/li>\n<li><strong>Controle de dupla camada:<\/strong> Nosso modelador se concentra em suavizar sua barriga, afinar sua cintura e modelar as curvas do quadril. O excelente efeito modelador faz com que seja a primeira escolha para quem procura roupas modeladoras de alto desempenho.<\/li>\n<li><strong>Modelador de body de renda:<\/strong> O body modelador de suti\u00e3 com arma\u00e7\u00e3o \u00e9 feito de materiais de alta qualidade para garantir elasticidade duradoura, \u00e9 agrad\u00e1vel \u00e0 pele e respir\u00e1vel, elegante e bonito. Aumentar\u00e1 melhor a respirabilidade da pele mesmo durante o exerc\u00edcio. Permitindo que voc\u00ea obtenha curvas naturais em uma experi\u00eancia confort\u00e1vel.<\/li>\n<li><strong>Virilha que pode ser aberta:<\/strong> Este suti\u00e3 com arma\u00e7\u00e3o para modelagem de corpo inteiro resolve as preocupa\u00e7\u00f5es de toda mulher que quer entrar em forma. A comodidade do macac\u00e3o modelador sem virilha resolve o inc\u00f4modo de ir ao banheiro sem tirar toda a roupa.<\/li>\n<\/ol>\n<h6><em>Body de renda elegante e vers\u00e1til, roupa \u00edntima, tanga com suti\u00e3 <\/em><\/h6>\n<p>Em resumo, nosso body modelador de suti\u00e3 com arma\u00e7\u00e3o e controle de camada dupla \u00e9 uma mistura de estilo, conforto e funcionalidade. Para atacadistas que buscam oferecer produtos de primeira linha que ressoem com as \u00faltimas tend\u00eancias da moda, este modelador de tanga \u00e9 obrigat\u00f3rio. Com op\u00e7\u00f5es de personaliza\u00e7\u00e3o, uma variedade de tamanhos e a promessa de entrega r\u00e1pida, \u00e9 uma adi\u00e7\u00e3o valiosa ao seu estoque. Mergulhe no mundo do atacado com esta pe\u00e7a de destaque. Encomende hoje!<\/p>","protected":false},"excerpt":{"rendered":"<p>Eleve sua cole\u00e7\u00e3o com nosso body modelador de suti\u00e3 com arma\u00e7\u00e3o. Projetado com controle de camada dupla, malha vis\u00edvel na bunda e virilha aberta com gancho, garante estilo e conforto. Feito para a mulher moderna, oferece uma silhueta perfeita sob qualquer roupa.<\/p>","protected":false},"featured_media":3385,"comment_status":"open","ping_status":"closed","template":"","meta":{"site-sidebar-layout":"default","site-content-layout":"default","ast-site-content-layout":"default","site-content-style":"default","site-sidebar-style":"default","ast-global-header-display":"","ast-banner-title-visibility":"","ast-main-header-display":"","ast-hfb-above-header-display":"","ast-hfb-below-header-display":"","ast-hfb-mobile-header-display":"","site-post-title":"","ast-breadcrumbs-content":"","ast-featured-img":"","footer-sml-layout":"","ast-disable-related-posts":"","theme-transparent-header-meta":"default","adv-header-id-meta":"","stick-header-meta":"default","header-above-stick-meta":"","header-main-stick-meta":"","header-below-stick-meta":"","astra-migrate-meta-layouts":"set","ast-page-background-enabled":"default","ast-page-background-meta":{"desktop":{"background-color":"","background-image":"","background-repeat":"repeat","background-position":"center center","background-size":"auto","background-attachment":"scroll","background-type":"","background-media":"","overlay-type":"","overlay-color":"","overlay-opacity":"","overlay-gradient":""},"tablet":{"background-color":"","background-image":"","background-repeat":"repeat","background-position":"center center","background-size":"auto","background-attachment":"scroll","background-type":"","background-media":"","overlay-type":"","overlay-color":"","overlay-opacity":"","overlay-gradient":""},"mobile":{"background-color":"","background-image":"","background-repeat":"repeat","background-position":"center center","background-size":"auto","background-attachment":"scroll","background-type":"","background-media":"","overlay-type":"","overlay-color":"","overlay-opacity":"","overlay-gradient":""}},"ast-content-background-meta":{"desktop":{"background-color":"var(--ast-global-color-5)","background-image":"","background-repeat":"repeat","background-position":"center center","background-size":"auto","background-attachment":"scroll","background-type":"","background-media":"","overlay-type":"","overlay-color":"","overlay-opacity":"","overlay-gradient":""},"tablet":{"background-color":"var(--ast-global-color-5)","background-image":"","background-repeat":"repeat","background-position":"center center","background-size":"auto","background-attachment":"scroll","background-type":"","background-media":"","overlay-type":"","overlay-color":"","overlay-opacity":"","overlay-gradient":""},"mobile":{"background-color":"var(--ast-global-color-5)","background-image":"","background-repeat":"repeat","background-position":"center center","background-size":"auto","background-attachment":"scroll","background-type":"","background-media":"","overlay-type":"","overlay-color":"","overlay-opacity":"","overlay-gradient":""}}},"product_brand":[],"product_cat":[65,76,77,82],"product_tag":[136,473,142,138,526],"class_list":{"0":"post-3368","1":"product","2":"type-product","3":"status-publish","4":"has-post-thumbnail","6":"product_cat-best-sellers","7":"product_cat-new-arrivels","8":"product_cat-wholesale-womens-shapewear","9":"product_cat-wholesale-shapewear-bodysuit","10":"product_tag-bridal","11":"product_tag-lace","12":"product_tag-low-back","13":"product_tag-thong","14":"product_tag-with-bra","15":"pa_color-beige","16":"pa_color-black","17":"pa_size-l","18":"pa_size-m","19":"pa_size-s","20":"pa_size-xl","21":"pa_size-xxl","22":"desktop-align-center","23":"tablet-align-left","24":"mobile-align-left","25":"ast-product-gallery-layout-horizontal-slider","26":"ast-product-single-variable","27":"ast-product-tabs-layout-horizontal","28":"ast-qv-on-image","30":"first","31":"instock","32":"shipping-taxable","33":"purchasable","34":"product-type-variable"},"tiered_pricing_type":"fixed","tiered_pricing_fixed_rules":{"2":8.19,"30":7.59,"500":6.39},"tiered_pricing_product_settings":{"layout":"default","base_unit_name":{"singular":null,"plural":null},"default_variation":{}},"tiered_pricing_minimum_quantity":null,"tiered_pricing_roles_data":[],"tiered_pricing_percentage_rules":[],"_links":{"self":[{"href":"https:\/\/yume-silm.com\/pt\/wp-json\/wp\/v2\/product\/3368","targetHints":{"allow":["GET"]}}],"collection":[{"href":"https:\/\/yume-silm.com\/pt\/wp-json\/wp\/v2\/product"}],"about":[{"href":"https:\/\/yume-silm.com\/pt\/wp-json\/wp\/v2\/types\/product"}],"replies":[{"embeddable":true,"href":"https:\/\/yume-silm.com\/pt\/wp-json\/wp\/v2\/comments?post=3368"}],"wp:featuredmedia":[{"embeddable":true,"href":"https:\/\/yume-silm.com\/pt\/wp-json\/wp\/v2\/media\/3385"}],"wp:attachment":[{"href":"https:\/\/yume-silm.com\/pt\/wp-json\/wp\/v2\/media?parent=3368"}],"wp:term":[{"taxonomy":"product_brand","embeddable":true,"href":"https:\/\/yume-silm.com\/pt\/wp-json\/wp\/v2\/product_brand?post=3368"},{"taxonomy":"product_cat","embeddable":true,"href":"https:\/\/yume-silm.com\/pt\/wp-json\/wp\/v2\/product_cat?post=3368"},{"taxonomy":"product_tag","embeddable":true,"href":"https:\/\/yume-silm.com\/pt\/wp-json\/wp\/v2\/product_tag?post=3368"}],"curies":[{"name":"wp","href":"https:\/\/api.w.org\/{rel}","templated":true}]}}