{"id":3388,"date":"2023-05-29T04:04:48","date_gmt":"2023-05-29T04:04:48","guid":{"rendered":"https:\/\/yume-silm.com\/?post_type=product&#038;p=3388"},"modified":"2024-03-11T06:48:09","modified_gmt":"2024-03-11T06:48:09","slug":"fato-de-treino-leve-de-peca-unica-com-ajuste-facil","status":"publish","type":"product","link":"https:\/\/yume-silm.com\/pt\/produto\/fato-de-treino-leve-de-peca-unica-com-ajuste-facil\/","title":{"rendered":"Shapewear leve de pe\u00e7a \u00fanica no atacado: controle de camada dupla"},"content":{"rendered":"<h5>Caracter\u00edsticas de design<\/h5>\n<ol>\n<li><strong>Shapewear de uma pe\u00e7a:<\/strong> O design do body modelador sem costas \u00e9 simples, leve, moderno e elegante. As al\u00e7as apresentam a comodidade de f\u00e1cil ajuste, garantindo um ajuste perfeito para todos os tipos de corpo, proporcionando conforto e suporte sob medida.<\/li>\n<li><strong>Shorts de emagrecimento de compress\u00e3o de camada dupla:<\/strong> Voc\u00ea quer uma figura de celebridade? Nosso body modelador preto apresenta camadas duplas de tecido premium para modelagem aprimorada, proporcionando controle superior e elasticidade duradoura. Ajud\u00e1-lo a conseguir uma barriga lisa, n\u00e1degas empinadas, costas bonitas, etc.<\/li>\n<li><strong>Antiderrapante de silicone:<\/strong> O modelador corporal com suti\u00e3 tem um design antiderrapante de silicone que garante que o modelador bege permane\u00e7a no lugar durante todo o dia, evitando rolar ou desconforto.<\/li>\n<li><strong>Tend\u00eancias de mercado:<\/strong> Nosso body shapewear espartilho est\u00e1 alinhado com a tend\u00eancia atual do mercado para body shapewear racerback leve, confort\u00e1vel e eficaz, garantindo que sua linha permane\u00e7a atual e em demanda. Voc\u00ea pode escolher este modelador barato, f\u00e1cil de usar, confort\u00e1vel e justo. Envie para amigos ou familiares, participe de encontros ou festas, etc., voc\u00ea ser\u00e1 sempre a mais linda e confiante!<\/li>\n<\/ol>\n<h6><em>Os melhores body modeladores emagrecedores para mulheres plus size<\/em><\/h6>\n<p>Nosso modelador leve de pe\u00e7a \u00fanica com ajuste f\u00e1cil \u00e9 uma adi\u00e7\u00e3o vers\u00e1til e essencial \u00e0 sua cole\u00e7\u00e3o de atacado. Oferecendo uma mistura de conforto, estilo e funcionalidade, atende \u00e0s necessidades dos consumidores atuais, garantindo satisfa\u00e7\u00e3o e repeti\u00e7\u00e3o de neg\u00f3cios. Fa\u00e7a seu pedido agora para aprimorar sua linha de produtos e aumentar suas vendas!<\/p>","protected":false},"excerpt":{"rendered":"<p>Descubra o nosso modelador leve de pe\u00e7a \u00fanica, uma solu\u00e7\u00e3o perfeita para uma silhueta impec\u00e1vel. Com f\u00e1cil ajuste, tecido de dupla camada e recursos antiderrapantes de silicone, garante ajuste perfeito e conforto o dia todo. Ideal para usar por baixo de qualquer look, \u00e9 um must-have na sua cole\u00e7\u00e3o.<\/p>","protected":false},"featured_media":3399,"comment_status":"open","ping_status":"closed","template":"","meta":{"site-sidebar-layout":"default","site-content-layout":"default","ast-site-content-layout":"default","site-content-style":"default","site-sidebar-style":"default","ast-global-header-display":"","ast-banner-title-visibility":"","ast-main-header-display":"","ast-hfb-above-header-display":"","ast-hfb-below-header-display":"","ast-hfb-mobile-header-display":"","site-post-title":"","ast-breadcrumbs-content":"","ast-featured-img":"","footer-sml-layout":"","ast-disable-related-posts":"","theme-transparent-header-meta":"default","adv-header-id-meta":"","stick-header-meta":"default","header-above-stick-meta":"","header-main-stick-meta":"","header-below-stick-meta":"","astra-migrate-meta-layouts":"set","ast-page-background-enabled":"default","ast-page-background-meta":{"desktop":{"background-color":"","background-image":"","background-repeat":"repeat","background-position":"center center","background-size":"auto","background-attachment":"scroll","background-type":"","background-media":"","overlay-type":"","overlay-color":"","overlay-opacity":"","overlay-gradient":""},"tablet":{"background-color":"","background-image":"","background-repeat":"repeat","background-position":"center center","background-size":"auto","background-attachment":"scroll","background-type":"","background-media":"","overlay-type":"","overlay-color":"","overlay-opacity":"","overlay-gradient":""},"mobile":{"background-color":"","background-image":"","background-repeat":"repeat","background-position":"center center","background-size":"auto","background-attachment":"scroll","background-type":"","background-media":"","overlay-type":"","overlay-color":"","overlay-opacity":"","overlay-gradient":""}},"ast-content-background-meta":{"desktop":{"background-color":"var(--ast-global-color-5)","background-image":"","background-repeat":"repeat","background-position":"center center","background-size":"auto","background-attachment":"scroll","background-type":"","background-media":"","overlay-type":"","overlay-color":"","overlay-opacity":"","overlay-gradient":""},"tablet":{"background-color":"var(--ast-global-color-5)","background-image":"","background-repeat":"repeat","background-position":"center center","background-size":"auto","background-attachment":"scroll","background-type":"","background-media":"","overlay-type":"","overlay-color":"","overlay-opacity":"","overlay-gradient":""},"mobile":{"background-color":"var(--ast-global-color-5)","background-image":"","background-repeat":"repeat","background-position":"center center","background-size":"auto","background-attachment":"scroll","background-type":"","background-media":"","overlay-type":"","overlay-color":"","overlay-opacity":"","overlay-gradient":""}}},"product_brand":[],"product_cat":[65,76,77,79,78],"product_tag":[135,142,148,144],"class_list":{"0":"post-3388","1":"product","2":"type-product","3":"status-publish","4":"has-post-thumbnail","6":"product_cat-best-sellers","7":"product_cat-new-arrivels","8":"product_cat-wholesale-womens-shapewear","9":"product_cat-wholesale-seemless-shaperwear","10":"product_cat-wholesale-full-body-shaper","11":"product_tag-all-in-one","12":"product_tag-low-back","13":"product_tag-one-piece","14":"product_tag-slip","15":"pa_color-beige","16":"pa_color-black","17":"pa_size-l","18":"pa_size-m","19":"pa_size-s","20":"pa_size-xl","21":"desktop-align-center","22":"tablet-align-left","23":"mobile-align-left","24":"ast-product-gallery-layout-horizontal-slider","25":"ast-product-single-variable","26":"ast-product-tabs-layout-horizontal","27":"ast-qv-on-image","29":"first","30":"instock","31":"shipping-taxable","32":"purchasable","33":"product-type-variable"},"tiered_pricing_type":"fixed","tiered_pricing_fixed_rules":{"2":8.39,"30":7.79,"500":6.59},"tiered_pricing_product_settings":{"layout":"default","base_unit_name":{"singular":null,"plural":null},"default_variation":{}},"tiered_pricing_minimum_quantity":null,"tiered_pricing_roles_data":[],"tiered_pricing_percentage_rules":[],"_links":{"self":[{"href":"https:\/\/yume-silm.com\/pt\/wp-json\/wp\/v2\/product\/3388","targetHints":{"allow":["GET"]}}],"collection":[{"href":"https:\/\/yume-silm.com\/pt\/wp-json\/wp\/v2\/product"}],"about":[{"href":"https:\/\/yume-silm.com\/pt\/wp-json\/wp\/v2\/types\/product"}],"replies":[{"embeddable":true,"href":"https:\/\/yume-silm.com\/pt\/wp-json\/wp\/v2\/comments?post=3388"}],"wp:featuredmedia":[{"embeddable":true,"href":"https:\/\/yume-silm.com\/pt\/wp-json\/wp\/v2\/media\/3399"}],"wp:attachment":[{"href":"https:\/\/yume-silm.com\/pt\/wp-json\/wp\/v2\/media?parent=3388"}],"wp:term":[{"taxonomy":"product_brand","embeddable":true,"href":"https:\/\/yume-silm.com\/pt\/wp-json\/wp\/v2\/product_brand?post=3388"},{"taxonomy":"product_cat","embeddable":true,"href":"https:\/\/yume-silm.com\/pt\/wp-json\/wp\/v2\/product_cat?post=3388"},{"taxonomy":"product_tag","embeddable":true,"href":"https:\/\/yume-silm.com\/pt\/wp-json\/wp\/v2\/product_tag?post=3388"}],"curies":[{"name":"wp","href":"https:\/\/api.w.org\/{rel}","templated":true}]}}