{"id":3413,"date":"2023-05-29T06:29:37","date_gmt":"2023-05-29T06:29:37","guid":{"rendered":"https:\/\/yume-silm.com\/?post_type=product&#038;p=3413"},"modified":"2024-03-11T05:23:48","modified_gmt":"2024-03-11T05:23:48","slug":"fato-de-treino-em-renda-com-design-de-elevacao-da-anca","status":"publish","type":"product","link":"https:\/\/yume-silm.com\/pt\/produto\/fato-de-treino-em-renda-com-design-de-elevacao-da-anca\/","title":{"rendered":"Shorts modeladores de busto aberto feminino por atacado com z\u00edper"},"content":{"rendered":"<h5>Caracter\u00edsticas de design<\/h5>\n<ul>\n<li><strong>BODY SHAPEWEAR SLIM:<\/strong> esta vers\u00e1til pe\u00e7a modeladora corporal para controle de barriga aprimora sua linha de produtos com uma gama completa de modelagem para atender \u00e0s necessidades de diferentes clientes e impulsionar o crescimento das vendas.<\/li>\n<li><strong>Z\u00cdPER E AL\u00c7AS AJUST\u00c1VEIS:<\/strong> o visual do short com levantamento de bumbum com z\u00edper e busto aberto garante um ajuste personalizado que \u00e9 todo seu. Melhore a sua imagem de oferecer shorts femininos adapt\u00e1veis e confort\u00e1veis de usar com busto aberto e z\u00edper.<\/li>\n<li><strong>BORDA DE RENDA FLORAL:<\/strong> A costura de renda do busto aberto no meio da coxa modelador de corpo com z\u00edper adiciona um toque de luxo e eleg\u00e2ncia ao produto, o que pode facilmente aumentar o interesse dos clientes e aumentar a competitividade do produto no mercado.<\/li>\n<li><strong>LEVANTAMENTO DE QUADRIL:<\/strong> Deseja obter uma figura semelhante a uma estrela? Escolha esta calcinha de renda floral com busto aberto feminino. O envolvimento e a compress\u00e3o completos do modelador com z\u00edper, incluindo costas mais finas e firmes, redu\u00e7\u00e3o da flacidez na cintura, suaviza\u00e7\u00e3o da barriga e modelagem das coxas, etc., criam uma silhueta curva perfeita.<\/li>\n<li><strong>MOTORISTA DE VENDAS:<\/strong> Confie nesta combina\u00e7\u00e3o \u00fanica de funcionalidade, conforto e est\u00e9tica. Fa\u00e7a deste distinto short modelador de busto aberto feminino com z\u00edper um best-seller em potencial e um enorme lucro para voc\u00ea.<\/li>\n<\/ul>\n<h6><em>Shorts feminino de renda floral com busto aberto e modelador de body com z\u00edper<\/em><\/h6>\n<p>Nossos shorts modeladores femininos com busto aberto e z\u00edper s\u00e3o uma mistura de estilo, conforto e funcionalidade. Para atacadistas que desejam oferecer produtos de primeira linha que ressoem com as \u00faltimas tend\u00eancias da moda, este body \u00e9 obrigat\u00f3rio. Com op\u00e7\u00f5es de personaliza\u00e7\u00e3o, uma variedade de tamanhos e a promessa de entrega r\u00e1pida, \u00e9 uma adi\u00e7\u00e3o valiosa ao seu estoque. Mergulhe no mundo do atacado com esta pe\u00e7a de destaque. Encomende hoje!<\/p>","protected":false},"excerpt":{"rendered":"<p>Eleve suas ofertas de modeladores com nossos shorts modeladores femininos de busto aberto com z\u00edper. Apresentando um z\u00edper interno, al\u00e7as ajust\u00e1veis e um design de levantamento de quadril, combina perfeitamente eleg\u00e2ncia e funcionalidade. Projetado para conforto ideal e aprimoramento da silhueta, \u00e9 uma adi\u00e7\u00e3o chique a qualquer cole\u00e7\u00e3o.<\/p>","protected":false},"featured_media":3461,"comment_status":"open","ping_status":"closed","template":"","meta":{"site-sidebar-layout":"default","site-content-layout":"default","ast-site-content-layout":"default","site-content-style":"default","site-sidebar-style":"default","ast-global-header-display":"","ast-banner-title-visibility":"","ast-main-header-display":"","ast-hfb-above-header-display":"","ast-hfb-below-header-display":"","ast-hfb-mobile-header-display":"","site-post-title":"","ast-breadcrumbs-content":"","ast-featured-img":"","footer-sml-layout":"","ast-disable-related-posts":"","theme-transparent-header-meta":"default","adv-header-id-meta":"","stick-header-meta":"default","header-above-stick-meta":"","header-main-stick-meta":"","header-below-stick-meta":"","astra-migrate-meta-layouts":"set","ast-page-background-enabled":"default","ast-page-background-meta":{"desktop":{"background-color":"","background-image":"","background-repeat":"repeat","background-position":"center center","background-size":"auto","background-attachment":"scroll","background-type":"","background-media":"","overlay-type":"","overlay-color":"","overlay-opacity":"","overlay-gradient":""},"tablet":{"background-color":"","background-image":"","background-repeat":"repeat","background-position":"center center","background-size":"auto","background-attachment":"scroll","background-type":"","background-media":"","overlay-type":"","overlay-color":"","overlay-opacity":"","overlay-gradient":""},"mobile":{"background-color":"","background-image":"","background-repeat":"repeat","background-position":"center center","background-size":"auto","background-attachment":"scroll","background-type":"","background-media":"","overlay-type":"","overlay-color":"","overlay-opacity":"","overlay-gradient":""}},"ast-content-background-meta":{"desktop":{"background-color":"var(--ast-global-color-5)","background-image":"","background-repeat":"repeat","background-position":"center center","background-size":"auto","background-attachment":"scroll","background-type":"","background-media":"","overlay-type":"","overlay-color":"","overlay-opacity":"","overlay-gradient":""},"tablet":{"background-color":"var(--ast-global-color-5)","background-image":"","background-repeat":"repeat","background-position":"center center","background-size":"auto","background-attachment":"scroll","background-type":"","background-media":"","overlay-type":"","overlay-color":"","overlay-opacity":"","overlay-gradient":""},"mobile":{"background-color":"var(--ast-global-color-5)","background-image":"","background-repeat":"repeat","background-position":"center center","background-size":"auto","background-attachment":"scroll","background-type":"","background-media":"","overlay-type":"","overlay-color":"","overlay-opacity":"","overlay-gradient":""}}},"product_brand":[],"product_cat":[77,65,76,82,80],"product_tag":[139,141,144,134,154,184],"class_list":{"0":"post-3413","1":"product","2":"type-product","3":"status-publish","4":"has-post-thumbnail","6":"product_cat-wholesale-womens-shapewear","7":"product_cat-best-sellers","8":"product_cat-new-arrivels","9":"product_cat-wholesale-shapewear-bodysuit","10":"product_cat-wholesale-butt-lift-underwear","11":"product_tag-high-waist","12":"product_tag-plus-size","13":"product_tag-slip","14":"product_tag-tummy-tucker","15":"product_tag-with-hooks","16":"product_tag-zipper","17":"pa_color-beige","18":"pa_color-black","19":"pa_size-4xl","20":"pa_size-5xl","21":"pa_size-6xl","22":"pa_size-l","23":"pa_size-m","24":"pa_size-s","25":"pa_size-xl","26":"pa_size-xxl","27":"pa_size-xxxl","28":"desktop-align-center","29":"tablet-align-left","30":"mobile-align-left","31":"ast-product-gallery-layout-horizontal-slider","32":"ast-product-single-variable","33":"ast-product-tabs-layout-horizontal","34":"ast-qv-on-image","36":"first","37":"instock","38":"shipping-taxable","39":"purchasable","40":"product-type-variable"},"tiered_pricing_type":"fixed","tiered_pricing_fixed_rules":{"2":11.29,"30":10.49,"500":8.79},"tiered_pricing_product_settings":{"layout":"default","base_unit_name":{"singular":null,"plural":null},"default_variation":{}},"tiered_pricing_minimum_quantity":null,"tiered_pricing_roles_data":[],"tiered_pricing_percentage_rules":[],"_links":{"self":[{"href":"https:\/\/yume-silm.com\/pt\/wp-json\/wp\/v2\/product\/3413","targetHints":{"allow":["GET"]}}],"collection":[{"href":"https:\/\/yume-silm.com\/pt\/wp-json\/wp\/v2\/product"}],"about":[{"href":"https:\/\/yume-silm.com\/pt\/wp-json\/wp\/v2\/types\/product"}],"replies":[{"embeddable":true,"href":"https:\/\/yume-silm.com\/pt\/wp-json\/wp\/v2\/comments?post=3413"}],"wp:featuredmedia":[{"embeddable":true,"href":"https:\/\/yume-silm.com\/pt\/wp-json\/wp\/v2\/media\/3461"}],"wp:attachment":[{"href":"https:\/\/yume-silm.com\/pt\/wp-json\/wp\/v2\/media?parent=3413"}],"wp:term":[{"taxonomy":"product_brand","embeddable":true,"href":"https:\/\/yume-silm.com\/pt\/wp-json\/wp\/v2\/product_brand?post=3413"},{"taxonomy":"product_cat","embeddable":true,"href":"https:\/\/yume-silm.com\/pt\/wp-json\/wp\/v2\/product_cat?post=3413"},{"taxonomy":"product_tag","embeddable":true,"href":"https:\/\/yume-silm.com\/pt\/wp-json\/wp\/v2\/product_tag?post=3413"}],"curies":[{"name":"wp","href":"https:\/\/api.w.org\/{rel}","templated":true}]}}