{"id":3666,"date":"2023-06-10T06:14:14","date_gmt":"2023-06-10T06:14:14","guid":{"rendered":"https:\/\/yume-silm.com\/?post_type=product&#038;p=3666"},"modified":"2024-03-08T06:13:22","modified_gmt":"2024-03-08T06:13:22","slug":"modelacao-feminina-de-alta-elasticidade-sem-costuras-em-tres-cores","status":"publish","type":"product","link":"https:\/\/yume-silm.com\/pt\/produto\/modelacao-feminina-de-alta-elasticidade-sem-costuras-em-tres-cores\/","title":{"rendered":"Colete modelador feminino sem costura de alta elasticidade por atacado: alta elasticidade"},"content":{"rendered":"<h5>Caracter\u00edsticas de design<\/h5>\n<ul>\n<li><strong>COLETE SEM EMENDA:<\/strong> Uma escolha moderna, este colete modelador sem costuras \u00e9 perfeito para varejistas que desejam fornecer uma solu\u00e7\u00e3o modeladora eficaz e discreta.<\/li>\n<li><strong>TR\u00caS OP\u00c7\u00d5ES DE CORES:<\/strong> Dispon\u00edvel em preto, branco e bege, a camisola de colete de controle modelador corporal feminino est\u00e1 dispon\u00edvel em uma variedade de cores para atender \u00e0s diferentes prefer\u00eancias dos clientes e aumentar as vendas.<\/li>\n<li><strong>ALTA ELASTICIDADE:<\/strong> O colete modelador corporal feminino sem costura \u00e9 feito de material de alta qualidade com excelente elasticidade. Usar este colete modelador feminino com controle abdominal deixar\u00e1 voc\u00ea confort\u00e1vel para usar e se mover livremente, atraindo clientes que buscam moda e conforto para comprar modeladores.<\/li>\n<li><strong>PROJETO CONFORT\u00c1VEL:<\/strong> O corpo modelador cami regata feminina \u00e9 moderno e simples e as cores vers\u00e1teis o tornam adequado para uso prolongado, o que melhora a satisfa\u00e7\u00e3o do cliente e incentiva os clientes a fazerem compras repetidas.<\/li>\n<li><strong>USO VERS\u00c1TIL:<\/strong> O design perfeito da camiseta modeladora feminina de alta elasticidade torna-a a roupa \u00edntima perfeita para combinar com uma variedade de roupas, voc\u00ea pode at\u00e9 us\u00e1-la sozinha e sua jaqueta jeans favorita, blazer ou roupas casuais s\u00e3o muito convenientes e elegantes. Sua confian\u00e7a e beleza atrair\u00e3o muitos clientes.<\/li>\n<\/ul>\n<h6><em>Colete de controle de modelagem feminino conforto controle di\u00e1rio de barriga<\/em><\/h6>\n<ul>\n<li>Nosso colete feminino sem costura de alta elasticidade em tr\u00eas cores \u00e9 a mistura perfeita de estilo, conforto e funcionalidade. Para atacadistas que buscam oferecer produtos de primeira linha que correspondam \u00e0s \u00faltimas tend\u00eancias da moda, este colete \u00e9 obrigat\u00f3rio.<\/li>\n<li>Com seus recursos e benef\u00edcios exclusivos, promete ser uma adi\u00e7\u00e3o valiosa ao seu invent\u00e1rio. Mergulhe no mundo do atacado com esta pe\u00e7a de destaque. Encomende hoje!<\/li>\n<\/ul>","protected":false},"excerpt":{"rendered":"<p>Eleve sua cole\u00e7\u00e3o com nosso colete modelador feminino sem costura de alta elasticidade. Dispon\u00edvel em preto, branco e bege, este colete promete uma silhueta suave e um conforto incompar\u00e1vel. Sua alta elasticidade garante um ajuste perfeito, tornando-o um guarda-roupa essencial para toda mulher moderna.<\/p>","protected":false},"featured_media":3690,"comment_status":"open","ping_status":"closed","template":"","meta":{"site-sidebar-layout":"default","site-content-layout":"default","ast-site-content-layout":"default","site-content-style":"default","site-sidebar-style":"default","ast-global-header-display":"","ast-banner-title-visibility":"","ast-main-header-display":"","ast-hfb-above-header-display":"","ast-hfb-below-header-display":"","ast-hfb-mobile-header-display":"","site-post-title":"","ast-breadcrumbs-content":"","ast-featured-img":"","footer-sml-layout":"","ast-disable-related-posts":"","theme-transparent-header-meta":"default","adv-header-id-meta":"","stick-header-meta":"default","header-above-stick-meta":"","header-main-stick-meta":"","header-below-stick-meta":"","astra-migrate-meta-layouts":"set","ast-page-background-enabled":"default","ast-page-background-meta":{"desktop":{"background-color":"","background-image":"","background-repeat":"repeat","background-position":"center center","background-size":"auto","background-attachment":"scroll","background-type":"","background-media":"","overlay-type":"","overlay-color":"","overlay-opacity":"","overlay-gradient":""},"tablet":{"background-color":"","background-image":"","background-repeat":"repeat","background-position":"center center","background-size":"auto","background-attachment":"scroll","background-type":"","background-media":"","overlay-type":"","overlay-color":"","overlay-opacity":"","overlay-gradient":""},"mobile":{"background-color":"","background-image":"","background-repeat":"repeat","background-position":"center center","background-size":"auto","background-attachment":"scroll","background-type":"","background-media":"","overlay-type":"","overlay-color":"","overlay-opacity":"","overlay-gradient":""}},"ast-content-background-meta":{"desktop":{"background-color":"var(--ast-global-color-5)","background-image":"","background-repeat":"repeat","background-position":"center center","background-size":"auto","background-attachment":"scroll","background-type":"","background-media":"","overlay-type":"","overlay-color":"","overlay-opacity":"","overlay-gradient":""},"tablet":{"background-color":"var(--ast-global-color-5)","background-image":"","background-repeat":"repeat","background-position":"center center","background-size":"auto","background-attachment":"scroll","background-type":"","background-media":"","overlay-type":"","overlay-color":"","overlay-opacity":"","overlay-gradient":""},"mobile":{"background-color":"var(--ast-global-color-5)","background-image":"","background-repeat":"repeat","background-position":"center center","background-size":"auto","background-attachment":"scroll","background-type":"","background-media":"","overlay-type":"","overlay-color":"","overlay-opacity":"","overlay-gradient":""}}},"product_brand":[],"product_cat":[65,76,77,79,81],"product_tag":[136,460,148,522,496],"class_list":{"0":"post-3666","1":"product","2":"type-product","3":"status-publish","4":"has-post-thumbnail","6":"product_cat-best-sellers","7":"product_cat-new-arrivels","8":"product_cat-wholesale-womens-shapewear","9":"product_cat-wholesale-seemless-shaperwear","10":"product_cat-wholesale-slimming-tank-top","11":"product_tag-bridal","12":"product_tag-high-elasticity","13":"product_tag-one-piece","14":"product_tag-tank-top","15":"product_tag-vest","16":"pa_color-beige","17":"pa_color-black","18":"pa_color-white","19":"pa_size-l","20":"pa_size-m","21":"pa_size-s","22":"pa_size-xl","23":"pa_size-xxl","24":"pa_size-xxxl","25":"desktop-align-center","26":"tablet-align-left","27":"mobile-align-left","28":"ast-product-gallery-layout-horizontal-slider","29":"ast-product-single-variable","30":"ast-product-tabs-layout-horizontal","31":"ast-qv-on-image","33":"first","34":"instock","35":"shipping-taxable","36":"purchasable","37":"product-type-variable"},"tiered_pricing_type":"fixed","tiered_pricing_fixed_rules":{"2":3.99,"30":3.69,"500":3.09},"tiered_pricing_product_settings":{"layout":"default","base_unit_name":{"singular":null,"plural":null},"default_variation":{}},"tiered_pricing_minimum_quantity":null,"tiered_pricing_roles_data":[],"tiered_pricing_percentage_rules":[],"_links":{"self":[{"href":"https:\/\/yume-silm.com\/pt\/wp-json\/wp\/v2\/product\/3666","targetHints":{"allow":["GET"]}}],"collection":[{"href":"https:\/\/yume-silm.com\/pt\/wp-json\/wp\/v2\/product"}],"about":[{"href":"https:\/\/yume-silm.com\/pt\/wp-json\/wp\/v2\/types\/product"}],"replies":[{"embeddable":true,"href":"https:\/\/yume-silm.com\/pt\/wp-json\/wp\/v2\/comments?post=3666"}],"wp:featuredmedia":[{"embeddable":true,"href":"https:\/\/yume-silm.com\/pt\/wp-json\/wp\/v2\/media\/3690"}],"wp:attachment":[{"href":"https:\/\/yume-silm.com\/pt\/wp-json\/wp\/v2\/media?parent=3666"}],"wp:term":[{"taxonomy":"product_brand","embeddable":true,"href":"https:\/\/yume-silm.com\/pt\/wp-json\/wp\/v2\/product_brand?post=3666"},{"taxonomy":"product_cat","embeddable":true,"href":"https:\/\/yume-silm.com\/pt\/wp-json\/wp\/v2\/product_cat?post=3666"},{"taxonomy":"product_tag","embeddable":true,"href":"https:\/\/yume-silm.com\/pt\/wp-json\/wp\/v2\/product_tag?post=3666"}],"curies":[{"name":"wp","href":"https:\/\/api.w.org\/{rel}","templated":true}]}}