{"id":3695,"date":"2023-06-10T07:40:36","date_gmt":"2023-06-10T07:40:36","guid":{"rendered":"https:\/\/yume-silm.com\/?post_type=product&#038;p=3695"},"modified":"2024-03-08T03:47:21","modified_gmt":"2024-03-08T03:47:21","slug":"fato-de-treino-sem-marca-no-pescoco-com-alcas-largas","status":"publish","type":"product","link":"https:\/\/yume-silm.com\/pt\/produto\/fato-de-treino-sem-marca-no-pescoco-com-alcas-largas\/","title":{"rendered":"Por atacado Tanque Modelador De Busto Aberto Feminino"},"content":{"rendered":"<h5>Caracter\u00edsticas de design<\/h5>\n<ul>\n<li><strong>SHAPERS N\u00c3O TIRA:<\/strong> Nossa regata feminina com modelagem de busto aberto, que n\u00e3o deixa marcas e n\u00e3o deixa marcas, \u00e9 perfeita para clientes que procuram um modelador de camisola discreto, mas eficaz, que real\u00e7a a silhueta sem deixar marcas vis\u00edveis.<\/li>\n<li><strong>ALTAMENTE EL\u00c1STICO E RESPIR\u00c1VEL:<\/strong> N\u00e1ilon, elastano. Tecido altamente el\u00e1stico para roupas \u00edntimas modeladoras femininas de longa dura\u00e7\u00e3o. Garante a combina\u00e7\u00e3o perfeita de conforto e caimento, agradando quem valoriza estilo e conforto.<\/li>\n<li><strong>Pesco\u00e7o em U E BUSTO ABERTO:<\/strong> Escolha esta regata simples e s\u00f3lida para maior confian\u00e7a. O top modelador de busto aberto que n\u00e3o deixa marcas permite que voc\u00ea escolha sua roupa \u00edntima favorita para usar, enquanto o excelente controle de barriga permite que voc\u00ea prenda facilmente sua cintura para uma beleza jovem instant\u00e2nea. Este design \u00e9 adequado para uma ampla gama de pe\u00e7as de vestu\u00e1rio, ampliando a base de clientes potenciais e \u00e9 a primeira escolha para diferentes decotes.<\/li>\n<li><strong>ADESIVO ONDA ANTIDERRAPANTE DE FILEIRA DUPLA:<\/strong> Por favor, use-o com confian\u00e7a. Como este nosso top de busto aberto mais fino com controle de barriga n\u00e3o parece escorregar facilmente, a cintura e a bainha do vestido s\u00e3o projetadas com silicone para evitar escorregar.<\/li>\n<li><strong>AL\u00c7AS ALARGADAS:<\/strong> A regata com formato de busto aberto tem al\u00e7as alargadas projetadas para conforto de uso a longo prazo, evitando apertos e garantindo uma experi\u00eancia confort\u00e1vel durante todo o dia.<\/li>\n<\/ul>\n<h6><em>Treinador de cintura feminino controle de barriga mais fino top de busto aberto<\/em><\/h6>\n<ul>\n<li>Nossa regata feminina com busto aberto e al\u00e7as largas \u00e9 uma mistura de eleg\u00e2ncia, conforto e funcionalidade. Para atacadistas que desejam oferecer produtos de primeira linha que ressoem com as \u00faltimas tend\u00eancias da moda, este modelador \u00e9 obrigat\u00f3rio.<\/li>\n<li>Seus recursos e benef\u00edcios exclusivos o tornam uma adi\u00e7\u00e3o valiosa a qualquer invent\u00e1rio. Mergulhe no mundo do atacado com esta pe\u00e7a de destaque. Encomende hoje!<\/li>\n<\/ul>","protected":false},"excerpt":{"rendered":"<p>Aumente seu invent\u00e1rio com nossa regata feminina modeladora de busto aberto. Feita para a mulher exigente, esta pe\u00e7a altamente el\u00e1stica e respir\u00e1vel apresenta um design com decote em U e tecelagem em forma de diamante. Com al\u00e7as alargadas, promete conforto e suporte superiores.<\/p>","protected":false},"featured_media":3705,"comment_status":"open","ping_status":"closed","template":"","meta":{"site-sidebar-layout":"default","site-content-layout":"default","ast-site-content-layout":"default","site-content-style":"default","site-sidebar-style":"default","ast-global-header-display":"","ast-banner-title-visibility":"","ast-main-header-display":"","ast-hfb-above-header-display":"","ast-hfb-below-header-display":"","ast-hfb-mobile-header-display":"","site-post-title":"","ast-breadcrumbs-content":"","ast-featured-img":"","footer-sml-layout":"","ast-disable-related-posts":"","theme-transparent-header-meta":"default","adv-header-id-meta":"","stick-header-meta":"default","header-above-stick-meta":"","header-main-stick-meta":"","header-below-stick-meta":"","astra-migrate-meta-layouts":"set","ast-page-background-enabled":"default","ast-page-background-meta":{"desktop":{"background-color":"","background-image":"","background-repeat":"repeat","background-position":"center center","background-size":"auto","background-attachment":"scroll","background-type":"","background-media":"","overlay-type":"","overlay-color":"","overlay-opacity":"","overlay-gradient":""},"tablet":{"background-color":"","background-image":"","background-repeat":"repeat","background-position":"center center","background-size":"auto","background-attachment":"scroll","background-type":"","background-media":"","overlay-type":"","overlay-color":"","overlay-opacity":"","overlay-gradient":""},"mobile":{"background-color":"","background-image":"","background-repeat":"repeat","background-position":"center center","background-size":"auto","background-attachment":"scroll","background-type":"","background-media":"","overlay-type":"","overlay-color":"","overlay-opacity":"","overlay-gradient":""}},"ast-content-background-meta":{"desktop":{"background-color":"var(--ast-global-color-5)","background-image":"","background-repeat":"repeat","background-position":"center center","background-size":"auto","background-attachment":"scroll","background-type":"","background-media":"","overlay-type":"","overlay-color":"","overlay-opacity":"","overlay-gradient":""},"tablet":{"background-color":"var(--ast-global-color-5)","background-image":"","background-repeat":"repeat","background-position":"center center","background-size":"auto","background-attachment":"scroll","background-type":"","background-media":"","overlay-type":"","overlay-color":"","overlay-opacity":"","overlay-gradient":""},"mobile":{"background-color":"var(--ast-global-color-5)","background-image":"","background-repeat":"repeat","background-position":"center center","background-size":"auto","background-attachment":"scroll","background-type":"","background-media":"","overlay-type":"","overlay-color":"","overlay-opacity":"","overlay-gradient":""}}},"product_brand":[],"product_cat":[65,76,77,79,81],"product_tag":[135,147,523,522,500],"class_list":{"0":"post-3695","1":"product","2":"type-product","3":"status-publish","4":"has-post-thumbnail","6":"product_cat-best-sellers","7":"product_cat-new-arrivels","8":"product_cat-wholesale-womens-shapewear","9":"product_cat-wholesale-seemless-shaperwear","10":"product_cat-wholesale-slimming-tank-top","11":"product_tag-all-in-one","12":"product_tag-cross","13":"product_tag-seemless","14":"product_tag-tank-top","15":"product_tag-tummy-control","16":"pa_color-beige","17":"pa_color-black","18":"pa_size-l","19":"pa_size-m","20":"pa_size-xl","21":"desktop-align-center","22":"tablet-align-left","23":"mobile-align-left","24":"ast-product-gallery-layout-horizontal-slider","25":"ast-product-single-variable","26":"ast-product-tabs-layout-horizontal","27":"ast-qv-on-image","29":"first","30":"instock","31":"shipping-taxable","32":"purchasable","33":"product-type-variable"},"tiered_pricing_type":"fixed","tiered_pricing_fixed_rules":{"2":2.29,"30":2.09,"500":1.79},"tiered_pricing_product_settings":{"layout":"default","base_unit_name":{"singular":null,"plural":null},"default_variation":{}},"tiered_pricing_minimum_quantity":null,"tiered_pricing_roles_data":[],"tiered_pricing_percentage_rules":[],"_links":{"self":[{"href":"https:\/\/yume-silm.com\/pt\/wp-json\/wp\/v2\/product\/3695","targetHints":{"allow":["GET"]}}],"collection":[{"href":"https:\/\/yume-silm.com\/pt\/wp-json\/wp\/v2\/product"}],"about":[{"href":"https:\/\/yume-silm.com\/pt\/wp-json\/wp\/v2\/types\/product"}],"replies":[{"embeddable":true,"href":"https:\/\/yume-silm.com\/pt\/wp-json\/wp\/v2\/comments?post=3695"}],"wp:featuredmedia":[{"embeddable":true,"href":"https:\/\/yume-silm.com\/pt\/wp-json\/wp\/v2\/media\/3705"}],"wp:attachment":[{"href":"https:\/\/yume-silm.com\/pt\/wp-json\/wp\/v2\/media?parent=3695"}],"wp:term":[{"taxonomy":"product_brand","embeddable":true,"href":"https:\/\/yume-silm.com\/pt\/wp-json\/wp\/v2\/product_brand?post=3695"},{"taxonomy":"product_cat","embeddable":true,"href":"https:\/\/yume-silm.com\/pt\/wp-json\/wp\/v2\/product_cat?post=3695"},{"taxonomy":"product_tag","embeddable":true,"href":"https:\/\/yume-silm.com\/pt\/wp-json\/wp\/v2\/product_tag?post=3695"}],"curies":[{"name":"wp","href":"https:\/\/api.w.org\/{rel}","templated":true}]}}