{"id":3767,"date":"2023-06-12T05:41:37","date_gmt":"2023-06-12T05:41:37","guid":{"rendered":"https:\/\/yume-silm.com\/?post_type=product&#038;p=3767"},"modified":"2025-05-26T01:43:46","modified_gmt":"2025-05-26T01:43:46","slug":"calcas-de-malha-elastica-com-acentos-de-renda","status":"publish","type":"product","link":"https:\/\/yume-silm.com\/pt\/produto\/calcas-de-malha-elastica-com-acentos-de-renda\/","title":{"rendered":"Shorts modeladores femininos de cintura alta e alta efici\u00eancia com eleva\u00e7\u00e3o do quadril"},"content":{"rendered":"<h5>Caracter\u00edsticas de design<\/h5>\n<ul>\n<li><strong>VIRILHA ABERTA:<\/strong> O design de virilha aberta do modelador feminino plus size \u00e9 muito conveniente para usar no banheiro e resolve o problema de ir ao banheiro.<\/li>\n<li><strong>GUARNI\u00c7\u00c3O DO LA\u00c7O:<\/strong> Adicionando um toque de sofistica\u00e7\u00e3o, os detalhes de renda em nossos shorts modeladores femininos v\u00e3o deixar voc\u00ea mais confiante.<\/li>\n<li><strong>ALTA ELASTICIDADE:<\/strong> O short modelador com al\u00e7a de ombro \u00e9 feito de material de alta elasticidade. Projetado para se adequar a uma variedade de tipos de corpo, garantindo um ajuste confort\u00e1vel e ampliando sua clientela. Priorize a resist\u00eancia ao desgaste para garantir o conforto do usu\u00e1rio durante todo o dia.<\/li>\n<li><strong>OP\u00c7\u00d5ES DE TAMANHO GRANDE:<\/strong> O short modelador para levantamento de bumbum est\u00e1 dispon\u00edvel em uma variedade de tamanhos, de S a 6XL. Voc\u00ea pode escolher o que mais combina com voc\u00ea e nunca mais se preocupar em encontrar o tamanho certo.<\/li>\n<li><strong>AL\u00c7AS DE ESPAGUETE AJUST\u00c1VEIS E REMOV\u00cdVEIS:<\/strong> Nosso short de cueca plus size oferece mais liberdade de movimento e conforto. Voc\u00ea mesmo pode remover as al\u00e7as e us\u00e1-las como shorts modeladores. A cintura antiderrapante de silicone e a decora\u00e7\u00e3o de renda nas pernas n\u00e3o cair\u00e3o facilmente. F\u00e1cil de usar. Voc\u00ea tamb\u00e9m pode us\u00e1-lo inteiro, com as al\u00e7as levantadas para ajudar a levantar o peito, deixando voc\u00ea mais relaxado.<\/li>\n<\/ul>\n<h6><em>Shorts modeladores femininos de cintura alta e alta efici\u00eancia com levantamento de quadril<\/em><\/h6>\n<ul>\n<li><strong>MULTIFUNCIONAL:<\/strong> Shorts modeladores femininos de cintura alta e alta efici\u00eancia com fecho de gancho e z\u00edper melhoram o controle abdominal e ajudam a restaurar uma cintura fina. Adequado para usar no trabalho ou sair para fazer compras diariamente. Voc\u00ea tamb\u00e9m pode combin\u00e1-lo com seu vestido favorito ou jeans skinny. Fique \u00e0 vontade para mostrar sua figura perfeita.<\/li>\n<li><strong>N\u00c1DEGAS DE P\u00caSSEGO GORDURAS:<\/strong> O short modelador de alta elasticidade possui almofadas de quadril remov\u00edveis com orif\u00edcios de ar nas costas e nas laterais das n\u00e1degas. Almofadas de malha respir\u00e1vel projetadas para fortalecer e esculpir as n\u00e1degas, tornando-as a melhor escolha para quem procura modeladores transformadores.<\/li>\n<\/ul>","protected":false},"excerpt":{"rendered":"<p>Apresentando nossos shorts modeladores femininos de cintura alta e alta efici\u00eancia com levantamento de quadril, uma mistura perfeita de estilo e conforto. Projetadas com tecido de alta elasticidade e respir\u00e1vel, essas cal\u00e7as s\u00e3o acentuadas com delicados detalhes de renda, garantindo um ajuste elegante e confort\u00e1vel.<\/p>","protected":false},"featured_media":3793,"comment_status":"open","ping_status":"closed","template":"","meta":{"site-sidebar-layout":"default","site-content-layout":"default","ast-site-content-layout":"default","site-content-style":"default","site-sidebar-style":"default","ast-global-header-display":"","ast-banner-title-visibility":"","ast-main-header-display":"","ast-hfb-above-header-display":"","ast-hfb-below-header-display":"","ast-hfb-mobile-header-display":"","site-post-title":"","ast-breadcrumbs-content":"","ast-featured-img":"","footer-sml-layout":"","ast-disable-related-posts":"","theme-transparent-header-meta":"default","adv-header-id-meta":"","stick-header-meta":"default","header-above-stick-meta":"","header-main-stick-meta":"","header-below-stick-meta":"","astra-migrate-meta-layouts":"set","ast-page-background-enabled":"default","ast-page-background-meta":{"desktop":{"background-color":"","background-image":"","background-repeat":"repeat","background-position":"center center","background-size":"auto","background-attachment":"scroll","background-type":"","background-media":"","overlay-type":"","overlay-color":"","overlay-opacity":"","overlay-gradient":""},"tablet":{"background-color":"","background-image":"","background-repeat":"repeat","background-position":"center center","background-size":"auto","background-attachment":"scroll","background-type":"","background-media":"","overlay-type":"","overlay-color":"","overlay-opacity":"","overlay-gradient":""},"mobile":{"background-color":"","background-image":"","background-repeat":"repeat","background-position":"center center","background-size":"auto","background-attachment":"scroll","background-type":"","background-media":"","overlay-type":"","overlay-color":"","overlay-opacity":"","overlay-gradient":""}},"ast-content-background-meta":{"desktop":{"background-color":"var(--ast-global-color-5)","background-image":"","background-repeat":"repeat","background-position":"center center","background-size":"auto","background-attachment":"scroll","background-type":"","background-media":"","overlay-type":"","overlay-color":"","overlay-opacity":"","overlay-gradient":""},"tablet":{"background-color":"var(--ast-global-color-5)","background-image":"","background-repeat":"repeat","background-position":"center center","background-size":"auto","background-attachment":"scroll","background-type":"","background-media":"","overlay-type":"","overlay-color":"","overlay-opacity":"","overlay-gradient":""},"mobile":{"background-color":"var(--ast-global-color-5)","background-image":"","background-repeat":"repeat","background-position":"center center","background-size":"auto","background-attachment":"scroll","background-type":"","background-media":"","overlay-type":"","overlay-color":"","overlay-opacity":"","overlay-gradient":""}}},"product_brand":[],"product_cat":[65,76,77,80],"product_tag":[136,139,144,134,184],"class_list":{"0":"post-3767","1":"product","2":"type-product","3":"status-publish","4":"has-post-thumbnail","6":"product_cat-best-sellers","7":"product_cat-new-arrivels","8":"product_cat-wholesale-womens-shapewear","9":"product_cat-wholesale-butt-lift-underwear","10":"product_tag-bridal","11":"product_tag-high-waist","12":"product_tag-slip","13":"product_tag-tummy-tucker","14":"product_tag-zipper","15":"pa_color-beige","16":"pa_color-black","17":"pa_size-4xl","18":"pa_size-5xl","19":"pa_size-6xl","20":"pa_size-l","21":"pa_size-m","22":"pa_size-s","23":"pa_size-xl","24":"pa_size-xxl","25":"pa_size-xxxl","26":"desktop-align-center","27":"tablet-align-left","28":"mobile-align-left","29":"ast-product-gallery-layout-horizontal-slider","30":"ast-product-single-variable","31":"ast-product-tabs-layout-horizontal","32":"ast-qv-on-image","34":"first","35":"instock","36":"shipping-taxable","37":"purchasable","38":"product-type-variable"},"tiered_pricing_type":"fixed","tiered_pricing_fixed_rules":{"2":17.19,"30":15.99,"500":13.39},"tiered_pricing_product_settings":{"layout":"default","base_unit_name":{"singular":null,"plural":null},"default_variation":{}},"tiered_pricing_minimum_quantity":null,"tiered_pricing_roles_data":[],"tiered_pricing_percentage_rules":[],"_links":{"self":[{"href":"https:\/\/yume-silm.com\/pt\/wp-json\/wp\/v2\/product\/3767","targetHints":{"allow":["GET"]}}],"collection":[{"href":"https:\/\/yume-silm.com\/pt\/wp-json\/wp\/v2\/product"}],"about":[{"href":"https:\/\/yume-silm.com\/pt\/wp-json\/wp\/v2\/types\/product"}],"replies":[{"embeddable":true,"href":"https:\/\/yume-silm.com\/pt\/wp-json\/wp\/v2\/comments?post=3767"}],"wp:featuredmedia":[{"embeddable":true,"href":"https:\/\/yume-silm.com\/pt\/wp-json\/wp\/v2\/media\/3793"}],"wp:attachment":[{"href":"https:\/\/yume-silm.com\/pt\/wp-json\/wp\/v2\/media?parent=3767"}],"wp:term":[{"taxonomy":"product_brand","embeddable":true,"href":"https:\/\/yume-silm.com\/pt\/wp-json\/wp\/v2\/product_brand?post=3767"},{"taxonomy":"product_cat","embeddable":true,"href":"https:\/\/yume-silm.com\/pt\/wp-json\/wp\/v2\/product_cat?post=3767"},{"taxonomy":"product_tag","embeddable":true,"href":"https:\/\/yume-silm.com\/pt\/wp-json\/wp\/v2\/product_tag?post=3767"}],"curies":[{"name":"wp","href":"https:\/\/api.w.org\/{rel}","templated":true}]}}