{"id":3846,"date":"2023-06-12T06:51:30","date_gmt":"2023-06-12T06:51:30","guid":{"rendered":"https:\/\/yume-silm.com\/?post_type=product&#038;p=3846"},"modified":"2024-11-06T02:43:42","modified_gmt":"2024-11-06T02:43:42","slug":"body-plus-size-respiravel-com-reforco-no-quadril","status":"publish","type":"product","link":"https:\/\/yume-silm.com\/pt\/produto\/body-plus-size-respiravel-com-reforco-no-quadril\/","title":{"rendered":"Atacado plus size z\u00edper frontal shapewear bodysuit uma pe\u00e7a"},"content":{"rendered":"<h5>Caracter\u00edsticas de design<\/h5>\n<ul>\n<li><strong>TAMANHO GRANDE:<\/strong> O body modelador com z\u00edper frontal plus size de uma pe\u00e7a est\u00e1 dispon\u00edvel em v\u00e1rios tamanhos de S a 6XL para atender \u00e0s necessidades de diferentes pessoas. Temos o compromisso de garantir que cada cliente encontre o tamanho perfeito para ele.<\/li>\n<li><strong>AL\u00c7AS AJUST\u00c1VEIS:<\/strong> Nossos macac\u00f5es modeladores femininos plus size s\u00e3o projetados com al\u00e7as ajust\u00e1veis para liberdade e conforto. Nossa roupa \u00edntima com z\u00edper frontal com levantador de bunda oferece a combina\u00e7\u00e3o perfeita de conforto e estilo personaliz\u00e1veis, permitindo um ajuste personalizado e uma experi\u00eancia de usu\u00e1rio aprimorada.<\/li>\n<li><strong>FUN\u00c7\u00c3O PR\u00c1TICA:<\/strong> O fechamento com z\u00edper frontal do body modelador de corpo inteiro com controle de barriga tem uma fun\u00e7\u00e3o pr\u00e1tica que simplifica o processo de vestir e adiciona um toque de comodidade ao uso di\u00e1rio. A fun\u00e7\u00e3o de virilha aberta dos macac\u00f5es inteiros \u00e9 muito conveniente, permitindo que voc\u00ea enfrente o problema de ir ao banheiro sem tirar toda a roupa.<\/li>\n<li><strong>FUN\u00c7\u00c3O DE ELEVA\u00c7\u00c3O DE BUNDA:<\/strong> Nosso espartilho plus size com suspens\u00f3rio com z\u00edper e respir\u00e1vel sem costura tem um design de quadril sem compress\u00e3o que ajuda a enfatizar a curva natural de suas n\u00e1degas, tornando-o a primeira escolha para quem procura um body com bunda cor de p\u00eassego.<\/li>\n<li><strong>TECIDO DE MALHA RESPIR\u00c1VEL:<\/strong> N\u00e1ilon, elastano. Tecido de malha respir\u00e1vel de alta qualidade, confort\u00e1vel e refrescante de usar; ao mesmo tempo, este body modelador plus size tem alta elasticidade, dur\u00e1vel e duradouro. Perfeito para usar por muito tempo. Esteja voc\u00ea no trabalho ou fazendo compras, participando de festas, etc., \u00e9 muito confort\u00e1vel, conveniente e confiante.<\/li>\n<\/ul>\n<h6><em>Body modelador de tamanho grande com abertura frontal na virilha com z\u00edper<\/em><\/h6>\n<ul>\n<li>Em resumo, o body modelador plus size com z\u00edper frontal de uma pe\u00e7a \u00e9 obrigat\u00f3rio para atacadistas que desejam fornecer solu\u00e7\u00f5es de modelagem inclusivas e de primeira linha. Suas caracter\u00edsticas e design exclusivos prometem a satisfa\u00e7\u00e3o do cliente. Mergulhe no mundo do atacado com esta pe\u00e7a premium. Garanta seus pedidos hoje!<\/li>\n<\/ul>","protected":false},"excerpt":{"rendered":"<p>Eleve sua cole\u00e7\u00e3o com nosso body modelador plus size com z\u00edper frontal de uma pe\u00e7a. Projetado para a mulher moderna, este body feminino plus size oferece al\u00e7as ajust\u00e1veis, um design de z\u00edper conveniente e um recurso de aprimoramento do quadril para uma silhueta lisonjeira.<\/p>","protected":false},"featured_media":3872,"comment_status":"open","ping_status":"closed","template":"","meta":{"site-sidebar-layout":"default","site-content-layout":"default","ast-site-content-layout":"default","site-content-style":"default","site-sidebar-style":"default","ast-global-header-display":"","ast-banner-title-visibility":"","ast-main-header-display":"","ast-hfb-above-header-display":"","ast-hfb-below-header-display":"","ast-hfb-mobile-header-display":"","site-post-title":"","ast-breadcrumbs-content":"","ast-featured-img":"","footer-sml-layout":"","ast-disable-related-posts":"","theme-transparent-header-meta":"default","adv-header-id-meta":"","stick-header-meta":"default","header-above-stick-meta":"","header-main-stick-meta":"","header-below-stick-meta":"","astra-migrate-meta-layouts":"set","ast-page-background-enabled":"default","ast-page-background-meta":{"desktop":{"background-color":"","background-image":"","background-repeat":"repeat","background-position":"center center","background-size":"auto","background-attachment":"scroll","background-type":"","background-media":"","overlay-type":"","overlay-color":"","overlay-opacity":"","overlay-gradient":""},"tablet":{"background-color":"","background-image":"","background-repeat":"repeat","background-position":"center center","background-size":"auto","background-attachment":"scroll","background-type":"","background-media":"","overlay-type":"","overlay-color":"","overlay-opacity":"","overlay-gradient":""},"mobile":{"background-color":"","background-image":"","background-repeat":"repeat","background-position":"center center","background-size":"auto","background-attachment":"scroll","background-type":"","background-media":"","overlay-type":"","overlay-color":"","overlay-opacity":"","overlay-gradient":""}},"ast-content-background-meta":{"desktop":{"background-color":"var(--ast-global-color-5)","background-image":"","background-repeat":"repeat","background-position":"center center","background-size":"auto","background-attachment":"scroll","background-type":"","background-media":"","overlay-type":"","overlay-color":"","overlay-opacity":"","overlay-gradient":""},"tablet":{"background-color":"var(--ast-global-color-5)","background-image":"","background-repeat":"repeat","background-position":"center center","background-size":"auto","background-attachment":"scroll","background-type":"","background-media":"","overlay-type":"","overlay-color":"","overlay-opacity":"","overlay-gradient":""},"mobile":{"background-color":"var(--ast-global-color-5)","background-image":"","background-repeat":"repeat","background-position":"center center","background-size":"auto","background-attachment":"scroll","background-type":"","background-media":"","overlay-type":"","overlay-color":"","overlay-opacity":"","overlay-gradient":""}}},"product_brand":[],"product_cat":[65,76,77,1092,82],"product_tag":[419,137,134,184],"class_list":{"0":"post-3846","1":"product","2":"type-product","3":"status-publish","4":"has-post-thumbnail","6":"product_cat-best-sellers","7":"product_cat-new-arrivels","8":"product_cat-wholesale-womens-shapewear","9":"product_cat-plus-size-shapewear","10":"product_cat-wholesale-shapewear-bodysuit","11":"product_tag-bodysuit","12":"product_tag-butt-lift","13":"product_tag-tummy-tucker","14":"product_tag-zipper","15":"pa_color-beige","16":"pa_color-black","17":"pa_size-4xl","18":"pa_size-5xl","19":"pa_size-6xl","20":"pa_size-l","21":"pa_size-m","22":"pa_size-s","23":"pa_size-xl","24":"pa_size-xxl","25":"pa_size-xxxl","26":"desktop-align-center","27":"tablet-align-left","28":"mobile-align-left","29":"ast-product-gallery-layout-horizontal-slider","30":"ast-product-single-variable","31":"ast-product-tabs-layout-horizontal","32":"ast-qv-on-image","34":"first","35":"instock","36":"shipping-taxable","37":"purchasable","38":"product-type-variable"},"tiered_pricing_type":"fixed","tiered_pricing_fixed_rules":{"2":12.59,"30":11.69,"100":9.79},"tiered_pricing_product_settings":{"layout":"default","base_unit_name":{"singular":null,"plural":null},"default_variation":{}},"tiered_pricing_minimum_quantity":null,"tiered_pricing_roles_data":[],"tiered_pricing_percentage_rules":[],"_links":{"self":[{"href":"https:\/\/yume-silm.com\/pt\/wp-json\/wp\/v2\/product\/3846","targetHints":{"allow":["GET"]}}],"collection":[{"href":"https:\/\/yume-silm.com\/pt\/wp-json\/wp\/v2\/product"}],"about":[{"href":"https:\/\/yume-silm.com\/pt\/wp-json\/wp\/v2\/types\/product"}],"replies":[{"embeddable":true,"href":"https:\/\/yume-silm.com\/pt\/wp-json\/wp\/v2\/comments?post=3846"}],"wp:featuredmedia":[{"embeddable":true,"href":"https:\/\/yume-silm.com\/pt\/wp-json\/wp\/v2\/media\/3872"}],"wp:attachment":[{"href":"https:\/\/yume-silm.com\/pt\/wp-json\/wp\/v2\/media?parent=3846"}],"wp:term":[{"taxonomy":"product_brand","embeddable":true,"href":"https:\/\/yume-silm.com\/pt\/wp-json\/wp\/v2\/product_brand?post=3846"},{"taxonomy":"product_cat","embeddable":true,"href":"https:\/\/yume-silm.com\/pt\/wp-json\/wp\/v2\/product_cat?post=3846"},{"taxonomy":"product_tag","embeddable":true,"href":"https:\/\/yume-silm.com\/pt\/wp-json\/wp\/v2\/product_tag?post=3846"}],"curies":[{"name":"wp","href":"https:\/\/api.w.org\/{rel}","templated":true}]}}