{"id":3877,"date":"2023-07-04T02:17:39","date_gmt":"2023-07-04T02:17:39","guid":{"rendered":"https:\/\/yume-silm.com\/?post_type=product&#038;p=3877"},"modified":"2025-04-09T00:44:52","modified_gmt":"2025-04-09T00:44:52","slug":"cinta-preta-destacavel-panty-for-tummy-control-and-butt-lift","status":"publish","type":"product","link":"https:\/\/yume-silm.com\/pt\/produto\/cinta-preta-destacavel-panty-for-tummy-control-and-butt-lift\/","title":{"rendered":"Shorts de modelagem corporal com cintura alta e virilha aberta de dupla compress\u00e3o"},"content":{"rendered":"<h5>Caracter\u00edsticas de design<\/h5>\n<ul>\n<li><strong>PROJETO DE ELEVA\u00c7\u00c3O DE BUNDA:<\/strong> Este short modelador para abdominoplastia e levantamento de quadril levanta e modela as n\u00e1degas, levantando e contornando para real\u00e7ar o contorno natural e firmar visivelmente as n\u00e1degas para uma apar\u00eancia mais confiante.<\/li>\n<li><strong>COMPRESS\u00c3O DUPLA DA BARRIGA:<\/strong> Nossos shorts modeladores de virilha aberta femininos adicionam uma camada extra de c\u00f3s \u00e0 barriga, compress\u00e3o de camada dupla da barriga para uma contra\u00e7\u00e3o da cintura melhor e mais r\u00e1pida. Com cintura mais fina, \u00e9 a primeira escolha para quem procura uma solu\u00e7\u00e3o eficaz para emagrecer a cintura.<\/li>\n<li><strong>AL\u00c7AS REMOV\u00cdVEIS:<\/strong> As al\u00e7as do modelador elegante de renda podem ser removidas e usadas como shorts modeladores. As tiras de shorts modeladores de cintura alta com cintura alta e virilha aberta tamb\u00e9m podem ser ajustadas livremente, o que pode ser usado de uma forma que levanta os seios. Esse recurso exclusivo proporciona estilo e versatilidade de ajuste, garantindo personaliza\u00e7\u00e3o e conforto.<\/li>\n<li><strong>VIRILHA ABERTA:<\/strong> A virilha do short modelador corporal altamente el\u00e1stico e respir\u00e1vel \u00e9 exclusivamente aberta, facilitando a coloca\u00e7\u00e3o e a retirada, al\u00e9m de ser elegante e esteticamente agrad\u00e1vel.<\/li>\n<li><strong>PRETO CL\u00c1SSICO:<\/strong> Nossos shorts modeladores plus size v\u00eam em uma cor atemporal. Sabemos que o preto complementa facilmente uma variedade de looks e estilos pessoais, tornando-o um item obrigat\u00f3rio na cole\u00e7\u00e3o de shapewear.<\/li>\n<\/ul>\n<h6><em>Shorts modeladores femininos plus size com al\u00e7a de ombro remov\u00edvel<\/em><\/h6>\n<ul>\n<li>Em resumo, o short modelador corporal de cintura alta com cintura alta e virilha aberta \u00e9 obrigat\u00f3rio para atacadistas que buscam oferecer solu\u00e7\u00f5es modeladoras de primeira linha. Suas caracter\u00edsticas e design exclusivos garantem a satisfa\u00e7\u00e3o do cliente. Mergulhe no mundo do atacado com esta pe\u00e7a premium. Garanta seus pedidos hoje!<\/li>\n<\/ul>","protected":false},"excerpt":{"rendered":"<p>Descubra o poder transformador de nossos shorts modeladores de cintura alta com cintura alta e virilha aberta. Projetado para modelar o corpo ideal, oferece controle de barriga, um lado aberto para facilitar o uso e foco no levantamento de bumbum. O cinto destac\u00e1vel garante um ajuste perfeito, acrescentando um toque de estilo irresist\u00edvel.<\/p>","protected":false},"featured_media":3909,"comment_status":"open","ping_status":"closed","template":"","meta":{"site-sidebar-layout":"default","site-content-layout":"default","ast-site-content-layout":"default","site-content-style":"default","site-sidebar-style":"default","ast-global-header-display":"","ast-banner-title-visibility":"","ast-main-header-display":"","ast-hfb-above-header-display":"","ast-hfb-below-header-display":"","ast-hfb-mobile-header-display":"","site-post-title":"","ast-breadcrumbs-content":"","ast-featured-img":"","footer-sml-layout":"","ast-disable-related-posts":"","theme-transparent-header-meta":"default","adv-header-id-meta":"","stick-header-meta":"default","header-above-stick-meta":"","header-main-stick-meta":"","header-below-stick-meta":"","astra-migrate-meta-layouts":"set","ast-page-background-enabled":"default","ast-page-background-meta":{"desktop":{"background-color":"","background-image":"","background-repeat":"repeat","background-position":"center center","background-size":"auto","background-attachment":"scroll","background-type":"","background-media":"","overlay-type":"","overlay-color":"","overlay-opacity":"","overlay-gradient":""},"tablet":{"background-color":"","background-image":"","background-repeat":"repeat","background-position":"center center","background-size":"auto","background-attachment":"scroll","background-type":"","background-media":"","overlay-type":"","overlay-color":"","overlay-opacity":"","overlay-gradient":""},"mobile":{"background-color":"","background-image":"","background-repeat":"repeat","background-position":"center center","background-size":"auto","background-attachment":"scroll","background-type":"","background-media":"","overlay-type":"","overlay-color":"","overlay-opacity":"","overlay-gradient":""}},"ast-content-background-meta":{"desktop":{"background-color":"var(--ast-global-color-5)","background-image":"","background-repeat":"repeat","background-position":"center center","background-size":"auto","background-attachment":"scroll","background-type":"","background-media":"","overlay-type":"","overlay-color":"","overlay-opacity":"","overlay-gradient":""},"tablet":{"background-color":"var(--ast-global-color-5)","background-image":"","background-repeat":"repeat","background-position":"center center","background-size":"auto","background-attachment":"scroll","background-type":"","background-media":"","overlay-type":"","overlay-color":"","overlay-opacity":"","overlay-gradient":""},"mobile":{"background-color":"var(--ast-global-color-5)","background-image":"","background-repeat":"repeat","background-position":"center center","background-size":"auto","background-attachment":"scroll","background-type":"","background-media":"","overlay-type":"","overlay-color":"","overlay-opacity":"","overlay-gradient":""}}},"product_brand":[],"product_cat":[65,76,77,80],"product_tag":[137,141,134,154],"class_list":{"0":"post-3877","1":"product","2":"type-product","3":"status-publish","4":"has-post-thumbnail","6":"product_cat-best-sellers","7":"product_cat-new-arrivels","8":"product_cat-wholesale-womens-shapewear","9":"product_cat-wholesale-butt-lift-underwear","10":"product_tag-butt-lift","11":"product_tag-plus-size","12":"product_tag-tummy-tucker","13":"product_tag-with-hooks","14":"pa_color-black","15":"pa_size-4xl","16":"pa_size-5xl","17":"pa_size-6xl","18":"pa_size-l","19":"pa_size-m","20":"pa_size-s","21":"pa_size-xl","22":"pa_size-xxl","23":"pa_size-xxxl","24":"desktop-align-center","25":"tablet-align-left","26":"mobile-align-left","27":"ast-product-gallery-layout-horizontal-slider","28":"ast-product-single-variable","29":"ast-product-tabs-layout-horizontal","30":"ast-qv-on-image","32":"first","33":"instock","34":"shipping-taxable","35":"purchasable","36":"product-type-variable"},"tiered_pricing_type":"fixed","tiered_pricing_fixed_rules":{"2":14.09,"30":13.19,"500":10.99},"tiered_pricing_product_settings":{"layout":"default","base_unit_name":{"singular":null,"plural":null},"default_variation":{}},"tiered_pricing_minimum_quantity":null,"tiered_pricing_roles_data":[],"tiered_pricing_percentage_rules":[],"_links":{"self":[{"href":"https:\/\/yume-silm.com\/pt\/wp-json\/wp\/v2\/product\/3877","targetHints":{"allow":["GET"]}}],"collection":[{"href":"https:\/\/yume-silm.com\/pt\/wp-json\/wp\/v2\/product"}],"about":[{"href":"https:\/\/yume-silm.com\/pt\/wp-json\/wp\/v2\/types\/product"}],"replies":[{"embeddable":true,"href":"https:\/\/yume-silm.com\/pt\/wp-json\/wp\/v2\/comments?post=3877"}],"wp:featuredmedia":[{"embeddable":true,"href":"https:\/\/yume-silm.com\/pt\/wp-json\/wp\/v2\/media\/3909"}],"wp:attachment":[{"href":"https:\/\/yume-silm.com\/pt\/wp-json\/wp\/v2\/media?parent=3877"}],"wp:term":[{"taxonomy":"product_brand","embeddable":true,"href":"https:\/\/yume-silm.com\/pt\/wp-json\/wp\/v2\/product_brand?post=3877"},{"taxonomy":"product_cat","embeddable":true,"href":"https:\/\/yume-silm.com\/pt\/wp-json\/wp\/v2\/product_cat?post=3877"},{"taxonomy":"product_tag","embeddable":true,"href":"https:\/\/yume-silm.com\/pt\/wp-json\/wp\/v2\/product_tag?post=3877"}],"curies":[{"name":"wp","href":"https:\/\/api.w.org\/{rel}","templated":true}]}}