{"id":3912,"date":"2023-07-04T02:34:09","date_gmt":"2023-07-04T02:34:09","guid":{"rendered":"https:\/\/yume-silm.com\/?post_type=product&#038;p=3912"},"modified":"2023-12-28T03:11:02","modified_gmt":"2023-12-28T03:11:02","slug":"modelador-de-corpo-inteiro-de-malha-altamente-elastica-com-fivelas-de-suspensao-de-quatro-camadas","status":"publish","type":"product","link":"https:\/\/yume-silm.com\/pt\/produto\/modelador-de-corpo-inteiro-de-malha-altamente-elastica-com-fivelas-de-suspensao-de-quatro-camadas\/","title":{"rendered":"Shorts femininos modeladores de corpo inteiro"},"content":{"rendered":"<h5>Recursos detalhados<\/h5>\n<ul>\n<li><strong>AJUSTABILIDADE PODEROSA:<\/strong> O fecho de velcro de 4 camadas foi projetado para permitir ajustes precisos e controle aprimorado da barriga para um ajuste personalizado. Shorts modeladores de corpo inteiro sem costura podem ser facilmente escondidos sob qualquer uma de suas roupas.<\/li>\n<li><strong>MODELA\u00c7\u00c3O ABRANGENTE:<\/strong> Aproveite os benef\u00edcios do aumento dos seios, abdominoplastia, emagrecimento da cintura, levantamento das n\u00e1degas e corre\u00e7\u00e3o das costas! Nossos shorts modeladores de corpo inteiro lhe dar\u00e3o confian\u00e7a no momento em que voc\u00ea o vestir. Ele fornece um efeito de aperto m\u00e9dio a forte para conseguir um busto mais cheio, um corpo mais magro e uma figura de ampulheta perfeita com facilidade.<\/li>\n<li><strong>AJUSTE CONFORT\u00c1VEL:<\/strong> O espartilho abaixo do busto \u00e9 feito de material macio e respir\u00e1vel, que al\u00e9m de ser bom para modelar, garante conforto ao us\u00e1-lo, sem sensa\u00e7\u00e3o de aperto ou desconforto. O tecido de alta qualidade apresenta boa respirabilidade e conforto, para que voc\u00ea possa se sentir fresco e confort\u00e1vel ao us\u00e1-lo o dia todo.<\/li>\n<li><strong>USO MULTIFUNCIONAL:<\/strong> Este short modelador sob o busto \u00e9 adequado para diversas ocasi\u00f5es, como uso di\u00e1rio, suporte modelador durante o exerc\u00edcio, ou at\u00e9 mesmo uma ferramenta de emagrecimento para festivais especiais como datas e festas, use-o e aproveite seu excelente efeito.<\/li>\n<li><strong>CORPO PERFEITO:<\/strong> Seja uma mulher confiante! As al\u00e7as ajust\u00e1veis da roupa \u00edntima modeladora do corpo podem ser ajustadas na faixa mais adequada \u00e0 vontade. Os bodywear n\u00e3o apenas moldam o seu corpo, mas tamb\u00e9m ajudam a melhorar a sua postura sentada e em p\u00e9, melhorando o seu f\u00edsico geral e fazendo com que voc\u00ea exale uma aura mais confiante.<\/li>\n<\/ul>\n<h6><em>Modelador de corpo inteiro de malha el\u00e1stica alta no atacado: camadas de malha dupla<\/em><\/h6>\n<ul>\n<li data-slate-node=\"element\" data-slate-fragment=\"JTVCJTdCJTIydHlwZSUyMiUzQSUyMnBhcmFncmFwaCUyMiUyQyUyMmNoaWxkcmVuJTIyJTNBJTVCJTdCJTIydGV4dCUyMiUzQSUyMlRoZSUyMHdvbWVuJ3MlMjBmdWxsJTIwYm9keSUyMHNoYXBld2VhciUyMGJvZHlzdWl0JTIwc2hvcnRzJTIwaXMlMjBhbiUyMGluZGlzcGVuc2FibGUlMjBwaWVjZSUyMGZvciUyMHdob2xlc2FsZXJzJTIwYWltaW5nJTIwdG8lMjBwcm92aWRlJTIwdG9wLXRpZXIlMjBzaGFwaW5nJTIwc29sdXRpb25zLiUyMCUyMiUyQyUyMnNlbnRlbmNlJTIyJTNBMjAlMkMlMjJjaGlsZFNlbnRlbmNlJTIyJTNBMSU3RCUyQyU3QiUyMnRleHQlMjIlM0ElMjJJdHMlMjB1bmlxdWUlMjBmZWF0dXJlcyUyMGFuZCUyMGRlc2lnbiUyMHByb21pc2UlMjBjdXN0b21lciUyMHNhdGlzZmFjdGlvbi4lMjIlMkMlMjJzZW50ZW5jZSUyMiUzQTIwJTJDJTIyY2hpbGRTZW50ZW5jZSUyMiUzQTIlN0QlNUQlN0QlMkMlN0IlMjJ0eXBlJTIyJTNBJTIycGFyYWdyYXBoJTIyJTJDJTIyY2hpbGRyZW4lMjIlM0ElNUIlN0IlMjJ0ZXh0JTIyJTNBJTIyJTIyJTJDJTIyc2VudGVuY2UlMjIlM0EyMSUyQyUyMmNoaWxkU2VudGVuY2UlMjIlM0ExJTdEJTVEJTdEJTVE\"><span class=\"\" data-slate-node=\"text\"><span class=\"201\" data-slate-leaf=\"true\"><span data-slate-string=\"true\">O short modelador de corpo inteiro feminino \u00e9 uma pe\u00e7a indispens\u00e1vel para atacadistas que desejam fornecer solu\u00e7\u00f5es de modelagem de primeira linha. <\/span><\/span><\/span><span data-slate-node=\"text\"><span class=\"202\" data-slate-leaf=\"true\">Suas caracter\u00edsticas e design exclusivos prometem a satisfa\u00e7\u00e3o do cliente.<\/span><\/span><\/li>\n<\/ul>","protected":false},"excerpt":{"rendered":"<p>Apresente uma silhueta transformadora com nossos shorts modeladores de corpo inteiro para mulheres. Aprimorada com fivelas suspensas de quatro camadas e camadas duplas de malha altamente el\u00e1stica, esta roupa \u00edntima modeladora \u00e9 o ep\u00edtome do controle abdominal e do aprimoramento da linha do quadril.<\/p>","protected":false},"featured_media":3929,"comment_status":"open","ping_status":"closed","template":"","meta":{"site-sidebar-layout":"default","site-content-layout":"default","ast-site-content-layout":"default","site-content-style":"default","site-sidebar-style":"default","ast-global-header-display":"","ast-banner-title-visibility":"","ast-main-header-display":"","ast-hfb-above-header-display":"","ast-hfb-below-header-display":"","ast-hfb-mobile-header-display":"","site-post-title":"","ast-breadcrumbs-content":"","ast-featured-img":"","footer-sml-layout":"","ast-disable-related-posts":"","theme-transparent-header-meta":"default","adv-header-id-meta":"","stick-header-meta":"default","header-above-stick-meta":"","header-main-stick-meta":"","header-below-stick-meta":"","astra-migrate-meta-layouts":"set","ast-page-background-enabled":"default","ast-page-background-meta":{"desktop":{"background-color":"","background-image":"","background-repeat":"repeat","background-position":"center center","background-size":"auto","background-attachment":"scroll","background-type":"","background-media":"","overlay-type":"","overlay-color":"","overlay-opacity":"","overlay-gradient":""},"tablet":{"background-color":"","background-image":"","background-repeat":"repeat","background-position":"center center","background-size":"auto","background-attachment":"scroll","background-type":"","background-media":"","overlay-type":"","overlay-color":"","overlay-opacity":"","overlay-gradient":""},"mobile":{"background-color":"","background-image":"","background-repeat":"repeat","background-position":"center center","background-size":"auto","background-attachment":"scroll","background-type":"","background-media":"","overlay-type":"","overlay-color":"","overlay-opacity":"","overlay-gradient":""}},"ast-content-background-meta":{"desktop":{"background-color":"var(--ast-global-color-5)","background-image":"","background-repeat":"repeat","background-position":"center center","background-size":"auto","background-attachment":"scroll","background-type":"","background-media":"","overlay-type":"","overlay-color":"","overlay-opacity":"","overlay-gradient":""},"tablet":{"background-color":"var(--ast-global-color-5)","background-image":"","background-repeat":"repeat","background-position":"center center","background-size":"auto","background-attachment":"scroll","background-type":"","background-media":"","overlay-type":"","overlay-color":"","overlay-opacity":"","overlay-gradient":""},"mobile":{"background-color":"var(--ast-global-color-5)","background-image":"","background-repeat":"repeat","background-position":"center center","background-size":"auto","background-attachment":"scroll","background-type":"","background-media":"","overlay-type":"","overlay-color":"","overlay-opacity":"","overlay-gradient":""}}},"product_brand":[],"product_cat":[65,76,77,78],"product_tag":[135,497,137,498,142,148,134,154],"class_list":{"0":"post-3912","1":"product","2":"type-product","3":"status-publish","4":"has-post-thumbnail","6":"product_cat-best-sellers","7":"product_cat-new-arrivels","8":"product_cat-wholesale-womens-shapewear","9":"product_cat-wholesale-full-body-shaper","10":"product_tag-all-in-one","11":"product_tag-bodysuit-shorts","12":"product_tag-butt-lift","13":"product_tag-full-body","14":"product_tag-low-back","15":"product_tag-one-piece","16":"product_tag-tummy-tucker","17":"product_tag-with-hooks","18":"pa_color-black","19":"pa_size-l","20":"pa_size-m","21":"pa_size-s","22":"pa_size-xl","23":"pa_size-xxl","24":"pa_size-xxxl","25":"desktop-align-center","26":"tablet-align-left","27":"mobile-align-left","28":"ast-product-gallery-layout-horizontal-slider","29":"ast-product-single-variable","30":"ast-product-tabs-layout-horizontal","31":"ast-qv-on-image","33":"first","34":"instock","35":"shipping-taxable","36":"purchasable","37":"product-type-variable"},"tiered_pricing_type":"fixed","tiered_pricing_fixed_rules":{"2":14.99,"30":13.99,"500":11.69},"tiered_pricing_product_settings":{"layout":"default","base_unit_name":{"singular":null,"plural":null},"default_variation":{}},"tiered_pricing_minimum_quantity":null,"tiered_pricing_roles_data":[],"tiered_pricing_percentage_rules":[],"_links":{"self":[{"href":"https:\/\/yume-silm.com\/pt\/wp-json\/wp\/v2\/product\/3912","targetHints":{"allow":["GET"]}}],"collection":[{"href":"https:\/\/yume-silm.com\/pt\/wp-json\/wp\/v2\/product"}],"about":[{"href":"https:\/\/yume-silm.com\/pt\/wp-json\/wp\/v2\/types\/product"}],"replies":[{"embeddable":true,"href":"https:\/\/yume-silm.com\/pt\/wp-json\/wp\/v2\/comments?post=3912"}],"wp:featuredmedia":[{"embeddable":true,"href":"https:\/\/yume-silm.com\/pt\/wp-json\/wp\/v2\/media\/3929"}],"wp:attachment":[{"href":"https:\/\/yume-silm.com\/pt\/wp-json\/wp\/v2\/media?parent=3912"}],"wp:term":[{"taxonomy":"product_brand","embeddable":true,"href":"https:\/\/yume-silm.com\/pt\/wp-json\/wp\/v2\/product_brand?post=3912"},{"taxonomy":"product_cat","embeddable":true,"href":"https:\/\/yume-silm.com\/pt\/wp-json\/wp\/v2\/product_cat?post=3912"},{"taxonomy":"product_tag","embeddable":true,"href":"https:\/\/yume-silm.com\/pt\/wp-json\/wp\/v2\/product_tag?post=3912"}],"curies":[{"name":"wp","href":"https:\/\/api.w.org\/{rel}","templated":true}]}}