{"id":3931,"date":"2023-07-04T02:50:09","date_gmt":"2023-07-04T02:50:09","guid":{"rendered":"https:\/\/yume-silm.com\/?post_type=product&#038;p=3931"},"modified":"2024-02-29T05:59:11","modified_gmt":"2024-02-29T05:59:11","slug":"modelador-de-cintura-em-aco-com-alcas-largas-para-os-ombros","status":"publish","type":"product","link":"https:\/\/yume-silm.com\/pt\/produto\/modelador-de-cintura-em-aco-com-alcas-largas-para-os-ombros\/","title":{"rendered":"Modelador de cintura de osso de a\u00e7o por atacado modelador de corpo inteiro: malha respir\u00e1vel"},"content":{"rendered":"<h5>Caracter\u00edsticas de design<\/h5>\n<ul>\n<li data-slate-node=\"element\"><span data-slate-node=\"text\"><span class=\"41\" data-slate-leaf=\"true\">Modelagem de cintura de osso de a\u00e7o: o modelador de cintura de osso de a\u00e7o \u00e9 caracterizado por refor\u00e7o de osso de a\u00e7o, que fornece modelagem de cintura extraordin\u00e1ria e modelagem de figura de ampulheta mais eficaz.<\/span><\/span><\/li>\n<li data-slate-node=\"element\"><span data-slate-node=\"text\"><span class=\"61\" data-slate-leaf=\"true\">AL\u00c7AS LARGAS: As al\u00e7as largas deste modelador de corpo inteiro com gancho e olho s\u00e3o projetadas para fornecer suporte incompar\u00e1vel durante a experi\u00eancia de uso, garantindo conforto sem beliscar a pele.<\/span><\/span><\/li>\n<li data-slate-node=\"element\"><span data-slate-node=\"text\"><span class=\"81\" data-slate-leaf=\"true\">VIRILHA ABERTA: Estamos felizes que a cueca para levantar o bumbum tenha a virilha aberta. <\/span><\/span><span data-slate-node=\"text\"><span class=\"82\" data-slate-leaf=\"true\">\u00c9 muito c\u00f3modo porque n\u00e3o precisamos de tirar toda a roupa para ir \u00e0 casa de banho.<\/span><\/span><\/li>\n<li data-slate-node=\"element\"><span data-slate-node=\"text\"><span class=\"101\" data-slate-leaf=\"true\">MALHA EL\u00c1STICA RESPIR\u00c1VEL: Poli\u00e9ster, Spandex. <\/span><\/span><span data-slate-node=\"text\"><span class=\"102\" data-slate-leaf=\"true\">Este macac\u00e3o feminino de osso de a\u00e7o \u00e9 feito de malha respir\u00e1vel, que mant\u00e9m \u00f3tima respirabilidade e tamb\u00e9m \u00e9 mais confort\u00e1vel para a pele. <\/span><\/span><span data-slate-node=\"text\"><span class=\"103\" data-slate-leaf=\"true\">Mais el\u00e1stico e dur\u00e1vel, perfeito para uso prolongado.<\/span><\/span><\/li>\n<li data-slate-node=\"element\" data-slate-fragment=\"JTVCJTdCJTIydHlwZSUyMiUzQSUyMnBhcmFncmFwaCUyMiUyQyUyMmNoaWxkcmVuJTIyJTNBJTVCJTdCJTIydGV4dCUyMiUzQSUyMlNURUVMJTIwQk9ORSUyMFdBSVNUJTIwU0hBUElORyUzQSUyMFRoZSUyMHN0ZWVsLWJvbmUlMjB3YWlzdCUyMHNoYXBpbmclMjBmdWxsJTIwYm9keSUyMHNoYXBlciUyMGlzJTIwY2hhcmFjdGVyaXplZCUyMGJ5JTIwc3RlZWwlMjBib25lJTIwcmVpbmZvcmNlbWVudCUyQyUyMHdoaWNoJTIwcHJvdmlkZXMlMjBleHRyYW9yZGluYXJ5JTIwd2Fpc3QlMjBzaGFwaW5nJTIwYW5kJTIwbW9yZSUyMGVmZmVjdGl2ZSUyMGhvdXJnbGFzcyUyMGZpZ3VyZSUyMHNoYXBpbmcuJTIyJTJDJTIyc2VudGVuY2UlMjIlM0E0JTJDJTIyY2hpbGRTZW50ZW5jZSUyMiUzQTElN0QlNUQlN0QlMkMlN0IlMjJ0eXBlJTIyJTNBJTIycGFyYWdyYXBoJTIyJTJDJTIyY2hpbGRyZW4lMjIlM0ElNUIlN0IlMjJ0ZXh0JTIyJTNBJTIyJTIyJTJDJTIyc2VudGVuY2UlMjIlM0E1JTJDJTIyY2hpbGRTZW50ZW5jZSUyMiUzQTElN0QlNUQlN0QlMkMlN0IlMjJ0eXBlJTIyJTNBJTIycGFyYWdyYXBoJTIyJTJDJTIyY2hpbGRyZW4lMjIlM0ElNUIlN0IlMjJ0ZXh0JTIyJTNBJTIyV0lERSUyMFNUUkFQUyUzQSUyMFRoZSUyMHdpZGUlMjBzdHJhcHMlMjBvZiUyMHRoaXMlMjBob29rJTIwJTI2JTIwZXllJTIwZnVsbCUyMGJvZHklMjBzaGFwZXdlYXIlMjBhcmUlMjBkZXNpZ25lZCUyMHRvJTIwcHJvdmlkZSUyMHVucml2YWxlZCUyMHN1cHBvcnQlMjBkdXJpbmclMjB0aGUlMjB3ZWFyaW5nJTIwZXhwZXJpZW5jZSUyQyUyMGVuc3VyaW5nJTIwY29tZm9ydCUyMHdpdGhvdXQlMjBwaW5jaGluZyUyMHRoZSUyMHNraW4uJTIyJTJDJTIyc2VudGVuY2UlMjIlM0E2JTJDJTIyY2hpbGRTZW50ZW5jZSUyMiUzQTElN0QlNUQlN0QlMkMlN0IlMjJ0eXBlJTIyJTNBJTIycGFyYWdyYXBoJTIyJTJDJTIyY2hpbGRyZW4lMjIlM0ElNUIlN0IlMjJ0ZXh0JTIyJTNBJTIyJTIyJTJDJTIyc2VudGVuY2UlMjIlM0E3JTJDJTIyY2hpbGRTZW50ZW5jZSUyMiUzQTElN0QlNUQlN0QlMkMlN0IlMjJ0eXBlJTIyJTNBJTIycGFyYWdyYXBoJTIyJTJDJTIyY2hpbGRyZW4lMjIlM0ElNUIlN0IlMjJ0ZXh0JTIyJTNBJTIyT3BlbiUyMENyb3RjaCUzQSUyMFdlJTIwYXJlJTIwaGFwcHklMjB0aGF0JTIwdGhlJTIwYnV0dCUyMGxpZnQlMjB1bmRlcndlYXIlMjBoYXMlMjBhbiUyMG9wZW4lMjBjcm90Y2guJTIwJTIyJTJDJTIyc2VudGVuY2UlMjIlM0E4JTJDJTIyY2hpbGRTZW50ZW5jZSUyMiUzQTElN0QlMkMlN0IlMjJ0ZXh0JTIyJTNBJTIySXQncyUyMHZlcnklMjBjb252ZW5pZW50JTIwYmVjYXVzZSUyMHdlJTIwZG9uJ3QlMjBuZWVkJTIwdG8lMjB0YWtlJTIwb2ZmJTIwYWxsJTIwb3VyJTIwY2xvdGhlcyUyMHRvJTIwZ28lMjB0byUyMHRoZSUyMHRvaWxldC4lMjIlMkMlMjJzZW50ZW5jZSUyMiUzQTglMkMlMjJjaGlsZFNlbnRlbmNlJTIyJTNBMiU3RCU1RCU3RCUyQyU3QiUyMnR5cGUlMjIlM0ElMjJwYXJhZ3JhcGglMjIlMkMlMjJjaGlsZHJlbiUyMiUzQSU1QiU3QiUyMnRleHQlMjIlM0ElMjIlMjIlMkMlMjJzZW50ZW5jZSUyMiUzQTklMkMlMjJjaGlsZFNlbnRlbmNlJTIyJTNBMSU3RCU1RCU3RCUyQyU3QiUyMnR5cGUlMjIlM0ElMjJwYXJhZ3JhcGglMjIlMkMlMjJjaGlsZHJlbiUyMiUzQSU1QiU3QiUyMnRleHQlMjIlM0ElMjJFTEFTVElDJTIwQlJFQVRIQUJMRSUyME1FU0glM0ElMjBQb2x5ZXN0ZXIlMkMlMjBTcGFuZGV4LiUyMCUyMiUyQyUyMnNlbnRlbmNlJTIyJTNBMTAlMkMlMjJjaGlsZFNlbnRlbmNlJTIyJTNBMSU3RCUyQyU3QiUyMnRleHQlMjIlM0ElMjJUaGlzJTIwd29tZW4ncyUyMHN0ZWVsJTIwYm9uZSUyMGJvZHklMjBzdWl0JTIwaXMlMjBtYWRlJTIwb2YlMjBicmVhdGhhYmxlJTIwbWVzaCUyQyUyMHdoaWNoJTIwbWFpbnRhaW5zJTIwZ3JlYXQlMjBicmVhdGhhYmlsaXR5JTIwYW5kJTIwaXMlMjBhbHNvJTIwbW9yZSUyMGNvbWZvcnRhYmxlJTIwYWdhaW5zdCUyMHRoZSUyMHNraW4uJTIwJTIyJTJDJTIyc2VudGVuY2UlMjIlM0ExMCUyQyUyMmNoaWxkU2VudGVuY2UlMjIlM0EyJTdEJTJDJTdCJTIydGV4dCUyMiUzQSUyMk1vcmUlMjBzdHJldGNoeSUyMGFuZCUyMGR1cmFibGUlMkMlMjBwZXJmZWN0JTIwZm9yJTIwbG9uZyUyMHRpbWUlMjB3ZWFyaW5nLiUyMiUyQyUyMnNlbnRlbmNlJTIyJTNBMTAlMkMlMjJjaGlsZFNlbnRlbmNlJTIyJTNBMyU3RCU1RCU3RCUyQyU3QiUyMnR5cGUlMjIlM0ElMjJwYXJhZ3JhcGglMjIlMkMlMjJjaGlsZHJlbiUyMiUzQSU1QiU3QiUyMnRleHQlMjIlM0ElMjIlMjIlMkMlMjJzZW50ZW5jZSUyMiUzQTExJTJDJTIyY2hpbGRTZW50ZW5jZSUyMiUzQTElN0QlNUQlN0QlMkMlN0IlMjJ0eXBlJTIyJTNBJTIycGFyYWdyYXBoJTIyJTJDJTIyY2hpbGRyZW4lMjIlM0ElNUIlN0IlMjJ0ZXh0JTIyJTNBJTIyRkFTSElPTkFCTEUlMjBBTkQlMjBNVUxUSUZVTkNUSU9OQUwlM0ElMjBUaGlzJTIwdGhlJTIwYmVzdCUyMGNvcnNldCUyMHNoYXBld2VhciUyMGNhbiUyMGFjaGlldmUlMjBhJTIwZnVsbCUyMGJvZHklMjBzaGFwaW5nJTIwZWZmZWN0LiUyMCUyMiUyQyUyMnNlbnRlbmNlJTIyJTNBMTIlMkMlMjJjaGlsZFNlbnRlbmNlJTIyJTNBMSU3RCUyQyU3QiUyMnRleHQlMjIlM0ElMjJXZWFyaW5nJTIwaXQlMjBjYW4lMjBtYWtlJTIwb3VyJTIwYmFjayUyMGZpcm1lciUyMGFuZCUyMG1vcmUlMjBuYXR1cmFsJTJDJTIwaGlwcyUyMG1vcmUlMjBmaXJtJTJDJTIwc21vb3RoaW5nJTIwdGhlJTIwYWJkb21lbiUyMGFzJTIwd2VsbCUyMGFzJTIwdGhpZ2glMjBzaGFwaW5nLiUyMCUyMiUyQyUyMnNlbnRlbmNlJTIyJTNBMTIlMkMlMjJjaGlsZFNlbnRlbmNlJTIyJTNBMiU3RCUyQyU3QiUyMnRleHQlMjIlM0ElMjJTdWl0YWJsZSUyMGZvciUyMGFsbCUyMG9jY2FzaW9ucyUyQyUyMGZyb20lMjBkYWlseSUyMHdlYXIlMjB0byUyMHNwZWNpYWwlMjBldmVudHMlMkMlMjBmdW5jdGlvbmFsJTIwYW5kJTIwY29tZm9ydGFibGUuJTIyJTJDJTIyc2VudGVuY2UlMjIlM0ExMiUyQyUyMmNoaWxkU2VudGVuY2UlMjIlM0EzJTdEJTVEJTdEJTVE\"><span data-slate-node=\"text\"><span class=\"121\" data-slate-leaf=\"true\">Moderno e multifuncional: este \u00e9 o melhor modelador de espartilho que pode obter um efeito modelador de corpo inteiro. <\/span><\/span><span data-slate-node=\"text\"><span class=\"122\" data-slate-leaf=\"true\">Us\u00e1-lo pode deixar nossas costas mais firmes e naturais, quadris mais firmes, suavizando o abd\u00f4men e tamb\u00e9m modelando as coxas. <\/span><\/span><span data-slate-node=\"text\"><span class=\"123\" data-slate-leaf=\"true\">Adequado para todas as ocasi\u00f5es, desde uso di\u00e1rio at\u00e9 eventos especiais, funcional e confort\u00e1vel.<\/span><\/span><\/li>\n<\/ul>\n<h6><em>Modelador de corpo inteiro com gancho e olho feminino, design de virilha aberta<\/em><\/h6>\n<ul>\n<li>Em resumo, o modelador de cintura em osso de a\u00e7o com al\u00e7as largas \u00e9 um complemento essencial para atacadistas que desejam oferecer estilo e conforto. Com seus recursos e design exclusivos, ele ser\u00e1 o favorito entre os clientes. Mergulhe no mundo do atacado com esta pe\u00e7a excepcional. Garanta seus pedidos hoje!<\/li>\n<li>Com uma tira de silicone anti-selip, voc\u00ea n\u00e3o pode usar o bodysuit modelador de corpo inteiro para mulheres, voc\u00ea pode usar roupas \u00edntimas, sehingga voc\u00ea pode fazer o seu trabalho na escola com penuh perder diri.<\/li>\n<\/ul>","protected":false},"excerpt":{"rendered":"<p>Descubra a combina\u00e7\u00e3o perfeita de suporte e estilo com nosso modelador de cintura em osso de a\u00e7o para corpo inteiro. Com al\u00e7as largas para maior conforto e um design de virilha aberta para maior comodidade, este modelador \u00e9 obrigat\u00f3rio para toda mulher moderna.<\/p>","protected":false},"featured_media":3955,"comment_status":"open","ping_status":"closed","template":"","meta":{"site-sidebar-layout":"default","site-content-layout":"default","ast-site-content-layout":"default","site-content-style":"default","site-sidebar-style":"default","ast-global-header-display":"","ast-banner-title-visibility":"","ast-main-header-display":"","ast-hfb-above-header-display":"","ast-hfb-below-header-display":"","ast-hfb-mobile-header-display":"","site-post-title":"","ast-breadcrumbs-content":"","ast-featured-img":"","footer-sml-layout":"","ast-disable-related-posts":"","theme-transparent-header-meta":"default","adv-header-id-meta":"","stick-header-meta":"default","header-above-stick-meta":"","header-main-stick-meta":"","header-below-stick-meta":"","astra-migrate-meta-layouts":"set","ast-page-background-enabled":"default","ast-page-background-meta":{"desktop":{"background-color":"","background-image":"","background-repeat":"repeat","background-position":"center center","background-size":"auto","background-attachment":"scroll","background-type":"","background-media":"","overlay-type":"","overlay-color":"","overlay-opacity":"","overlay-gradient":""},"tablet":{"background-color":"","background-image":"","background-repeat":"repeat","background-position":"center center","background-size":"auto","background-attachment":"scroll","background-type":"","background-media":"","overlay-type":"","overlay-color":"","overlay-opacity":"","overlay-gradient":""},"mobile":{"background-color":"","background-image":"","background-repeat":"repeat","background-position":"center center","background-size":"auto","background-attachment":"scroll","background-type":"","background-media":"","overlay-type":"","overlay-color":"","overlay-opacity":"","overlay-gradient":""}},"ast-content-background-meta":{"desktop":{"background-color":"var(--ast-global-color-5)","background-image":"","background-repeat":"repeat","background-position":"center center","background-size":"auto","background-attachment":"scroll","background-type":"","background-media":"","overlay-type":"","overlay-color":"","overlay-opacity":"","overlay-gradient":""},"tablet":{"background-color":"var(--ast-global-color-5)","background-image":"","background-repeat":"repeat","background-position":"center center","background-size":"auto","background-attachment":"scroll","background-type":"","background-media":"","overlay-type":"","overlay-color":"","overlay-opacity":"","overlay-gradient":""},"mobile":{"background-color":"var(--ast-global-color-5)","background-image":"","background-repeat":"repeat","background-position":"center center","background-size":"auto","background-attachment":"scroll","background-type":"","background-media":"","overlay-type":"","overlay-color":"","overlay-opacity":"","overlay-gradient":""}}},"product_brand":[],"product_cat":[65,76,77,78],"product_tag":[135,136,148,134,154],"class_list":{"0":"post-3931","1":"product","2":"type-product","3":"status-publish","4":"has-post-thumbnail","6":"product_cat-best-sellers","7":"product_cat-new-arrivels","8":"product_cat-wholesale-womens-shapewear","9":"product_cat-wholesale-full-body-shaper","10":"product_tag-all-in-one","11":"product_tag-bridal","12":"product_tag-one-piece","13":"product_tag-tummy-tucker","14":"product_tag-with-hooks","15":"pa_color-beige","16":"pa_color-black","17":"pa_size-l","18":"pa_size-m","19":"pa_size-s","20":"pa_size-xl","21":"pa_size-xxl","22":"pa_size-xxxl","23":"desktop-align-center","24":"tablet-align-left","25":"mobile-align-left","26":"ast-product-gallery-layout-horizontal-slider","27":"ast-product-single-variable","28":"ast-product-tabs-layout-horizontal","29":"ast-qv-on-image","31":"first","32":"instock","33":"shipping-taxable","34":"purchasable","35":"product-type-variable"},"tiered_pricing_type":"fixed","tiered_pricing_fixed_rules":{"2":16.09,"30":14.99,"500":12.49},"tiered_pricing_product_settings":{"layout":"default","base_unit_name":{"singular":null,"plural":null},"default_variation":{}},"tiered_pricing_minimum_quantity":null,"tiered_pricing_roles_data":[],"tiered_pricing_percentage_rules":[],"_links":{"self":[{"href":"https:\/\/yume-silm.com\/pt\/wp-json\/wp\/v2\/product\/3931","targetHints":{"allow":["GET"]}}],"collection":[{"href":"https:\/\/yume-silm.com\/pt\/wp-json\/wp\/v2\/product"}],"about":[{"href":"https:\/\/yume-silm.com\/pt\/wp-json\/wp\/v2\/types\/product"}],"replies":[{"embeddable":true,"href":"https:\/\/yume-silm.com\/pt\/wp-json\/wp\/v2\/comments?post=3931"}],"wp:featuredmedia":[{"embeddable":true,"href":"https:\/\/yume-silm.com\/pt\/wp-json\/wp\/v2\/media\/3955"}],"wp:attachment":[{"href":"https:\/\/yume-silm.com\/pt\/wp-json\/wp\/v2\/media?parent=3931"}],"wp:term":[{"taxonomy":"product_brand","embeddable":true,"href":"https:\/\/yume-silm.com\/pt\/wp-json\/wp\/v2\/product_brand?post=3931"},{"taxonomy":"product_cat","embeddable":true,"href":"https:\/\/yume-silm.com\/pt\/wp-json\/wp\/v2\/product_cat?post=3931"},{"taxonomy":"product_tag","embeddable":true,"href":"https:\/\/yume-silm.com\/pt\/wp-json\/wp\/v2\/product_tag?post=3931"}],"curies":[{"name":"wp","href":"https:\/\/api.w.org\/{rel}","templated":true}]}}