{"id":3957,"date":"2023-07-04T03:06:56","date_gmt":"2023-07-04T03:06:56","guid":{"rendered":"https:\/\/yume-silm.com\/?post_type=product&#038;p=3957"},"modified":"2024-02-29T02:19:23","modified_gmt":"2024-02-29T02:19:23","slug":"body-de-senhora-com-alcas-ajustaveis-e-sem-costuras","status":"publish","type":"product","link":"https:\/\/yume-silm.com\/pt\/produto\/body-de-senhora-com-alcas-ajustaveis-e-sem-costuras\/","title":{"rendered":"Bodysuit modelador de busto aberto sem costura feminino por atacado"},"content":{"rendered":"<h5>Caracter\u00edsticas de design<\/h5>\n<ul>\n<li><strong>AL\u00c7AS AJUST\u00c1VEIS:<\/strong> As tiras el\u00e1sticas ajust\u00e1veis dos macac\u00f5es sem costura acrescentam liberdade e conforto. Pode ser ajustado de acordo com sua altura e outros ajustes especiais para um ajuste mais confort\u00e1vel e confort\u00e1vel.<\/li>\n<li><strong>TECIDO DE ALTA ESTICA\u00c7\u00c3O:<\/strong> Este modelador de corpo com busto aberto para controle de barriga \u00e9 feito de tecido el\u00e1stico de alta qualidade para durabilidade duradoura. Neste modelador voc\u00ea pode se moldar aos contornos do seu corpo, proporcionando conforto e flexibilidade superiores.<\/li>\n<li><strong>TECNOLOGIA SEM EMENDA:<\/strong> A lingerie modeladora feminina sem costura oferece uma apar\u00eancia suave e invis\u00edvel sob qualquer pe\u00e7a de roupa, tornando-a uma escolha popular para quem busca uma silhueta impec\u00e1vel.<\/li>\n<li><strong>VERSATILIDADE ESTILO:<\/strong> Simples e elegante, este body feminino sem costura com busto aberto \u00e9 perfeito para usar em camadas ou sozinho, complementando roupas casuais e formais para garantir uma ampla variedade de apelos.<\/li>\n<li><strong>MELHORIA DA CONFIAN\u00c7A CORPORAL:<\/strong> O modelador de peito aberto sem costura ajudar\u00e1 voc\u00ea a contrair a barriga, levantar os quadris e controlar as costas. O busto aberto tamb\u00e9m lhe d\u00e1 a liberdade de combinar com seu suti\u00e3 favorito. Bodys justos real\u00e7am as curvas naturais e a confian\u00e7a corporal.<\/li>\n<\/ul>\n<h6><em>Body feminino sem costura para abdominoplastia e levantamento de quadril: al\u00e7as ajust\u00e1veis<\/em><\/h6>\n<ul>\n<li>Em resumo, o body feminino sem costura com busto aberto \u00e9 obrigat\u00f3rio para atacadistas que buscam oferecer uma mistura de estilo e conforto. Com seus recursos e design exclusivos, ele ser\u00e1 o favorito entre os clientes. Mergulhe no mundo do atacado com esta pe\u00e7a de destaque. Garanta seus pedidos hoje!<\/li>\n<\/ul>","protected":false},"excerpt":{"rendered":"<p>Eleve sua cole\u00e7\u00e3o com nosso body feminino modelador de busto aberto sem costura. Projetado com al\u00e7as ajust\u00e1veis e tecido de alta elasticidade, este body promete uma silhueta impec\u00e1vel e conforto incompar\u00e1vel.<\/p>","protected":false},"featured_media":3977,"comment_status":"open","ping_status":"closed","template":"","meta":{"site-sidebar-layout":"default","site-content-layout":"default","ast-site-content-layout":"default","site-content-style":"default","site-sidebar-style":"default","ast-global-header-display":"","ast-banner-title-visibility":"","ast-main-header-display":"","ast-hfb-above-header-display":"","ast-hfb-below-header-display":"","ast-hfb-mobile-header-display":"","site-post-title":"","ast-breadcrumbs-content":"","ast-featured-img":"","footer-sml-layout":"","ast-disable-related-posts":"","theme-transparent-header-meta":"default","adv-header-id-meta":"","stick-header-meta":"default","header-above-stick-meta":"","header-main-stick-meta":"","header-below-stick-meta":"","astra-migrate-meta-layouts":"set","ast-page-background-enabled":"default","ast-page-background-meta":{"desktop":{"background-color":"","background-image":"","background-repeat":"repeat","background-position":"center center","background-size":"auto","background-attachment":"scroll","background-type":"","background-media":"","overlay-type":"","overlay-color":"","overlay-opacity":"","overlay-gradient":""},"tablet":{"background-color":"","background-image":"","background-repeat":"repeat","background-position":"center center","background-size":"auto","background-attachment":"scroll","background-type":"","background-media":"","overlay-type":"","overlay-color":"","overlay-opacity":"","overlay-gradient":""},"mobile":{"background-color":"","background-image":"","background-repeat":"repeat","background-position":"center center","background-size":"auto","background-attachment":"scroll","background-type":"","background-media":"","overlay-type":"","overlay-color":"","overlay-opacity":"","overlay-gradient":""}},"ast-content-background-meta":{"desktop":{"background-color":"var(--ast-global-color-5)","background-image":"","background-repeat":"repeat","background-position":"center center","background-size":"auto","background-attachment":"scroll","background-type":"","background-media":"","overlay-type":"","overlay-color":"","overlay-opacity":"","overlay-gradient":""},"tablet":{"background-color":"var(--ast-global-color-5)","background-image":"","background-repeat":"repeat","background-position":"center center","background-size":"auto","background-attachment":"scroll","background-type":"","background-media":"","overlay-type":"","overlay-color":"","overlay-opacity":"","overlay-gradient":""},"mobile":{"background-color":"var(--ast-global-color-5)","background-image":"","background-repeat":"repeat","background-position":"center center","background-size":"auto","background-attachment":"scroll","background-type":"","background-media":"","overlay-type":"","overlay-color":"","overlay-opacity":"","overlay-gradient":""}}},"product_brand":[],"product_cat":[65,76,77,79,82],"product_tag":[419,136,523],"class_list":{"0":"post-3957","1":"product","2":"type-product","3":"status-publish","4":"has-post-thumbnail","6":"product_cat-best-sellers","7":"product_cat-new-arrivels","8":"product_cat-wholesale-womens-shapewear","9":"product_cat-wholesale-seemless-shaperwear","10":"product_cat-wholesale-shapewear-bodysuit","11":"product_tag-bodysuit","12":"product_tag-bridal","13":"product_tag-seemless","14":"pa_color-beige","15":"pa_color-black","16":"pa_size-l","17":"pa_size-m","18":"pa_size-s","19":"pa_size-xl","20":"pa_size-xxl","21":"pa_size-xxxl","22":"desktop-align-center","23":"tablet-align-left","24":"mobile-align-left","25":"ast-product-gallery-layout-horizontal-slider","26":"ast-product-single-variable","27":"ast-product-tabs-layout-horizontal","28":"ast-qv-on-image","30":"first","31":"instock","32":"shipping-taxable","33":"purchasable","34":"product-type-variable"},"tiered_pricing_type":"fixed","tiered_pricing_fixed_rules":{"2":5.49,"30":5.19,"200":4.29},"tiered_pricing_product_settings":{"layout":"default","base_unit_name":{"singular":null,"plural":null},"default_variation":{}},"tiered_pricing_minimum_quantity":null,"tiered_pricing_roles_data":[],"tiered_pricing_percentage_rules":[],"_links":{"self":[{"href":"https:\/\/yume-silm.com\/pt\/wp-json\/wp\/v2\/product\/3957","targetHints":{"allow":["GET"]}}],"collection":[{"href":"https:\/\/yume-silm.com\/pt\/wp-json\/wp\/v2\/product"}],"about":[{"href":"https:\/\/yume-silm.com\/pt\/wp-json\/wp\/v2\/types\/product"}],"replies":[{"embeddable":true,"href":"https:\/\/yume-silm.com\/pt\/wp-json\/wp\/v2\/comments?post=3957"}],"wp:featuredmedia":[{"embeddable":true,"href":"https:\/\/yume-silm.com\/pt\/wp-json\/wp\/v2\/media\/3977"}],"wp:attachment":[{"href":"https:\/\/yume-silm.com\/pt\/wp-json\/wp\/v2\/media?parent=3957"}],"wp:term":[{"taxonomy":"product_brand","embeddable":true,"href":"https:\/\/yume-silm.com\/pt\/wp-json\/wp\/v2\/product_brand?post=3957"},{"taxonomy":"product_cat","embeddable":true,"href":"https:\/\/yume-silm.com\/pt\/wp-json\/wp\/v2\/product_cat?post=3957"},{"taxonomy":"product_tag","embeddable":true,"href":"https:\/\/yume-silm.com\/pt\/wp-json\/wp\/v2\/product_tag?post=3957"}],"curies":[{"name":"wp","href":"https:\/\/api.w.org\/{rel}","templated":true}]}}