{"id":4121,"date":"2023-07-10T09:10:48","date_gmt":"2023-07-10T09:10:48","guid":{"rendered":"https:\/\/yume-silm.com\/?post_type=product&#038;p=4121"},"modified":"2024-11-08T08:36:02","modified_gmt":"2024-11-08T08:36:02","slug":"elegante-casaco-de-borracha-com-fecho-de-correr-a-altura-do-peito","status":"publish","type":"product","link":"https:\/\/yume-silm.com\/pt\/produto\/elegante-casaco-de-borracha-com-fecho-de-correr-a-altura-do-peito\/","title":{"rendered":"Corset de renda de busto aberto feminino por atacado"},"content":{"rendered":"<h5>Caracter\u00edsticas de design<\/h5>\n<ul>\n<li><strong>CONFORT\u00c1VEL E DUR\u00c1VEL:<\/strong> Este modelador de body liso \u00e9 feito de material el\u00e1stico que fornece suporte resistente e flex\u00edvel. Suave e confort\u00e1vel ao usar o modelador.<\/li>\n<li><strong>Z\u00cdPER E GANCHO:<\/strong> Este nosso modelador corporal tanga \u00e9 projetado com um z\u00edper e gancho na frente para controle de camada dupla. Pr\u00e1tico e elegante, f\u00e1cil de colocar e tirar, melhorando a experi\u00eancia geral do usu\u00e1rio.<\/li>\n<li><strong>DECORA\u00c7\u00c3O DE RENDA:<\/strong> O quadril do body modelador de renda sexy feminino \u00e9 desenhado com detalhes de renda triangular, que adiciona um toque de feminilidade e real\u00e7a a est\u00e9tica sem comprometer a funcionalidade.<\/li>\n<li><strong>VIRILHA ABERTA:<\/strong> A virilha desta cueca aberta pode ser facilmente aberta e fechada. \u00c9 uma boa solu\u00e7\u00e3o para o problema de pausas de emerg\u00eancia no banheiro em viagens ao ar livre ou no escrit\u00f3rio, etc.<\/li>\n<li><strong>Modelagem de corpo inteiro:<\/strong> Projetada para modelar o corpo inteiro, esta pe\u00e7a \u00fanica oferece suporte para o busto, cintura, quadris e coxas para garantir uma silhueta aerodin\u00e2mica.<\/li>\n<li><strong>VERS\u00c1TIL:<\/strong> Apesar do efeito modelador, este modelador corporal espartilho emagrecedor \u00e9 confort\u00e1vel de usar o dia todo e pode ser usado com qualquer roupa, tornando-o uma pe\u00e7a vers\u00e1til no guarda-roupa. Ideal para se modelar no trabalho, compras, casamentos, encontros e muito mais.<\/li>\n<\/ul>\n<h6><em>Body feminino modelador de barriga com busto aberto e renda<\/em><\/h6>\n<ul>\n<li>Resumindo, o espartilho feminino de renda com busto aberto e Zipper Breasted \u00e9 uma pe\u00e7a essencial para atacadistas que buscam oferecer produtos de primeira linha. Com sua mistura de estilo e funcionalidade, ele ser\u00e1 o favorito dos clientes. Mergulhe no mundo do atacado com esta pe\u00e7a de destaque. Pe\u00e7a agora!<\/li>\n<\/ul>","protected":false},"excerpt":{"rendered":"<p>Eleve sua cole\u00e7\u00e3o com o espartilho feminino de renda com busto aberto. Apresentando um elegante z\u00edper no peito para facilitar o uso e delicados detalhes de renda triangular, este body esculpe e contorna perfeitamente o corpo, oferecendo eleg\u00e2ncia e funcionalidade.<\/p>","protected":false},"featured_media":4140,"comment_status":"open","ping_status":"closed","template":"","meta":{"site-sidebar-layout":"default","site-content-layout":"default","ast-site-content-layout":"default","site-content-style":"default","site-sidebar-style":"default","ast-global-header-display":"","ast-banner-title-visibility":"","ast-main-header-display":"","ast-hfb-above-header-display":"","ast-hfb-below-header-display":"","ast-hfb-mobile-header-display":"","site-post-title":"","ast-breadcrumbs-content":"","ast-featured-img":"","footer-sml-layout":"","ast-disable-related-posts":"","theme-transparent-header-meta":"default","adv-header-id-meta":"","stick-header-meta":"default","header-above-stick-meta":"","header-main-stick-meta":"","header-below-stick-meta":"","astra-migrate-meta-layouts":"set","ast-page-background-enabled":"default","ast-page-background-meta":{"desktop":{"background-color":"","background-image":"","background-repeat":"repeat","background-position":"center center","background-size":"auto","background-attachment":"scroll","background-type":"","background-media":"","overlay-type":"","overlay-color":"","overlay-opacity":"","overlay-gradient":""},"tablet":{"background-color":"","background-image":"","background-repeat":"repeat","background-position":"center center","background-size":"auto","background-attachment":"scroll","background-type":"","background-media":"","overlay-type":"","overlay-color":"","overlay-opacity":"","overlay-gradient":""},"mobile":{"background-color":"","background-image":"","background-repeat":"repeat","background-position":"center center","background-size":"auto","background-attachment":"scroll","background-type":"","background-media":"","overlay-type":"","overlay-color":"","overlay-opacity":"","overlay-gradient":""}},"ast-content-background-meta":{"desktop":{"background-color":"var(--ast-global-color-5)","background-image":"","background-repeat":"repeat","background-position":"center center","background-size":"auto","background-attachment":"scroll","background-type":"","background-media":"","overlay-type":"","overlay-color":"","overlay-opacity":"","overlay-gradient":""},"tablet":{"background-color":"var(--ast-global-color-5)","background-image":"","background-repeat":"repeat","background-position":"center center","background-size":"auto","background-attachment":"scroll","background-type":"","background-media":"","overlay-type":"","overlay-color":"","overlay-opacity":"","overlay-gradient":""},"mobile":{"background-color":"var(--ast-global-color-5)","background-image":"","background-repeat":"repeat","background-position":"center center","background-size":"auto","background-attachment":"scroll","background-type":"","background-media":"","overlay-type":"","overlay-color":"","overlay-opacity":"","overlay-gradient":""}}},"product_brand":[],"product_cat":[65,76,77,82],"product_tag":[136,473,441,134],"class_list":{"0":"post-4121","1":"product","2":"type-product","3":"status-publish","4":"has-post-thumbnail","6":"product_cat-best-sellers","7":"product_cat-new-arrivels","8":"product_cat-wholesale-womens-shapewear","9":"product_cat-wholesale-shapewear-bodysuit","10":"product_tag-bridal","11":"product_tag-lace","12":"product_tag-shapewear-bodysuits","13":"product_tag-tummy-tucker","14":"pa_color-beige","15":"pa_color-black","16":"pa_size-l","17":"pa_size-m","18":"pa_size-s","19":"pa_size-xl","20":"pa_size-xxl","21":"pa_size-xxxl","22":"desktop-align-center","23":"tablet-align-left","24":"mobile-align-left","25":"ast-product-gallery-layout-horizontal-slider","26":"ast-product-single-variable","27":"ast-product-tabs-layout-horizontal","28":"ast-qv-on-image","30":"first","31":"instock","32":"shipping-taxable","33":"purchasable","34":"product-type-variable"},"tiered_pricing_type":"fixed","tiered_pricing_fixed_rules":{"2":10.99,"30":10.29,"500":8.59},"tiered_pricing_product_settings":{"layout":"default","base_unit_name":{"singular":null,"plural":null},"default_variation":{}},"tiered_pricing_minimum_quantity":null,"tiered_pricing_roles_data":[],"tiered_pricing_percentage_rules":[],"_links":{"self":[{"href":"https:\/\/yume-silm.com\/pt\/wp-json\/wp\/v2\/product\/4121","targetHints":{"allow":["GET"]}}],"collection":[{"href":"https:\/\/yume-silm.com\/pt\/wp-json\/wp\/v2\/product"}],"about":[{"href":"https:\/\/yume-silm.com\/pt\/wp-json\/wp\/v2\/types\/product"}],"replies":[{"embeddable":true,"href":"https:\/\/yume-silm.com\/pt\/wp-json\/wp\/v2\/comments?post=4121"}],"wp:featuredmedia":[{"embeddable":true,"href":"https:\/\/yume-silm.com\/pt\/wp-json\/wp\/v2\/media\/4140"}],"wp:attachment":[{"href":"https:\/\/yume-silm.com\/pt\/wp-json\/wp\/v2\/media?parent=4121"}],"wp:term":[{"taxonomy":"product_brand","embeddable":true,"href":"https:\/\/yume-silm.com\/pt\/wp-json\/wp\/v2\/product_brand?post=4121"},{"taxonomy":"product_cat","embeddable":true,"href":"https:\/\/yume-silm.com\/pt\/wp-json\/wp\/v2\/product_cat?post=4121"},{"taxonomy":"product_tag","embeddable":true,"href":"https:\/\/yume-silm.com\/pt\/wp-json\/wp\/v2\/product_tag?post=4121"}],"curies":[{"name":"wp","href":"https:\/\/api.w.org\/{rel}","templated":true}]}}