{"id":4144,"date":"2023-07-12T06:58:10","date_gmt":"2023-07-12T06:58:10","guid":{"rendered":"https:\/\/yume-silm.com\/?post_type=product&#038;p=4144"},"modified":"2025-05-29T03:34:55","modified_gmt":"2025-05-29T03:34:55","slug":"power-flex-high-waisted-tummy-control-boxer-legging","status":"publish","type":"product","link":"https:\/\/yume-silm.com\/pt\/produto\/power-flex-high-waisted-tummy-control-boxer-legging\/","title":{"rendered":"Venda por atacado de shorts modeladores de corpo com cintura alta e alta elasticidade"},"content":{"rendered":"<h5>Caracter\u00edsticas de design<\/h5>\n<ul>\n<li><strong>CONTROLE DE BARRIGA:<\/strong> O design de cintura alta de nossos shorts de cor s\u00f3lida sem costura oferece controle superior da barriga. Esta roupa \u00edntima sem costura ajuda a definir sua cintura e a aconchegar instantaneamente sua barriga, e tamb\u00e9m \u00e9 \u00f3tima para levantar o bumbum e modelar as coxas. Deixe voc\u00ea mostrar sua silhueta atraente com confian\u00e7a.<\/li>\n<li><strong>ALTA ELASTICIDADE:<\/strong> Esses confort\u00e1veis shorts justos s\u00e3o feitos de material el\u00e1stico que se ajusta a diferentes formatos e tamanhos de corpo, garantindo flexibilidade sem comprometer o conforto. Nossa calcinha emagrecedora mais fina para coxas \u00e9 resistente \u00e0 abras\u00e3o e mant\u00e9m sua forma e elasticidade ao longo do tempo, garantindo um ajuste duradouro.<\/li>\n<li><strong>AJUSTE SEM EMENDA:<\/strong> O tecido sem costura do nosso modelador corporal de cintura alta com controle de barriga far\u00e1 voc\u00ea esquecer que est\u00e1 l\u00e1. Esconda-se facilmente sob seus jeans favoritos, vestidos bonitos e outras roupas.<\/li>\n<li><strong>SILICONE N\u00c3O DESLIZANTE:<\/strong> Confie que o short modelador feminino tem uma faixa de silicone de camada dupla no c\u00f3s interno para garantir que permane\u00e7a no lugar o dia todo. N\u00e3o haver\u00e1 rolagem f\u00e1cil.<\/li>\n<li><strong>VERS\u00c1TIL E ELEGANTE:<\/strong> O design minimalista desta calcinha invis\u00edvel para controle de barriga, bem como a cor s\u00f3lida, permitir\u00e3o que voc\u00ea obtenha um visual vers\u00e1til com facilidade. E \u00e9 perfeita para uso di\u00e1rio, permitindo que nossas leggings sejam usadas com roupas casuais e formais para um estilo vers\u00e1til.<\/li>\n<\/ul>\n<h6><em>Shorts modeladores simples e sem costura de cintura alta para controle de barriga para uso di\u00e1rio<\/em><\/h6>\n<ul>\n<li>Em resumo, o short modelador de cintura alta e el\u00e1stico \u00e9 obrigat\u00f3rio para atacadistas que desejam fornecer produtos de alta qualidade. Com seus recursos e benef\u00edcios exclusivos, ele ser\u00e1 o favorito entre os clientes. Mergulhe no mundo do atacado com esta pe\u00e7a de destaque. Garanta seu pedido hoje!<\/li>\n<\/ul>","protected":false},"excerpt":{"rendered":"<p>Intensifique sua cole\u00e7\u00e3o com os shorts modeladores de cintura alta e el\u00e1sticos. Projetadas para um controle ideal da barriga, essas leggings combinam alta elasticidade com respirabilidade, garantindo um ajuste confort\u00e1vel e favorecedor para cada uso.<\/p>","protected":false},"featured_media":4162,"comment_status":"open","ping_status":"closed","template":"","meta":{"site-sidebar-layout":"default","site-content-layout":"default","ast-site-content-layout":"default","site-content-style":"default","site-sidebar-style":"default","ast-global-header-display":"","ast-banner-title-visibility":"","ast-main-header-display":"","ast-hfb-above-header-display":"","ast-hfb-below-header-display":"","ast-hfb-mobile-header-display":"","site-post-title":"","ast-breadcrumbs-content":"","ast-featured-img":"","footer-sml-layout":"","ast-disable-related-posts":"","theme-transparent-header-meta":"default","adv-header-id-meta":"","stick-header-meta":"default","header-above-stick-meta":"","header-main-stick-meta":"","header-below-stick-meta":"","astra-migrate-meta-layouts":"set","ast-page-background-enabled":"default","ast-page-background-meta":{"desktop":{"background-color":"","background-image":"","background-repeat":"repeat","background-position":"center center","background-size":"auto","background-attachment":"scroll","background-type":"","background-media":"","overlay-type":"","overlay-color":"","overlay-opacity":"","overlay-gradient":""},"tablet":{"background-color":"","background-image":"","background-repeat":"repeat","background-position":"center center","background-size":"auto","background-attachment":"scroll","background-type":"","background-media":"","overlay-type":"","overlay-color":"","overlay-opacity":"","overlay-gradient":""},"mobile":{"background-color":"","background-image":"","background-repeat":"repeat","background-position":"center center","background-size":"auto","background-attachment":"scroll","background-type":"","background-media":"","overlay-type":"","overlay-color":"","overlay-opacity":"","overlay-gradient":""}},"ast-content-background-meta":{"desktop":{"background-color":"var(--ast-global-color-5)","background-image":"","background-repeat":"repeat","background-position":"center center","background-size":"auto","background-attachment":"scroll","background-type":"","background-media":"","overlay-type":"","overlay-color":"","overlay-opacity":"","overlay-gradient":""},"tablet":{"background-color":"var(--ast-global-color-5)","background-image":"","background-repeat":"repeat","background-position":"center center","background-size":"auto","background-attachment":"scroll","background-type":"","background-media":"","overlay-type":"","overlay-color":"","overlay-opacity":"","overlay-gradient":""},"mobile":{"background-color":"var(--ast-global-color-5)","background-image":"","background-repeat":"repeat","background-position":"center center","background-size":"auto","background-attachment":"scroll","background-type":"","background-media":"","overlay-type":"","overlay-color":"","overlay-opacity":"","overlay-gradient":""}}},"product_brand":[],"product_cat":[65,76,77,79,80],"product_tag":[136,139,500,134],"class_list":{"0":"post-4144","1":"product","2":"type-product","3":"status-publish","4":"has-post-thumbnail","6":"product_cat-best-sellers","7":"product_cat-new-arrivels","8":"product_cat-wholesale-womens-shapewear","9":"product_cat-wholesale-seemless-shaperwear","10":"product_cat-wholesale-butt-lift-underwear","11":"product_tag-bridal","12":"product_tag-high-waist","13":"product_tag-tummy-control","14":"product_tag-tummy-tucker","15":"pa_color-beige","16":"pa_color-black","17":"pa_size-4xl","18":"pa_size-m-l","19":"pa_size-s","20":"pa_size-xl-xxl","21":"pa_size-xxxl","22":"desktop-align-center","23":"tablet-align-left","24":"mobile-align-left","25":"ast-product-gallery-layout-horizontal-slider","26":"ast-product-single-variable","27":"ast-product-tabs-layout-horizontal","28":"ast-qv-on-image","30":"first","31":"instock","32":"shipping-taxable","33":"purchasable","34":"product-type-variable"},"tiered_pricing_type":"fixed","tiered_pricing_fixed_rules":{"2":4.59,"30":4.29,"500":4.19},"tiered_pricing_product_settings":{"layout":"default","base_unit_name":{"singular":null,"plural":null},"default_variation":{}},"tiered_pricing_minimum_quantity":null,"tiered_pricing_roles_data":[],"tiered_pricing_percentage_rules":[],"_links":{"self":[{"href":"https:\/\/yume-silm.com\/pt\/wp-json\/wp\/v2\/product\/4144","targetHints":{"allow":["GET"]}}],"collection":[{"href":"https:\/\/yume-silm.com\/pt\/wp-json\/wp\/v2\/product"}],"about":[{"href":"https:\/\/yume-silm.com\/pt\/wp-json\/wp\/v2\/types\/product"}],"replies":[{"embeddable":true,"href":"https:\/\/yume-silm.com\/pt\/wp-json\/wp\/v2\/comments?post=4144"}],"wp:featuredmedia":[{"embeddable":true,"href":"https:\/\/yume-silm.com\/pt\/wp-json\/wp\/v2\/media\/4162"}],"wp:attachment":[{"href":"https:\/\/yume-silm.com\/pt\/wp-json\/wp\/v2\/media?parent=4144"}],"wp:term":[{"taxonomy":"product_brand","embeddable":true,"href":"https:\/\/yume-silm.com\/pt\/wp-json\/wp\/v2\/product_brand?post=4144"},{"taxonomy":"product_cat","embeddable":true,"href":"https:\/\/yume-silm.com\/pt\/wp-json\/wp\/v2\/product_cat?post=4144"},{"taxonomy":"product_tag","embeddable":true,"href":"https:\/\/yume-silm.com\/pt\/wp-json\/wp\/v2\/product_tag?post=4144"}],"curies":[{"name":"wp","href":"https:\/\/api.w.org\/{rel}","templated":true}]}}