{"id":4166,"date":"2023-07-17T01:38:03","date_gmt":"2023-07-17T01:38:03","guid":{"rendered":"https:\/\/yume-silm.com\/?post_type=product&#038;p=4166"},"modified":"2024-11-29T08:53:45","modified_gmt":"2024-11-29T08:53:45","slug":"voluptufit-calcinha-de-cintura-alta-mesh-butt-lifting-panty","status":"publish","type":"product","link":"https:\/\/yume-silm.com\/pt\/produto\/voluptufit-calcinha-de-cintura-alta-mesh-butt-lifting-panty\/","title":{"rendered":"Shorts modeladores antiderrapantes femininos de tamanho grande no atacado: design de controle de barriga"},"content":{"rendered":"<h5>Caracter\u00edsticas de design<\/h5>\n<ul>\n<li><strong>ALTO ESTIRAMENTO CONFORT\u00c1VEL:<\/strong> Confort\u00e1vel e respir\u00e1vel, garantindo o m\u00e1ximo conforto mesmo durante uso prolongado ou exerc\u00edcios extenuantes. Excelente elasticidade, bom rebote e liberdade de movimentos.<\/li>\n<li><strong>CONTROLE \u00d3TIMO DA BARRIGA:<\/strong> A cintura alta do short modelador antiderrapante de silicone invis\u00edvel de cintura alta proporciona melhor controle da barriga. Projetado para fornecer excelente controle da barriga, criar uma silhueta mais suave e aumentar a confian\u00e7a do usu\u00e1rio.<\/li>\n<li><strong>EFEITO DE LEVANTAMENTO DE BUNDA:<\/strong> Esta nossa roupa \u00edntima modeladora de tamanho grande tem um estilo push-up nas n\u00e1degas, que fica visivelmente levantada ap\u00f3s o uso. Melhora curvas naturais e efeitos visuais.<\/li>\n<li><strong>DETALHES DE RENDA E ANTIDERRAPANTE:<\/strong> N\u00e3o h\u00e1 necessidade de se preocupar com a inconveni\u00eancia de usar um modelador corporal emagrecedor que pode deslizar facilmente ap\u00f3s o uso. Como os shorts femininos antiderrapantes de tamanho grande s\u00e3o feitos com tecnologia antiderrapante de silicone na cintura, eles n\u00e3o escorregam mesmo depois de muito tempo de uso. A bainha da perna do modelador \u00e9 projetada com renda para adicionar charme aos detalhes elegantes.<\/li>\n<li><strong>VERS\u00c1TIL E ELEGANTE:<\/strong> Com este short feminino antiderrapante de tamanho grande, voc\u00ea pode combinar facilmente com seu jeans favorito ou uma linda saia. Trabalhe com confian\u00e7a no dia a dia e participe de algumas festas, encontros, coquet\u00e9is e outras ocasi\u00f5es especiais. Por favor, mostre seu lindo corpo curvil\u00edneo com confian\u00e7a.<\/li>\n<\/ul>\n<h6><em>Controle de barriga de cintura alta feminino plus size shapewear cintura treinamento roupa interior antiderrapante<\/em><\/h6>\n<ul>\n<li>Em resumo, o short modelador antiderrapante feminino de tamanho grande \u00e9 obrigat\u00f3rio para atacadistas que buscam oferecer produtos de primeira linha. Com seus recursos e benef\u00edcios exclusivos, ele ser\u00e1 o favorito entre os clientes. Mergulhe no mundo do atacado com esta pe\u00e7a de destaque. Garanta seu pedido hoje!<\/li>\n<\/ul>","protected":false},"excerpt":{"rendered":"<p>Apresentando os shorts femininos antiderrapantes de tamanho grande, a melhor combina\u00e7\u00e3o de estilo e funcionalidade. Feita para tamanhos maiores, esta calcinha de cintura alta oferece \u00f3timo controle de barriga e um efeito de eleva\u00e7\u00e3o de bunda lisonjeiro. Feito com tecido de malha respir\u00e1vel e de alta elasticidade, promete conforto e estilo incompar\u00e1veis.<\/p>","protected":false},"featured_media":4181,"comment_status":"open","ping_status":"closed","template":"","meta":{"site-sidebar-layout":"default","site-content-layout":"default","ast-site-content-layout":"default","site-content-style":"default","site-sidebar-style":"default","ast-global-header-display":"","ast-banner-title-visibility":"","ast-main-header-display":"","ast-hfb-above-header-display":"","ast-hfb-below-header-display":"","ast-hfb-mobile-header-display":"","site-post-title":"","ast-breadcrumbs-content":"","ast-featured-img":"","footer-sml-layout":"","ast-disable-related-posts":"","theme-transparent-header-meta":"default","adv-header-id-meta":"","stick-header-meta":"default","header-above-stick-meta":"","header-main-stick-meta":"","header-below-stick-meta":"","astra-migrate-meta-layouts":"set","ast-page-background-enabled":"default","ast-page-background-meta":{"desktop":{"background-color":"","background-image":"","background-repeat":"repeat","background-position":"center center","background-size":"auto","background-attachment":"scroll","background-type":"","background-media":"","overlay-type":"","overlay-color":"","overlay-opacity":"","overlay-gradient":""},"tablet":{"background-color":"","background-image":"","background-repeat":"repeat","background-position":"center center","background-size":"auto","background-attachment":"scroll","background-type":"","background-media":"","overlay-type":"","overlay-color":"","overlay-opacity":"","overlay-gradient":""},"mobile":{"background-color":"","background-image":"","background-repeat":"repeat","background-position":"center center","background-size":"auto","background-attachment":"scroll","background-type":"","background-media":"","overlay-type":"","overlay-color":"","overlay-opacity":"","overlay-gradient":""}},"ast-content-background-meta":{"desktop":{"background-color":"var(--ast-global-color-5)","background-image":"","background-repeat":"repeat","background-position":"center center","background-size":"auto","background-attachment":"scroll","background-type":"","background-media":"","overlay-type":"","overlay-color":"","overlay-opacity":"","overlay-gradient":""},"tablet":{"background-color":"var(--ast-global-color-5)","background-image":"","background-repeat":"repeat","background-position":"center center","background-size":"auto","background-attachment":"scroll","background-type":"","background-media":"","overlay-type":"","overlay-color":"","overlay-opacity":"","overlay-gradient":""},"mobile":{"background-color":"var(--ast-global-color-5)","background-image":"","background-repeat":"repeat","background-position":"center center","background-size":"auto","background-attachment":"scroll","background-type":"","background-media":"","overlay-type":"","overlay-color":"","overlay-opacity":"","overlay-gradient":""}}},"product_brand":[],"product_cat":[65,76,77,80],"product_tag":[139,144,134],"class_list":{"0":"post-4166","1":"product","2":"type-product","3":"status-publish","4":"has-post-thumbnail","6":"product_cat-best-sellers","7":"product_cat-new-arrivels","8":"product_cat-wholesale-womens-shapewear","9":"product_cat-wholesale-butt-lift-underwear","10":"product_tag-high-waist","11":"product_tag-slip","12":"product_tag-tummy-tucker","13":"pa_color-black","14":"pa_size-4xl","15":"pa_size-5xl","16":"pa_size-6xl","17":"pa_size-l","18":"pa_size-m","19":"pa_size-s","20":"pa_size-xl","21":"pa_size-xxl","22":"pa_size-xxxl","23":"desktop-align-center","24":"tablet-align-left","25":"mobile-align-left","26":"ast-product-gallery-layout-horizontal-slider","27":"ast-product-single-variable","28":"ast-product-tabs-layout-horizontal","29":"ast-qv-on-image","31":"first","32":"instock","33":"shipping-taxable","34":"purchasable","35":"product-type-variable"},"tiered_pricing_type":"fixed","tiered_pricing_fixed_rules":{"2":8.99,"30":7.99,"500":6.99},"tiered_pricing_product_settings":{"layout":"default","base_unit_name":{"singular":null,"plural":null},"default_variation":{}},"tiered_pricing_minimum_quantity":null,"tiered_pricing_roles_data":[],"tiered_pricing_percentage_rules":[],"_links":{"self":[{"href":"https:\/\/yume-silm.com\/pt\/wp-json\/wp\/v2\/product\/4166","targetHints":{"allow":["GET"]}}],"collection":[{"href":"https:\/\/yume-silm.com\/pt\/wp-json\/wp\/v2\/product"}],"about":[{"href":"https:\/\/yume-silm.com\/pt\/wp-json\/wp\/v2\/types\/product"}],"replies":[{"embeddable":true,"href":"https:\/\/yume-silm.com\/pt\/wp-json\/wp\/v2\/comments?post=4166"}],"wp:featuredmedia":[{"embeddable":true,"href":"https:\/\/yume-silm.com\/pt\/wp-json\/wp\/v2\/media\/4181"}],"wp:attachment":[{"href":"https:\/\/yume-silm.com\/pt\/wp-json\/wp\/v2\/media?parent=4166"}],"wp:term":[{"taxonomy":"product_brand","embeddable":true,"href":"https:\/\/yume-silm.com\/pt\/wp-json\/wp\/v2\/product_brand?post=4166"},{"taxonomy":"product_cat","embeddable":true,"href":"https:\/\/yume-silm.com\/pt\/wp-json\/wp\/v2\/product_cat?post=4166"},{"taxonomy":"product_tag","embeddable":true,"href":"https:\/\/yume-silm.com\/pt\/wp-json\/wp\/v2\/product_tag?post=4166"}],"curies":[{"name":"wp","href":"https:\/\/api.w.org\/{rel}","templated":true}]}}