{"id":4203,"date":"2023-07-17T03:07:23","date_gmt":"2023-07-17T03:07:23","guid":{"rendered":"https:\/\/yume-silm.com\/?post_type=product&#038;p=4203"},"modified":"2024-05-11T05:41:15","modified_gmt":"2024-05-11T05:41:15","slug":"cinto-de-modelacao-da-cintura-triplo-flexivel-com-design-de-trespassado-duplo","status":"publish","type":"product","link":"https:\/\/yume-silm.com\/pt\/produto\/cinto-de-modelacao-da-cintura-triplo-flexivel-com-design-de-trespassado-duplo\/","title":{"rendered":"Cinto modelador corporal de tamanho grande por atacado: Trespassado duplo"},"content":{"rendered":"<h5>Caracter\u00edsticas de design<\/h5>\n<ul>\n<li><strong>MELHORA A POSTURA:<\/strong> Para trabalhadores de escrit\u00f3rio sedent\u00e1rios que fazem pouco exerc\u00edcio, escolha este cinto aparador de cintura. Porque proporciona um forte apoio \u00e0s costas, ajuda a melhorar a m\u00e1 postura e alivia as dores nas costas.<\/li>\n<li><strong>CINTURA DE TR\u00caS PE\u00c7AS:<\/strong> Nosso cinto modelador corporal \u00e9 \u00fanico. O c\u00f3s exclusivo de tr\u00eas pe\u00e7as oferece excelente suporte para a cintura. Isso o diferencia de outros cintos do mercado. Melhora o efeito modelador.<\/li>\n<li><strong>AJUSTE DE ELASTICIDADE FLEX\u00cdVEL:<\/strong> A manobrabilidade do cinto modelador de cintura de tamanho grande \u00e9 superior. Permitir que os usu\u00e1rios definam sua elasticidade favorita aumenta muito a flexibilidade do produto.<\/li>\n<li><strong>MODA MULTIFUNCIONAL:<\/strong> Se voc\u00ea gosta de fazer exerc\u00edcios e fazer exerc\u00edcios f\u00edsicos, pode adquirir este cinto de prote\u00e7\u00e3o de suporte lombar. Porque pode reduzir o risco de les\u00f5es, como h\u00e9rnia de disco e tens\u00e3o muscular na regi\u00e3o lombar durante exerc\u00edcios f\u00edsicos.<\/li>\n<li>Se voc\u00ea acabou de dar \u00e0 luz, pode usar este cinto modelador de emagrecimento para ajud\u00e1-la a voltar a ter uma figura de ampulheta saud\u00e1vel e atraente o mais r\u00e1pido poss\u00edvel.<\/li>\n<li>\u00c9 claro que voc\u00ea tamb\u00e9m pode usar um cinto modelador de cintura com suporte de agachamento quando se exercita ao ar livre, quando faz ioga ou at\u00e9 mesmo quando vai trabalhar para ajud\u00e1-lo a realizar um corpo ideal mais perfeito.<\/li>\n<\/ul>\n<h6><em>Modelagem corporal feminina plus size para cintura p\u00f3s-parto<\/em><\/h6>\n<ul>\n<li>Nosso cinto modelador de cintura de tamanho grande \u00e9 a mistura perfeita de estilo, conforto e funcionalidade. Para os atacadistas que buscam oferecer produtos de primeira linha alinhados com as \u00faltimas tend\u00eancias, este cinto modelador \u00e9 um complemento essencial. Mergulhe no mundo do atacado com esta pe\u00e7a de destaque. Garanta seu pedido hoje!<\/li>\n<\/ul>","protected":false},"excerpt":{"rendered":"<p>Eleve sua cole\u00e7\u00e3o com nosso cinto modelador de cintura de tamanho grande. Esta pe\u00e7a inovadora apresenta um design trespassado, fechos de tr\u00eas olhos e gancho e um exclusivo envolt\u00f3rio de cintura de tr\u00eas pe\u00e7as, garantindo um ajuste personalizado. Criado para quem busca controle e conforto, \u00e9 um divisor de \u00e1guas no contorno corporal.<\/p>","protected":false},"featured_media":4219,"comment_status":"open","ping_status":"closed","template":"","meta":{"site-sidebar-layout":"default","site-content-layout":"default","ast-site-content-layout":"default","site-content-style":"default","site-sidebar-style":"default","ast-global-header-display":"","ast-banner-title-visibility":"","ast-main-header-display":"","ast-hfb-above-header-display":"","ast-hfb-below-header-display":"","ast-hfb-mobile-header-display":"","site-post-title":"","ast-breadcrumbs-content":"","ast-featured-img":"","footer-sml-layout":"","ast-disable-related-posts":"","theme-transparent-header-meta":"default","adv-header-id-meta":"","stick-header-meta":"default","header-above-stick-meta":"","header-main-stick-meta":"","header-below-stick-meta":"","astra-migrate-meta-layouts":"set","ast-page-background-enabled":"default","ast-page-background-meta":{"desktop":{"background-color":"","background-image":"","background-repeat":"repeat","background-position":"center center","background-size":"auto","background-attachment":"scroll","background-type":"","background-media":"","overlay-type":"","overlay-color":"","overlay-opacity":"","overlay-gradient":""},"tablet":{"background-color":"","background-image":"","background-repeat":"repeat","background-position":"center center","background-size":"auto","background-attachment":"scroll","background-type":"","background-media":"","overlay-type":"","overlay-color":"","overlay-opacity":"","overlay-gradient":""},"mobile":{"background-color":"","background-image":"","background-repeat":"repeat","background-position":"center center","background-size":"auto","background-attachment":"scroll","background-type":"","background-media":"","overlay-type":"","overlay-color":"","overlay-opacity":"","overlay-gradient":""}},"ast-content-background-meta":{"desktop":{"background-color":"var(--ast-global-color-5)","background-image":"","background-repeat":"repeat","background-position":"center center","background-size":"auto","background-attachment":"scroll","background-type":"","background-media":"","overlay-type":"","overlay-color":"","overlay-opacity":"","overlay-gradient":""},"tablet":{"background-color":"var(--ast-global-color-5)","background-image":"","background-repeat":"repeat","background-position":"center center","background-size":"auto","background-attachment":"scroll","background-type":"","background-media":"","overlay-type":"","overlay-color":"","overlay-opacity":"","overlay-gradient":""},"mobile":{"background-color":"var(--ast-global-color-5)","background-image":"","background-repeat":"repeat","background-position":"center center","background-size":"auto","background-attachment":"scroll","background-type":"","background-media":"","overlay-type":"","overlay-color":"","overlay-opacity":"","overlay-gradient":""}}},"product_brand":[],"product_cat":[65,76,90,92],"product_tag":[134,154,185],"class_list":{"0":"post-4203","1":"product","2":"type-product","3":"status-publish","4":"has-post-thumbnail","6":"product_cat-best-sellers","7":"product_cat-new-arrivels","8":"product_cat-wholesale-waist-trainer","9":"product_cat-wholesale-waist-girdle","10":"product_tag-tummy-tucker","11":"product_tag-with-hooks","12":"product_tag-workout","13":"pa_color-black","14":"pa_size-4xl","15":"pa_size-5xl","16":"pa_size-6xl","17":"pa_size-l","18":"pa_size-m","19":"pa_size-s","20":"pa_size-xs","21":"pa_size-xxl","22":"pa_size-xxxl","23":"desktop-align-center","24":"tablet-align-left","25":"mobile-align-left","26":"ast-product-gallery-layout-horizontal-slider","27":"ast-product-single-variable","28":"ast-product-tabs-layout-horizontal","29":"ast-qv-on-image","31":"first","32":"instock","33":"shipping-taxable","34":"purchasable","35":"product-type-variable"},"tiered_pricing_type":"fixed","tiered_pricing_fixed_rules":{"2":6.19,"30":5.29,"100":4.19},"tiered_pricing_product_settings":{"layout":"default","base_unit_name":{"singular":null,"plural":null},"default_variation":{}},"tiered_pricing_minimum_quantity":null,"tiered_pricing_roles_data":[],"tiered_pricing_percentage_rules":[],"_links":{"self":[{"href":"https:\/\/yume-silm.com\/pt\/wp-json\/wp\/v2\/product\/4203","targetHints":{"allow":["GET"]}}],"collection":[{"href":"https:\/\/yume-silm.com\/pt\/wp-json\/wp\/v2\/product"}],"about":[{"href":"https:\/\/yume-silm.com\/pt\/wp-json\/wp\/v2\/types\/product"}],"replies":[{"embeddable":true,"href":"https:\/\/yume-silm.com\/pt\/wp-json\/wp\/v2\/comments?post=4203"}],"wp:featuredmedia":[{"embeddable":true,"href":"https:\/\/yume-silm.com\/pt\/wp-json\/wp\/v2\/media\/4219"}],"wp:attachment":[{"href":"https:\/\/yume-silm.com\/pt\/wp-json\/wp\/v2\/media?parent=4203"}],"wp:term":[{"taxonomy":"product_brand","embeddable":true,"href":"https:\/\/yume-silm.com\/pt\/wp-json\/wp\/v2\/product_brand?post=4203"},{"taxonomy":"product_cat","embeddable":true,"href":"https:\/\/yume-silm.com\/pt\/wp-json\/wp\/v2\/product_cat?post=4203"},{"taxonomy":"product_tag","embeddable":true,"href":"https:\/\/yume-silm.com\/pt\/wp-json\/wp\/v2\/product_tag?post=4203"}],"curies":[{"name":"wp","href":"https:\/\/api.w.org\/{rel}","templated":true}]}}