{"id":4263,"date":"2023-07-17T03:36:46","date_gmt":"2023-07-17T03:36:46","guid":{"rendered":"https:\/\/yume-silm.com\/?post_type=product&#038;p=4263"},"modified":"2024-11-06T02:10:45","modified_gmt":"2024-11-06T02:10:45","slug":"cintura-alta-espessura-abdomen-esponja-almofada-hip-boost-butt-lift-calcinha","status":"publish","type":"product","link":"https:\/\/yume-silm.com\/pt\/produto\/cintura-alta-espessura-abdomen-esponja-almofada-hip-boost-butt-lift-calcinha\/","title":{"rendered":"Calcinha com almofada de esponja para abd\u00f4men espessada de cintura alta por atacado"},"content":{"rendered":"<h5>Caracter\u00edsticas de design<\/h5>\n<ol>\n<li><strong>ALMOFADAS DE ESPUMA PARA MELHORAR O QUADRIL:<\/strong> Oferecemos almofadas de espuma remov\u00edveis nos quadris com esta cueca boxer feminina plus size com cintura abundante e n\u00e1degas. Almofadas de espuma espessa estrategicamente colocadas real\u00e7am a curva natural das n\u00e1degas, adicionando volume e forma.<\/li>\n<li>Naturalmente, cria uma n\u00e1dega mais cheia e redonda para uma figura mais curvil\u00ednea.<\/li>\n<li><strong>CONTROLE DUPLO DA BARRIGA:<\/strong> Shorts modeladores de cintura alta permitem ajuste na cintura. O tummy plus de camada dupla pode reduzir o desejo de comer e beber e, com exerc\u00edcios, realiza excelente controle da barriga, suaviza a barriga e melhora as curvas da cintura e do quadril ao mesmo tempo.<\/li>\n<li><strong>BAINHA DE RENDA:<\/strong> Nossa cueca de cintura alta com abd\u00f4men e quadril \u00e9 elegante com a adi\u00e7\u00e3o de renda. Quando usamos o lindo vestido, ele fica elegante e bem ajustado.<\/li>\n<li><strong>CONFIAN\u00c7A AUMENTADA:<\/strong> Cada um dos nossos modeladores \u00e9 projetado para real\u00e7ar as curvas naturais. Ajudando a alcan\u00e7ar uma figura de ampulheta, uma imagem corporal positiva e aumento da autoconfian\u00e7a.<\/li>\n<\/ol>\n<h6><em>Cueca plus size de cintura alta para abdominoplastia e levantamento de quadril com almofadas de esponja espessas remov\u00edveis<\/em><\/h6>\n<ul>\n<li>Nossa calcinha com almofada de esponja para abd\u00f4men espessada de cintura alta \u00e9 uma mistura de estilo, conforto e funcionalidade. Para atacadistas que desejam oferecer solu\u00e7\u00f5es premium de shapewear, este produto \u00e9 imprescind\u00edvel. Mergulhe no mundo do atacado com esta pe\u00e7a excepcional. Encomende hoje!<\/li>\n<\/ul>","protected":false},"excerpt":{"rendered":"<p>Descubra o poder transformador de nossa calcinha com almofada de esponja para abd\u00f4men espesso de cintura alta. Habilmente elaborada para impulsionar os quadris e levantar as n\u00e1degas, esta calcinha \u00e9 o segredo para alcan\u00e7ar aquela cobi\u00e7ada silhueta de ampulheta para seus clientes.<\/p>","protected":false},"featured_media":4294,"comment_status":"open","ping_status":"closed","template":"","meta":{"site-sidebar-layout":"default","site-content-layout":"default","ast-site-content-layout":"default","site-content-style":"default","site-sidebar-style":"default","ast-global-header-display":"","ast-banner-title-visibility":"","ast-main-header-display":"","ast-hfb-above-header-display":"","ast-hfb-below-header-display":"","ast-hfb-mobile-header-display":"","site-post-title":"","ast-breadcrumbs-content":"","ast-featured-img":"","footer-sml-layout":"","ast-disable-related-posts":"","theme-transparent-header-meta":"default","adv-header-id-meta":"","stick-header-meta":"default","header-above-stick-meta":"","header-main-stick-meta":"","header-below-stick-meta":"","astra-migrate-meta-layouts":"set","ast-page-background-enabled":"default","ast-page-background-meta":{"desktop":{"background-color":"","background-image":"","background-repeat":"repeat","background-position":"center center","background-size":"auto","background-attachment":"scroll","background-type":"","background-media":"","overlay-type":"","overlay-color":"","overlay-opacity":"","overlay-gradient":""},"tablet":{"background-color":"","background-image":"","background-repeat":"repeat","background-position":"center center","background-size":"auto","background-attachment":"scroll","background-type":"","background-media":"","overlay-type":"","overlay-color":"","overlay-opacity":"","overlay-gradient":""},"mobile":{"background-color":"","background-image":"","background-repeat":"repeat","background-position":"center center","background-size":"auto","background-attachment":"scroll","background-type":"","background-media":"","overlay-type":"","overlay-color":"","overlay-opacity":"","overlay-gradient":""}},"ast-content-background-meta":{"desktop":{"background-color":"var(--ast-global-color-5)","background-image":"","background-repeat":"repeat","background-position":"center center","background-size":"auto","background-attachment":"scroll","background-type":"","background-media":"","overlay-type":"","overlay-color":"","overlay-opacity":"","overlay-gradient":""},"tablet":{"background-color":"var(--ast-global-color-5)","background-image":"","background-repeat":"repeat","background-position":"center center","background-size":"auto","background-attachment":"scroll","background-type":"","background-media":"","overlay-type":"","overlay-color":"","overlay-opacity":"","overlay-gradient":""},"mobile":{"background-color":"var(--ast-global-color-5)","background-image":"","background-repeat":"repeat","background-position":"center center","background-size":"auto","background-attachment":"scroll","background-type":"","background-media":"","overlay-type":"","overlay-color":"","overlay-opacity":"","overlay-gradient":""}}},"product_brand":[],"product_cat":[65,76,77,80],"product_tag":[136,137,139,186,141,134,154],"class_list":{"0":"post-4263","1":"product","2":"type-product","3":"status-publish","4":"has-post-thumbnail","6":"product_cat-best-sellers","7":"product_cat-new-arrivels","8":"product_cat-wholesale-womens-shapewear","9":"product_cat-wholesale-butt-lift-underwear","10":"product_tag-bridal","11":"product_tag-butt-lift","12":"product_tag-high-waist","13":"product_tag-padded","14":"product_tag-plus-size","15":"product_tag-tummy-tucker","16":"product_tag-with-hooks","17":"pa_color-beige","18":"pa_color-black","19":"pa_size-4xl","20":"pa_size-5xl","21":"pa_size-6xl","22":"pa_size-l","23":"pa_size-m","24":"pa_size-s","25":"pa_size-xl","26":"pa_size-xxl","27":"pa_size-xxxl","28":"desktop-align-center","29":"tablet-align-left","30":"mobile-align-left","31":"ast-product-gallery-layout-horizontal-slider","32":"ast-product-single-variable","33":"ast-product-tabs-layout-horizontal","34":"ast-qv-on-image","36":"first","37":"instock","38":"shipping-taxable","39":"purchasable","40":"product-type-variable"},"tiered_pricing_type":"fixed","tiered_pricing_fixed_rules":{"2":13.19,"30":12.39,"500":10.29},"tiered_pricing_product_settings":{"layout":"default","base_unit_name":{"singular":null,"plural":null},"default_variation":{}},"tiered_pricing_minimum_quantity":null,"tiered_pricing_roles_data":[],"tiered_pricing_percentage_rules":[],"_links":{"self":[{"href":"https:\/\/yume-silm.com\/pt\/wp-json\/wp\/v2\/product\/4263","targetHints":{"allow":["GET"]}}],"collection":[{"href":"https:\/\/yume-silm.com\/pt\/wp-json\/wp\/v2\/product"}],"about":[{"href":"https:\/\/yume-silm.com\/pt\/wp-json\/wp\/v2\/types\/product"}],"replies":[{"embeddable":true,"href":"https:\/\/yume-silm.com\/pt\/wp-json\/wp\/v2\/comments?post=4263"}],"wp:featuredmedia":[{"embeddable":true,"href":"https:\/\/yume-silm.com\/pt\/wp-json\/wp\/v2\/media\/4294"}],"wp:attachment":[{"href":"https:\/\/yume-silm.com\/pt\/wp-json\/wp\/v2\/media?parent=4263"}],"wp:term":[{"taxonomy":"product_brand","embeddable":true,"href":"https:\/\/yume-silm.com\/pt\/wp-json\/wp\/v2\/product_brand?post=4263"},{"taxonomy":"product_cat","embeddable":true,"href":"https:\/\/yume-silm.com\/pt\/wp-json\/wp\/v2\/product_cat?post=4263"},{"taxonomy":"product_tag","embeddable":true,"href":"https:\/\/yume-silm.com\/pt\/wp-json\/wp\/v2\/product_tag?post=4263"}],"curies":[{"name":"wp","href":"https:\/\/api.w.org\/{rel}","templated":true}]}}