{"id":4410,"date":"2023-07-17T07:43:57","date_gmt":"2023-07-17T07:43:57","guid":{"rendered":"https:\/\/yume-silm.com\/?post_type=product&#038;p=4410"},"modified":"2025-05-29T03:34:54","modified_gmt":"2025-05-29T03:34:54","slug":"cinta-de-controlo-do-ventre-destacavel-para-modelar-a-cintura-e-as-ancas","status":"publish","type":"product","link":"https:\/\/yume-silm.com\/pt\/produto\/cinta-de-controlo-do-ventre-destacavel-para-modelar-a-cintura-e-as-ancas\/","title":{"rendered":"Calcinha modeladora para controle de barriga no atacado: levantamento de cintura e quadril"},"content":{"rendered":"<h5>Caracter\u00edsticas de design<\/h5>\n<ul>\n<li><strong>CONTROLE ABDOMINAL:<\/strong> Nossos shorts modeladores de cintura alta apresentam um poderoso painel de controle abdominal para maximizar a suaviza\u00e7\u00e3o da cintura e o achatamento da barriga.<\/li>\n<li><strong>AL\u00c7A DE SUTI\u00c3 REMOV\u00cdVEL:<\/strong> Este melhor short modelador especialmente projetado oferece compress\u00e3o e modelagem extra para a cintura e quadris.<\/li>\n<li><strong>Eleva\u00e7\u00e3o de cintura e quadril:<\/strong> O efeito geral do modelador sem costura \u00e9 excelente e, com o efeito de movimento, pode moldar a figura da ampulheta e real\u00e7ar a curva dos quadris.<\/li>\n<li><strong>SEM EMENDA E CONFORT\u00c1VEL:<\/strong> Com este short modelador feminino, voc\u00ea pode usar outros lindos vestidos, jeans e assim por diante melhor. Porque shorts modeladores plus size podem ser escondidos sob qualquer roupa.<\/li>\n<li><strong>USO VERS\u00c1TIL:<\/strong> Escolha nossa roupa \u00edntima modeladora plus size, f\u00e1cil de gerenciar no deslocamento di\u00e1rio ou em ocasi\u00f5es especiais de festa, etc., para aumentar sua confian\u00e7a e complementar qualquer roupa.<\/li>\n<\/ul>\n<h6><em>Calcinha feminina modeladora de barriga plus size com renda<\/em><\/h6>\n<ul>\n<li>Nossa calcinha modeladora com controle de barriga \u00e9 uma mistura de estilo, conforto e funcionalidade. Para atacadistas que desejam oferecer solu\u00e7\u00f5es inovadoras de shapewear, este produto \u00e9 imprescind\u00edvel. Mergulhe no mundo do atacado com esta pe\u00e7a excepcional. Encomende hoje!<\/li>\n<\/ul>","protected":false},"excerpt":{"rendered":"<p>Aumente a confian\u00e7a de seus clientes com nossa calcinha modeladora remov\u00edvel com al\u00e7a para controle de barriga. Projetado para aumentar a cintura e o quadril. Esta calcinha feminina plus size modeladora de barriga com renda oferece uma transforma\u00e7\u00e3o imediata na forma e na silhueta, acentuando lindamente as curvas naturais.<\/p>","protected":false},"featured_media":4426,"comment_status":"open","ping_status":"closed","template":"","meta":{"site-sidebar-layout":"default","site-content-layout":"default","ast-site-content-layout":"default","site-content-style":"default","site-sidebar-style":"default","ast-global-header-display":"","ast-banner-title-visibility":"","ast-main-header-display":"","ast-hfb-above-header-display":"","ast-hfb-below-header-display":"","ast-hfb-mobile-header-display":"","site-post-title":"","ast-breadcrumbs-content":"","ast-featured-img":"","footer-sml-layout":"","ast-disable-related-posts":"","theme-transparent-header-meta":"default","adv-header-id-meta":"","stick-header-meta":"default","header-above-stick-meta":"","header-main-stick-meta":"","header-below-stick-meta":"","astra-migrate-meta-layouts":"set","ast-page-background-enabled":"default","ast-page-background-meta":{"desktop":{"background-color":"","background-image":"","background-repeat":"repeat","background-position":"center center","background-size":"auto","background-attachment":"scroll","background-type":"","background-media":"","overlay-type":"","overlay-color":"","overlay-opacity":"","overlay-gradient":""},"tablet":{"background-color":"","background-image":"","background-repeat":"repeat","background-position":"center center","background-size":"auto","background-attachment":"scroll","background-type":"","background-media":"","overlay-type":"","overlay-color":"","overlay-opacity":"","overlay-gradient":""},"mobile":{"background-color":"","background-image":"","background-repeat":"repeat","background-position":"center center","background-size":"auto","background-attachment":"scroll","background-type":"","background-media":"","overlay-type":"","overlay-color":"","overlay-opacity":"","overlay-gradient":""}},"ast-content-background-meta":{"desktop":{"background-color":"var(--ast-global-color-5)","background-image":"","background-repeat":"repeat","background-position":"center center","background-size":"auto","background-attachment":"scroll","background-type":"","background-media":"","overlay-type":"","overlay-color":"","overlay-opacity":"","overlay-gradient":""},"tablet":{"background-color":"var(--ast-global-color-5)","background-image":"","background-repeat":"repeat","background-position":"center center","background-size":"auto","background-attachment":"scroll","background-type":"","background-media":"","overlay-type":"","overlay-color":"","overlay-opacity":"","overlay-gradient":""},"mobile":{"background-color":"var(--ast-global-color-5)","background-image":"","background-repeat":"repeat","background-position":"center center","background-size":"auto","background-attachment":"scroll","background-type":"","background-media":"","overlay-type":"","overlay-color":"","overlay-opacity":"","overlay-gradient":""}}},"product_brand":[],"product_cat":[65,76,77,80],"product_tag":[141,134,154],"class_list":{"0":"post-4410","1":"product","2":"type-product","3":"status-publish","4":"has-post-thumbnail","6":"product_cat-best-sellers","7":"product_cat-new-arrivels","8":"product_cat-wholesale-womens-shapewear","9":"product_cat-wholesale-butt-lift-underwear","10":"product_tag-plus-size","11":"product_tag-tummy-tucker","12":"product_tag-with-hooks","13":"pa_color-black","14":"pa_size-4xl","15":"pa_size-5xl","16":"pa_size-6xl","17":"pa_size-l","18":"pa_size-m","19":"pa_size-s","20":"pa_size-xl","21":"pa_size-xxl","22":"pa_size-xxxl","23":"desktop-align-center","24":"tablet-align-left","25":"mobile-align-left","26":"ast-product-gallery-layout-horizontal-slider","27":"ast-product-single-variable","28":"ast-product-tabs-layout-horizontal","29":"ast-qv-on-image","31":"first","32":"instock","33":"shipping-taxable","34":"purchasable","35":"product-type-variable"},"tiered_pricing_type":"fixed","tiered_pricing_fixed_rules":{"2":11.89,"30":11.09,"500":9.29},"tiered_pricing_product_settings":{"layout":"default","base_unit_name":{"singular":null,"plural":null},"default_variation":{}},"tiered_pricing_minimum_quantity":null,"tiered_pricing_roles_data":[],"tiered_pricing_percentage_rules":[],"_links":{"self":[{"href":"https:\/\/yume-silm.com\/pt\/wp-json\/wp\/v2\/product\/4410","targetHints":{"allow":["GET"]}}],"collection":[{"href":"https:\/\/yume-silm.com\/pt\/wp-json\/wp\/v2\/product"}],"about":[{"href":"https:\/\/yume-silm.com\/pt\/wp-json\/wp\/v2\/types\/product"}],"replies":[{"embeddable":true,"href":"https:\/\/yume-silm.com\/pt\/wp-json\/wp\/v2\/comments?post=4410"}],"wp:featuredmedia":[{"embeddable":true,"href":"https:\/\/yume-silm.com\/pt\/wp-json\/wp\/v2\/media\/4426"}],"wp:attachment":[{"href":"https:\/\/yume-silm.com\/pt\/wp-json\/wp\/v2\/media?parent=4410"}],"wp:term":[{"taxonomy":"product_brand","embeddable":true,"href":"https:\/\/yume-silm.com\/pt\/wp-json\/wp\/v2\/product_brand?post=4410"},{"taxonomy":"product_cat","embeddable":true,"href":"https:\/\/yume-silm.com\/pt\/wp-json\/wp\/v2\/product_cat?post=4410"},{"taxonomy":"product_tag","embeddable":true,"href":"https:\/\/yume-silm.com\/pt\/wp-json\/wp\/v2\/product_tag?post=4410"}],"curies":[{"name":"wp","href":"https:\/\/api.w.org\/{rel}","templated":true}]}}