{"id":4521,"date":"2023-07-21T09:19:11","date_gmt":"2023-07-21T09:19:11","guid":{"rendered":"https:\/\/yume-silm.com\/?post_type=product&#038;p=4521"},"modified":"2024-01-27T08:11:10","modified_gmt":"2024-01-27T08:11:10","slug":"modelador-body-com-controle-de-barriga-e-quadril-de-malha-respiravel","status":"publish","type":"product","link":"https:\/\/yume-silm.com\/pt\/produto\/modelador-body-com-controle-de-barriga-e-quadril-de-malha-respiravel\/","title":{"rendered":"Bodysuit modelador de busto aberto por atacado com z\u00edper"},"content":{"rendered":"<h5>Caracter\u00edsticas de design<\/h5>\n<ul>\n<li><strong>CONTROLE DE BARRIGA:<\/strong> A suavidade geral do body com busto aberto maximiza o efeito de moldar a barriga para uma apar\u00eancia mais aerodin\u00e2mica.<\/li>\n<li><strong>QUADRIS DE MALHA RESPIR\u00c1VEL:<\/strong> A tanga modeladora \u00e9 feita de material de alta qualidade que \u00e9 quase totalmente respir\u00e1vel para maximizar a ajuda da pele a respirar. Ideal para uso o dia todo e, claro, voc\u00ea tamb\u00e9m pode us\u00e1-lo para exerc\u00edcios de emagrecimento.<\/li>\n<li><strong>VIRILHA ABERTA:<\/strong> A virilha dos melhores modeladores femininos possui bot\u00f5es de press\u00e3o que podem ser facilmente abertos e fechados na hora de ir ao banheiro. Esta fun\u00e7\u00e3o pr\u00e1tica proporciona mais comodidade para ir ao banheiro.<\/li>\n<li><strong>AL\u00c7AS AJUST\u00c1VEIS:<\/strong> As al\u00e7as ajust\u00e1veis do body modelador de busto com virilha aberta proporcionam um ajuste personaliz\u00e1vel e garantem que o modelador se adapte perfeitamente ao formato do seu corpo.<\/li>\n<\/ul>\n<h6><em>Macac\u00e3o feminino com busto aberto<\/em><\/h6>\n<ul>\n<li>Nosso body modelador de busto aberto com z\u00edper \u00e9 uma mistura de estilo, conforto e funcionalidade.<\/li>\n<li>Para atacadistas que buscam oferecer solu\u00e7\u00f5es inovadoras de shapewear, este produto \u00e9 imprescind\u00edvel. Mergulhe no mundo do atacado com esta pe\u00e7a excepcional. Encomende hoje!<\/li>\n<\/ul>","protected":false},"excerpt":{"rendered":"<p>Eleve sua silhueta com nosso body modelador de busto aberto com z\u00edper. Projetada com controle de barriga e virilha que pode ser aberta, esta pe\u00e7a garante que seus clientes obtenham uma apar\u00eancia elegante e contornada enquanto desfrutam do m\u00e1ximo conforto.<\/p>","protected":false},"featured_media":4537,"comment_status":"open","ping_status":"closed","template":"","meta":{"site-sidebar-layout":"default","site-content-layout":"default","ast-site-content-layout":"default","site-content-style":"default","site-sidebar-style":"default","ast-global-header-display":"","ast-banner-title-visibility":"","ast-main-header-display":"","ast-hfb-above-header-display":"","ast-hfb-below-header-display":"","ast-hfb-mobile-header-display":"","site-post-title":"","ast-breadcrumbs-content":"","ast-featured-img":"","footer-sml-layout":"","ast-disable-related-posts":"","theme-transparent-header-meta":"default","adv-header-id-meta":"","stick-header-meta":"default","header-above-stick-meta":"","header-main-stick-meta":"","header-below-stick-meta":"","astra-migrate-meta-layouts":"set","ast-page-background-enabled":"default","ast-page-background-meta":{"desktop":{"background-color":"","background-image":"","background-repeat":"repeat","background-position":"center center","background-size":"auto","background-attachment":"scroll","background-type":"","background-media":"","overlay-type":"","overlay-color":"","overlay-opacity":"","overlay-gradient":""},"tablet":{"background-color":"","background-image":"","background-repeat":"repeat","background-position":"center center","background-size":"auto","background-attachment":"scroll","background-type":"","background-media":"","overlay-type":"","overlay-color":"","overlay-opacity":"","overlay-gradient":""},"mobile":{"background-color":"","background-image":"","background-repeat":"repeat","background-position":"center center","background-size":"auto","background-attachment":"scroll","background-type":"","background-media":"","overlay-type":"","overlay-color":"","overlay-opacity":"","overlay-gradient":""}},"ast-content-background-meta":{"desktop":{"background-color":"var(--ast-global-color-5)","background-image":"","background-repeat":"repeat","background-position":"center center","background-size":"auto","background-attachment":"scroll","background-type":"","background-media":"","overlay-type":"","overlay-color":"","overlay-opacity":"","overlay-gradient":""},"tablet":{"background-color":"var(--ast-global-color-5)","background-image":"","background-repeat":"repeat","background-position":"center center","background-size":"auto","background-attachment":"scroll","background-type":"","background-media":"","overlay-type":"","overlay-color":"","overlay-opacity":"","overlay-gradient":""},"mobile":{"background-color":"var(--ast-global-color-5)","background-image":"","background-repeat":"repeat","background-position":"center center","background-size":"auto","background-attachment":"scroll","background-type":"","background-media":"","overlay-type":"","overlay-color":"","overlay-opacity":"","overlay-gradient":""}}},"product_brand":[],"product_cat":[65,76,77,82],"product_tag":[152,134],"class_list":{"0":"post-4521","1":"product","2":"type-product","3":"status-publish","4":"has-post-thumbnail","6":"product_cat-best-sellers","7":"product_cat-new-arrivels","8":"product_cat-wholesale-womens-shapewear","9":"product_cat-wholesale-shapewear-bodysuit","10":"product_tag-lace-up","11":"product_tag-tummy-tucker","12":"pa_color-beige","13":"pa_color-black","14":"pa_size-l","15":"pa_size-m","16":"pa_size-s","17":"desktop-align-center","18":"tablet-align-left","19":"mobile-align-left","20":"ast-product-gallery-layout-horizontal-slider","21":"ast-product-single-variable","22":"ast-product-tabs-layout-horizontal","23":"ast-qv-on-image","25":"first","26":"instock","27":"shipping-taxable","28":"purchasable","29":"product-type-variable"},"tiered_pricing_type":"fixed","tiered_pricing_fixed_rules":{"2":8.19,"30":7.59,"500":6.39},"tiered_pricing_product_settings":{"layout":"default","base_unit_name":{"singular":null,"plural":null},"default_variation":{}},"tiered_pricing_minimum_quantity":null,"tiered_pricing_roles_data":[],"tiered_pricing_percentage_rules":[],"_links":{"self":[{"href":"https:\/\/yume-silm.com\/pt\/wp-json\/wp\/v2\/product\/4521","targetHints":{"allow":["GET"]}}],"collection":[{"href":"https:\/\/yume-silm.com\/pt\/wp-json\/wp\/v2\/product"}],"about":[{"href":"https:\/\/yume-silm.com\/pt\/wp-json\/wp\/v2\/types\/product"}],"replies":[{"embeddable":true,"href":"https:\/\/yume-silm.com\/pt\/wp-json\/wp\/v2\/comments?post=4521"}],"wp:featuredmedia":[{"embeddable":true,"href":"https:\/\/yume-silm.com\/pt\/wp-json\/wp\/v2\/media\/4537"}],"wp:attachment":[{"href":"https:\/\/yume-silm.com\/pt\/wp-json\/wp\/v2\/media?parent=4521"}],"wp:term":[{"taxonomy":"product_brand","embeddable":true,"href":"https:\/\/yume-silm.com\/pt\/wp-json\/wp\/v2\/product_brand?post=4521"},{"taxonomy":"product_cat","embeddable":true,"href":"https:\/\/yume-silm.com\/pt\/wp-json\/wp\/v2\/product_cat?post=4521"},{"taxonomy":"product_tag","embeddable":true,"href":"https:\/\/yume-silm.com\/pt\/wp-json\/wp\/v2\/product_tag?post=4521"}],"curies":[{"name":"wp","href":"https:\/\/api.w.org\/{rel}","templated":true}]}}