{"id":4648,"date":"2023-07-25T05:07:51","date_gmt":"2023-07-25T05:07:51","guid":{"rendered":"https:\/\/yume-silm.com\/?post_type=product&#038;p=4648"},"modified":"2024-01-24T06:16:42","modified_gmt":"2024-01-24T06:16:42","slug":"modelador-de-renda-com-recorte-no-quadril","status":"publish","type":"product","link":"https:\/\/yume-silm.com\/pt\/produto\/modelador-de-renda-com-recorte-no-quadril\/","title":{"rendered":"Treinador de cintura envolt\u00f3rio de barriga por atacado com levantador de bunda"},"content":{"rendered":"<h5>Caracter\u00edsticas de design<\/h5>\n<ul>\n<li><strong>DECORA\u00c7\u00c3O DE RENDA:<\/strong> As bordas rendadas dos shorts femininos acrescentam eleg\u00e2ncia e feminilidade \u00e0 vis\u00e3o. A eleg\u00e2ncia sensual dos shorts modeladores para levantamento de bumbum para mulheres permite que o modelador embeleze melhor a linha das pernas para um visual mais confiante e bonito.<\/li>\n<li><strong>CINTO REMOV\u00cdVEL:<\/strong> A calcinha moldada no quadril com cinto de fitness ajust\u00e1vel oferece versatilidade no estilo e modelagem, permitindo um ajuste personalizado.<\/li>\n<li><strong>N\u00c1DEGAS OCAS:<\/strong> O modelador de quadril feminino tem um design exclusivo de corte de quadril. Melhora o formato dos quadris ao mesmo tempo que garante uma est\u00e9tica sexy, proporcionando uma eleva\u00e7\u00e3o atraente e defini\u00e7\u00e3o \u00e0 sua silhueta.<\/li>\n<li><strong>CONFORTO E FLEXIBILIDADE:<\/strong> O modelador de cintura para levantador de gordura da barriga \u00e9 feito de tecido macio e el\u00e1stico para garantir elasticidade total. Adapta-se confortavelmente a todas as situa\u00e7\u00f5es e permite liberdade de movimentos.<\/li>\n<li><strong>SILHUETA MELHORADA:<\/strong> Este nosso modelador 2 em 1 \u00e9 adequado para qualquer festa, reuni\u00e3o, trabalho e outras ocasi\u00f5es. Seja usado sob vestidos, saias ou cal\u00e7as, este modelador de cintura personalizado com levantador de bumbum ajudar\u00e1 a moldar e suavizar sua figura, aumentar a confian\u00e7a e melhorar seu traje.<\/li>\n<\/ul>\n<h6><em>Shorts modeladores para levantamento de n\u00e1degas para tonifica\u00e7\u00e3o da gordura abdominal inferior<\/em><\/h6>\n<ul>\n<li>Nosso modelador de cintura envolvente com levantador de bumbum \u00e9 uma mistura de estilo, conforto e funcionalidade. Para atacadistas que buscam oferecer solu\u00e7\u00f5es inovadoras de shapewear, este produto \u00e9 imprescind\u00edvel.<\/li>\n<li>Com op\u00e7\u00f5es de personaliza\u00e7\u00e3o, uma variedade de tamanhos e a promessa de entrega r\u00e1pida, \u00e9 uma adi\u00e7\u00e3o valiosa ao seu estoque. Mergulhe no mundo do atacado com esta pe\u00e7a excepcional. Encomende hoje!<\/li>\n<\/ul>","protected":false},"excerpt":{"rendered":"<p>Abrace a eleg\u00e2ncia com nosso modelador de cintura envolvente com levantador de bumbum, com recorte no quadril e cinto remov\u00edvel para um estilo vers\u00e1til. Confeccionada em tecido macio e el\u00e1stico, esta pe\u00e7a garante conforto e flexibilidade, real\u00e7ando sua silhueta sob qualquer look.<\/p>","protected":false},"featured_media":4661,"comment_status":"open","ping_status":"closed","template":"","meta":{"site-sidebar-layout":"default","site-content-layout":"default","ast-site-content-layout":"default","site-content-style":"default","site-sidebar-style":"default","ast-global-header-display":"","ast-banner-title-visibility":"","ast-main-header-display":"","ast-hfb-above-header-display":"","ast-hfb-below-header-display":"","ast-hfb-mobile-header-display":"","site-post-title":"","ast-breadcrumbs-content":"","ast-featured-img":"","footer-sml-layout":"","ast-disable-related-posts":"","theme-transparent-header-meta":"default","adv-header-id-meta":"","stick-header-meta":"default","header-above-stick-meta":"","header-main-stick-meta":"","header-below-stick-meta":"","astra-migrate-meta-layouts":"set","ast-page-background-enabled":"default","ast-page-background-meta":{"desktop":{"background-color":"","background-image":"","background-repeat":"repeat","background-position":"center center","background-size":"auto","background-attachment":"scroll","background-type":"","background-media":"","overlay-type":"","overlay-color":"","overlay-opacity":"","overlay-gradient":""},"tablet":{"background-color":"","background-image":"","background-repeat":"repeat","background-position":"center center","background-size":"auto","background-attachment":"scroll","background-type":"","background-media":"","overlay-type":"","overlay-color":"","overlay-opacity":"","overlay-gradient":""},"mobile":{"background-color":"","background-image":"","background-repeat":"repeat","background-position":"center center","background-size":"auto","background-attachment":"scroll","background-type":"","background-media":"","overlay-type":"","overlay-color":"","overlay-opacity":"","overlay-gradient":""}},"ast-content-background-meta":{"desktop":{"background-color":"var(--ast-global-color-5)","background-image":"","background-repeat":"repeat","background-position":"center center","background-size":"auto","background-attachment":"scroll","background-type":"","background-media":"","overlay-type":"","overlay-color":"","overlay-opacity":"","overlay-gradient":""},"tablet":{"background-color":"var(--ast-global-color-5)","background-image":"","background-repeat":"repeat","background-position":"center center","background-size":"auto","background-attachment":"scroll","background-type":"","background-media":"","overlay-type":"","overlay-color":"","overlay-opacity":"","overlay-gradient":""},"mobile":{"background-color":"var(--ast-global-color-5)","background-image":"","background-repeat":"repeat","background-position":"center center","background-size":"auto","background-attachment":"scroll","background-type":"","background-media":"","overlay-type":"","overlay-color":"","overlay-opacity":"","overlay-gradient":""}}},"product_brand":[],"product_cat":[65,76,77,80],"product_tag":[187,134],"class_list":{"0":"post-4648","1":"product","2":"type-product","3":"status-publish","4":"has-post-thumbnail","6":"product_cat-best-sellers","7":"product_cat-new-arrivels","8":"product_cat-wholesale-womens-shapewear","9":"product_cat-wholesale-butt-lift-underwear","10":"product_tag-2-in-1","11":"product_tag-tummy-tucker","12":"pa_color-black","13":"pa_size-l","14":"pa_size-m","15":"pa_size-s","16":"pa_size-xl","17":"pa_size-xxl","18":"pa_size-xxxl","19":"desktop-align-center","20":"tablet-align-left","21":"mobile-align-left","22":"ast-product-gallery-layout-horizontal-slider","23":"ast-product-single-variable","24":"ast-product-tabs-layout-horizontal","25":"ast-qv-on-image","27":"first","28":"instock","29":"shipping-taxable","30":"purchasable","31":"product-type-variable"},"tiered_pricing_type":"fixed","tiered_pricing_fixed_rules":{"2":10.99,"30":10.29,"500":8.59},"tiered_pricing_product_settings":{"layout":"default","base_unit_name":{"singular":null,"plural":null},"default_variation":{}},"tiered_pricing_minimum_quantity":null,"tiered_pricing_roles_data":[],"tiered_pricing_percentage_rules":[],"_links":{"self":[{"href":"https:\/\/yume-silm.com\/pt\/wp-json\/wp\/v2\/product\/4648","targetHints":{"allow":["GET"]}}],"collection":[{"href":"https:\/\/yume-silm.com\/pt\/wp-json\/wp\/v2\/product"}],"about":[{"href":"https:\/\/yume-silm.com\/pt\/wp-json\/wp\/v2\/types\/product"}],"replies":[{"embeddable":true,"href":"https:\/\/yume-silm.com\/pt\/wp-json\/wp\/v2\/comments?post=4648"}],"wp:featuredmedia":[{"embeddable":true,"href":"https:\/\/yume-silm.com\/pt\/wp-json\/wp\/v2\/media\/4661"}],"wp:attachment":[{"href":"https:\/\/yume-silm.com\/pt\/wp-json\/wp\/v2\/media?parent=4648"}],"wp:term":[{"taxonomy":"product_brand","embeddable":true,"href":"https:\/\/yume-silm.com\/pt\/wp-json\/wp\/v2\/product_brand?post=4648"},{"taxonomy":"product_cat","embeddable":true,"href":"https:\/\/yume-silm.com\/pt\/wp-json\/wp\/v2\/product_cat?post=4648"},{"taxonomy":"product_tag","embeddable":true,"href":"https:\/\/yume-silm.com\/pt\/wp-json\/wp\/v2\/product_tag?post=4648"}],"curies":[{"name":"wp","href":"https:\/\/api.w.org\/{rel}","templated":true}]}}