{"id":4666,"date":"2023-07-25T05:25:30","date_gmt":"2023-07-25T05:25:30","guid":{"rendered":"https:\/\/yume-silm.com\/?post_type=product&#038;p=4666"},"modified":"2024-11-06T02:09:00","modified_gmt":"2024-11-06T02:09:00","slug":"cueca-modeladora-de-cintura-alta-com-nadegas-acolchoadas","status":"publish","type":"product","link":"https:\/\/yume-silm.com\/pt\/produto\/cueca-modeladora-de-cintura-alta-com-nadegas-acolchoadas\/","title":{"rendered":"Cal\u00e7as modeladoras de cintura alta por atacado com n\u00e1degas acolchoadas"},"content":{"rendered":"<h5>Caracter\u00edsticas de design<\/h5>\n<ul>\n<li data-slate-node=\"element\"><span data-slate-node=\"text\"><span class=\"00\" data-slate-leaf=\"true\"><strong>CINTURA ALTA:<\/strong> A parte de baixo modeladora de cintura alta com n\u00e1degas acolchoadas oferece compress\u00e3o dupla para ajudar as mulheres a afinar a cintura, controlar o abd\u00f4men, acalmar as costas e perder gordura nas coxas. <\/span><\/span><span data-slate-node=\"text\"><span class=\"01\" data-slate-leaf=\"true\">Shorts modeladores plus size para mulheres criam uma silhueta elegante e aerodin\u00e2mica que complementa qualquer roupa.<\/span><\/span><\/li>\n<li data-slate-node=\"element\"><span data-slate-node=\"text\"><span class=\"21\" data-slate-leaf=\"true\"><strong>QUADRIS CHEIOS:<\/strong> Nossos shorts bbl de cintura alta com controle de barriga foram projetados para mostrar seus quadris arredondados, rechonchudos e sexy. <\/span><\/span><span data-slate-node=\"text\"><span class=\"22\" data-slate-leaf=\"true\">Almofadas remov\u00edveis para facilitar a substitui\u00e7\u00e3o e limpeza. <\/span><\/span><span data-slate-node=\"text\"><span class=\"23\" data-slate-leaf=\"true\">Ao mesmo tempo, a altura certa pode ser ajustada para proporcionar uma eleva\u00e7\u00e3o e contorno naturais que acentuam as suas curvas em todos os lugares certos.<\/span><\/span><\/li>\n<li data-slate-node=\"element\"><span data-slate-node=\"text\"><span class=\"41\" data-slate-leaf=\"true\"><strong>REDE RESPIR\u00c1VEL:<\/strong> Os shorts modeladores para levantamento de bunda com almofadas de quadril s\u00e3o feitos de materiais de poli\u00e9ster e elastano de alta qualidade, que s\u00e3o el\u00e1sticos e f\u00e1ceis de promover a circula\u00e7\u00e3o de ar, reduzir a transpira\u00e7\u00e3o e mant\u00ea-lo confort\u00e1vel o dia todo.<\/span><\/span><\/li>\n<li data-slate-node=\"element\"><span data-slate-node=\"text\"><span class=\"61\" data-slate-leaf=\"true\"><strong>VERS\u00c1TIL E INVIS\u00cdVEL:<\/strong> Tenha certeza de que estas almofadas de quadril para modeladores femininos ficar\u00e3o perfeitamente escondidas sob seus quadris, permanecendo invis\u00edveis sob a roupa, proporcionando linhas suaves que complementam o formato do seu corpo.<\/span><\/span><\/li>\n<li data-slate-node=\"element\" data-slate-fragment=\"JTVCJTdCJTIydHlwZSUyMiUzQSUyMnBhcmFncmFwaCUyMiUyQyUyMmNoaWxkcmVuJTIyJTNBJTVCJTdCJTIydGV4dCUyMiUzQSUyMkhJR0glMjBXQUlTVCUzQSUyMEhpZ2glMjB3YWlzdCUyMHNoYXBld2VhciUyMGJvdHRvbXMlMjB3aXRoJTIwcGFkZGVkJTIwYnV0dG9jayUyMHByb3ZpZGVzJTIwZG91YmxlJTIwY29tcHJlc3Npb24lMjB0byUyMGhlbHAlMjB3b21lbiUyMHNsaW0lMjB0aGVpciUyMHdhaXN0cyUyQyUyMGNvbnRyb2wlMjB0aGVpciUyMGFiZG9tZW5zJTJDJTIwc29vdGhlJTIwdGhlaXIlMjBiYWNrcyUyQyUyMGFuZCUyMGxvc2UlMjBmYXQlMjBpbiUyMHRoZWlyJTIwdGhpZ2hzLiUyMCUyMiUyQyUyMnNlbnRlbmNlJTIyJTNBMCUyQyUyMmNoaWxkU2VudGVuY2UlMjIlM0EwJTdEJTJDJTdCJTIydGV4dCUyMiUzQSUyMlBsdXMlMjBzaXplJTIwYm9keSUyMHNoYXBpbmclMjBzaG9ydHMlMjBmb3IlMjB3b21lbiUyMGNyZWF0ZXMlMjBhJTIwc2xlZWslMkMlMjBzdHJlYW1saW5lZCUyMHNpbGhvdWV0dGUlMjB0aGF0JTIwY29tcGxlbWVudHMlMjBhbnklMjBvdXRmaXQuJTIyJTJDJTIyc2VudGVuY2UlMjIlM0EwJTJDJTIyY2hpbGRTZW50ZW5jZSUyMiUzQTElN0QlNUQlN0QlMkMlN0IlMjJ0eXBlJTIyJTNBJTIycGFyYWdyYXBoJTIyJTJDJTIyY2hpbGRyZW4lMjIlM0ElNUIlN0IlMjJ0ZXh0JTIyJTNBJTIyJTIyJTJDJTIyc2VudGVuY2UlMjIlM0ExJTJDJTIyY2hpbGRTZW50ZW5jZSUyMiUzQTElN0QlNUQlN0QlMkMlN0IlMjJ0eXBlJTIyJTNBJTIycGFyYWdyYXBoJTIyJTJDJTIyY2hpbGRyZW4lMjIlM0ElNUIlN0IlMjJ0ZXh0JTIyJTNBJTIyRklMTEVEJTIwSElQUyUzQSUyME91ciUyMGhpZ2glMjB3YWlzdGVkJTIwdHVtbXklMjBjb250cm9sJTIwYmJsJTIwc2hvcnRzJTIwaXMlMjBkZXNpZ25lZCUyMHRvJTIwc2hvdyUyMG9mZiUyMHlvdXIlMjByb3VuZGVkJTJDJTIwcGx1bXAlMkMlMjBzZXh5JTIwaGlwcy4lMjAlMjIlMkMlMjJzZW50ZW5jZSUyMiUzQTIlMkMlMjJjaGlsZFNlbnRlbmNlJTIyJTNBMSU3RCUyQyU3QiUyMnRleHQlMjIlM0ElMjJSZW1vdmFibGUlMjBjdXNoaW9ucyUyMGZvciUyMGVhc2llciUyMHJlcGxhY2VtZW50JTIwYW5kJTIwY2xlYW5pbmcuJTIwJTIyJTJDJTIyc2VudGVuY2UlMjIlM0EyJTJDJTIyY2hpbGRTZW50ZW5jZSUyMiUzQTIlN0QlMkMlN0IlMjJ0ZXh0JTIyJTNBJTIyQXQlMjB0aGUlMjBzYW1lJTIwdGltZSUyQyUyMHRoZSUyMHJpZ2h0JTIwaGVpZ2h0JTIwY2FuJTIwYmUlMjBhZGp1c3RlZCUyMHRvJTIwcHJvdmlkZSUyMGElMjBuYXR1cmFsJTIwbGlmdCUyMGFuZCUyMGNvbnRvdXIlMjB0aGF0JTIwYWNjZW50dWF0ZXMlMjB5b3VyJTIwY3VydmVzJTIwaW4lMjBhbGwlMjB0aGUlMjByaWdodCUyMHBsYWNlcy4lMjIlMkMlMjJzZW50ZW5jZSUyMiUzQTIlMkMlMjJjaGlsZFNlbnRlbmNlJTIyJTNBMyU3RCU1RCU3RCUyQyU3QiUyMnR5cGUlMjIlM0ElMjJwYXJhZ3JhcGglMjIlMkMlMjJjaGlsZHJlbiUyMiUzQSU1QiU3QiUyMnRleHQlMjIlM0ElMjIlMjIlMkMlMjJzZW50ZW5jZSUyMiUzQTMlMkMlMjJjaGlsZFNlbnRlbmNlJTIyJTNBMSU3RCU1RCU3RCUyQyU3QiUyMnR5cGUlMjIlM0ElMjJwYXJhZ3JhcGglMjIlMkMlMjJjaGlsZHJlbiUyMiUzQSU1QiU3QiUyMnRleHQlMjIlM0ElMjJCUkVBVEhBQkxFJTIwTkVUJTNBJTIwQnV0dCUyMGxpZnRpbmclMjBzaGFwZXdlYXIlMjBzaG9ydHMlMjB3aXRoJTIwaGlwJTIwZGlwJTIwcGFkcyUyMGlzJTIwbWFkZSUyMG9mJTIwaGlnaC1xdWFsaXR5JTIwcG9seWVzdGVyJTIwYW5kJTIwc3BhbmRleCUyMG1hdGVyaWFscyUyQyUyMHdoaWNoJTIwYXJlJTIwZWxhc3RpYyUyMGFuZCUyMGVhc3klMjB0byUyMHByb21vdGUlMjBhaXIlMjBjaXJjdWxhdGlvbiUyQyUyMHJlZHVjZSUyMHN3ZWF0aW5nJTJDJTIwYW5kJTIwa2VlcCUyMHlvdSUyMGNvbWZvcnRhYmxlJTIwYWxsJTIwZGF5LiUyMiUyQyUyMnNlbnRlbmNlJTIyJTNBNCUyQyUyMmNoaWxkU2VudGVuY2UlMjIlM0ExJTdEJTVEJTdEJTJDJTdCJTIydHlwZSUyMiUzQSUyMnBhcmFncmFwaCUyMiUyQyUyMmNoaWxkcmVuJTIyJTNBJTVCJTdCJTIydGV4dCUyMiUzQSUyMiUyMiUyQyUyMnNlbnRlbmNlJTIyJTNBNSUyQyUyMmNoaWxkU2VudGVuY2UlMjIlM0ExJTdEJTVEJTdEJTJDJTdCJTIydHlwZSUyMiUzQSUyMnBhcmFncmFwaCUyMiUyQyUyMmNoaWxkcmVuJTIyJTNBJTVCJTdCJTIydGV4dCUyMiUzQSUyMlZFUlNBVElMRSUyMEFORCUyMElOVklTSUJMRSUzQSUyMFJlc3QlMjBhc3N1cmVkJTIwdGhhdCUyMHRoaXMlMjBoaXAlMjBwYWRzJTIwZm9yJTIwd29tZW4lMjBzaGFwZXdlYXIlMjB3aWxsJTIwcGVyZmVjdGx5JTIwaGlkZSUyMHVuZGVyJTIweW91ciUyMGhpcHMlMkMlMjByZW1haW5pbmclMjBpbnZpc2libGUlMjB1bmRlciUyMHRoZSUyMGdhcm1lbnQlMkMlMjBwcm92aWRpbmclMjBzbW9vdGglMjBsaW5lcyUyMHRoYXQlMjBjb21wbGVtZW50JTIweW91ciUyMGJvZHklMjBzaGFwZS4lMjIlMkMlMjJzZW50ZW5jZSUyMiUzQTYlMkMlMjJjaGlsZFNlbnRlbmNlJTIyJTNBMSU3RCU1RCU3RCUyQyU3QiUyMnR5cGUlMjIlM0ElMjJwYXJhZ3JhcGglMjIlMkMlMjJjaGlsZHJlbiUyMiUzQSU1QiU3QiUyMnRleHQlMjIlM0ElMjIlMjIlMkMlMjJzZW50ZW5jZSUyMiUzQTclMkMlMjJjaGlsZFNlbnRlbmNlJTIyJTNBMSU3RCU1RCU3RCUyQyU3QiUyMnR5cGUlMjIlM0ElMjJwYXJhZ3JhcGglMjIlMkMlMjJjaGlsZHJlbiUyMiUzQSU1QiU3QiUyMnRleHQlMjIlM0ElMjJDT01GT1JUJTIwQU5EJTIwRFVSQUJJTElUWSUzQSUyMEVuc3VyZSUyMGElMjBjb21mb3J0YWJsZSUyMGFuZCUyMGNvbWZvcnRhYmxlJTIwZml0JTIwdGhhdCUyMHJldGFpbnMlMjBpdHMlMjBzaGFwZSUyMGFuZCUyMGVmZmVjdGl2ZW5lc3MlMjBvdmVyJTIwdGltZS4lMjAlMjIlMkMlMjJzZW50ZW5jZSUyMiUzQTglMkMlMjJjaGlsZFNlbnRlbmNlJTIyJTNBMSU3RCUyQyU3QiUyMnRleHQlMjIlM0ElMjJPdXIlMjBoaWdoJTIwd2Fpc3QlMjBzaGFwZXdlYXIlMjBib3R0b21zJTIwd2l0aCUyMHBhZGRlZCUyMGJ1dHRvY2slMjBpcyUyMHN1aXRhYmxlJTIwZm9yJTIwYWxsJTIwb2NjYXNpb25zJTIwYW5kJTIwYWxsJTIwc2Vhc29ucy4lMjAlMjIlMkMlMjJzZW50ZW5jZSUyMiUzQTglMkMlMjJjaGlsZFNlbnRlbmNlJTIyJTNBMiU3RCUyQyU3QiUyMnRleHQlMjIlM0ElMjJXaGV0aGVyJTIwaXQncyUyMGElMjBkcmVzcyUyMG9yJTIwc2xpbS1maXQlMjBqZWFucyUyQyUyMHRoZXkncmUlMjBwZXJmZWN0JTIwdG8lMjBtYXRjaCUyMGFuZCUyMGdpdmUlMjB5b3UlMjBhbiUyMGV4dHJhJTIwY3VydnklMjBsb29rLiUyMiUyQyUyMnNlbnRlbmNlJTIyJTNBOCUyQyUyMmNoaWxkU2VudGVuY2UlMjIlM0EzJTdEJTVEJTdEJTVE\"><span data-slate-node=\"text\"><span class=\"81\" data-slate-leaf=\"true\"><strong>CONFORTO E DURABILIDADE:<\/strong> Garanta um ajuste confort\u00e1vel e confort\u00e1vel que mantenha sua forma e efic\u00e1cia ao longo do tempo. <\/span><\/span><span data-slate-node=\"text\"><span class=\"82\" data-slate-leaf=\"true\">Nossas cal\u00e7as modeladoras de cintura alta com n\u00e1degas acolchoadas s\u00e3o adequadas para todas as ocasi\u00f5es e todas as esta\u00e7\u00f5es. <\/span><\/span><span data-slate-node=\"text\"><span class=\"83\" data-slate-leaf=\"true\">Seja um vestido ou um jeans justo, eles s\u00e3o perfeitos para combinar e dar um look extra curvil\u00edneo.<\/span><\/span><\/li>\n<\/ul>\n<h6><em>Shorts modeladores acolchoados para quadril feminino de tamanho grande<\/em><\/h6>\n<ul>\n<li>Nossas cal\u00e7as modeladoras de cintura alta com n\u00e1degas acolchoadas combinam estilo, conforto e funcionalidade perfeitamente. Para atacadistas que buscam oferecer solu\u00e7\u00f5es inovadoras de shapewear, este produto \u00e9 imprescind\u00edvel.<\/li>\n<li>Com op\u00e7\u00f5es de personaliza\u00e7\u00e3o, uma variedade de tamanhos e a promessa de entrega r\u00e1pida, \u00e9 uma adi\u00e7\u00e3o valiosa ao seu estoque. Mergulhe no mundo do atacado com esta pe\u00e7a excepcional. Encomende hoje!<\/li>\n<\/ul>","protected":false},"excerpt":{"rendered":"<p>Transforme sua silhueta com nossas cal\u00e7as modeladoras de cintura alta com n\u00e1degas acolchoadas, com n\u00e1degas acolchoadas para um levantamento natural e um design de malha respir\u00e1vel para o m\u00e1ximo conforto. Perfeito para qualquer roupa, este modelador redefine suas curvas ao mesmo tempo que garante que voc\u00ea permane\u00e7a fresco durante todo o dia.<\/p>","protected":false},"featured_media":4686,"comment_status":"open","ping_status":"closed","template":"","meta":{"site-sidebar-layout":"default","site-content-layout":"default","ast-site-content-layout":"default","site-content-style":"default","site-sidebar-style":"default","ast-global-header-display":"","ast-banner-title-visibility":"","ast-main-header-display":"","ast-hfb-above-header-display":"","ast-hfb-below-header-display":"","ast-hfb-mobile-header-display":"","site-post-title":"","ast-breadcrumbs-content":"","ast-featured-img":"","footer-sml-layout":"","ast-disable-related-posts":"","theme-transparent-header-meta":"default","adv-header-id-meta":"","stick-header-meta":"default","header-above-stick-meta":"","header-main-stick-meta":"","header-below-stick-meta":"","astra-migrate-meta-layouts":"set","ast-page-background-enabled":"default","ast-page-background-meta":{"desktop":{"background-color":"","background-image":"","background-repeat":"repeat","background-position":"center center","background-size":"auto","background-attachment":"scroll","background-type":"","background-media":"","overlay-type":"","overlay-color":"","overlay-opacity":"","overlay-gradient":""},"tablet":{"background-color":"","background-image":"","background-repeat":"repeat","background-position":"center center","background-size":"auto","background-attachment":"scroll","background-type":"","background-media":"","overlay-type":"","overlay-color":"","overlay-opacity":"","overlay-gradient":""},"mobile":{"background-color":"","background-image":"","background-repeat":"repeat","background-position":"center center","background-size":"auto","background-attachment":"scroll","background-type":"","background-media":"","overlay-type":"","overlay-color":"","overlay-opacity":"","overlay-gradient":""}},"ast-content-background-meta":{"desktop":{"background-color":"var(--ast-global-color-5)","background-image":"","background-repeat":"repeat","background-position":"center center","background-size":"auto","background-attachment":"scroll","background-type":"","background-media":"","overlay-type":"","overlay-color":"","overlay-opacity":"","overlay-gradient":""},"tablet":{"background-color":"var(--ast-global-color-5)","background-image":"","background-repeat":"repeat","background-position":"center center","background-size":"auto","background-attachment":"scroll","background-type":"","background-media":"","overlay-type":"","overlay-color":"","overlay-opacity":"","overlay-gradient":""},"mobile":{"background-color":"var(--ast-global-color-5)","background-image":"","background-repeat":"repeat","background-position":"center center","background-size":"auto","background-attachment":"scroll","background-type":"","background-media":"","overlay-type":"","overlay-color":"","overlay-opacity":"","overlay-gradient":""}}},"product_brand":[],"product_cat":[65,76,77,80],"product_tag":[508,136,137,186],"class_list":{"0":"post-4666","1":"product","2":"type-product","3":"status-publish","4":"has-post-thumbnail","6":"product_cat-best-sellers","7":"product_cat-new-arrivels","8":"product_cat-wholesale-womens-shapewear","9":"product_cat-wholesale-butt-lift-underwear","10":"product_tag-bbl-effect","11":"product_tag-bridal","12":"product_tag-butt-lift","13":"product_tag-padded","14":"pa_color-beige","15":"pa_color-black","16":"pa_size-l","17":"pa_size-m","18":"pa_size-s","19":"pa_size-xl","20":"pa_size-xxl","21":"pa_size-xxxl","22":"desktop-align-center","23":"tablet-align-left","24":"mobile-align-left","25":"ast-product-gallery-layout-horizontal-slider","26":"ast-product-single-variable","27":"ast-product-tabs-layout-horizontal","28":"ast-qv-on-image","30":"first","31":"instock","32":"shipping-taxable","33":"purchasable","34":"product-type-variable"},"tiered_pricing_type":"fixed","tiered_pricing_fixed_rules":{"2":4.39,"30":4.09,"500":3.49},"tiered_pricing_product_settings":{"layout":"default","base_unit_name":{"singular":null,"plural":null},"default_variation":{}},"tiered_pricing_minimum_quantity":null,"tiered_pricing_roles_data":[],"tiered_pricing_percentage_rules":[],"_links":{"self":[{"href":"https:\/\/yume-silm.com\/pt\/wp-json\/wp\/v2\/product\/4666","targetHints":{"allow":["GET"]}}],"collection":[{"href":"https:\/\/yume-silm.com\/pt\/wp-json\/wp\/v2\/product"}],"about":[{"href":"https:\/\/yume-silm.com\/pt\/wp-json\/wp\/v2\/types\/product"}],"replies":[{"embeddable":true,"href":"https:\/\/yume-silm.com\/pt\/wp-json\/wp\/v2\/comments?post=4666"}],"wp:featuredmedia":[{"embeddable":true,"href":"https:\/\/yume-silm.com\/pt\/wp-json\/wp\/v2\/media\/4686"}],"wp:attachment":[{"href":"https:\/\/yume-silm.com\/pt\/wp-json\/wp\/v2\/media?parent=4666"}],"wp:term":[{"taxonomy":"product_brand","embeddable":true,"href":"https:\/\/yume-silm.com\/pt\/wp-json\/wp\/v2\/product_brand?post=4666"},{"taxonomy":"product_cat","embeddable":true,"href":"https:\/\/yume-silm.com\/pt\/wp-json\/wp\/v2\/product_cat?post=4666"},{"taxonomy":"product_tag","embeddable":true,"href":"https:\/\/yume-silm.com\/pt\/wp-json\/wp\/v2\/product_tag?post=4666"}],"curies":[{"name":"wp","href":"https:\/\/api.w.org\/{rel}","templated":true}]}}