{"id":4714,"date":"2023-07-25T07:20:25","date_gmt":"2023-07-25T07:20:25","guid":{"rendered":"https:\/\/yume-silm.com\/?post_type=product&#038;p=4714"},"modified":"2026-03-06T12:40:04","modified_gmt":"2026-03-06T12:40:04","slug":"modelador-de-cintura-alta-sem-costura-e-virilha-aberta-para-conforto-o-dia-todo","status":"publish","type":"product","link":"https:\/\/yume-silm.com\/pt\/produto\/modelador-de-cintura-alta-sem-costura-e-virilha-aberta-para-conforto-o-dia-todo\/","title":{"rendered":"Cal\u00e7as modeladoras p\u00f3s-parto de cintura alta sem costura no atacado: Design de virilha aberta"},"content":{"rendered":"<h5>Caracter\u00edsticas de design<\/h5>\n<ul>\n<li><strong>PROJETO DE CINTURA ALTA: <\/strong>A roupa \u00edntima feminina para levantar o bumbum proporciona controle completo da barriga e ajusta a cintura. Crie uma silhueta elegante e aerodin\u00e2mica com facilidade.<\/li>\n<li><strong>CONSTRU\u00c7\u00c3O SEM EMENDA:<\/strong> Nossos shorts de cintura alta que apertam a barriga n\u00e3o t\u00eam linhas vis\u00edveis, garantindo um ajuste suave com qualquer pe\u00e7a de roupa, melhorando discretamente a sua forma.<\/li>\n<li><strong>CONVENI\u00caNCIA SEM CROTCHLES:<\/strong> O modelador de roupa \u00edntima sem costura para abdominoplastia foi projetado para fornecer acesso r\u00e1pido e f\u00e1cil ao banheiro.<\/li>\n<li><strong>CONFORTO O DIA TODO:<\/strong> O short modelador de cintura alta \u00e9 confeccionado em material macio e respir\u00e1vel, garantindo uso prolongado sem desconforto.<\/li>\n<li><strong>FORMA VERS\u00c1TIL:<\/strong> Os modeladores di\u00e1rios plus size s\u00e3o perfeitos para criar uma silhueta bem torneada sob trajes profissionais ou roupas casuais.<\/li>\n<\/ul>\n<h6><em>Shorts femininos de cintura alta sem virilha e modeladores de corpo<\/em><\/h6>\n<ul>\n<li>Nossas cal\u00e7as modeladoras p\u00f3s-parto de cintura alta sem costura s\u00e3o uma mistura de estilo, conforto e funcionalidade.<\/li>\n<li>Para atacadistas que desejam oferecer produtos de primeira linha que ressoem com as \u00faltimas tend\u00eancias da moda, este short modelador feminino de cor s\u00f3lida \u00e9 obrigat\u00f3rio.<\/li>\n<li>Com op\u00e7\u00f5es de personaliza\u00e7\u00e3o, uma variedade de tamanhos e a promessa de entrega r\u00e1pida, \u00e9 uma adi\u00e7\u00e3o valiosa ao seu estoque. Mergulhe no mundo do atacado com esta pe\u00e7a de destaque. Encomende hoje!<\/li>\n<\/ul>","protected":false},"excerpt":{"rendered":"<p>eleve sua cole\u00e7\u00e3o com nossas cal\u00e7as modeladoras p\u00f3s-parto de cintura alta sem costura. Fabricada para proporcionar conforto supremo e modelagem de alto n\u00edvel, esta pe\u00e7a suaviza e esculpe, garantindo conforto durante todo o dia. Seu design inteligente garante uma silhueta impec\u00e1vel em qualquer look.<\/p>","protected":false},"featured_media":4726,"comment_status":"open","ping_status":"closed","template":"","meta":{"site-sidebar-layout":"default","site-content-layout":"default","ast-site-content-layout":"default","site-content-style":"default","site-sidebar-style":"default","ast-global-header-display":"","ast-banner-title-visibility":"","ast-main-header-display":"","ast-hfb-above-header-display":"","ast-hfb-below-header-display":"","ast-hfb-mobile-header-display":"","site-post-title":"","ast-breadcrumbs-content":"","ast-featured-img":"","footer-sml-layout":"","ast-disable-related-posts":"","theme-transparent-header-meta":"default","adv-header-id-meta":"","stick-header-meta":"default","header-above-stick-meta":"","header-main-stick-meta":"","header-below-stick-meta":"","astra-migrate-meta-layouts":"set","ast-page-background-enabled":"default","ast-page-background-meta":{"desktop":{"background-color":"","background-image":"","background-repeat":"repeat","background-position":"center center","background-size":"auto","background-attachment":"scroll","background-type":"","background-media":"","overlay-type":"","overlay-color":"","overlay-opacity":"","overlay-gradient":""},"tablet":{"background-color":"","background-image":"","background-repeat":"repeat","background-position":"center center","background-size":"auto","background-attachment":"scroll","background-type":"","background-media":"","overlay-type":"","overlay-color":"","overlay-opacity":"","overlay-gradient":""},"mobile":{"background-color":"","background-image":"","background-repeat":"repeat","background-position":"center center","background-size":"auto","background-attachment":"scroll","background-type":"","background-media":"","overlay-type":"","overlay-color":"","overlay-opacity":"","overlay-gradient":""}},"ast-content-background-meta":{"desktop":{"background-color":"var(--ast-global-color-5)","background-image":"","background-repeat":"repeat","background-position":"center center","background-size":"auto","background-attachment":"scroll","background-type":"","background-media":"","overlay-type":"","overlay-color":"","overlay-opacity":"","overlay-gradient":""},"tablet":{"background-color":"var(--ast-global-color-5)","background-image":"","background-repeat":"repeat","background-position":"center center","background-size":"auto","background-attachment":"scroll","background-type":"","background-media":"","overlay-type":"","overlay-color":"","overlay-opacity":"","overlay-gradient":""},"mobile":{"background-color":"var(--ast-global-color-5)","background-image":"","background-repeat":"repeat","background-position":"center center","background-size":"auto","background-attachment":"scroll","background-type":"","background-media":"","overlay-type":"","overlay-color":"","overlay-opacity":"","overlay-gradient":""}}},"product_brand":[],"product_cat":[65,77,80],"product_tag":[508,136,139,453],"class_list":{"0":"post-4714","1":"product","2":"type-product","3":"status-publish","4":"has-post-thumbnail","6":"product_cat-best-sellers","7":"product_cat-wholesale-womens-shapewear","8":"product_cat-wholesale-butt-lift-underwear","9":"product_tag-bbl-effect","10":"product_tag-bridal","11":"product_tag-high-waist","12":"product_tag-postpartum-shapewear","13":"pa_color-beige","14":"pa_size-l","15":"pa_size-m","16":"pa_size-s","17":"pa_size-xl","18":"pa_size-xxl","19":"desktop-align-center","20":"tablet-align-left","21":"mobile-align-left","22":"ast-product-gallery-layout-horizontal-slider","23":"ast-product-single-variable","24":"ast-product-tabs-layout-horizontal","25":"ast-qv-on-image","27":"first","28":"instock","29":"shipping-taxable","30":"purchasable","31":"product-type-variable"},"tiered_pricing_type":"fixed","tiered_pricing_fixed_rules":{"2":13.35,"30":12.3,"500":11.3},"tiered_pricing_product_settings":{"layout":"default","base_unit_name":{"singular":null,"plural":null},"default_variation":{}},"tiered_pricing_minimum_quantity":null,"tiered_pricing_roles_data":[],"tiered_pricing_percentage_rules":[],"_links":{"self":[{"href":"https:\/\/yume-silm.com\/pt\/wp-json\/wp\/v2\/product\/4714","targetHints":{"allow":["GET"]}}],"collection":[{"href":"https:\/\/yume-silm.com\/pt\/wp-json\/wp\/v2\/product"}],"about":[{"href":"https:\/\/yume-silm.com\/pt\/wp-json\/wp\/v2\/types\/product"}],"replies":[{"embeddable":true,"href":"https:\/\/yume-silm.com\/pt\/wp-json\/wp\/v2\/comments?post=4714"}],"wp:featuredmedia":[{"embeddable":true,"href":"https:\/\/yume-silm.com\/pt\/wp-json\/wp\/v2\/media\/4726"}],"wp:attachment":[{"href":"https:\/\/yume-silm.com\/pt\/wp-json\/wp\/v2\/media?parent=4714"}],"wp:term":[{"taxonomy":"product_brand","embeddable":true,"href":"https:\/\/yume-silm.com\/pt\/wp-json\/wp\/v2\/product_brand?post=4714"},{"taxonomy":"product_cat","embeddable":true,"href":"https:\/\/yume-silm.com\/pt\/wp-json\/wp\/v2\/product_cat?post=4714"},{"taxonomy":"product_tag","embeddable":true,"href":"https:\/\/yume-silm.com\/pt\/wp-json\/wp\/v2\/product_tag?post=4714"}],"curies":[{"name":"wp","href":"https:\/\/api.w.org\/{rel}","templated":true}]}}