{"id":4767,"date":"2023-07-26T03:39:23","date_gmt":"2023-07-26T03:39:23","guid":{"rendered":"https:\/\/yume-silm.com\/?post_type=product&#038;p=4767"},"modified":"2024-11-06T02:07:36","modified_gmt":"2024-11-06T02:07:36","slug":"shorts-cintura-alta-cross-lift-shapewear-com-malha-respiravel","status":"publish","type":"product","link":"https:\/\/yume-silm.com\/pt\/produto\/shorts-cintura-alta-cross-lift-shapewear-com-malha-respiravel\/","title":{"rendered":"Shorts modeladores de cintura alta no atacado: design cross-lift"},"content":{"rendered":"<h5>Caracter\u00edsticas de design<\/h5>\n<ul>\n<li><strong>EFEITO BBL:<\/strong> a silhueta aerodin\u00e2mica do short modelador oferece excelente controle da barriga, aprimoramento do quadril e modelagem das pernas.<\/li>\n<li><strong>TECNOLOGIA DE ELEVADOR CROSSOVER:<\/strong> O design cruzado da roupa \u00edntima feminina com compress\u00e3o eficiente acelera a obten\u00e7\u00e3o de um efeito de emagrecimento, levantando e modelando efetivamente as n\u00e1degas para revelar uma figura mais atraente.<\/li>\n<li><strong>QUADRIS DE MALHA RESPIR\u00c1VEL:<\/strong> O design aconchegante do short de cintura alta que aperta a barriga nos quadris proporciona respirabilidade ideal e garante conforto de uso durante todo o dia, mesmo em climas mais quentes.<\/li>\n<li><strong>CONFORTO E MOVIMENTO:<\/strong> O modelador de roupa \u00edntima para abdominoplastia sem costura oferece compress\u00e3o tripla para resultados BBL instant\u00e2neos. Ao mesmo tempo, atinge o equil\u00edbrio perfeito entre compress\u00e3o e conforto, permitindo liberdade de movimentos sem comprometer o efeito modelador.<\/li>\n<li><strong>MODA E VERS\u00c1TIL:<\/strong> Shorts modeladores de cintura alta combinam facilmente com jeans, vestidos bonitos e muito mais. Qualquer viagem para fora ou transporte na rotina de trabalho ou para participar de diversas festas, confraterniza\u00e7\u00f5es e assim por diante. Tudo o deixar\u00e1 cheio de confian\u00e7a e conforto incompar\u00e1vel.<\/li>\n<\/ul>\n<h6><em>Shorts modeladores femininos de malha de cintura alta com design cruzado<\/em><\/h6>\n<ul>\n<li>Nossos shorts modeladores de cintura alta com levantamento cruzado s\u00e3o uma mistura de inova\u00e7\u00e3o, estilo e conforto. Para atacadistas que buscam oferecer solu\u00e7\u00f5es de shapewear de primeira linha, este produto \u00e9 obrigat\u00f3rio. Mergulhe no mundo do atacado com esta pe\u00e7a de destaque. Encomende hoje!<\/li>\n<\/ul>","protected":false},"excerpt":{"rendered":"<p>Ganhe confian\u00e7a com nossos shorts modeladores de cintura alta. Meticulosamente projetado com tecnologia cross-lift e malha respir\u00e1vel.<br \/>\nEste short modelador de cintura alta proporciona conforto ao mesmo tempo que d\u00e1 aos seus clientes uma silhueta esculpida.<\/p>","protected":false},"featured_media":4806,"comment_status":"open","ping_status":"closed","template":"","meta":{"site-sidebar-layout":"default","site-content-layout":"default","ast-site-content-layout":"default","site-content-style":"default","site-sidebar-style":"default","ast-global-header-display":"","ast-banner-title-visibility":"","ast-main-header-display":"","ast-hfb-above-header-display":"","ast-hfb-below-header-display":"","ast-hfb-mobile-header-display":"","site-post-title":"","ast-breadcrumbs-content":"","ast-featured-img":"","footer-sml-layout":"","ast-disable-related-posts":"","theme-transparent-header-meta":"default","adv-header-id-meta":"","stick-header-meta":"default","header-above-stick-meta":"","header-main-stick-meta":"","header-below-stick-meta":"","astra-migrate-meta-layouts":"set","ast-page-background-enabled":"default","ast-page-background-meta":{"desktop":{"background-color":"","background-image":"","background-repeat":"repeat","background-position":"center center","background-size":"auto","background-attachment":"scroll","background-type":"","background-media":"","overlay-type":"","overlay-color":"","overlay-opacity":"","overlay-gradient":""},"tablet":{"background-color":"","background-image":"","background-repeat":"repeat","background-position":"center center","background-size":"auto","background-attachment":"scroll","background-type":"","background-media":"","overlay-type":"","overlay-color":"","overlay-opacity":"","overlay-gradient":""},"mobile":{"background-color":"","background-image":"","background-repeat":"repeat","background-position":"center center","background-size":"auto","background-attachment":"scroll","background-type":"","background-media":"","overlay-type":"","overlay-color":"","overlay-opacity":"","overlay-gradient":""}},"ast-content-background-meta":{"desktop":{"background-color":"var(--ast-global-color-5)","background-image":"","background-repeat":"repeat","background-position":"center center","background-size":"auto","background-attachment":"scroll","background-type":"","background-media":"","overlay-type":"","overlay-color":"","overlay-opacity":"","overlay-gradient":""},"tablet":{"background-color":"var(--ast-global-color-5)","background-image":"","background-repeat":"repeat","background-position":"center center","background-size":"auto","background-attachment":"scroll","background-type":"","background-media":"","overlay-type":"","overlay-color":"","overlay-opacity":"","overlay-gradient":""},"mobile":{"background-color":"var(--ast-global-color-5)","background-image":"","background-repeat":"repeat","background-position":"center center","background-size":"auto","background-attachment":"scroll","background-type":"","background-media":"","overlay-type":"","overlay-color":"","overlay-opacity":"","overlay-gradient":""}}},"product_brand":[],"product_cat":[65,76,77,80],"product_tag":[508,136,151,139],"class_list":{"0":"post-4767","1":"product","2":"type-product","3":"status-publish","4":"has-post-thumbnail","6":"product_cat-best-sellers","7":"product_cat-new-arrivels","8":"product_cat-wholesale-womens-shapewear","9":"product_cat-wholesale-butt-lift-underwear","10":"product_tag-bbl-effect","11":"product_tag-bridal","12":"product_tag-double-compression","13":"product_tag-high-waist","14":"pa_color-beige","15":"pa_color-beige-with-lace","16":"pa_color-black","17":"pa_color-black-with-lace","18":"pa_size-l","19":"pa_size-m","20":"pa_size-s","21":"pa_size-xl","22":"desktop-align-center","23":"tablet-align-left","24":"mobile-align-left","25":"ast-product-gallery-layout-horizontal-slider","26":"ast-product-single-variable","27":"ast-product-tabs-layout-horizontal","28":"ast-qv-on-image","30":"first","31":"instock","32":"shipping-taxable","33":"purchasable","34":"product-type-variable"},"tiered_pricing_type":"fixed","tiered_pricing_fixed_rules":{"2":4.69,"30":4.39,"100":3.59},"tiered_pricing_product_settings":{"layout":"default","base_unit_name":{"singular":null,"plural":null},"default_variation":{}},"tiered_pricing_minimum_quantity":null,"tiered_pricing_roles_data":[],"tiered_pricing_percentage_rules":[],"_links":{"self":[{"href":"https:\/\/yume-silm.com\/pt\/wp-json\/wp\/v2\/product\/4767","targetHints":{"allow":["GET"]}}],"collection":[{"href":"https:\/\/yume-silm.com\/pt\/wp-json\/wp\/v2\/product"}],"about":[{"href":"https:\/\/yume-silm.com\/pt\/wp-json\/wp\/v2\/types\/product"}],"replies":[{"embeddable":true,"href":"https:\/\/yume-silm.com\/pt\/wp-json\/wp\/v2\/comments?post=4767"}],"wp:featuredmedia":[{"embeddable":true,"href":"https:\/\/yume-silm.com\/pt\/wp-json\/wp\/v2\/media\/4806"}],"wp:attachment":[{"href":"https:\/\/yume-silm.com\/pt\/wp-json\/wp\/v2\/media?parent=4767"}],"wp:term":[{"taxonomy":"product_brand","embeddable":true,"href":"https:\/\/yume-silm.com\/pt\/wp-json\/wp\/v2\/product_brand?post=4767"},{"taxonomy":"product_cat","embeddable":true,"href":"https:\/\/yume-silm.com\/pt\/wp-json\/wp\/v2\/product_cat?post=4767"},{"taxonomy":"product_tag","embeddable":true,"href":"https:\/\/yume-silm.com\/pt\/wp-json\/wp\/v2\/product_tag?post=4767"}],"curies":[{"name":"wp","href":"https:\/\/api.w.org\/{rel}","templated":true}]}}