{"id":4845,"date":"2023-07-30T03:39:26","date_gmt":"2023-07-30T03:39:26","guid":{"rendered":"https:\/\/yume-silm.com\/?post_type=product&#038;p=4845"},"modified":"2025-06-06T05:48:24","modified_gmt":"2025-06-06T05:48:24","slug":"macacao-elegante-com-acabamento-em-renda-e-corpo-inteiro-com-controle-de-barriga","status":"publish","type":"product","link":"https:\/\/yume-silm.com\/pt\/produto\/macacao-elegante-com-acabamento-em-renda-e-corpo-inteiro-com-controle-de-barriga\/","title":{"rendered":"Shorts de macac\u00e3o modeladores de corpo inteiro elegantes por atacado com z\u00edper"},"content":{"rendered":"<h5><span data-slate-fragment=\"JTVCJTdCJTIydHlwZSUyMiUzQSUyMnBhcmFncmFwaCUyMiUyQyUyMmNoaWxkcmVuJTIyJTNBJTVCJTdCJTIydGV4dCUyMiUzQSUyMkRlc2lnbiUyMGZlYXR1cmVzJTIyJTJDJTIyc2VudGVuY2UlMjIlM0ExJTJDJTIyY2hpbGRTZW50ZW5jZSUyMiUzQTElN0QlNUQlN0QlNUQ=\">Caracter\u00edsticas de design<\/span><\/h5>\n<ul>\n<li><strong>PROJETO DE Z\u00cdPER DE TR\u00caS PEITOS:<\/strong> O macac\u00e3o modelador de corpo com virilha aberta com z\u00edper adota um design avan\u00e7ado de z\u00edper de tr\u00eas seios. Convenientemente permite que voc\u00ea ajuste de acordo com seu n\u00edvel de conforto. Garante um ajuste personalizado, perfeito para todos os tipos de corpo.<\/li>\n<li><strong>LEVANTAMENTO ABDOMINAL E DO QUADRIL:<\/strong> Acredite que esta cal\u00e7a de quadril com controle de cintura ajuda voc\u00ea a promover mais exerc\u00edcios e suor para alcan\u00e7ar suas curvas ideais. Porque nosso espartilho plus size ajuda a achatar a barriga, encolher a cintura, apoiar as costas, melhorar a postura e auxiliar na recupera\u00e7\u00e3o p\u00f3s-parto.<\/li>\n<li><strong>CONVENI\u00caNCIA DE VIRILHA:<\/strong> Para abordar a conveni\u00eancia f\u00edsica das mulheres. Projetamos cuidadosamente este body modelador com virilha aberta. Garantindo a praticidade de uso prolongado.<\/li>\n<li><strong>AL\u00c7AS LARGAS DE UMA PE\u00c7A:<\/strong> Nosso modelador de al\u00e7a larga oferece suporte forte sem sacrificar o conforto e garante uma apar\u00eancia perfeita. Usar o macac\u00e3o mais fino de compress\u00e3o modeladora do corpo para todos os tipos de treino \u00e9 completamente livre de estresse. Tamb\u00e9m pode ser usado por baixo de saia ou jeans, sem costuras e muito confort\u00e1vel.<\/li>\n<li><strong>ELEG\u00c2NCIA COM TEMPO DE RENDA:<\/strong> Os delicados punhos com acabamento em renda acrescentam um toque de eleg\u00e2ncia e feminilidade. Enrique\u00e7a o seu guarda-roupa com este vers\u00e1til body em formato de corpo inteiro!<\/li>\n<li><strong>SUPER EL\u00c1STICO E MULTIFUNCIONAL:<\/strong> Este macac\u00e3o modelador de corpo inteiro com z\u00edper \u00e9 feito de tecido superel\u00e1stico, que tem elasticidade est\u00e1vel, n\u00e3o \u00e9 f\u00e1cil de deformar e \u00e9 dur\u00e1vel. Ajuda a eliminar todo o excesso de gordura e evita o incha\u00e7o. Perfeito para trabalho di\u00e1rio, corrida, prepara\u00e7\u00e3o f\u00edsica, recupera\u00e7\u00e3o p\u00f3s-parto e muito mais.<\/li>\n<\/ul>\n<h6><em>Macac\u00e3o com z\u00edper virilha aberta plus size modelador de corpo inteiro<\/em><\/h6>\n<ul>\n<li>Nosso macac\u00e3o modelador de corpo inteiro com z\u00edper \u00e9 uma mistura de eleg\u00e2ncia, conforto e funcionalidade. Para atacadistas que buscam oferecer solu\u00e7\u00f5es premium de shapewear, este produto \u00e9 obrigat\u00f3rio. Mergulhe no mundo do atacado com esta pe\u00e7a excepcional. Encomende hoje!<\/li>\n<\/ul>","protected":false},"excerpt":{"rendered":"<p>Apresentamos nossos macac\u00f5es modeladores de corpo inteiro com z\u00edper, a mistura perfeita de estilo e funcionalidade. Com controle de barriga, levantamento de quadril e punhos com acabamento em renda, este macac\u00e3o \u00e9 o ep\u00edtome do modelador chique para a mulher moderna.<\/p>","protected":false},"featured_media":4864,"comment_status":"open","ping_status":"closed","template":"","meta":{"site-sidebar-layout":"default","site-content-layout":"default","ast-site-content-layout":"default","site-content-style":"default","site-sidebar-style":"default","ast-global-header-display":"","ast-banner-title-visibility":"","ast-main-header-display":"","ast-hfb-above-header-display":"","ast-hfb-below-header-display":"","ast-hfb-mobile-header-display":"","site-post-title":"","ast-breadcrumbs-content":"","ast-featured-img":"","footer-sml-layout":"","ast-disable-related-posts":"","theme-transparent-header-meta":"default","adv-header-id-meta":"","stick-header-meta":"default","header-above-stick-meta":"","header-main-stick-meta":"","header-below-stick-meta":"","astra-migrate-meta-layouts":"set","ast-page-background-enabled":"default","ast-page-background-meta":{"desktop":{"background-color":"","background-image":"","background-repeat":"repeat","background-position":"center center","background-size":"auto","background-attachment":"scroll","background-type":"","background-media":"","overlay-type":"","overlay-color":"","overlay-opacity":"","overlay-gradient":""},"tablet":{"background-color":"","background-image":"","background-repeat":"repeat","background-position":"center center","background-size":"auto","background-attachment":"scroll","background-type":"","background-media":"","overlay-type":"","overlay-color":"","overlay-opacity":"","overlay-gradient":""},"mobile":{"background-color":"","background-image":"","background-repeat":"repeat","background-position":"center center","background-size":"auto","background-attachment":"scroll","background-type":"","background-media":"","overlay-type":"","overlay-color":"","overlay-opacity":"","overlay-gradient":""}},"ast-content-background-meta":{"desktop":{"background-color":"var(--ast-global-color-5)","background-image":"","background-repeat":"repeat","background-position":"center center","background-size":"auto","background-attachment":"scroll","background-type":"","background-media":"","overlay-type":"","overlay-color":"","overlay-opacity":"","overlay-gradient":""},"tablet":{"background-color":"var(--ast-global-color-5)","background-image":"","background-repeat":"repeat","background-position":"center center","background-size":"auto","background-attachment":"scroll","background-type":"","background-media":"","overlay-type":"","overlay-color":"","overlay-opacity":"","overlay-gradient":""},"mobile":{"background-color":"var(--ast-global-color-5)","background-image":"","background-repeat":"repeat","background-position":"center center","background-size":"auto","background-attachment":"scroll","background-type":"","background-media":"","overlay-type":"","overlay-color":"","overlay-opacity":"","overlay-gradient":""}}},"product_brand":[],"product_cat":[65,76,77,78],"product_tag":[135,136,137,151,148,213,154],"class_list":{"0":"post-4845","1":"product","2":"type-product","3":"status-publish","4":"has-post-thumbnail","6":"product_cat-best-sellers","7":"product_cat-new-arrivels","8":"product_cat-wholesale-womens-shapewear","9":"product_cat-wholesale-full-body-shaper","10":"product_tag-all-in-one","11":"product_tag-bridal","12":"product_tag-butt-lift","13":"product_tag-double-compression","14":"product_tag-one-piece","15":"product_tag-sleeveless","16":"product_tag-with-hooks","17":"pa_color-beige","18":"pa_color-black","19":"pa_size-l","20":"pa_size-m","21":"pa_size-s","22":"pa_size-xl","23":"pa_size-xxl","24":"pa_size-xxxl","25":"desktop-align-center","26":"tablet-align-left","27":"mobile-align-left","28":"ast-product-gallery-layout-horizontal-slider","29":"ast-product-single-variable","30":"ast-product-tabs-layout-horizontal","31":"ast-qv-on-image","33":"first","34":"instock","35":"shipping-taxable","36":"purchasable","37":"product-type-variable"},"tiered_pricing_type":"fixed","tiered_pricing_fixed_rules":{"2":14.29,"30":13.39,"500":11.19},"tiered_pricing_product_settings":{"layout":"default","base_unit_name":{"singular":null,"plural":null},"default_variation":{}},"tiered_pricing_minimum_quantity":null,"tiered_pricing_roles_data":[],"tiered_pricing_percentage_rules":[],"_links":{"self":[{"href":"https:\/\/yume-silm.com\/pt\/wp-json\/wp\/v2\/product\/4845","targetHints":{"allow":["GET"]}}],"collection":[{"href":"https:\/\/yume-silm.com\/pt\/wp-json\/wp\/v2\/product"}],"about":[{"href":"https:\/\/yume-silm.com\/pt\/wp-json\/wp\/v2\/types\/product"}],"replies":[{"embeddable":true,"href":"https:\/\/yume-silm.com\/pt\/wp-json\/wp\/v2\/comments?post=4845"}],"wp:featuredmedia":[{"embeddable":true,"href":"https:\/\/yume-silm.com\/pt\/wp-json\/wp\/v2\/media\/4864"}],"wp:attachment":[{"href":"https:\/\/yume-silm.com\/pt\/wp-json\/wp\/v2\/media?parent=4845"}],"wp:term":[{"taxonomy":"product_brand","embeddable":true,"href":"https:\/\/yume-silm.com\/pt\/wp-json\/wp\/v2\/product_brand?post=4845"},{"taxonomy":"product_cat","embeddable":true,"href":"https:\/\/yume-silm.com\/pt\/wp-json\/wp\/v2\/product_cat?post=4845"},{"taxonomy":"product_tag","embeddable":true,"href":"https:\/\/yume-silm.com\/pt\/wp-json\/wp\/v2\/product_tag?post=4845"}],"curies":[{"name":"wp","href":"https:\/\/api.w.org\/{rel}","templated":true}]}}