{"id":4899,"date":"2023-07-30T05:45:15","date_gmt":"2023-07-30T05:45:15","guid":{"rendered":"https:\/\/yume-silm.com\/?post_type=product&#038;p=4899"},"modified":"2024-01-06T02:19:55","modified_gmt":"2024-01-06T02:19:55","slug":"body-elegante-de-manga-comprida-de-tecido-de-alta-elasticidade","status":"publish","type":"product","link":"https:\/\/yume-silm.com\/pt\/produto\/body-elegante-de-manga-comprida-de-tecido-de-alta-elasticidade\/","title":{"rendered":"Macac\u00e3o modelador elegante de manga comprida e alto estiramento por atacado"},"content":{"rendered":"<h5>Caracter\u00edsticas de design<\/h5>\n<ul>\n<li><strong>SIMPLES E ESTILO:<\/strong> Cor s\u00f3lida, mangas compridas, decote redondo e corte justo s\u00e3o as caracter\u00edsticas de design que voc\u00ea v\u00ea. Feliz por ir a uma festa ou a um encontro com este delicado e elegante body modelador feminino, muito plus.<\/li>\n<li><strong>TECIDO DE ALTA ESTICA\u00c7\u00c3O:<\/strong> Nossas cal\u00e7as modeladoras de manga comprida de cor s\u00f3lida s\u00e3o feitas de tecido de alta qualidade que \u00e9 gentil com sua pele macia. Molde as belas curvas do seu corpo e garanta conforto e mobilidade.<\/li>\n<li><strong>VERS\u00c1TIL VERS\u00c1TIL:<\/strong> A blusa el\u00e1stica sexy e justa \u00e9 f\u00e1cil de colocar e tirar, ent\u00e3o voc\u00ea pode us\u00e1-la sozinha para ioga ou com qualquer jeans ou vestido bonito que desejar. Com esta roupa \u00edntima modeladora para controle de barriga, voc\u00ea ficar\u00e1 linda e confiante no trabalho ou em um encontro, em uma viagem di\u00e1ria e muito mais.<\/li>\n<li><strong>AJUSTE E EXCELENTE:<\/strong> Tecido altamente el\u00e1stico proporciona um \u00f3timo ajuste e excelente apar\u00eancia. Confie na suavidade e sedosidade do macac\u00e3o modelador com gola redonda e adequado para a pele para emagrecer sua figura curvil\u00ednea. Com o processo perfeito de body casual slim fit, voc\u00ea n\u00e3o precisa se preocupar com protuber\u00e2ncias ou cachos. Vista com confian\u00e7a que voc\u00ea \u00e9 realmente lindo.<\/li>\n<li><strong>DE F\u00c1CIL CUIDADO:<\/strong> Nosso elegante body modelador de manga comprida e alta elasticidade \u00e9 f\u00e1cil de usar e simples de cuidar. Lavar \u00e0 m\u00e1quina com confian\u00e7a, sem distor\u00e7\u00e3o ap\u00f3s a lavagem, garantindo eleg\u00e2ncia e funcionalidade duradouras.<\/li>\n<\/ul>\n<h6><em>Body feminino tanga manga longa tamanho grande<\/em><\/h6>\n<ul>\n<li>Nosso elegante body modelador de manga comprida e alta elasticidade \u00e9 uma mistura de eleg\u00e2ncia, conforto e funcionalidade. Para atacadistas que buscam oferecer solu\u00e7\u00f5es de shapewear premium, este shapewear de manga comprida \u00e9 obrigat\u00f3rio. Mergulhe no mundo do atacado com esta pe\u00e7a excepcional. Encomende hoje!<\/li>\n<\/ul>","protected":false},"excerpt":{"rendered":"<p>Nosso elegante body modelador de manga comprida e alta elasticidade \u00e9 uma mistura de eleg\u00e2ncia, conforto e funcionalidade. Para atacadistas que buscam oferecer solu\u00e7\u00f5es de shapewear premium, este body \u00e9 obrigat\u00f3rio. Mergulhe no mundo do atacado com esta pe\u00e7a excepcional. Encomende hoje!<\/p>","protected":false},"featured_media":4921,"comment_status":"open","ping_status":"closed","template":"","meta":{"site-sidebar-layout":"default","site-content-layout":"default","ast-site-content-layout":"default","site-content-style":"default","site-sidebar-style":"default","ast-global-header-display":"","ast-banner-title-visibility":"","ast-main-header-display":"","ast-hfb-above-header-display":"","ast-hfb-below-header-display":"","ast-hfb-mobile-header-display":"","site-post-title":"","ast-breadcrumbs-content":"","ast-featured-img":"","footer-sml-layout":"","ast-disable-related-posts":"","theme-transparent-header-meta":"default","adv-header-id-meta":"","stick-header-meta":"default","header-above-stick-meta":"","header-main-stick-meta":"","header-below-stick-meta":"","astra-migrate-meta-layouts":"set","ast-page-background-enabled":"default","ast-page-background-meta":{"desktop":{"background-color":"","background-image":"","background-repeat":"repeat","background-position":"center center","background-size":"auto","background-attachment":"scroll","background-type":"","background-media":"","overlay-type":"","overlay-color":"","overlay-opacity":"","overlay-gradient":""},"tablet":{"background-color":"","background-image":"","background-repeat":"repeat","background-position":"center center","background-size":"auto","background-attachment":"scroll","background-type":"","background-media":"","overlay-type":"","overlay-color":"","overlay-opacity":"","overlay-gradient":""},"mobile":{"background-color":"","background-image":"","background-repeat":"repeat","background-position":"center center","background-size":"auto","background-attachment":"scroll","background-type":"","background-media":"","overlay-type":"","overlay-color":"","overlay-opacity":"","overlay-gradient":""}},"ast-content-background-meta":{"desktop":{"background-color":"var(--ast-global-color-5)","background-image":"","background-repeat":"repeat","background-position":"center center","background-size":"auto","background-attachment":"scroll","background-type":"","background-media":"","overlay-type":"","overlay-color":"","overlay-opacity":"","overlay-gradient":""},"tablet":{"background-color":"var(--ast-global-color-5)","background-image":"","background-repeat":"repeat","background-position":"center center","background-size":"auto","background-attachment":"scroll","background-type":"","background-media":"","overlay-type":"","overlay-color":"","overlay-opacity":"","overlay-gradient":""},"mobile":{"background-color":"var(--ast-global-color-5)","background-image":"","background-repeat":"repeat","background-position":"center center","background-size":"auto","background-attachment":"scroll","background-type":"","background-media":"","overlay-type":"","overlay-color":"","overlay-opacity":"","overlay-gradient":""}}},"product_brand":[],"product_cat":[76,77,79,82],"product_tag":[508,419,136,505,507,183,506],"class_list":{"0":"post-4899","1":"product","2":"type-product","3":"status-publish","4":"has-post-thumbnail","6":"product_cat-new-arrivels","7":"product_cat-wholesale-womens-shapewear","8":"product_cat-wholesale-seemless-shaperwear","9":"product_cat-wholesale-shapewear-bodysuit","10":"product_tag-bbl-effect","11":"product_tag-bodysuit","12":"product_tag-bridal","13":"product_tag-casual","14":"product_tag-everyday-work","15":"product_tag-long-sleeve","16":"product_tag-seemless-shapewear","17":"pa_color-beige","18":"pa_color-black","19":"pa_color-white","20":"pa_size-l","21":"pa_size-m","22":"pa_size-s","23":"pa_size-xl","24":"pa_size-xxl","25":"pa_size-xxxl","26":"desktop-align-center","27":"tablet-align-left","28":"mobile-align-left","29":"ast-product-gallery-layout-horizontal-slider","30":"ast-product-single-variable","31":"ast-product-tabs-layout-horizontal","32":"ast-qv-on-image","34":"first","35":"instock","36":"shipping-taxable","37":"purchasable","38":"product-type-variable"},"tiered_pricing_type":"fixed","tiered_pricing_fixed_rules":{"2":5.99,"30":5.59,"500":4.69},"tiered_pricing_product_settings":{"layout":"default","base_unit_name":{"singular":null,"plural":null},"default_variation":{}},"tiered_pricing_minimum_quantity":null,"tiered_pricing_roles_data":[],"tiered_pricing_percentage_rules":[],"_links":{"self":[{"href":"https:\/\/yume-silm.com\/pt\/wp-json\/wp\/v2\/product\/4899","targetHints":{"allow":["GET"]}}],"collection":[{"href":"https:\/\/yume-silm.com\/pt\/wp-json\/wp\/v2\/product"}],"about":[{"href":"https:\/\/yume-silm.com\/pt\/wp-json\/wp\/v2\/types\/product"}],"replies":[{"embeddable":true,"href":"https:\/\/yume-silm.com\/pt\/wp-json\/wp\/v2\/comments?post=4899"}],"wp:featuredmedia":[{"embeddable":true,"href":"https:\/\/yume-silm.com\/pt\/wp-json\/wp\/v2\/media\/4921"}],"wp:attachment":[{"href":"https:\/\/yume-silm.com\/pt\/wp-json\/wp\/v2\/media?parent=4899"}],"wp:term":[{"taxonomy":"product_brand","embeddable":true,"href":"https:\/\/yume-silm.com\/pt\/wp-json\/wp\/v2\/product_brand?post=4899"},{"taxonomy":"product_cat","embeddable":true,"href":"https:\/\/yume-silm.com\/pt\/wp-json\/wp\/v2\/product_cat?post=4899"},{"taxonomy":"product_tag","embeddable":true,"href":"https:\/\/yume-silm.com\/pt\/wp-json\/wp\/v2\/product_tag?post=4899"}],"curies":[{"name":"wp","href":"https:\/\/api.w.org\/{rel}","templated":true}]}}