{"id":4931,"date":"2023-07-30T06:09:38","date_gmt":"2023-07-30T06:09:38","guid":{"rendered":"https:\/\/yume-silm.com\/?post_type=product&#038;p=4931"},"modified":"2024-01-05T01:28:16","modified_gmt":"2024-01-05T01:28:16","slug":"body-versatil-com-gola-redonda-e-cor-solida-que-esculpe-o-corpo","status":"publish","type":"product","link":"https:\/\/yume-silm.com\/pt\/produto\/body-versatil-com-gola-redonda-e-cor-solida-que-esculpe-o-corpo\/","title":{"rendered":"Body de escultura corporal vers\u00e1til com gola redonda e cor s\u00f3lida por atacado"},"content":{"rendered":"<h5>Caracter\u00edsticas de design<\/h5>\n<ul>\n<li><strong>PESCO\u00c7O REDONDO STREAMLINE:<\/strong> O design de gola redonda do body modelador de manga curta n\u00e3o s\u00f3 exala eleg\u00e2ncia e simplicidade, mas tamb\u00e9m um pouco de divers\u00e3o e fofura, o que adiciona muitas possibilidades ao seu traje.<\/li>\n<li><strong>MODA DE COR S\u00d3LIDA:<\/strong> Escolha este body feminino de cor s\u00f3lida com gola redonda baixa para um visual elegante e vers\u00e1til. Pode ser facilmente combinado com diferentes acess\u00f3rios e roupas para infinitas combina\u00e7\u00f5es de moda. Macac\u00e3o elegante e moderno combina perfeitamente com ternos, jeans, saias e muito mais.<\/li>\n<li><strong>EXCEL\u00caNCIA EM MODELA\u00c7\u00c3O DO CORPO:<\/strong> Macac\u00f5es casuais da moda s\u00e3o usados para acentuar as curvas naturais e moldar instantaneamente sua figura curvil\u00ednea. Uma bela figura de ampulheta lhe d\u00e1 uma confian\u00e7a incompar\u00e1vel. Seja voc\u00ea mais linda!<\/li>\n<li><strong>TECIDO DE QUALIDADE PREMIUM:<\/strong> Esta camiseta de manga curta de cor s\u00f3lida \u00e9 feita de tecido de alta qualidade para garantir o m\u00e1ximo conforto, \u00e9 macia e confort\u00e1vel de usar na pele, adequada para uso o dia todo.<\/li>\n<li><strong>O ARM\u00c1RIO MODERNO DEVE TER:<\/strong> Perfeita tanto para ocasi\u00f5es casuais quanto formais, a versatilidade e eleg\u00e2ncia da meia-cal\u00e7a slim fit \u00e9 uma pe\u00e7a indispens\u00e1vel para a mulher moderna. Voc\u00ea merece isso!<\/li>\n<\/ul>\n<h6><em>Body modelador feminino de cor s\u00f3lida com gola redonda e manga curta<\/em><\/h6>\n<ul>\n<li>Nosso vers\u00e1til body modelador corporal de cor s\u00f3lida com gola redonda \u00e9 uma mistura de eleg\u00e2ncia, conforto e funcionalidade. Para atacadistas que buscam oferecer solu\u00e7\u00f5es de shapewear premium, este produto de shapewear \u00e9 obrigat\u00f3rio. Mergulhe no mundo do atacado com esta pe\u00e7a excepcional. Encomende hoje!<\/li>\n<\/ul>","protected":false},"excerpt":{"rendered":"<p>Descubra o fasc\u00ednio do nosso vers\u00e1til body modelador corporal de cor s\u00f3lida com gola redonda. Meticulosamente projetado para um ajuste agrad\u00e1vel, este body elegante e confort\u00e1vel n\u00e3o apenas real\u00e7a as curvas naturais, mas tamb\u00e9m oferece a versatilidade do estilo de cores s\u00f3lidas, tornando-o um item b\u00e1sico para qualquer guarda-roupa sofisticado.<\/p>","protected":false},"featured_media":4951,"comment_status":"open","ping_status":"closed","template":"","meta":{"site-sidebar-layout":"default","site-content-layout":"default","ast-site-content-layout":"default","site-content-style":"default","site-sidebar-style":"default","ast-global-header-display":"","ast-banner-title-visibility":"","ast-main-header-display":"","ast-hfb-above-header-display":"","ast-hfb-below-header-display":"","ast-hfb-mobile-header-display":"","site-post-title":"","ast-breadcrumbs-content":"","ast-featured-img":"","footer-sml-layout":"","ast-disable-related-posts":"","theme-transparent-header-meta":"default","adv-header-id-meta":"","stick-header-meta":"default","header-above-stick-meta":"","header-main-stick-meta":"","header-below-stick-meta":"","astra-migrate-meta-layouts":"set","ast-page-background-enabled":"default","ast-page-background-meta":{"desktop":{"background-color":"","background-image":"","background-repeat":"repeat","background-position":"center center","background-size":"auto","background-attachment":"scroll","background-type":"","background-media":"","overlay-type":"","overlay-color":"","overlay-opacity":"","overlay-gradient":""},"tablet":{"background-color":"","background-image":"","background-repeat":"repeat","background-position":"center center","background-size":"auto","background-attachment":"scroll","background-type":"","background-media":"","overlay-type":"","overlay-color":"","overlay-opacity":"","overlay-gradient":""},"mobile":{"background-color":"","background-image":"","background-repeat":"repeat","background-position":"center center","background-size":"auto","background-attachment":"scroll","background-type":"","background-media":"","overlay-type":"","overlay-color":"","overlay-opacity":"","overlay-gradient":""}},"ast-content-background-meta":{"desktop":{"background-color":"var(--ast-global-color-5)","background-image":"","background-repeat":"repeat","background-position":"center center","background-size":"auto","background-attachment":"scroll","background-type":"","background-media":"","overlay-type":"","overlay-color":"","overlay-opacity":"","overlay-gradient":""},"tablet":{"background-color":"var(--ast-global-color-5)","background-image":"","background-repeat":"repeat","background-position":"center center","background-size":"auto","background-attachment":"scroll","background-type":"","background-media":"","overlay-type":"","overlay-color":"","overlay-opacity":"","overlay-gradient":""},"mobile":{"background-color":"var(--ast-global-color-5)","background-image":"","background-repeat":"repeat","background-position":"center center","background-size":"auto","background-attachment":"scroll","background-type":"","background-media":"","overlay-type":"","overlay-color":"","overlay-opacity":"","overlay-gradient":""}}},"product_brand":[],"product_cat":[65,76,77,82],"product_tag":[419,136,505,504,503,502,138],"class_list":{"0":"post-4931","1":"product","2":"type-product","3":"status-publish","4":"has-post-thumbnail","6":"product_cat-best-sellers","7":"product_cat-new-arrivels","8":"product_cat-wholesale-womens-shapewear","9":"product_cat-wholesale-shapewear-bodysuit","10":"product_tag-bodysuit","11":"product_tag-bridal","12":"product_tag-casual","13":"product_tag-curvy-figure","14":"product_tag-round-neck","15":"product_tag-solid-color","16":"product_tag-thong","17":"pa_color-black","18":"pa_color-white","19":"pa_size-l","20":"pa_size-m","21":"pa_size-s","22":"pa_size-xl","23":"pa_size-xxl","24":"pa_size-xxxl","25":"desktop-align-center","26":"tablet-align-left","27":"mobile-align-left","28":"ast-product-gallery-layout-horizontal-slider","29":"ast-product-single-variable","30":"ast-product-tabs-layout-horizontal","31":"ast-qv-on-image","33":"first","34":"instock","35":"shipping-taxable","36":"purchasable","37":"product-type-variable"},"tiered_pricing_type":"fixed","tiered_pricing_fixed_rules":{"2":4.339,"30":4.09,"500":3.49},"tiered_pricing_product_settings":{"layout":"default","base_unit_name":{"singular":null,"plural":null},"default_variation":{}},"tiered_pricing_minimum_quantity":null,"tiered_pricing_roles_data":[],"tiered_pricing_percentage_rules":[],"_links":{"self":[{"href":"https:\/\/yume-silm.com\/pt\/wp-json\/wp\/v2\/product\/4931","targetHints":{"allow":["GET"]}}],"collection":[{"href":"https:\/\/yume-silm.com\/pt\/wp-json\/wp\/v2\/product"}],"about":[{"href":"https:\/\/yume-silm.com\/pt\/wp-json\/wp\/v2\/types\/product"}],"replies":[{"embeddable":true,"href":"https:\/\/yume-silm.com\/pt\/wp-json\/wp\/v2\/comments?post=4931"}],"wp:featuredmedia":[{"embeddable":true,"href":"https:\/\/yume-silm.com\/pt\/wp-json\/wp\/v2\/media\/4951"}],"wp:attachment":[{"href":"https:\/\/yume-silm.com\/pt\/wp-json\/wp\/v2\/media?parent=4931"}],"wp:term":[{"taxonomy":"product_brand","embeddable":true,"href":"https:\/\/yume-silm.com\/pt\/wp-json\/wp\/v2\/product_brand?post=4931"},{"taxonomy":"product_cat","embeddable":true,"href":"https:\/\/yume-silm.com\/pt\/wp-json\/wp\/v2\/product_cat?post=4931"},{"taxonomy":"product_tag","embeddable":true,"href":"https:\/\/yume-silm.com\/pt\/wp-json\/wp\/v2\/product_tag?post=4931"}],"curies":[{"name":"wp","href":"https:\/\/api.w.org\/{rel}","templated":true}]}}