{"id":5004,"date":"2023-07-31T09:17:36","date_gmt":"2023-07-31T09:17:36","guid":{"rendered":"https:\/\/yume-silm.com\/?post_type=product&#038;p=5004"},"modified":"2024-05-11T05:47:27","modified_gmt":"2024-05-11T05:47:27","slug":"cinto-de-protecao-esportiva-de-alta-elasticidade","status":"publish","type":"product","link":"https:\/\/yume-silm.com\/pt\/produto\/cinto-de-protecao-esportiva-de-alta-elasticidade\/","title":{"rendered":"Cinto de suor envolt\u00f3rio para aparador de cintura por atacado"},"content":{"rendered":"<h5>Caracter\u00edsticas de design<\/h5>\n<ul>\n<li><strong>Modelagem abdominal e suporte para costas:<\/strong> O cinto aparador de cintura, com 5 ossos acoplados, garante suporte e prote\u00e7\u00e3o para a regi\u00e3o lombar durante o exerc\u00edcio, melhorando a modelagem do abd\u00f4men. Tamb\u00e9m ajuda a corrigir a postura e a aliviar o desconforto causado pelas dores nas costas.<\/li>\n<li><strong>PROMOVE PERDA DE PESO E RECUPERA\u00c7\u00c3O P\u00d3S-PRODU\u00c7\u00c3O:<\/strong> Continue usando esta faixa de suor para perda de peso todos os dias para corrida, prepara\u00e7\u00e3o f\u00edsica, ioga e outros exerc\u00edcios para acelerar a promo\u00e7\u00e3o da queima de gordura abdominal. O cinto aparador de cintura tem uma fun\u00e7\u00e3o antiderrapante, voc\u00ea pode ter certeza de que n\u00e3o escorregar\u00e1 facilmente durante o exerc\u00edcio. A bandagem abdominal tamb\u00e9m ajuda a mulher a restaurar a forma do corpo que ficou deformado devido ao parto, firmando a pele e controlando o abd\u00f4men para um contorno ideal. Claro que voc\u00ea pode us\u00e1-lo em qualquer ocasi\u00e3o, incluindo trabalho, diariamente, exerc\u00edcios, prepara\u00e7\u00e3o f\u00edsica ou ioga.<\/li>\n<li><strong>EXCELENTE QUALIDADE E AJUSTE CONFORT\u00c1VEL:<\/strong> O aparador de cintura para sauna emagrecedora \u00e9 feito de material de neoprene de alta qualidade, confort\u00e1vel e el\u00e1stico, tamb\u00e9m ganha suor e perde peso mais r\u00e1pido. Cinto esportivo distribu\u00eddo uniformemente em malha pequena para garantir respirabilidade. Pode aumentar a respira\u00e7\u00e3o da pele abdominal quando voc\u00ea suar profusamente.<\/li>\n<li><strong>EXERC\u00cdCIO FELIZ E AUMENTO DA CONFIAN\u00c7A:<\/strong> Usar este aparador de cintura para sauna emagrecedora permite que voc\u00ea fa\u00e7a muitos exerc\u00edcios com alegria e atende a uma ampla gama de op\u00e7\u00f5es para entusiastas de esportes. Incluindo levantamento de peso, ciclismo, corrida, ioga e outros esportes. Voc\u00ea pode aproveitar a vantagem de usar nosso cinto de suor para aparador de cintura para fazer todos os tipos de exerc\u00edcios e moldar sua curva de ampulheta o mais r\u00e1pido poss\u00edvel. Encontre sua pr\u00f3pria beleza.<\/li>\n<\/ul>\n<h6><em>Aparador de cintura para mulheres e homens para perda de peso e suporte para as costas<\/em><\/h6>\n<ul>\n<li>Nossos cintos de suor envolventes para cintura combinam conforto, prote\u00e7\u00e3o e funcionalidade. Este produto \u00e9 obrigat\u00f3rio para atacadistas que buscam fornecer solu\u00e7\u00f5es de equipamentos esportivos de qualidade. Entre no mundo do atacado com este produto excepcional. Pe\u00e7a agora!<\/li>\n<\/ul>","protected":false},"excerpt":{"rendered":"<p>Eleve sua cole\u00e7\u00e3o de equipamentos esportivos com nosso cinto de suor com corte de cintura. Projetado com sete suportes de a\u00e7o e tecido respir\u00e1vel, este cinto garante \u00f3timo desempenho, conforto e prote\u00e7\u00e3o durante atividades f\u00edsicas intensas.<\/p>","protected":false},"featured_media":5036,"comment_status":"open","ping_status":"closed","template":"","meta":{"site-sidebar-layout":"default","site-content-layout":"default","ast-site-content-layout":"default","site-content-style":"default","site-sidebar-style":"default","ast-global-header-display":"","ast-banner-title-visibility":"","ast-main-header-display":"","ast-hfb-above-header-display":"","ast-hfb-below-header-display":"","ast-hfb-mobile-header-display":"","site-post-title":"","ast-breadcrumbs-content":"","ast-featured-img":"","footer-sml-layout":"","ast-disable-related-posts":"","theme-transparent-header-meta":"default","adv-header-id-meta":"","stick-header-meta":"default","header-above-stick-meta":"","header-main-stick-meta":"","header-below-stick-meta":"","astra-migrate-meta-layouts":"set","ast-page-background-enabled":"default","ast-page-background-meta":{"desktop":{"background-color":"","background-image":"","background-repeat":"repeat","background-position":"center center","background-size":"auto","background-attachment":"scroll","background-type":"","background-media":"","overlay-type":"","overlay-color":"","overlay-opacity":"","overlay-gradient":""},"tablet":{"background-color":"","background-image":"","background-repeat":"repeat","background-position":"center center","background-size":"auto","background-attachment":"scroll","background-type":"","background-media":"","overlay-type":"","overlay-color":"","overlay-opacity":"","overlay-gradient":""},"mobile":{"background-color":"","background-image":"","background-repeat":"repeat","background-position":"center center","background-size":"auto","background-attachment":"scroll","background-type":"","background-media":"","overlay-type":"","overlay-color":"","overlay-opacity":"","overlay-gradient":""}},"ast-content-background-meta":{"desktop":{"background-color":"var(--ast-global-color-5)","background-image":"","background-repeat":"repeat","background-position":"center center","background-size":"auto","background-attachment":"scroll","background-type":"","background-media":"","overlay-type":"","overlay-color":"","overlay-opacity":"","overlay-gradient":""},"tablet":{"background-color":"var(--ast-global-color-5)","background-image":"","background-repeat":"repeat","background-position":"center center","background-size":"auto","background-attachment":"scroll","background-type":"","background-media":"","overlay-type":"","overlay-color":"","overlay-opacity":"","overlay-gradient":""},"mobile":{"background-color":"var(--ast-global-color-5)","background-image":"","background-repeat":"repeat","background-position":"center center","background-size":"auto","background-attachment":"scroll","background-type":"","background-media":"","overlay-type":"","overlay-color":"","overlay-opacity":"","overlay-gradient":""}}},"product_brand":[],"product_cat":[65,76,90,96,92],"product_tag":[424,415,140,214,191],"class_list":{"0":"post-5004","1":"product","2":"type-product","3":"status-publish","4":"has-post-thumbnail","6":"product_cat-best-sellers","7":"product_cat-new-arrivels","8":"product_cat-wholesale-waist-trainer","9":"product_cat-sweat-waist-trainer","10":"product_cat-wholesale-waist-girdle","11":"product_tag-customizable-logos","12":"product_tag-lose-weight","13":"product_tag-strapless","14":"product_tag-waist-trainer","15":"product_tag-waist-trainer-with-straps","16":"pa_color-black","17":"pa_color-blue","18":"pa_color-pink","19":"pa_color-yellow","20":"pa_size-l","21":"pa_size-m","22":"pa_size-s","23":"pa_size-xl","24":"pa_size-xxl","25":"desktop-align-center","26":"tablet-align-left","27":"mobile-align-left","28":"ast-product-gallery-layout-horizontal-slider","29":"ast-product-single-variable","30":"ast-product-tabs-layout-horizontal","31":"ast-qv-on-image","33":"first","34":"instock","35":"shipping-taxable","36":"purchasable","37":"product-type-variable"},"tiered_pricing_type":"fixed","tiered_pricing_fixed_rules":{"2":6.19,"30":5.79,"100":4.79},"tiered_pricing_product_settings":{"layout":"default","base_unit_name":{"singular":null,"plural":null},"default_variation":{}},"tiered_pricing_minimum_quantity":null,"tiered_pricing_roles_data":[],"tiered_pricing_percentage_rules":[],"_links":{"self":[{"href":"https:\/\/yume-silm.com\/pt\/wp-json\/wp\/v2\/product\/5004","targetHints":{"allow":["GET"]}}],"collection":[{"href":"https:\/\/yume-silm.com\/pt\/wp-json\/wp\/v2\/product"}],"about":[{"href":"https:\/\/yume-silm.com\/pt\/wp-json\/wp\/v2\/types\/product"}],"replies":[{"embeddable":true,"href":"https:\/\/yume-silm.com\/pt\/wp-json\/wp\/v2\/comments?post=5004"}],"wp:featuredmedia":[{"embeddable":true,"href":"https:\/\/yume-silm.com\/pt\/wp-json\/wp\/v2\/media\/5036"}],"wp:attachment":[{"href":"https:\/\/yume-silm.com\/pt\/wp-json\/wp\/v2\/media?parent=5004"}],"wp:term":[{"taxonomy":"product_brand","embeddable":true,"href":"https:\/\/yume-silm.com\/pt\/wp-json\/wp\/v2\/product_brand?post=5004"},{"taxonomy":"product_cat","embeddable":true,"href":"https:\/\/yume-silm.com\/pt\/wp-json\/wp\/v2\/product_cat?post=5004"},{"taxonomy":"product_tag","embeddable":true,"href":"https:\/\/yume-silm.com\/pt\/wp-json\/wp\/v2\/product_tag?post=5004"}],"curies":[{"name":"wp","href":"https:\/\/api.w.org\/{rel}","templated":true}]}}