{"id":5124,"date":"2023-08-05T05:30:15","date_gmt":"2023-08-05T05:30:15","guid":{"rendered":"https:\/\/yume-silm.com\/?post_type=product&#038;p=5124"},"modified":"2024-11-06T02:06:23","modified_gmt":"2024-11-06T02:06:23","slug":"modelador-de-cintura-alta-com-controle-de-barriga-com-bunda-falsa-de-peca-unica","status":"publish","type":"product","link":"https:\/\/yume-silm.com\/pt\/produto\/modelador-de-cintura-alta-com-controle-de-barriga-com-bunda-falsa-de-peca-unica\/","title":{"rendered":"Modeladores de cintura alta para controle de barriga no atacado: design que n\u00e3o deixa marcas"},"content":{"rendered":"<h5>Caracter\u00edsticas de design<\/h5>\n<ul>\n<li><strong>CONTROLE DE BARRIGA DE CINTURA ALTA PARA UM CONTORNO SUAVE:<\/strong> A cintura alta deste modelador de barriga feminino oferece excelente controle de barriga e esculpe suavemente a barriga. Ao comprimir suavemente a cintura, ajuda a obter um aspecto suave e el\u00e1stico, ideal para pe\u00e7as justas.<\/li>\n<li><strong>ELEVADOR NATURAL DE BUNDA CONECTADO:<\/strong> As n\u00e1degas conectadas inteligentemente projetadas levantam a parte de tr\u00e1s das n\u00e1degas para uma apar\u00eancia mais completa e natural. O design contornado do modelador de cintura alta com controle de barriga real\u00e7a a linha do quadril e adiciona confian\u00e7a aos seus passos.<\/li>\n<li><strong>MATERIAL DE ALTA ESTICA\u00c7\u00c3O PARA M\u00c1XIMO CONFORTO:<\/strong> Esta roupa \u00edntima para controle de barriga \u00e9 feita de tecido de alta elasticidade que abra\u00e7a seu corpo sem restringir seus movimentos. Esteja voc\u00ea participando de um evento especial ou apenas saindo para passar o dia, ele oferece um uso agrad\u00e1vel e confort\u00e1vel durante todo o dia.<\/li>\n<li><strong>PROJETO SEM RISCAS:<\/strong> O design sem costura garante que a roupa \u00edntima sem costura que modela o corpo fique invis\u00edvel dentro da roupa. Sem linhas ou marcas vis\u00edveis, combina perfeitamente com qualquer look e se torna um item vers\u00e1til no guarda-roupa.<\/li>\n<li><strong>F\u00c1CIL DE USAR E VERS\u00c1TIL:<\/strong> Este modelador de cintura alta plus size de pe\u00e7a \u00fanica \u00e9 f\u00e1cil de usar e adequado para todas as ocasi\u00f5es. Quer voc\u00ea combine com vestidos de coquetel ou trajes de escrit\u00f3rio, ele fornece suporte e aprimoramento cont\u00ednuos para criar uma apar\u00eancia geral e melhorar seu comportamento.<\/li>\n<\/ul>\n<h6><em>Modelador de cintura alta feminino, controle de barriga, levantamento de bunda, modelagem corporal sem costura, roupa \u00edntima<\/em><\/h6>\n<ul>\n<li>Experimente o efeito transformador do nosso modelador de cintura alta para controle de barriga. Com sua inovadora bunda falsa de pe\u00e7a \u00fanica e tecido de alta elasticidade que n\u00e3o deixa marcas, voc\u00ea pode desfrutar de uma apar\u00eancia mais contornada e confiante sem sacrificar o conforto ou o estilo.<\/li>\n<\/ul>\n<div class=\"ast-oembed-container\" style=\"height: 100%;\"><iframe title=\"Pugilista sem emenda de cintura alta do Shapewear de pouco peso &amp; respir\u00e1vel\" width=\"500\" height=\"375\" src=\"https:\/\/www.youtube.com\/embed\/-3-7sFojWFA?feature=oembed\" frameborder=\"0\" allow=\"accelerometer; autoplay; clipboard-write; encrypted-media; gyroscope; picture-in-picture; web-share\" referrerpolicy=\"strict-origin-when-cross-origin\" allowfullscreen><\/iframe><\/div>","protected":false},"excerpt":{"rendered":"<p>Melhore a sua silhueta sem esfor\u00e7o com o nosso modelador de cintura alta para controle de barriga. Projetada com uma bunda falsa de pe\u00e7a \u00fanica e confeccionada com material de alta elasticidade e que n\u00e3o deixa marcas, esta pe\u00e7a sem costura oferece uma apar\u00eancia esculpida e natural para qualquer roupa.<\/p>","protected":false},"featured_media":5140,"comment_status":"open","ping_status":"closed","template":"","meta":{"site-sidebar-layout":"default","site-content-layout":"default","ast-site-content-layout":"default","site-content-style":"default","site-sidebar-style":"default","ast-global-header-display":"","ast-banner-title-visibility":"","ast-main-header-display":"","ast-hfb-above-header-display":"","ast-hfb-below-header-display":"","ast-hfb-mobile-header-display":"","site-post-title":"","ast-breadcrumbs-content":"","ast-featured-img":"","footer-sml-layout":"","ast-disable-related-posts":"","theme-transparent-header-meta":"default","adv-header-id-meta":"","stick-header-meta":"default","header-above-stick-meta":"","header-main-stick-meta":"","header-below-stick-meta":"","astra-migrate-meta-layouts":"set","ast-page-background-enabled":"default","ast-page-background-meta":{"desktop":{"background-color":"","background-image":"","background-repeat":"repeat","background-position":"center center","background-size":"auto","background-attachment":"scroll","background-type":"","background-media":"","overlay-type":"","overlay-color":"","overlay-opacity":"","overlay-gradient":""},"tablet":{"background-color":"","background-image":"","background-repeat":"repeat","background-position":"center center","background-size":"auto","background-attachment":"scroll","background-type":"","background-media":"","overlay-type":"","overlay-color":"","overlay-opacity":"","overlay-gradient":""},"mobile":{"background-color":"","background-image":"","background-repeat":"repeat","background-position":"center center","background-size":"auto","background-attachment":"scroll","background-type":"","background-media":"","overlay-type":"","overlay-color":"","overlay-opacity":"","overlay-gradient":""}},"ast-content-background-meta":{"desktop":{"background-color":"var(--ast-global-color-5)","background-image":"","background-repeat":"repeat","background-position":"center center","background-size":"auto","background-attachment":"scroll","background-type":"","background-media":"","overlay-type":"","overlay-color":"","overlay-opacity":"","overlay-gradient":""},"tablet":{"background-color":"var(--ast-global-color-5)","background-image":"","background-repeat":"repeat","background-position":"center center","background-size":"auto","background-attachment":"scroll","background-type":"","background-media":"","overlay-type":"","overlay-color":"","overlay-opacity":"","overlay-gradient":""},"mobile":{"background-color":"var(--ast-global-color-5)","background-image":"","background-repeat":"repeat","background-position":"center center","background-size":"auto","background-attachment":"scroll","background-type":"","background-media":"","overlay-type":"","overlay-color":"","overlay-opacity":"","overlay-gradient":""}}},"product_brand":[],"product_cat":[76,65,77,79,80],"product_tag":[136,139,148],"class_list":{"0":"post-5124","1":"product","2":"type-product","3":"status-publish","4":"has-post-thumbnail","6":"product_cat-new-arrivels","7":"product_cat-best-sellers","8":"product_cat-wholesale-womens-shapewear","9":"product_cat-wholesale-seemless-shaperwear","10":"product_cat-wholesale-butt-lift-underwear","11":"product_tag-bridal","12":"product_tag-high-waist","13":"product_tag-one-piece","14":"pa_color-beige","15":"pa_color-black","16":"pa_size-l","17":"pa_size-m","18":"pa_size-s","19":"pa_size-xl","20":"pa_size-xxl","21":"pa_size-xxxl","22":"desktop-align-center","23":"tablet-align-left","24":"mobile-align-left","25":"ast-product-gallery-layout-horizontal-slider","26":"ast-product-single-variable","27":"ast-product-tabs-layout-horizontal","28":"ast-qv-on-image","30":"first","31":"instock","32":"shipping-taxable","33":"purchasable","34":"product-type-variable"},"tiered_pricing_type":"fixed","tiered_pricing_fixed_rules":{"2":5.79,"30":5.39,"100":4.49},"tiered_pricing_product_settings":{"layout":"default","base_unit_name":{"singular":null,"plural":null},"default_variation":null},"tiered_pricing_minimum_quantity":null,"tiered_pricing_roles_data":[],"tiered_pricing_percentage_rules":[],"_links":{"self":[{"href":"https:\/\/yume-silm.com\/pt\/wp-json\/wp\/v2\/product\/5124","targetHints":{"allow":["GET"]}}],"collection":[{"href":"https:\/\/yume-silm.com\/pt\/wp-json\/wp\/v2\/product"}],"about":[{"href":"https:\/\/yume-silm.com\/pt\/wp-json\/wp\/v2\/types\/product"}],"replies":[{"embeddable":true,"href":"https:\/\/yume-silm.com\/pt\/wp-json\/wp\/v2\/comments?post=5124"}],"wp:featuredmedia":[{"embeddable":true,"href":"https:\/\/yume-silm.com\/pt\/wp-json\/wp\/v2\/media\/5140"}],"wp:attachment":[{"href":"https:\/\/yume-silm.com\/pt\/wp-json\/wp\/v2\/media?parent=5124"}],"wp:term":[{"taxonomy":"product_brand","embeddable":true,"href":"https:\/\/yume-silm.com\/pt\/wp-json\/wp\/v2\/product_brand?post=5124"},{"taxonomy":"product_cat","embeddable":true,"href":"https:\/\/yume-silm.com\/pt\/wp-json\/wp\/v2\/product_cat?post=5124"},{"taxonomy":"product_tag","embeddable":true,"href":"https:\/\/yume-silm.com\/pt\/wp-json\/wp\/v2\/product_tag?post=5124"}],"curies":[{"name":"wp","href":"https:\/\/api.w.org\/{rel}","templated":true}]}}