{"id":5148,"date":"2023-08-05T05:50:44","date_gmt":"2023-08-05T05:50:44","guid":{"rendered":"https:\/\/yume-silm.com\/?post_type=product&#038;p=5148"},"modified":"2023-12-21T06:13:43","modified_gmt":"2023-12-21T06:13:43","slug":"elegante-conforto-body-sculpting-body-non-marking","status":"publish","type":"product","link":"https:\/\/yume-silm.com\/pt\/produto\/elegante-conforto-body-sculpting-body-non-marking\/","title":{"rendered":"Macac\u00e3o elegante e confort\u00e1vel para escultura corporal por atacado"},"content":{"rendered":"<h5>Caracter\u00edsticas de design<\/h5>\n<ul>\n<li><strong>MODELAGEM DO CORPO PARA UM CONTORNO ELEGANTE:<\/strong> Nosso modelador de alta elasticidade foi cuidadosamente projetado para contornar o corpo e acentuar suas curvas naturais. Seu tecido el\u00e1stico e leve proporciona compress\u00e3o suave sem constri\u00e7\u00e3o, permitindo que voc\u00ea se mova com liberdade e confian\u00e7a.<\/li>\n<li><strong>PROJETO SEM EMENDA, APAR\u00caNCIA SEM EMENDA:<\/strong> A caracter\u00edstica perfeita dessas meias garante que ela fique invis\u00edvel dentro de suas roupas e combine perfeitamente com qualquer roupa. Diga adeus \u00e0s linhas e marcas vis\u00edveis para uma apar\u00eancia mais polida.<\/li>\n<li><strong>MATERIAL ALTO ESTICADO PARA M\u00c1XIMO CONFORTO:<\/strong> Este body modelador para levantamento de bumbum com controle de barriga \u00e9 feito de tecido de alta qualidade e alta elasticidade que se adapta ao formato do seu corpo e oferece um ajuste agrad\u00e1vel e confort\u00e1vel. Esteja voc\u00ea participando de um evento especial ou realizando tarefas, ele oferece suporte durante todo o dia, sem se sentir muito tenso.<\/li>\n<li><strong>TECIDO RESPIR\u00c1VEL PARA FRESCURA O DIA TODO:<\/strong> Este macac\u00e3o \u00e9 feito com tecido respir\u00e1vel que ir\u00e1 mant\u00ea-lo fresco e confort\u00e1vel durante todo o dia. O tecido promove a circula\u00e7\u00e3o de ar e mant\u00e9m voc\u00ea fresco e seco mesmo ap\u00f3s longas horas de uso.<\/li>\n<li><strong>VERS\u00c1TIL PARA CADA OCASI\u00c3O:<\/strong> Quer voc\u00ea esteja usando com roupa formal ou casual, este elegante body modelador e confort\u00e1vel atinge o equil\u00edbrio certo entre eleg\u00e2ncia e praticidade. Sua versatilidade o torna um arm\u00e1rio indispens\u00e1vel para qualquer ocasi\u00e3o.<\/li>\n<\/ul>\n<h6><em>Levantador de bumbum com controle de barriga altamente el\u00e1stico feminino plus size modelador de body sem costura <\/em><\/h6>\n<ul>\n<li>Abrace a melhor vers\u00e3o de voc\u00ea mesmo com nosso elegante e confort\u00e1vel body modelador corporal. Com seu design confort\u00e1vel e que n\u00e3o deixa marcas, aliado a um material altamente el\u00e1stico e respir\u00e1vel, oferece a combina\u00e7\u00e3o perfeita de estilo e funcionalidade. Experimente um novo n\u00edvel de confian\u00e7a e equil\u00edbrio com esta pe\u00e7a excepcional.<\/li>\n<\/ul>\n<div class=\"ast-oembed-container\" style=\"height: 100%;\"><iframe title=\"Body elegante e confort\u00e1vel para escultura corporal - sem marcas\" width=\"500\" height=\"281\" src=\"https:\/\/www.youtube.com\/embed\/EKVNvE9XuFQ?feature=oembed\" frameborder=\"0\" allow=\"accelerometer; autoplay; clipboard-write; encrypted-media; gyroscope; picture-in-picture; web-share\" referrerpolicy=\"strict-origin-when-cross-origin\" allowfullscreen><\/iframe><\/div>","protected":false},"excerpt":{"rendered":"<p>Experimente a combina\u00e7\u00e3o perfeita de conforto e eleg\u00e2ncia com nosso elegante body modelador de corpo confort\u00e1vel. Projetado para ser el\u00e1stico, fino e respir\u00e1vel, este macac\u00e3o que n\u00e3o deixa marcas molda seu corpo perfeitamente, garantindo uma silhueta graciosa sem sacrificar o conforto.<\/p>","protected":false},"featured_media":5163,"comment_status":"open","ping_status":"closed","template":"","meta":{"site-sidebar-layout":"default","site-content-layout":"default","ast-site-content-layout":"default","site-content-style":"default","site-sidebar-style":"default","ast-global-header-display":"","ast-banner-title-visibility":"","ast-main-header-display":"","ast-hfb-above-header-display":"","ast-hfb-below-header-display":"","ast-hfb-mobile-header-display":"","site-post-title":"","ast-breadcrumbs-content":"","ast-featured-img":"","footer-sml-layout":"","ast-disable-related-posts":"","theme-transparent-header-meta":"default","adv-header-id-meta":"","stick-header-meta":"default","header-above-stick-meta":"","header-main-stick-meta":"","header-below-stick-meta":"","astra-migrate-meta-layouts":"set","ast-page-background-enabled":"default","ast-page-background-meta":{"desktop":{"background-color":"","background-image":"","background-repeat":"repeat","background-position":"center center","background-size":"auto","background-attachment":"scroll","background-type":"","background-media":"","overlay-type":"","overlay-color":"","overlay-opacity":"","overlay-gradient":""},"tablet":{"background-color":"","background-image":"","background-repeat":"repeat","background-position":"center center","background-size":"auto","background-attachment":"scroll","background-type":"","background-media":"","overlay-type":"","overlay-color":"","overlay-opacity":"","overlay-gradient":""},"mobile":{"background-color":"","background-image":"","background-repeat":"repeat","background-position":"center center","background-size":"auto","background-attachment":"scroll","background-type":"","background-media":"","overlay-type":"","overlay-color":"","overlay-opacity":"","overlay-gradient":""}},"ast-content-background-meta":{"desktop":{"background-color":"var(--ast-global-color-5)","background-image":"","background-repeat":"repeat","background-position":"center center","background-size":"auto","background-attachment":"scroll","background-type":"","background-media":"","overlay-type":"","overlay-color":"","overlay-opacity":"","overlay-gradient":""},"tablet":{"background-color":"var(--ast-global-color-5)","background-image":"","background-repeat":"repeat","background-position":"center center","background-size":"auto","background-attachment":"scroll","background-type":"","background-media":"","overlay-type":"","overlay-color":"","overlay-opacity":"","overlay-gradient":""},"mobile":{"background-color":"var(--ast-global-color-5)","background-image":"","background-repeat":"repeat","background-position":"center center","background-size":"auto","background-attachment":"scroll","background-type":"","background-media":"","overlay-type":"","overlay-color":"","overlay-opacity":"","overlay-gradient":""}}},"product_brand":[],"product_cat":[76,77,79,82],"product_tag":[136,147,148,213],"class_list":{"0":"post-5148","1":"product","2":"type-product","3":"status-publish","4":"has-post-thumbnail","6":"product_cat-new-arrivels","7":"product_cat-wholesale-womens-shapewear","8":"product_cat-wholesale-seemless-shaperwear","9":"product_cat-wholesale-shapewear-bodysuit","10":"product_tag-bridal","11":"product_tag-cross","12":"product_tag-one-piece","13":"product_tag-sleeveless","14":"pa_color-beige","15":"pa_color-black","16":"pa_size-l","17":"pa_size-m","18":"pa_size-s","19":"pa_size-xl","20":"pa_size-xxl","21":"pa_size-xxxl","22":"desktop-align-center","23":"tablet-align-left","24":"mobile-align-left","25":"ast-product-gallery-layout-horizontal-slider","26":"ast-product-single-variable","27":"ast-product-tabs-layout-horizontal","28":"ast-qv-on-image","30":"first","31":"instock","32":"shipping-taxable","33":"purchasable","34":"product-type-variable"},"tiered_pricing_type":"fixed","tiered_pricing_fixed_rules":{"2":4.49,"30":4.09,"500":3.49},"tiered_pricing_product_settings":{"layout":"default","base_unit_name":{"singular":null,"plural":null},"default_variation":null},"tiered_pricing_minimum_quantity":null,"tiered_pricing_roles_data":[],"tiered_pricing_percentage_rules":[],"_links":{"self":[{"href":"https:\/\/yume-silm.com\/pt\/wp-json\/wp\/v2\/product\/5148","targetHints":{"allow":["GET"]}}],"collection":[{"href":"https:\/\/yume-silm.com\/pt\/wp-json\/wp\/v2\/product"}],"about":[{"href":"https:\/\/yume-silm.com\/pt\/wp-json\/wp\/v2\/types\/product"}],"replies":[{"embeddable":true,"href":"https:\/\/yume-silm.com\/pt\/wp-json\/wp\/v2\/comments?post=5148"}],"wp:featuredmedia":[{"embeddable":true,"href":"https:\/\/yume-silm.com\/pt\/wp-json\/wp\/v2\/media\/5163"}],"wp:attachment":[{"href":"https:\/\/yume-silm.com\/pt\/wp-json\/wp\/v2\/media?parent=5148"}],"wp:term":[{"taxonomy":"product_brand","embeddable":true,"href":"https:\/\/yume-silm.com\/pt\/wp-json\/wp\/v2\/product_brand?post=5148"},{"taxonomy":"product_cat","embeddable":true,"href":"https:\/\/yume-silm.com\/pt\/wp-json\/wp\/v2\/product_cat?post=5148"},{"taxonomy":"product_tag","embeddable":true,"href":"https:\/\/yume-silm.com\/pt\/wp-json\/wp\/v2\/product_tag?post=5148"}],"curies":[{"name":"wp","href":"https:\/\/api.w.org\/{rel}","templated":true}]}}