{"id":5172,"date":"2023-08-05T06:09:23","date_gmt":"2023-08-05T06:09:23","guid":{"rendered":"https:\/\/yume-silm.com\/?post_type=product&#038;p=5172"},"modified":"2023-12-21T06:00:47","modified_gmt":"2023-12-21T06:00:47","slug":"modelador-de-corpo-inteiro-sem-costura-ajustavel-altamente-elastico","status":"publish","type":"product","link":"https:\/\/yume-silm.com\/pt\/produto\/modelador-de-corpo-inteiro-sem-costura-ajustavel-altamente-elastico\/","title":{"rendered":"Shapewear de corpo inteiro sem costura no atacado: design altamente el\u00e1stico"},"content":{"rendered":"<h5>Caracter\u00edsticas de design<\/h5>\n<ul>\n<li><strong>DESIGN SEM EMENDA, FORMA SUAVE:<\/strong> O modelador sem costura de corpo inteiro tem um design perfeito que garante uma silhueta suave e ininterrupta. N\u00e3o existem linhas ou sali\u00eancias, apenas uma bela silhueta que real\u00e7a a sua beleza natural.<\/li>\n<li><strong>CORREIAS DE CHAVE AJUST\u00c1VEIS PARA UM AJUSTE PERSONALIZADO:<\/strong> As al\u00e7as finas deste macac\u00e3o modelador de corpo s\u00e3o facilmente ajust\u00e1veis e podem ser personalizadas para se ajustarem perfeitamente ao seu corpo. Quer voc\u00ea precise de um ajuste mais justo ou mais solto, o ajuste \u00e9 muito f\u00e1cil e conveniente.<\/li>\n<li><strong>TECIDO ALTO ESTICADO PARA UM MODELO CONFORT\u00c1VEL:<\/strong> O uso de tecido de alta elasticidade significa que este modelador feminino sem costura se move com voc\u00ea, moldando seu corpo sem comprimi-lo. O tecido el\u00e1stico abra\u00e7a suavemente suas curvas, proporcionando suporte sem sacrificar o conforto.<\/li>\n<li><strong>MATERIAL RESPIR\u00c1VEL PARA USO O DIA TODO:<\/strong> O tecido deste modelador emagrecedor foi projetado pensando na respirabilidade, permitindo a circula\u00e7\u00e3o total do ar. Isso significa que voc\u00ea permanecer\u00e1 fresco e confort\u00e1vel mesmo ap\u00f3s longos per\u00edodos de uso.<\/li>\n<li><strong>PARA CADA OCASI\u00c3O:<\/strong> Esteja voc\u00ea se vestindo para um evento especial ou apenas queira estar no seu melhor todos os dias, o confiante modelador corporal interno \u00e9 seu companheiro vers\u00e1til. Com seu design elegante e ajuste confort\u00e1vel, \u00e9 perfeito para qualquer roupa ou ocasi\u00e3o.<\/li>\n<\/ul>\n<h6><em>Levantador de bumbum com controle de barriga altamente el\u00e1stico feminino plus size modelador de body sem costura <\/em><\/h6>\n<ul>\n<li>Escolha modeladores sem costura de corpo inteiro para uma experi\u00eancia elevada em conforto e estilo. Seu design sem costuras, juntamente com al\u00e7as ajust\u00e1veis e tecido altamente el\u00e1stico e respir\u00e1vel, redefinir\u00e1 como voc\u00ea se sente em sua pr\u00f3pria pele. Aperfei\u00e7oe o seu look com esta pe\u00e7a essencial, pensada a pensar na sua beleza e conforto.<\/li>\n<\/ul>\n<div class=\"ast-oembed-container\" style=\"height: 100%;\"><iframe title=\"Shapewear de corpo inteiro \u2013 sem costura, ajust\u00e1vel e altamente el\u00e1stico\" width=\"500\" height=\"281\" src=\"https:\/\/www.youtube.com\/embed\/C9FoQGgbIi4?feature=oembed\" frameborder=\"0\" allow=\"accelerometer; autoplay; clipboard-write; encrypted-media; gyroscope; picture-in-picture; web-share\" referrerpolicy=\"strict-origin-when-cross-origin\" allowfullscreen><\/iframe><\/div>","protected":false},"excerpt":{"rendered":"<p>Apresentando modeladores de corpo inteiro sem costura: design altamente el\u00e1stico, habilmente elaborado para o m\u00e1ximo conforto e estilo. Design perfeito, al\u00e7as finas ajust\u00e1veis e tecido altamente el\u00e1stico e respir\u00e1vel se unem para criar sua pe\u00e7a ideal para uma silhueta impec\u00e1vel.<\/p>","protected":false},"featured_media":5199,"comment_status":"open","ping_status":"closed","template":"","meta":{"site-sidebar-layout":"default","site-content-layout":"default","ast-site-content-layout":"default","site-content-style":"default","site-sidebar-style":"default","ast-global-header-display":"","ast-banner-title-visibility":"","ast-main-header-display":"","ast-hfb-above-header-display":"","ast-hfb-below-header-display":"","ast-hfb-mobile-header-display":"","site-post-title":"","ast-breadcrumbs-content":"","ast-featured-img":"","footer-sml-layout":"","ast-disable-related-posts":"","theme-transparent-header-meta":"default","adv-header-id-meta":"","stick-header-meta":"default","header-above-stick-meta":"","header-main-stick-meta":"","header-below-stick-meta":"","astra-migrate-meta-layouts":"set","ast-page-background-enabled":"default","ast-page-background-meta":{"desktop":{"background-color":"","background-image":"","background-repeat":"repeat","background-position":"center center","background-size":"auto","background-attachment":"scroll","background-type":"","background-media":"","overlay-type":"","overlay-color":"","overlay-opacity":"","overlay-gradient":""},"tablet":{"background-color":"","background-image":"","background-repeat":"repeat","background-position":"center center","background-size":"auto","background-attachment":"scroll","background-type":"","background-media":"","overlay-type":"","overlay-color":"","overlay-opacity":"","overlay-gradient":""},"mobile":{"background-color":"","background-image":"","background-repeat":"repeat","background-position":"center center","background-size":"auto","background-attachment":"scroll","background-type":"","background-media":"","overlay-type":"","overlay-color":"","overlay-opacity":"","overlay-gradient":""}},"ast-content-background-meta":{"desktop":{"background-color":"var(--ast-global-color-5)","background-image":"","background-repeat":"repeat","background-position":"center center","background-size":"auto","background-attachment":"scroll","background-type":"","background-media":"","overlay-type":"","overlay-color":"","overlay-opacity":"","overlay-gradient":""},"tablet":{"background-color":"var(--ast-global-color-5)","background-image":"","background-repeat":"repeat","background-position":"center center","background-size":"auto","background-attachment":"scroll","background-type":"","background-media":"","overlay-type":"","overlay-color":"","overlay-opacity":"","overlay-gradient":""},"mobile":{"background-color":"var(--ast-global-color-5)","background-image":"","background-repeat":"repeat","background-position":"center center","background-size":"auto","background-attachment":"scroll","background-type":"","background-media":"","overlay-type":"","overlay-color":"","overlay-opacity":"","overlay-gradient":""}}},"product_brand":[],"product_cat":[76,77,79,78],"product_tag":[135,136,137,148],"class_list":{"0":"post-5172","1":"product","2":"type-product","3":"status-publish","4":"has-post-thumbnail","6":"product_cat-new-arrivels","7":"product_cat-wholesale-womens-shapewear","8":"product_cat-wholesale-seemless-shaperwear","9":"product_cat-wholesale-full-body-shaper","10":"product_tag-all-in-one","11":"product_tag-bridal","12":"product_tag-butt-lift","13":"product_tag-one-piece","14":"pa_color-beige","15":"pa_color-black","16":"pa_color-brown","17":"pa_size-l","18":"pa_size-m","19":"pa_size-s","20":"pa_size-xl","21":"pa_size-xxl","22":"pa_size-xxxl","23":"desktop-align-center","24":"tablet-align-left","25":"mobile-align-left","26":"ast-product-gallery-layout-horizontal-slider","27":"ast-product-single-variable","28":"ast-product-tabs-layout-horizontal","29":"ast-qv-on-image","31":"first","32":"instock","33":"shipping-taxable","34":"purchasable","35":"product-type-variable"},"tiered_pricing_type":"fixed","tiered_pricing_fixed_rules":{"2":5.09,"30":4.79,"500":3.99},"tiered_pricing_product_settings":{"layout":"default","base_unit_name":{"singular":null,"plural":null},"default_variation":null},"tiered_pricing_minimum_quantity":null,"tiered_pricing_roles_data":[],"tiered_pricing_percentage_rules":[],"_links":{"self":[{"href":"https:\/\/yume-silm.com\/pt\/wp-json\/wp\/v2\/product\/5172","targetHints":{"allow":["GET"]}}],"collection":[{"href":"https:\/\/yume-silm.com\/pt\/wp-json\/wp\/v2\/product"}],"about":[{"href":"https:\/\/yume-silm.com\/pt\/wp-json\/wp\/v2\/types\/product"}],"replies":[{"embeddable":true,"href":"https:\/\/yume-silm.com\/pt\/wp-json\/wp\/v2\/comments?post=5172"}],"wp:featuredmedia":[{"embeddable":true,"href":"https:\/\/yume-silm.com\/pt\/wp-json\/wp\/v2\/media\/5199"}],"wp:attachment":[{"href":"https:\/\/yume-silm.com\/pt\/wp-json\/wp\/v2\/media?parent=5172"}],"wp:term":[{"taxonomy":"product_brand","embeddable":true,"href":"https:\/\/yume-silm.com\/pt\/wp-json\/wp\/v2\/product_brand?post=5172"},{"taxonomy":"product_cat","embeddable":true,"href":"https:\/\/yume-silm.com\/pt\/wp-json\/wp\/v2\/product_cat?post=5172"},{"taxonomy":"product_tag","embeddable":true,"href":"https:\/\/yume-silm.com\/pt\/wp-json\/wp\/v2\/product_tag?post=5172"}],"curies":[{"name":"wp","href":"https:\/\/api.w.org\/{rel}","templated":true}]}}