{"id":5349,"date":"2023-08-08T06:40:51","date_gmt":"2023-08-08T06:40:51","guid":{"rendered":"https:\/\/yume-silm.com\/?post_type=product&#038;p=5349"},"modified":"2024-11-06T01:48:56","modified_gmt":"2024-11-06T01:48:56","slug":"modelador-2-em-1-de-mangas-compridas-com-saia-envolvente","status":"publish","type":"product","link":"https:\/\/yume-silm.com\/pt\/produto\/modelador-2-em-1-de-mangas-compridas-com-saia-envolvente\/","title":{"rendered":"Vestido de camada dupla de manga comprida plus size por atacado"},"content":{"rendered":"<h5>Caracter\u00edsticas de design<\/h5>\n<ul>\n<li>Tecido macio e lisonjeiro: o vestido plus size de manga comprida com camada dupla \u00e9 feito de tecido modal, as fibras modais s\u00e3o macias, brilhantes e coloridas, o tecido \u00e9 excepcionalmente macio e tem uma \u00f3tima textura drapeada, \u00e9 um tecido mercerizado natural.<\/li>\n<li>VERSATILIDADE 8 em 1: O modelador integrado realiza instantaneamente a modelagem de todo o corpo e destaca as curvas perfeitas do corpo. Consegue uma eleva\u00e7\u00e3o do busto e dos quadris, al\u00e9m de um melhor alisamento da barriga para uma silhueta lisonjeira. O decote quadrado do vestido casual foi desenhado para destacar a linha do pesco\u00e7o e ombros, tornando-o mais generoso e bonito.<\/li>\n<li>Suti\u00e3 embutido: Este \u00e9 um vestido sexy. O tecido adequado para a pele usado no modelador embutido \u00e9 leve e respir\u00e1vel. Isso far\u00e1 com que voc\u00ea se sinta confort\u00e1vel e confort\u00e1vel, mesmo se us\u00e1-lo o dia todo.<\/li>\n<li>Design de formato aberto: o espartilho modelador do corpo tem um design de virilha aberta manobr\u00e1vel que adiciona praticidade e \u00e9 muito lisonjeiro. Permite ir ao banheiro sem ter que tirar todo o vestido.<\/li>\n<li>Desgaste moderno vers\u00e1til: o vestido envolvente de quadril n\u00e3o s\u00f3 pode ser usado simplesmente como um vestido envolvente moderno, como tamb\u00e9m o modelador de barriga justo embutido tamb\u00e9m pode ser combinado com outros blazers da moda, jeans e vestidos elegantes. O vestido sexy feminino torna mais f\u00e1cil para voc\u00ea realizar uma variedade de roupas por uma semana. Use um vestido plus size de manga comprida com camada dupla para dar um toque especial em seu encontro, gala, festa, clube e muito mais.<\/li>\n<\/ul>\n<h6><em>Vestido body modelador com suti\u00e3 embutido<\/em><\/h6>\n<div class=\"ast-oembed-container\" style=\"height: 100%;\"><iframe title=\"Shapewear 2 em 1 de manga comprida com saia envolvente e malha respir\u00e1vel\" width=\"500\" height=\"281\" src=\"https:\/\/www.youtube.com\/embed\/v4qhRhvceok?feature=oembed\" frameborder=\"0\" allow=\"accelerometer; autoplay; clipboard-write; encrypted-media; gyroscope; picture-in-picture; web-share\" referrerpolicy=\"strict-origin-when-cross-origin\" allowfullscreen><\/iframe><\/div>","protected":false},"excerpt":{"rendered":"<p>Nosso vestido plus size de manga comprida e camada dupla \u00e9 mais do que apenas uma pe\u00e7a de roupa, \u00e9 uma declara\u00e7\u00e3o de eleg\u00e2ncia e for\u00e7a. O design inovador combina forma, estilo e conveni\u00eancia. Atualize seu guarda-roupa hoje!<\/p>","protected":false},"featured_media":5361,"comment_status":"open","ping_status":"closed","template":"","meta":{"site-sidebar-layout":"default","site-content-layout":"default","ast-site-content-layout":"default","site-content-style":"default","site-sidebar-style":"default","ast-global-header-display":"","ast-banner-title-visibility":"","ast-main-header-display":"","ast-hfb-above-header-display":"","ast-hfb-below-header-display":"","ast-hfb-mobile-header-display":"","site-post-title":"","ast-breadcrumbs-content":"","ast-featured-img":"","footer-sml-layout":"","ast-disable-related-posts":"","theme-transparent-header-meta":"default","adv-header-id-meta":"","stick-header-meta":"default","header-above-stick-meta":"","header-main-stick-meta":"","header-below-stick-meta":"","astra-migrate-meta-layouts":"set","ast-page-background-enabled":"default","ast-page-background-meta":{"desktop":{"background-color":"","background-image":"","background-repeat":"repeat","background-position":"center center","background-size":"auto","background-attachment":"scroll","background-type":"","background-media":"","overlay-type":"","overlay-color":"","overlay-opacity":"","overlay-gradient":""},"tablet":{"background-color":"","background-image":"","background-repeat":"repeat","background-position":"center center","background-size":"auto","background-attachment":"scroll","background-type":"","background-media":"","overlay-type":"","overlay-color":"","overlay-opacity":"","overlay-gradient":""},"mobile":{"background-color":"","background-image":"","background-repeat":"repeat","background-position":"center center","background-size":"auto","background-attachment":"scroll","background-type":"","background-media":"","overlay-type":"","overlay-color":"","overlay-opacity":"","overlay-gradient":""}},"ast-content-background-meta":{"desktop":{"background-color":"var(--ast-global-color-5)","background-image":"","background-repeat":"repeat","background-position":"center center","background-size":"auto","background-attachment":"scroll","background-type":"","background-media":"","overlay-type":"","overlay-color":"","overlay-opacity":"","overlay-gradient":""},"tablet":{"background-color":"var(--ast-global-color-5)","background-image":"","background-repeat":"repeat","background-position":"center center","background-size":"auto","background-attachment":"scroll","background-type":"","background-media":"","overlay-type":"","overlay-color":"","overlay-opacity":"","overlay-gradient":""},"mobile":{"background-color":"var(--ast-global-color-5)","background-image":"","background-repeat":"repeat","background-position":"center center","background-size":"auto","background-attachment":"scroll","background-type":"","background-media":"","overlay-type":"","overlay-color":"","overlay-opacity":"","overlay-gradient":""}}},"product_brand":[],"product_cat":[76,77,79,78],"product_tag":[187,135,136,426,183,415,427],"class_list":{"0":"post-5349","1":"product","2":"type-product","3":"status-publish","4":"has-post-thumbnail","6":"product_cat-new-arrivels","7":"product_cat-wholesale-womens-shapewear","8":"product_cat-wholesale-seemless-shaperwear","9":"product_cat-wholesale-full-body-shaper","10":"product_tag-2-in-1","11":"product_tag-all-in-one","12":"product_tag-bridal","13":"product_tag-jumpsuit","14":"product_tag-long-sleeve","15":"product_tag-lose-weight","16":"product_tag-shaping-bodysuit-dress","17":"pa_color-black","18":"pa_size-l","19":"pa_size-m","20":"pa_size-s","21":"pa_size-xl","22":"pa_size-xxl","23":"pa_size-xxxl","24":"desktop-align-center","25":"tablet-align-left","26":"mobile-align-left","27":"ast-product-gallery-layout-horizontal-slider","28":"ast-product-single-variable","29":"ast-product-tabs-layout-horizontal","30":"ast-qv-on-image","32":"first","33":"instock","34":"shipping-taxable","35":"purchasable","36":"product-type-variable"},"tiered_pricing_type":"fixed","tiered_pricing_fixed_rules":{"2":19.59,"30":18.29,"500":15.29},"tiered_pricing_product_settings":{"layout":"default","base_unit_name":{"singular":null,"plural":null},"default_variation":null},"tiered_pricing_minimum_quantity":null,"tiered_pricing_roles_data":[],"tiered_pricing_percentage_rules":[],"_links":{"self":[{"href":"https:\/\/yume-silm.com\/pt\/wp-json\/wp\/v2\/product\/5349","targetHints":{"allow":["GET"]}}],"collection":[{"href":"https:\/\/yume-silm.com\/pt\/wp-json\/wp\/v2\/product"}],"about":[{"href":"https:\/\/yume-silm.com\/pt\/wp-json\/wp\/v2\/types\/product"}],"replies":[{"embeddable":true,"href":"https:\/\/yume-silm.com\/pt\/wp-json\/wp\/v2\/comments?post=5349"}],"wp:featuredmedia":[{"embeddable":true,"href":"https:\/\/yume-silm.com\/pt\/wp-json\/wp\/v2\/media\/5361"}],"wp:attachment":[{"href":"https:\/\/yume-silm.com\/pt\/wp-json\/wp\/v2\/media?parent=5349"}],"wp:term":[{"taxonomy":"product_brand","embeddable":true,"href":"https:\/\/yume-silm.com\/pt\/wp-json\/wp\/v2\/product_brand?post=5349"},{"taxonomy":"product_cat","embeddable":true,"href":"https:\/\/yume-silm.com\/pt\/wp-json\/wp\/v2\/product_cat?post=5349"},{"taxonomy":"product_tag","embeddable":true,"href":"https:\/\/yume-silm.com\/pt\/wp-json\/wp\/v2\/product_tag?post=5349"}],"curies":[{"name":"wp","href":"https:\/\/api.w.org\/{rel}","templated":true}]}}