{"id":5837,"date":"2023-09-14T03:19:46","date_gmt":"2023-09-14T03:19:46","guid":{"rendered":"https:\/\/yume-silm.com\/?post_type=product&#038;p=5837"},"modified":"2024-05-11T06:18:01","modified_gmt":"2024-05-11T06:18:01","slug":"atacado-sutia-de-algodao-comfort-underwire-for-full","status":"publish","type":"product","link":"https:\/\/yume-silm.com\/pt\/produto\/atacado-sutia-de-algodao-comfort-underwire-for-full\/","title":{"rendered":"Suti\u00e3 com arma\u00e7\u00e3o confort\u00e1vel de algod\u00e3o no atacado para total"},"content":{"rendered":"<h5>Caracter\u00edsticas de design<\/h5>\n<ul>\n<li><strong>CONFORTO DE ALGOD\u00c3O:<\/strong> O suti\u00e3 confort\u00e1vel com aros de algod\u00e3o para full \u00e9 confeccionado em algod\u00e3o de alta qualidade, garantindo que sua pele respire livremente e proporcionando um conforto incompar\u00e1vel ao longo do dia.<\/li>\n<li><strong>CHARME DE RENDA:<\/strong> Sobreposi\u00e7\u00f5es de renda elegantes adicionam um brilho atraente a este suti\u00e3 de a\u00e7o feminino, tornando-o funcional e bonito. N\u00e3o importa onde seja usado ou espiado, sua beleza sedutora sempre ir\u00e1 atormentar e encantar!<\/li>\n<li><strong>PROJETO DE ROUPA INTERIOR DE APOIO:<\/strong> A arma\u00e7\u00e3o de suporte fornece suporte forte e confort\u00e1vel. O suti\u00e3 sexy de renda de algod\u00e3o levantar\u00e1 e moldar\u00e1 naturalmente sua figura.<\/li>\n<li><strong>CONFORT\u00c1VEL E RESPIR\u00c1VEL:\u00a0<\/strong> Diga adeus ao desconforto! O tecido de algod\u00e3o do suti\u00e3 Lace Gathering tem excelentes propriedades de absor\u00e7\u00e3o para mant\u00ea-la fresca e confiante, mesmo em ambientes agressivos.<\/li>\n<li><strong>AJUSTADO PERFEITAMENTE:<\/strong> As al\u00e7as deste suti\u00e3 de lingerie feminino s\u00e3o totalmente ajust\u00e1veis e personalizadas para se adequar ao formato e tamanho exclusivos do seu corpo.<\/li>\n<\/ul>\n<h6><em>Renda de algod\u00e3o sexy com anel de a\u00e7o suti\u00e3 de roupa \u00edntima de tamanho grande<\/em><\/h6>\n<ul>\n<li>Comece a explorar um mundo onde o luxo encontra o conforto com o suti\u00e3 Lace Elegance e redefina suas expectativas em termos de lingerie. Perfeito para uso di\u00e1rio ou para eventos especiais, nosso suti\u00e3 confort\u00e1vel com arma\u00e7\u00e3o de algod\u00e3o para uso completo \u00e9 a prova de que arte e inova\u00e7\u00e3o em roupas \u00edntimas se unem perfeitamente - proporcionando confian\u00e7a e estilo sempre que voc\u00ea sai pela porta!<\/li>\n<\/ul>\n<p>&nbsp;<\/p>\n<div class=\"ast-oembed-container\" style=\"height: 100%;\"><iframe title=\"Suti\u00e3 com arma\u00e7\u00e3o confort\u00e1vel de algod\u00e3o no atacado para total\" width=\"500\" height=\"281\" src=\"https:\/\/www.youtube.com\/embed\/Qx6dCm19twk?feature=oembed\" frameborder=\"0\" allow=\"accelerometer; autoplay; clipboard-write; encrypted-media; gyroscope; picture-in-picture; web-share\" referrerpolicy=\"strict-origin-when-cross-origin\" allowfullscreen><\/iframe><\/div>","protected":false},"excerpt":{"rendered":"<p>Apresente o Suti\u00e3 Elegance, onde o conforto rico em algod\u00e3o encontra o fasc\u00ednio rendado. Feito para mulheres curvil\u00edneas modernas, este suti\u00e3 confort\u00e1vel com aros de algod\u00e3o incorpora estilo, suporte e conforto superior - perfeito para o luxo di\u00e1rio, feito sob medida especificamente para figuras completas. Mergulhe e experimente o verdadeiro luxo feito sob medida especificamente para voc\u00ea.<\/p>","protected":false},"featured_media":5876,"comment_status":"open","ping_status":"closed","template":"","meta":{"site-sidebar-layout":"default","site-content-layout":"","ast-site-content-layout":"default","site-content-style":"default","site-sidebar-style":"default","ast-global-header-display":"","ast-banner-title-visibility":"","ast-main-header-display":"","ast-hfb-above-header-display":"","ast-hfb-below-header-display":"","ast-hfb-mobile-header-display":"","site-post-title":"","ast-breadcrumbs-content":"","ast-featured-img":"","footer-sml-layout":"","ast-disable-related-posts":"","theme-transparent-header-meta":"default","adv-header-id-meta":"","stick-header-meta":"default","header-above-stick-meta":"","header-main-stick-meta":"","header-below-stick-meta":"","astra-migrate-meta-layouts":"set","ast-page-background-enabled":"default","ast-page-background-meta":{"desktop":{"background-color":"","background-image":"","background-repeat":"repeat","background-position":"center center","background-size":"auto","background-attachment":"scroll","background-type":"","background-media":"","overlay-type":"","overlay-color":"","overlay-opacity":"","overlay-gradient":""},"tablet":{"background-color":"","background-image":"","background-repeat":"repeat","background-position":"center center","background-size":"auto","background-attachment":"scroll","background-type":"","background-media":"","overlay-type":"","overlay-color":"","overlay-opacity":"","overlay-gradient":""},"mobile":{"background-color":"","background-image":"","background-repeat":"repeat","background-position":"center center","background-size":"auto","background-attachment":"scroll","background-type":"","background-media":"","overlay-type":"","overlay-color":"","overlay-opacity":"","overlay-gradient":""}},"ast-content-background-meta":{"desktop":{"background-color":"var(--ast-global-color-5)","background-image":"","background-repeat":"repeat","background-position":"center center","background-size":"auto","background-attachment":"scroll","background-type":"","background-media":"","overlay-type":"","overlay-color":"","overlay-opacity":"","overlay-gradient":""},"tablet":{"background-color":"var(--ast-global-color-5)","background-image":"","background-repeat":"repeat","background-position":"center center","background-size":"auto","background-attachment":"scroll","background-type":"","background-media":"","overlay-type":"","overlay-color":"","overlay-opacity":"","overlay-gradient":""},"mobile":{"background-color":"var(--ast-global-color-5)","background-image":"","background-repeat":"repeat","background-position":"center center","background-size":"auto","background-attachment":"scroll","background-type":"","background-media":"","overlay-type":"","overlay-color":"","overlay-opacity":"","overlay-gradient":""}}},"product_brand":[],"product_cat":[259,583],"product_tag":[398,399,407,141,472,475,402],"class_list":{"0":"post-5837","1":"product","2":"type-product","3":"status-publish","4":"has-post-thumbnail","6":"product_cat-lingerie","7":"product_cat-plus-size-underwear","8":"product_tag-cotton-bra","9":"product_tag-cotton-lace-bra","10":"product_tag-full-cup-bra","11":"product_tag-plus-size","12":"product_tag-printing","13":"product_tag-steel-rim","14":"product_tag-womens-bra","15":"pa_color-beige","16":"pa_color-black","17":"pa_color-blue","18":"pa_color-pink","19":"pa_color-red","20":"pa_color-white","21":"pa_size-38-85d","22":"pa_size-40-90d","23":"pa_size-42-95d","24":"pa_size-44-100d","25":"pa_size-46-105d","26":"pa_size-48-110d","27":"desktop-align-center","28":"tablet-align-left","29":"mobile-align-left","30":"ast-product-gallery-layout-horizontal-slider","31":"ast-product-single-variable","32":"ast-product-tabs-layout-horizontal","33":"ast-qv-on-image","35":"first","36":"instock","37":"shipping-taxable","38":"purchasable","39":"product-type-variable"},"tiered_pricing_type":"fixed","tiered_pricing_fixed_rules":{"2":5.19,"30":4.39,"100":3.89},"tiered_pricing_product_settings":{"layout":"default","base_unit_name":{"singular":null,"plural":null},"default_variation":null},"tiered_pricing_minimum_quantity":null,"tiered_pricing_roles_data":[],"tiered_pricing_percentage_rules":[],"_links":{"self":[{"href":"https:\/\/yume-silm.com\/pt\/wp-json\/wp\/v2\/product\/5837","targetHints":{"allow":["GET"]}}],"collection":[{"href":"https:\/\/yume-silm.com\/pt\/wp-json\/wp\/v2\/product"}],"about":[{"href":"https:\/\/yume-silm.com\/pt\/wp-json\/wp\/v2\/types\/product"}],"replies":[{"embeddable":true,"href":"https:\/\/yume-silm.com\/pt\/wp-json\/wp\/v2\/comments?post=5837"}],"wp:featuredmedia":[{"embeddable":true,"href":"https:\/\/yume-silm.com\/pt\/wp-json\/wp\/v2\/media\/5876"}],"wp:attachment":[{"href":"https:\/\/yume-silm.com\/pt\/wp-json\/wp\/v2\/media?parent=5837"}],"wp:term":[{"taxonomy":"product_brand","embeddable":true,"href":"https:\/\/yume-silm.com\/pt\/wp-json\/wp\/v2\/product_brand?post=5837"},{"taxonomy":"product_cat","embeddable":true,"href":"https:\/\/yume-silm.com\/pt\/wp-json\/wp\/v2\/product_cat?post=5837"},{"taxonomy":"product_tag","embeddable":true,"href":"https:\/\/yume-silm.com\/pt\/wp-json\/wp\/v2\/product_tag?post=5837"}],"curies":[{"name":"wp","href":"https:\/\/api.w.org\/{rel}","templated":true}]}}