{"id":5894,"date":"2023-09-14T06:17:07","date_gmt":"2023-09-14T06:17:07","guid":{"rendered":"https:\/\/yume-silm.com\/?post_type=product&#038;p=5894"},"modified":"2024-05-11T06:19:41","modified_gmt":"2024-05-11T06:19:41","slug":"atacado-sutia-de-renda-tamanho-grande-cor-solida-nas-costas-beleza","status":"publish","type":"product","link":"https:\/\/yume-silm.com\/pt\/produto\/atacado-sutia-de-renda-tamanho-grande-cor-solida-nas-costas-beleza\/","title":{"rendered":"Suti\u00e3 feminino de beleza com renda nas costas E-Cup Plus Size"},"content":{"rendered":"<h5>Caracter\u00edsticas de design<\/h5>\n<ul>\n<li><strong>DESIGN ELEGANTE NAS COSTAS:<\/strong> O belo detalhe do suti\u00e3 plus size em renda nas costas \u00e9 um empecilho, perfeito para tops sem costas ou vestidos que fazem suas costas brilharem! Combina perfeitamente com tops ou vestidos sem costas. Ostente-o com orgulho!<\/li>\n<li><strong>CARACTER\u00cdSTICAS DE GRANDE TAMANHO:<\/strong> Nosso suti\u00e3 feminino com arma\u00e7\u00e3o para corpo inteiro foi projetado para figuras curvil\u00edneas e cabe em copas E e maiores, garantindo um ajuste seguro e confort\u00e1vel sem comprometer a est\u00e9tica.<\/li>\n<li><strong>COR S\u00d3LIDA EXQUISITA:<\/strong> Nossa cole\u00e7\u00e3o de suti\u00e3s de renda nas costas apresenta cores s\u00f3lidas simples para caber em qualquer arm\u00e1rio ou ocasi\u00e3o, tornando este suti\u00e3 de cor s\u00f3lida vers\u00e1til e confort\u00e1vel de usar.<\/li>\n<li><strong>Guarni\u00e7\u00e3o de renda sexy:<\/strong> Uma delicada camada externa de renda adiciona um fator extra sexy, garantindo que voc\u00ea fique bem e se sinta bem ao mesmo tempo! Escolha entre nossa cole\u00e7\u00e3o de roupas \u00edntimas plus size de cor s\u00f3lida!<\/li>\n<li><strong>DISPONIBILIDADE DE VENDA POR ATACADO:<\/strong> Lingerie feminina plus size \u00e9 perfeita para varejistas! Vender a granel para varejistas a pre\u00e7os de atacado \u00e9 lucrativo, tornando esta cole\u00e7\u00e3o um produto lucrativo para varejistas.<\/li>\n<\/ul>\n<h6><em>Suti\u00e3 de renda tamanho grande com costas em cor s\u00f3lida e copa<\/em><\/h6>\n<ul>\n<li>Entre em um mundo onde o estilo encontra a subst\u00e2ncia. O suti\u00e3 plus size de renda e-cup plus size \u00e9 mais do que uma pe\u00e7a de uso \u00edntimo; proporciona \u00e0s mulheres um aumento de confian\u00e7a. N\u00e3o importa o tamanho ou as necessidades, a Lace Elegance oferece estilo de qualidade e conforto inigual\u00e1vel \u2013 ideal para compras individuais ou estoque no varejo!<\/li>\n<\/ul>","protected":false},"excerpt":{"rendered":"<p>Criado especificamente para atender \u00e0s necessidades de mulheres empoderadas, este belo suti\u00e3 plus size com renda nas costas apresenta uma parte traseira elegante em renda e \u00e9 feito sob medida para E-cup e tamanhos maiores. Fa\u00e7a uma declara\u00e7\u00e3o inesquec\u00edvel em sua cole\u00e7\u00e3o.<\/p>","protected":false},"featured_media":5922,"comment_status":"open","ping_status":"closed","template":"","meta":{"site-sidebar-layout":"default","site-content-layout":"","ast-site-content-layout":"default","site-content-style":"default","site-sidebar-style":"default","ast-global-header-display":"","ast-banner-title-visibility":"","ast-main-header-display":"","ast-hfb-above-header-display":"","ast-hfb-below-header-display":"","ast-hfb-mobile-header-display":"","site-post-title":"","ast-breadcrumbs-content":"","ast-featured-img":"","footer-sml-layout":"","ast-disable-related-posts":"","theme-transparent-header-meta":"default","adv-header-id-meta":"","stick-header-meta":"default","header-above-stick-meta":"","header-main-stick-meta":"","header-below-stick-meta":"","astra-migrate-meta-layouts":"set","ast-page-background-enabled":"default","ast-page-background-meta":{"desktop":{"background-color":"","background-image":"","background-repeat":"repeat","background-position":"center center","background-size":"auto","background-attachment":"scroll","background-type":"","background-media":"","overlay-type":"","overlay-color":"","overlay-opacity":"","overlay-gradient":""},"tablet":{"background-color":"","background-image":"","background-repeat":"repeat","background-position":"center center","background-size":"auto","background-attachment":"scroll","background-type":"","background-media":"","overlay-type":"","overlay-color":"","overlay-opacity":"","overlay-gradient":""},"mobile":{"background-color":"","background-image":"","background-repeat":"repeat","background-position":"center center","background-size":"auto","background-attachment":"scroll","background-type":"","background-media":"","overlay-type":"","overlay-color":"","overlay-opacity":"","overlay-gradient":""}},"ast-content-background-meta":{"desktop":{"background-color":"var(--ast-global-color-5)","background-image":"","background-repeat":"repeat","background-position":"center center","background-size":"auto","background-attachment":"scroll","background-type":"","background-media":"","overlay-type":"","overlay-color":"","overlay-opacity":"","overlay-gradient":""},"tablet":{"background-color":"var(--ast-global-color-5)","background-image":"","background-repeat":"repeat","background-position":"center center","background-size":"auto","background-attachment":"scroll","background-type":"","background-media":"","overlay-type":"","overlay-color":"","overlay-opacity":"","overlay-gradient":""},"mobile":{"background-color":"var(--ast-global-color-5)","background-image":"","background-repeat":"repeat","background-position":"center center","background-size":"auto","background-attachment":"scroll","background-type":"","background-media":"","overlay-type":"","overlay-color":"","overlay-opacity":"","overlay-gradient":""}}},"product_brand":[],"product_cat":[259,583],"product_tag":[395,400,469,463,434,396],"class_list":{"0":"post-5894","1":"product","2":"type-product","3":"status-publish","4":"has-post-thumbnail","6":"product_cat-lingerie","7":"product_cat-plus-size-underwear","8":"product_tag-beautiful-back-bra","9":"product_tag-plus-size-bra","10":"product_tag-sexy-lace","11":"product_tag-wholesale","12":"product_tag-womens-full-cup-bra","13":"product_tag-womens-underwear","14":"pa_color-beige","15":"pa_color-black","16":"pa_color-red","17":"pa_color-white","18":"pa_size-40-90e","19":"pa_size-42-95e","20":"pa_size-44-100e","21":"pa_size-46-105e","22":"pa_size-48-110e","23":"pa_size-50-115e","24":"desktop-align-center","25":"tablet-align-left","26":"mobile-align-left","27":"ast-product-gallery-layout-horizontal-slider","28":"ast-product-single-variable","29":"ast-product-tabs-layout-horizontal","30":"ast-qv-on-image","32":"first","33":"instock","34":"shipping-taxable","35":"purchasable","36":"product-type-variable"},"tiered_pricing_type":"fixed","tiered_pricing_fixed_rules":{"2":4.69,"30":3.99,"100":3.49},"tiered_pricing_product_settings":{"layout":"default","base_unit_name":{"singular":null,"plural":null},"default_variation":null},"tiered_pricing_minimum_quantity":null,"tiered_pricing_roles_data":[],"tiered_pricing_percentage_rules":[],"_links":{"self":[{"href":"https:\/\/yume-silm.com\/pt\/wp-json\/wp\/v2\/product\/5894","targetHints":{"allow":["GET"]}}],"collection":[{"href":"https:\/\/yume-silm.com\/pt\/wp-json\/wp\/v2\/product"}],"about":[{"href":"https:\/\/yume-silm.com\/pt\/wp-json\/wp\/v2\/types\/product"}],"replies":[{"embeddable":true,"href":"https:\/\/yume-silm.com\/pt\/wp-json\/wp\/v2\/comments?post=5894"}],"wp:featuredmedia":[{"embeddable":true,"href":"https:\/\/yume-silm.com\/pt\/wp-json\/wp\/v2\/media\/5922"}],"wp:attachment":[{"href":"https:\/\/yume-silm.com\/pt\/wp-json\/wp\/v2\/media?parent=5894"}],"wp:term":[{"taxonomy":"product_brand","embeddable":true,"href":"https:\/\/yume-silm.com\/pt\/wp-json\/wp\/v2\/product_brand?post=5894"},{"taxonomy":"product_cat","embeddable":true,"href":"https:\/\/yume-silm.com\/pt\/wp-json\/wp\/v2\/product_cat?post=5894"},{"taxonomy":"product_tag","embeddable":true,"href":"https:\/\/yume-silm.com\/pt\/wp-json\/wp\/v2\/product_tag?post=5894"}],"curies":[{"name":"wp","href":"https:\/\/api.w.org\/{rel}","templated":true}]}}