{"id":5985,"date":"2023-09-14T07:13:07","date_gmt":"2023-09-14T07:13:07","guid":{"rendered":"https:\/\/yume-silm.com\/?post_type=product&#038;p=5985"},"modified":"2024-05-11T06:24:20","modified_gmt":"2024-05-11T06:24:20","slug":"atacado-impresso-elegancia-e-cup-the-ultimate-illusion-bra","status":"publish","type":"product","link":"https:\/\/yume-silm.com\/pt\/produto\/atacado-impresso-elegancia-e-cup-the-ultimate-illusion-bra\/","title":{"rendered":"Suti\u00e3 Plus Size Elegance Impresso Eleg\u00e2ncia por atacado"},"content":{"rendered":"<h5>Caracter\u00edsticas de design<\/h5>\n<ul>\n<li><strong>E-CUP:<\/strong> Os suti\u00e3s femininos plus size v\u00eam em uma variedade de tamanhos e s\u00e3o projetados para apoiar, levantar e acentuar cada curva da usu\u00e1ria do E-cup, ao mesmo tempo que fazem os seios parecerem menores.<\/li>\n<li><strong>APOIAR:<\/strong> Este elegante suti\u00e3 e-cup plus size estampado com suporte sutil para flex\u00f5es fornece a quantidade certa de sustenta\u00e7\u00e3o para acentuar os contornos naturais do corpo para o m\u00e1ximo conforto e confian\u00e7a.<\/li>\n<li><strong>IMPRIMIR:<\/strong> Lingerie feminina elegante com estampas modernas d\u00e3o um toque de estilo e tamb\u00e9m ajudam a minimizar o busto.<\/li>\n<li><strong>LEVE E CONFORT\u00c1VEL:<\/strong> Estas roupas \u00edntimas femininas com design de impress\u00e3o s\u00e3o feitas de materiais respir\u00e1veis que proporcionam conforto durante todo o dia.<\/li>\n<\/ul>\n<h6><em>Suti\u00e3 feminino plus size estampado para copas grandes<\/em><\/h6>\n<ul>\n<li><span data-slate-fragment=\"JTVCJTdCJTIydHlwZSUyMiUzQSUyMnBhcmFncmFwaCUyMiUyQyUyMmNoaWxkcmVuJTIyJTNBJTVCJTdCJTIydGV4dCUyMiUzQSUyMlRoZSUyMHByaW50ZWQlMjBlbGVnYW5jZSUyMGUtY3VwJTIwcGx1cyUyMHNpemUlMjBicmElMjBhbGxvd3MlMjB5b3UlMjB0byUyMGVudGVyJTIwYSUyMHdvcmxkJTIwb2YlMjBmYXNoaW9uJTIwYW5kJTIwc3Vic3RhbmNlLiUyMFRoaXMlMjB3b21lbidzJTIwbGluZ2VyaWUlMjBjb2xsZWN0aW9uJTIwd2lsbCUyMHJldm9sdXRpb25pemUlMjB5b3VyJTIwbGluZ2VyaWUlMjB3ZWFyaW5nJTIwZXhwZXJpZW5jZSUyMGFuZCUyMG1ha2UlMjB5b3UlMjBsb29rJTIweW91ciUyMGJlc3QuJTIwRW5qb3klMjB0d28lMjB3b3JsZHMlM0ElMjB0aGUlMjBwZXJmZWN0JTIwY29tYmluYXRpb24lMjBvZiUyMHVwbGlmdCUyMGFuZCUyMGVsZWdhbnQlMjBwcmludHMhJTIyJTdEJTVEJTdEJTVE\">O suti\u00e3 plus size e-cup elegante estampado permite que voc\u00ea entre em um mundo de moda e subst\u00e2ncia. Esta cole\u00e7\u00e3o de lingerie feminina ir\u00e1 revolucionar a sua experi\u00eancia de uso de lingerie e deixar voc\u00ea com a melhor apar\u00eancia. Desfrute de dois mundos: a combina\u00e7\u00e3o perfeita de estampas alegres e elegantes!<\/span><\/li>\n<\/ul>","protected":false},"excerpt":{"rendered":"<p>Mergulhe no mundo do estilo e sofistica\u00e7\u00e3o com o suti\u00e3 \u201cPrinted Elegance E-Cup\u201d. Especialmente projetado para criar a ilus\u00e3o de seios menores, o suti\u00e3 elegante estampado e-cup plus size combina suporte push-up luxuoso com um padr\u00e3o de impress\u00e3o atraente para um visual irresistivelmente chique que os usu\u00e1rios do E-cup podem adotar para uma apar\u00eancia elegante e discreta.<\/p>","protected":false},"featured_media":6012,"comment_status":"open","ping_status":"closed","template":"","meta":{"site-sidebar-layout":"default","site-content-layout":"","ast-site-content-layout":"default","site-content-style":"default","site-sidebar-style":"default","ast-global-header-display":"","ast-banner-title-visibility":"","ast-main-header-display":"","ast-hfb-above-header-display":"","ast-hfb-below-header-display":"","ast-hfb-mobile-header-display":"","site-post-title":"","ast-breadcrumbs-content":"","ast-featured-img":"","footer-sml-layout":"","ast-disable-related-posts":"","theme-transparent-header-meta":"default","adv-header-id-meta":"","stick-header-meta":"default","header-above-stick-meta":"","header-main-stick-meta":"","header-below-stick-meta":"","astra-migrate-meta-layouts":"set","ast-page-background-enabled":"default","ast-page-background-meta":{"desktop":{"background-color":"","background-image":"","background-repeat":"repeat","background-position":"center center","background-size":"auto","background-attachment":"scroll","background-type":"","background-media":"","overlay-type":"","overlay-color":"","overlay-opacity":"","overlay-gradient":""},"tablet":{"background-color":"","background-image":"","background-repeat":"repeat","background-position":"center center","background-size":"auto","background-attachment":"scroll","background-type":"","background-media":"","overlay-type":"","overlay-color":"","overlay-opacity":"","overlay-gradient":""},"mobile":{"background-color":"","background-image":"","background-repeat":"repeat","background-position":"center center","background-size":"auto","background-attachment":"scroll","background-type":"","background-media":"","overlay-type":"","overlay-color":"","overlay-opacity":"","overlay-gradient":""}},"ast-content-background-meta":{"desktop":{"background-color":"var(--ast-global-color-5)","background-image":"","background-repeat":"repeat","background-position":"center center","background-size":"auto","background-attachment":"scroll","background-type":"","background-media":"","overlay-type":"","overlay-color":"","overlay-opacity":"","overlay-gradient":""},"tablet":{"background-color":"var(--ast-global-color-5)","background-image":"","background-repeat":"repeat","background-position":"center center","background-size":"auto","background-attachment":"scroll","background-type":"","background-media":"","overlay-type":"","overlay-color":"","overlay-opacity":"","overlay-gradient":""},"mobile":{"background-color":"var(--ast-global-color-5)","background-image":"","background-repeat":"repeat","background-position":"center center","background-size":"auto","background-attachment":"scroll","background-type":"","background-media":"","overlay-type":"","overlay-color":"","overlay-opacity":"","overlay-gradient":""}}},"product_brand":[],"product_cat":[259,583],"product_tag":[407,400,397,472,402,396],"class_list":{"0":"post-5985","1":"product","2":"type-product","3":"status-publish","4":"has-post-thumbnail","6":"product_cat-lingerie","7":"product_cat-plus-size-underwear","8":"product_tag-full-cup-bra","9":"product_tag-plus-size-bra","10":"product_tag-plus-size-underwear","11":"product_tag-printing","12":"product_tag-womens-bra","13":"product_tag-womens-underwear","14":"pa_color-black","15":"pa_color-blue","16":"pa_color-khaki","17":"pa_color-pink","18":"pa_size-38e-85e","19":"pa_size-40e-90e","20":"pa_size-42e-95e","21":"pa_size-44e-100e","22":"pa_size-46e-105e","23":"pa_size-48e-110e","24":"desktop-align-center","25":"tablet-align-left","26":"mobile-align-left","27":"ast-product-gallery-layout-horizontal-slider","28":"ast-product-single-variable","29":"ast-product-tabs-layout-horizontal","30":"ast-qv-on-image","32":"first","33":"instock","34":"shipping-taxable","35":"purchasable","36":"product-type-variable"},"tiered_pricing_type":"fixed","tiered_pricing_fixed_rules":{"2":4.19,"30":3.59,"100":3.09},"tiered_pricing_product_settings":{"layout":"default","base_unit_name":{"singular":null,"plural":null},"default_variation":null},"tiered_pricing_minimum_quantity":null,"tiered_pricing_roles_data":[],"tiered_pricing_percentage_rules":[],"_links":{"self":[{"href":"https:\/\/yume-silm.com\/pt\/wp-json\/wp\/v2\/product\/5985","targetHints":{"allow":["GET"]}}],"collection":[{"href":"https:\/\/yume-silm.com\/pt\/wp-json\/wp\/v2\/product"}],"about":[{"href":"https:\/\/yume-silm.com\/pt\/wp-json\/wp\/v2\/types\/product"}],"replies":[{"embeddable":true,"href":"https:\/\/yume-silm.com\/pt\/wp-json\/wp\/v2\/comments?post=5985"}],"wp:featuredmedia":[{"embeddable":true,"href":"https:\/\/yume-silm.com\/pt\/wp-json\/wp\/v2\/media\/6012"}],"wp:attachment":[{"href":"https:\/\/yume-silm.com\/pt\/wp-json\/wp\/v2\/media?parent=5985"}],"wp:term":[{"taxonomy":"product_brand","embeddable":true,"href":"https:\/\/yume-silm.com\/pt\/wp-json\/wp\/v2\/product_brand?post=5985"},{"taxonomy":"product_cat","embeddable":true,"href":"https:\/\/yume-silm.com\/pt\/wp-json\/wp\/v2\/product_cat?post=5985"},{"taxonomy":"product_tag","embeddable":true,"href":"https:\/\/yume-silm.com\/pt\/wp-json\/wp\/v2\/product_tag?post=5985"}],"curies":[{"name":"wp","href":"https:\/\/api.w.org\/{rel}","templated":true}]}}