{"id":6023,"date":"2023-09-14T07:55:32","date_gmt":"2023-09-14T07:55:32","guid":{"rendered":"https:\/\/yume-silm.com\/?post_type=product&#038;p=6023"},"modified":"2024-05-11T06:27:09","modified_gmt":"2024-05-11T06:27:09","slug":"atacado-conjunto-de-sutia-tanga-de-renda-plus-size-ultra-fino","status":"publish","type":"product","link":"https:\/\/yume-silm.com\/pt\/produto\/atacado-conjunto-de-sutia-tanga-de-renda-plus-size-ultra-fino\/","title":{"rendered":"Venda por atacado de conjuntos de suti\u00e3 e calcinha de renda de algod\u00e3o plus size"},"content":{"rendered":"<h5>Caracter\u00edsticas de design<\/h5>\n<ul>\n<li><strong>PROJETADO PARA TAMANHO GRANDE:<\/strong> Os conjuntos de suti\u00e3 e calcinha plus size de renda de algod\u00e3o s\u00e3o projetados para figuras plus size, podem aparar todas as curvas e se ajustar perfeitamente para destacar e mostrar sua figura.<\/li>\n<li><strong>DECORA\u00c7\u00c3O DE RENDA REQUINTADA:<\/strong> O padr\u00e3o de renda da Cole\u00e7\u00e3o de Lingerie Sexy Feminina incorpora sensualidade e sofistica\u00e7\u00e3o, o que n\u00e3o s\u00f3 \u00e9 atraente, mas tamb\u00e9m adiciona um toque de eleg\u00e2ncia atemporal ao conjunto de lingerie.<\/li>\n<li><strong>ULTRAFINO E CONFORT\u00c1VEL:<\/strong> O conjunto de suti\u00e3 plus size \u00e9 feito de tecido de algod\u00e3o confort\u00e1vel e respir\u00e1vel, o design ultrafino garante o m\u00e1ximo conforto sem sacrificar o estilo, fazendo voc\u00ea se sentir t\u00e3o bem quanto parece.<\/li>\n<li><strong>VERS\u00c1TIL E AJUST\u00c1VEL:<\/strong> Nosso conjunto feminino de suti\u00e3 e calcinha vem com al\u00e7as ajust\u00e1veis e fechos de seguran\u00e7a para garantir um ajuste personalizado, enquanto a tanga de algod\u00e3o oferece conforto el\u00e1stico para se ajustar a uma variedade de formatos de corpo.<\/li>\n<li><strong>CONFIAN\u00c7A AUMENTADA:<\/strong> O conjunto de renda de algod\u00e3o de copa inteira n\u00e3o s\u00f3 faz voc\u00ea parecer melhor, mas tamb\u00e9m faz voc\u00ea se sentir mais fortalecido. Aumente a sua confian\u00e7a e sinta-se fortalecido sempre que atualizar esta luxuosa cole\u00e7\u00e3o de conjuntos de lingerie.<\/li>\n<\/ul>\n<h6><em>Conjunto feminino plus size de suti\u00e3 e calcinha de renda de algod\u00e3o<\/em><\/h6>\n<ul>\n<li>Entre no mundo da sedu\u00e7\u00e3o da renda, onde conforto e sensualidade andam de m\u00e3os dadas. Perfeito para ocasi\u00f5es especiais ou como um presente para voc\u00ea, estes conjuntos de suti\u00e3 e calcinha plus size de renda de algod\u00e3o far\u00e3o voc\u00ea se sentir t\u00e3o deslumbrante quanto parece. Redescubra-se e abrace suas curvas com gra\u00e7a e generosidade.<\/li>\n<\/ul>\n<div class=\"ast-oembed-container\" style=\"height: 100%;\"><iframe title=\"Conjunto de suti\u00e3 e tanga ultrafino de renda plus size por atacado\" width=\"500\" height=\"281\" src=\"https:\/\/www.youtube.com\/embed\/H7xZbXL_8V8?feature=oembed\" frameborder=\"0\" allow=\"accelerometer; autoplay; clipboard-write; encrypted-media; gyroscope; picture-in-picture; web-share\" referrerpolicy=\"strict-origin-when-cross-origin\" allowfullscreen><\/iframe><\/div>","protected":false},"excerpt":{"rendered":"<p>Liberte a sua sedutora renda interior com o lan\u00e7amento mais recente, um tentador conjunto de suti\u00e3 e tanga oversized. Projetado para belezas corpulentas, este conjunto ultrafino de suti\u00e3 e calcinha de renda de algod\u00e3o redefine a eleg\u00e2ncia e o conforto e \u00e9 um item obrigat\u00f3rio na cole\u00e7\u00e3o de lingerie de todas as mulheres curvil\u00edneas.<\/p>","protected":false},"featured_media":6062,"comment_status":"open","ping_status":"closed","template":"","meta":{"site-sidebar-layout":"default","site-content-layout":"","ast-site-content-layout":"default","site-content-style":"default","site-sidebar-style":"default","ast-global-header-display":"","ast-banner-title-visibility":"","ast-main-header-display":"","ast-hfb-above-header-display":"","ast-hfb-below-header-display":"","ast-hfb-mobile-header-display":"","site-post-title":"","ast-breadcrumbs-content":"","ast-featured-img":"","footer-sml-layout":"","ast-disable-related-posts":"","theme-transparent-header-meta":"default","adv-header-id-meta":"","stick-header-meta":"default","header-above-stick-meta":"","header-main-stick-meta":"","header-below-stick-meta":"","astra-migrate-meta-layouts":"set","ast-page-background-enabled":"default","ast-page-background-meta":{"desktop":{"background-color":"","background-image":"","background-repeat":"repeat","background-position":"center center","background-size":"auto","background-attachment":"scroll","background-type":"","background-media":"","overlay-type":"","overlay-color":"","overlay-opacity":"","overlay-gradient":""},"tablet":{"background-color":"","background-image":"","background-repeat":"repeat","background-position":"center center","background-size":"auto","background-attachment":"scroll","background-type":"","background-media":"","overlay-type":"","overlay-color":"","overlay-opacity":"","overlay-gradient":""},"mobile":{"background-color":"","background-image":"","background-repeat":"repeat","background-position":"center center","background-size":"auto","background-attachment":"scroll","background-type":"","background-media":"","overlay-type":"","overlay-color":"","overlay-opacity":"","overlay-gradient":""}},"ast-content-background-meta":{"desktop":{"background-color":"var(--ast-global-color-5)","background-image":"","background-repeat":"repeat","background-position":"center center","background-size":"auto","background-attachment":"scroll","background-type":"","background-media":"","overlay-type":"","overlay-color":"","overlay-opacity":"","overlay-gradient":""},"tablet":{"background-color":"var(--ast-global-color-5)","background-image":"","background-repeat":"repeat","background-position":"center center","background-size":"auto","background-attachment":"scroll","background-type":"","background-media":"","overlay-type":"","overlay-color":"","overlay-opacity":"","overlay-gradient":""},"mobile":{"background-color":"var(--ast-global-color-5)","background-image":"","background-repeat":"repeat","background-position":"center center","background-size":"auto","background-attachment":"scroll","background-type":"","background-media":"","overlay-type":"","overlay-color":"","overlay-opacity":"","overlay-gradient":""}}},"product_brand":[],"product_cat":[259,583],"product_tag":[399,433,432,141,474,471],"class_list":{"0":"post-6023","1":"product","2":"type-product","3":"status-publish","4":"has-post-thumbnail","6":"product_cat-lingerie","7":"product_cat-plus-size-underwear","8":"product_tag-cotton-lace-bra","9":"product_tag-cotton-underwear","10":"product_tag-lace-lingerie","11":"product_tag-plus-size","12":"product_tag-underwear-set","13":"product_tag-women-sexy-underwear","14":"pa_color-black","15":"pa_color-blue","16":"pa_color-khaki","17":"pa_color-pink","18":"pa_color-red","19":"pa_color-white","20":"pa_size-100d3xl","21":"pa_size-105d4xl","22":"pa_size-110d5xl","23":"pa_size-85dxl","24":"pa_size-90d1xl","25":"pa_size-95d2xl","26":"desktop-align-center","27":"tablet-align-left","28":"mobile-align-left","29":"ast-product-gallery-layout-horizontal-slider","30":"ast-product-single-variable","31":"ast-product-tabs-layout-horizontal","32":"ast-qv-on-image","34":"first","35":"instock","36":"shipping-taxable","37":"purchasable","38":"product-type-variable"},"tiered_pricing_type":"fixed","tiered_pricing_fixed_rules":{"2":6.99,"30":5.99,"100":5.19},"tiered_pricing_product_settings":{"layout":"default","base_unit_name":{"singular":null,"plural":null},"default_variation":null},"tiered_pricing_minimum_quantity":null,"tiered_pricing_roles_data":[],"tiered_pricing_percentage_rules":[],"_links":{"self":[{"href":"https:\/\/yume-silm.com\/pt\/wp-json\/wp\/v2\/product\/6023","targetHints":{"allow":["GET"]}}],"collection":[{"href":"https:\/\/yume-silm.com\/pt\/wp-json\/wp\/v2\/product"}],"about":[{"href":"https:\/\/yume-silm.com\/pt\/wp-json\/wp\/v2\/types\/product"}],"replies":[{"embeddable":true,"href":"https:\/\/yume-silm.com\/pt\/wp-json\/wp\/v2\/comments?post=6023"}],"wp:featuredmedia":[{"embeddable":true,"href":"https:\/\/yume-silm.com\/pt\/wp-json\/wp\/v2\/media\/6062"}],"wp:attachment":[{"href":"https:\/\/yume-silm.com\/pt\/wp-json\/wp\/v2\/media?parent=6023"}],"wp:term":[{"taxonomy":"product_brand","embeddable":true,"href":"https:\/\/yume-silm.com\/pt\/wp-json\/wp\/v2\/product_brand?post=6023"},{"taxonomy":"product_cat","embeddable":true,"href":"https:\/\/yume-silm.com\/pt\/wp-json\/wp\/v2\/product_cat?post=6023"},{"taxonomy":"product_tag","embeddable":true,"href":"https:\/\/yume-silm.com\/pt\/wp-json\/wp\/v2\/product_tag?post=6023"}],"curies":[{"name":"wp","href":"https:\/\/api.w.org\/{rel}","templated":true}]}}