{"id":6176,"date":"2023-09-15T03:29:17","date_gmt":"2023-09-15T03:29:17","guid":{"rendered":"https:\/\/yume-silm.com\/?post_type=product&#038;p=6176"},"modified":"2024-05-11T06:35:19","modified_gmt":"2024-05-11T06:35:19","slug":"atacado-conjunto-sutia-de-renda-ultrafino-elegancia-plus-size","status":"publish","type":"product","link":"https:\/\/yume-silm.com\/pt\/produto\/atacado-conjunto-sutia-de-renda-ultrafino-elegancia-plus-size\/","title":{"rendered":"Casa Conjunto De Roupa Interior De Algod\u00e3o De Renda Plus Size"},"content":{"rendered":"<h5>Caracter\u00edsticas de design<\/h5>\n<ul>\n<li><strong>CONJUNTO SEXY DE DUAS PE\u00c7AS:<\/strong> Conjunto de duas pe\u00e7as de lingerie feminina lisonjeiro e confort\u00e1vel, o design de renda semitransparente \u00e9 a quantidade certa para puxar as cordas do cora\u00e7\u00e3o e o algod\u00e3o \u00e9 adequado para a pele para melhorar melhor a respirabilidade da pele. Esta cole\u00e7\u00e3o feminina de conjuntos de roupas \u00edntimas de renda de algod\u00e3o de duas pe\u00e7as \u00e9 uma mistura perfeita de mod\u00e9stia e sedu\u00e7\u00e3o.<\/li>\n<li><strong>LINGERIE PARA MULHERES GRANDES:<\/strong> Nossa roupa \u00edntima combinando com copa completa atende \u00e0s necessidades exclusivas de mulheres de tamanhos grandes, com uma ampla variedade de tamanhos para escolher. Molda-se facilmente \u00e0s suas curvas naturais, adicionando confian\u00e7a e sensualidade a qualquer look ou roupa.<\/li>\n<li><strong>CONFORTO E SUPORTE:<\/strong> Nosso conjunto de suti\u00e3 e roupa \u00edntima de tamanho grande permite que voc\u00ea experimente luxo e natureza. Ele fornece suporte suave e praticamente sem peso, ao mesmo tempo que fornece amortecimento essencial para um conforto incompar\u00e1vel.<\/li>\n<li><strong>DISPONIBILIDADE DE VENDA POR ATACADO:<\/strong> Para empresas e varejistas, o fato de as compras no atacado estarem agora dispon\u00edveis \u00e9 uma prova do nosso compromisso em fornecer produtos de lingerie de qualidade a todas as mulheres que os procuram. Venha encomendar seu pr\u00f3prio conjunto de roupas \u00edntimas de renda de algod\u00e3o plus size!<\/li>\n<\/ul>\n<h6><em>Conjunto de roupa \u00edntima feminina de renda tamanho grande<\/em><\/h6>\n<ul>\n<li>Com copas ultrafinas, este conjunto de roupa \u00edntima de renda de algod\u00e3o plus size n\u00e3o \u00e9 apenas confort\u00e1vel, mas tamb\u00e9m tem um design de renda atraente. Projetado para atender \u00e0s necessidades da mulher plus size moderna. Eles se recusam a sacrificar estilo ou conforto em prol da moda ou da apar\u00eancia. Voc\u00ea estar\u00e1 imerso em um mundo de luxo e confian\u00e7a a cada uso!<\/li>\n<\/ul>","protected":false},"excerpt":{"rendered":"<p>Experimente a m\u00e1xima sofistica\u00e7\u00e3o com o conjunto de roupa \u00edntima de renda de algod\u00e3o plus size! Com uma copa ultrafina e um design sedutor de renda semitransparente, este conjunto n\u00e3o s\u00f3 exala um fasc\u00ednio incompar\u00e1vel, mas tamb\u00e9m proporciona uma redu\u00e7\u00e3o secund\u00e1ria dos seios para uma silhueta esteticamente agrad\u00e1vel - tornando este conjunto perfeito para mulheres que procuram estilo e conforto!<\/p>","protected":false},"featured_media":6191,"comment_status":"open","ping_status":"closed","template":"","meta":{"site-sidebar-layout":"default","site-content-layout":"","ast-site-content-layout":"default","site-content-style":"default","site-sidebar-style":"default","ast-global-header-display":"","ast-banner-title-visibility":"","ast-main-header-display":"","ast-hfb-above-header-display":"","ast-hfb-below-header-display":"","ast-hfb-mobile-header-display":"","site-post-title":"","ast-breadcrumbs-content":"","ast-featured-img":"","footer-sml-layout":"","ast-disable-related-posts":"","theme-transparent-header-meta":"default","adv-header-id-meta":"","stick-header-meta":"default","header-above-stick-meta":"","header-main-stick-meta":"","header-below-stick-meta":"","astra-migrate-meta-layouts":"set","ast-page-background-enabled":"default","ast-page-background-meta":{"desktop":{"background-color":"","background-image":"","background-repeat":"repeat","background-position":"center center","background-size":"auto","background-attachment":"scroll","background-type":"","background-media":"","overlay-type":"","overlay-color":"","overlay-opacity":"","overlay-gradient":""},"tablet":{"background-color":"","background-image":"","background-repeat":"repeat","background-position":"center center","background-size":"auto","background-attachment":"scroll","background-type":"","background-media":"","overlay-type":"","overlay-color":"","overlay-opacity":"","overlay-gradient":""},"mobile":{"background-color":"","background-image":"","background-repeat":"repeat","background-position":"center center","background-size":"auto","background-attachment":"scroll","background-type":"","background-media":"","overlay-type":"","overlay-color":"","overlay-opacity":"","overlay-gradient":""}},"ast-content-background-meta":{"desktop":{"background-color":"var(--ast-global-color-5)","background-image":"","background-repeat":"repeat","background-position":"center center","background-size":"auto","background-attachment":"scroll","background-type":"","background-media":"","overlay-type":"","overlay-color":"","overlay-opacity":"","overlay-gradient":""},"tablet":{"background-color":"var(--ast-global-color-5)","background-image":"","background-repeat":"repeat","background-position":"center center","background-size":"auto","background-attachment":"scroll","background-type":"","background-media":"","overlay-type":"","overlay-color":"","overlay-opacity":"","overlay-gradient":""},"mobile":{"background-color":"var(--ast-global-color-5)","background-image":"","background-repeat":"repeat","background-position":"center center","background-size":"auto","background-attachment":"scroll","background-type":"","background-media":"","overlay-type":"","overlay-color":"","overlay-opacity":"","overlay-gradient":""}}},"product_brand":[],"product_cat":[259,583],"product_tag":[397,438],"class_list":{"0":"post-6176","1":"product","2":"type-product","3":"status-publish","4":"has-post-thumbnail","6":"product_cat-lingerie","7":"product_cat-plus-size-underwear","8":"product_tag-plus-size-underwear","9":"product_tag-sexy-lingerie","10":"pa_color-black","11":"pa_color-red","12":"pa_size-38-85d","13":"pa_size-40-90d","14":"pa_size-42-95d","15":"pa_size-44-100d","16":"pa_size-46-105d","17":"pa_size-48-110d","18":"desktop-align-center","19":"tablet-align-left","20":"mobile-align-left","21":"ast-product-gallery-layout-horizontal-slider","22":"ast-product-single-variable","23":"ast-product-tabs-layout-horizontal","24":"ast-qv-on-image","26":"first","27":"instock","28":"shipping-taxable","29":"purchasable","30":"product-type-variable"},"tiered_pricing_type":"fixed","tiered_pricing_fixed_rules":{"2":7.19,"30":6.19,"100":5.39},"tiered_pricing_product_settings":{"layout":"default","base_unit_name":{"singular":null,"plural":null},"default_variation":null},"tiered_pricing_minimum_quantity":null,"tiered_pricing_roles_data":[],"tiered_pricing_percentage_rules":[],"_links":{"self":[{"href":"https:\/\/yume-silm.com\/pt\/wp-json\/wp\/v2\/product\/6176","targetHints":{"allow":["GET"]}}],"collection":[{"href":"https:\/\/yume-silm.com\/pt\/wp-json\/wp\/v2\/product"}],"about":[{"href":"https:\/\/yume-silm.com\/pt\/wp-json\/wp\/v2\/types\/product"}],"replies":[{"embeddable":true,"href":"https:\/\/yume-silm.com\/pt\/wp-json\/wp\/v2\/comments?post=6176"}],"wp:featuredmedia":[{"embeddable":true,"href":"https:\/\/yume-silm.com\/pt\/wp-json\/wp\/v2\/media\/6191"}],"wp:attachment":[{"href":"https:\/\/yume-silm.com\/pt\/wp-json\/wp\/v2\/media?parent=6176"}],"wp:term":[{"taxonomy":"product_brand","embeddable":true,"href":"https:\/\/yume-silm.com\/pt\/wp-json\/wp\/v2\/product_brand?post=6176"},{"taxonomy":"product_cat","embeddable":true,"href":"https:\/\/yume-silm.com\/pt\/wp-json\/wp\/v2\/product_cat?post=6176"},{"taxonomy":"product_tag","embeddable":true,"href":"https:\/\/yume-silm.com\/pt\/wp-json\/wp\/v2\/product_tag?post=6176"}],"curies":[{"name":"wp","href":"https:\/\/api.w.org\/{rel}","templated":true}]}}