{"id":6350,"date":"2023-09-21T07:30:02","date_gmt":"2023-09-21T07:30:02","guid":{"rendered":"https:\/\/yume-silm.com\/?post_type=product&#038;p=6350"},"modified":"2024-05-11T06:38:50","modified_gmt":"2024-05-11T06:38:50","slug":"sutia-de-casamento-cai-cai-versatil-no-atacado-para-tamanhos-grandes","status":"publish","type":"product","link":"https:\/\/yume-silm.com\/pt\/produto\/sutia-de-casamento-cai-cai-versatil-no-atacado-para-tamanhos-grandes\/","title":{"rendered":"Suti\u00e3 de casamento plus size sem silicone por atacado"},"content":{"rendered":"<h5>Caracter\u00edsticas de design<\/h5>\n<ul>\n<li><strong>AL\u00c7AS DE OMBRO REMOV\u00cdVEIS:<\/strong> Nosso mais novo suti\u00e3 feminino plus size com al\u00e7as remov\u00edveis pode ser usado de forma cl\u00e1ssica e sem al\u00e7as para casamento. O design cl\u00e1ssico e o excelente suporte tornam-no adequado para qualquer ocasi\u00e3o, desde eventos formais a passeios casuais. Todos eles s\u00e3o uma pe\u00e7a que ir\u00e1 satisfaz\u00ea-lo.<\/li>\n<li><strong>PROJETO DE COPO FINO:<\/strong> Nossa lingerie feminina \u00e9 dedicada ao conforto e praticidade. As x\u00edcaras finas de nossas mulheres <span data-slate-node=\"text\"><span class=\"00\" data-slate-leaf=\"true\">suti\u00e3 de casamento plus size sem silicone<\/span><\/span> d\u00e1 a voc\u00ea a liberdade de desfrutar de uma sensa\u00e7\u00e3o de leveza sem comprometer o suporte. As copas finas contornam e levantam para garantir uma silhueta elegante.<\/li>\n<li><strong>SEGURAN\u00c7A SEM SILICONE:<\/strong> Diga adeus ao desconforto das al\u00e7as de silicone. Este suti\u00e3 conta com tecnologia de tecido inovadora para garantir um ajuste seguro e antiderrapante, sem a necessidade de silicone.<\/li>\n<li><strong>O CASAMENTO DEVE TER:<\/strong> Este suti\u00e3 de casamento plus size sem silicone \u00e9 o melhor amigo da noiva. O suti\u00e3 de casamento plus size sem silicone combina perfeitamente com seu vestido de noiva para conforto e estilo, garantindo que voc\u00ea continue sendo a estrela do show em seu grande dia.<\/li>\n<\/ul>\n<h6><em>Suti\u00e3 de noiva estilo cl\u00e1ssico sem al\u00e7as suti\u00e3 de casamento<\/em><\/h6>\n<ul>\n<li>As cores s\u00e3o cl\u00e1ssicas: bege e preto. V\u00e1rios tamanhos oferecem mais op\u00e7\u00f5es e n\u00e3o se preocupam com o tamanho.<\/li>\n<\/ul>","protected":false},"excerpt":{"rendered":"<p><span data-slate-node=\"text\"><span class=\"00\" data-slate-leaf=\"true\">Agrade todas as ocasi\u00f5es com confian\u00e7a em nosso suti\u00e3 de casamento plus size sem silicone. <\/span><\/span><span class=\"\" data-slate-node=\"text\"><span class=\"01\" data-slate-leaf=\"true\"><span data-slate-string=\"true\">Feito especificamente para tamanhos maiores, ele oferece uma empunhadura antiderrapante e sem silicone e um copo fino, mas de suporte. <\/span><\/span><\/span><span class=\"\" data-slate-node=\"text\" data-slate-fragment=\"JTVCJTdCJTIydHlwZSUyMiUzQSUyMnBhcmFncmFwaCUyMiUyQyUyMmNoaWxkcmVuJTIyJTNBJTVCJTdCJTIydGV4dCUyMiUzQSUyMkdyYWNlJTIwZXZlcnklMjBvY2Nhc2lvbiUyMHdpdGglMjBjb25maWRlbmNlJTIwaW4lMjBvdXIlMjBzaWxpY29uZSUyMGZyZWUlMjBwbHVzJTIwc2l6ZSUyMHdlZGRpbmclMjBicmEuJTIwJTIyJTJDJTIyc2VudGVuY2UlMjIlM0EwJTJDJTIyY2hpbGRTZW50ZW5jZSUyMiUzQTAlN0QlMkMlN0IlMjJ0ZXh0JTIyJTNBJTIyU3BlY2lmaWNhbGx5JTIwY3JhZnRlZCUyMGZvciUyMGxhcmdlciUyMHNpemVzJTJDJTIwaXQlMjBvZmZlcnMlMjBhJTIwc2lsaWNvbmUtZnJlZSUyQyUyMG5vbi1zbGlwJTIwZ3JpcCUyQyUyMGFuZCUyMGElMjB0aGluJTIweWV0JTIwc3VwcG9ydGl2ZSUyMGN1cC4lMjAlMjIlMkMlMjJzZW50ZW5jZSUyMiUzQTAlMkMlMjJjaGlsZFNlbnRlbmNlJTIyJTNBMSU3RCUyQyU3QiUyMnRleHQlMjIlM0ElMjJQZXJmZWN0JTIwZm9yJTIwYnJpZGVzJTJDJTIwYnJpZGVzbWFpZHMlMkMlMjBvciUyMGFueSUyMGVsZWdhbnQlMjBhZmZhaXIuJTIyJTJDJTIyc2VudGVuY2UlMjIlM0EwJTJDJTIyY2hpbGRTZW50ZW5jZSUyMiUzQTIlN0QlNUQlN0QlNUQ=\"><span class=\"02\" data-slate-leaf=\"true\"><span data-slate-string=\"true\">Perfeito para noivas, damas de honra ou qualquer evento elegante.<\/span><\/span><\/span><\/p>","protected":false},"featured_media":6409,"comment_status":"open","ping_status":"closed","template":"","meta":{"site-sidebar-layout":"default","site-content-layout":"","ast-site-content-layout":"default","site-content-style":"default","site-sidebar-style":"default","ast-global-header-display":"","ast-banner-title-visibility":"","ast-main-header-display":"","ast-hfb-above-header-display":"","ast-hfb-below-header-display":"","ast-hfb-mobile-header-display":"","site-post-title":"","ast-breadcrumbs-content":"","ast-featured-img":"","footer-sml-layout":"","ast-disable-related-posts":"","theme-transparent-header-meta":"default","adv-header-id-meta":"","stick-header-meta":"default","header-above-stick-meta":"","header-main-stick-meta":"","header-below-stick-meta":"","astra-migrate-meta-layouts":"set","ast-page-background-enabled":"default","ast-page-background-meta":{"desktop":{"background-color":"","background-image":"","background-repeat":"repeat","background-position":"center center","background-size":"auto","background-attachment":"scroll","background-type":"","background-media":"","overlay-type":"","overlay-color":"","overlay-opacity":"","overlay-gradient":""},"tablet":{"background-color":"","background-image":"","background-repeat":"repeat","background-position":"center center","background-size":"auto","background-attachment":"scroll","background-type":"","background-media":"","overlay-type":"","overlay-color":"","overlay-opacity":"","overlay-gradient":""},"mobile":{"background-color":"","background-image":"","background-repeat":"repeat","background-position":"center center","background-size":"auto","background-attachment":"scroll","background-type":"","background-media":"","overlay-type":"","overlay-color":"","overlay-opacity":"","overlay-gradient":""}},"ast-content-background-meta":{"desktop":{"background-color":"var(--ast-global-color-5)","background-image":"","background-repeat":"repeat","background-position":"center center","background-size":"auto","background-attachment":"scroll","background-type":"","background-media":"","overlay-type":"","overlay-color":"","overlay-opacity":"","overlay-gradient":""},"tablet":{"background-color":"var(--ast-global-color-5)","background-image":"","background-repeat":"repeat","background-position":"center center","background-size":"auto","background-attachment":"scroll","background-type":"","background-media":"","overlay-type":"","overlay-color":"","overlay-opacity":"","overlay-gradient":""},"mobile":{"background-color":"var(--ast-global-color-5)","background-image":"","background-repeat":"repeat","background-position":"center center","background-size":"auto","background-attachment":"scroll","background-type":"","background-media":"","overlay-type":"","overlay-color":"","overlay-opacity":"","overlay-gradient":""}}},"product_brand":[],"product_cat":[65,76,259,583],"product_tag":[445,400,446],"class_list":{"0":"post-6350","1":"product","2":"type-product","3":"status-publish","4":"has-post-thumbnail","6":"product_cat-best-sellers","7":"product_cat-new-arrivels","8":"product_cat-lingerie","9":"product_cat-plus-size-underwear","10":"product_tag-bridal-bra","11":"product_tag-plus-size-bra","12":"product_tag-wedding-bra","13":"pa_color-beige","14":"pa_color-black","15":"pa_size-100d","16":"pa_size-100e","17":"pa_size-100f","18":"pa_size-100g","19":"pa_size-105d","20":"pa_size-105e","21":"pa_size-105f","22":"pa_size-105g","23":"pa_size-75e","24":"pa_size-75f","25":"pa_size-75g","26":"pa_size-80d","27":"pa_size-80e","28":"pa_size-80f","29":"pa_size-80g","30":"pa_size-85e","31":"pa_size-85f","32":"pa_size-85g","33":"pa_size-90e","34":"pa_size-90f","35":"pa_size-90g","36":"pa_size-95d","37":"pa_size-95e","38":"pa_size-95f","39":"pa_size-95g","40":"desktop-align-center","41":"tablet-align-left","42":"mobile-align-left","43":"ast-product-gallery-layout-horizontal-slider","44":"ast-product-single-variable","45":"ast-product-tabs-layout-horizontal","46":"ast-qv-on-image","48":"first","49":"instock","50":"shipping-taxable","51":"purchasable","52":"product-type-variable"},"tiered_pricing_type":"fixed","tiered_pricing_fixed_rules":{"2":12.59,"30":10.79,"100":9.49},"tiered_pricing_product_settings":{"layout":"default","base_unit_name":{"singular":null,"plural":null},"default_variation":{}},"tiered_pricing_minimum_quantity":null,"tiered_pricing_roles_data":[],"tiered_pricing_percentage_rules":[],"_links":{"self":[{"href":"https:\/\/yume-silm.com\/pt\/wp-json\/wp\/v2\/product\/6350","targetHints":{"allow":["GET"]}}],"collection":[{"href":"https:\/\/yume-silm.com\/pt\/wp-json\/wp\/v2\/product"}],"about":[{"href":"https:\/\/yume-silm.com\/pt\/wp-json\/wp\/v2\/types\/product"}],"replies":[{"embeddable":true,"href":"https:\/\/yume-silm.com\/pt\/wp-json\/wp\/v2\/comments?post=6350"}],"wp:featuredmedia":[{"embeddable":true,"href":"https:\/\/yume-silm.com\/pt\/wp-json\/wp\/v2\/media\/6409"}],"wp:attachment":[{"href":"https:\/\/yume-silm.com\/pt\/wp-json\/wp\/v2\/media?parent=6350"}],"wp:term":[{"taxonomy":"product_brand","embeddable":true,"href":"https:\/\/yume-silm.com\/pt\/wp-json\/wp\/v2\/product_brand?post=6350"},{"taxonomy":"product_cat","embeddable":true,"href":"https:\/\/yume-silm.com\/pt\/wp-json\/wp\/v2\/product_cat?post=6350"},{"taxonomy":"product_tag","embeddable":true,"href":"https:\/\/yume-silm.com\/pt\/wp-json\/wp\/v2\/product_tag?post=6350"}],"curies":[{"name":"wp","href":"https:\/\/api.w.org\/{rel}","templated":true}]}}