{"id":6416,"date":"2023-09-22T06:23:46","date_gmt":"2023-09-22T06:23:46","guid":{"rendered":"https:\/\/yume-silm.com\/?post_type=product&#038;p=6416"},"modified":"2024-05-11T06:41:28","modified_gmt":"2024-05-11T06:41:28","slug":"sutia-plus-size-brilhante-com-elegancia-de-seda-no-atacado-para-copo-ghij","status":"publish","type":"product","link":"https:\/\/yume-silm.com\/pt\/produto\/sutia-plus-size-brilhante-com-elegancia-de-seda-no-atacado-para-copo-ghij\/","title":{"rendered":"Suti\u00e3 plus size ultrafino brilhante por atacado para copo GHIJ"},"content":{"rendered":"<h5>Caracter\u00edsticas de design<\/h5>\n<ul>\n<li><strong>BRILHANTE ULTRA FINO:<\/strong> Nossos suti\u00e3s plus size ultrafinos, feitos principalmente de poli\u00e9ster, s\u00e3o sedosos e brilhantes sem altos custos de manuten\u00e7\u00e3o. O suti\u00e3 ultrafino pode ser usado confortavelmente o dia todo, fazendo voc\u00ea se sentir relaxado e sem estresse o tempo todo. As x\u00edcaras finas tamb\u00e9m oferecem suporte, garantindo que voc\u00ea fique confort\u00e1vel e bem embalado durante todo o dia. Adicione um elemento de sofistica\u00e7\u00e3o \u00e0 sua cole\u00e7\u00e3o de lingerie para que voc\u00ea se sinta mais elegante cada vez que us\u00e1-la.<\/li>\n<li><strong>PERSONALIZADO PARA COPOS GHIJ:<\/strong> A lingerie foi projetada para copas extragrandes para atender \u00e0s necessidades exclusivas das mulheres plus size, garantindo que mulheres com seios mais cheios n\u00e3o tenham que comprometer o estilo e o caimento. Uma cole\u00e7\u00e3o de lingerie feminina que suporta perfeitamente seios maiores sem constri\u00e7\u00e3o. Seja o seu eu mais radiante.<\/li>\n<li><strong>LEVE E CONFORT\u00c1VEL:<\/strong> A cole\u00e7\u00e3o feminina de suti\u00e3s com copa completa \u00e9 leve e confort\u00e1vel de usar, absorve a umidade e \u00e9 respir\u00e1vel, ajustando-se aos seus lindos seios. Os suti\u00e3s franzidos tamb\u00e9m t\u00eam alguma elasticidade e s\u00e3o ajust\u00e1veis para agregar mais possibilidades.<\/li>\n<li><strong>ESCOLHA DE TAMANHOS M\u00daLTIPLOS:<\/strong> Nosso suti\u00e3 feminino ultrafino brilhante simples e natural atende \u00e0s necessidades de mulheres com diferentes tamanhos de seios, oferecendo uma ampla gama de tamanhos para voc\u00ea escolher.<\/li>\n<\/ul>\n<h6><em>Roupa \u00edntima feminina ultrafina e lisa de tamanho grande<\/em><\/h6>\n<ul>\n<li>Nossos suti\u00e3s plus size ultrafinos e brilhantes combinam conforto, suporte e eleg\u00e2ncia atemporal para mulheres com gostos \u00fanicos e seios mais cheios, permitindo que voc\u00ea desfrute do mundo do luxo. Cada curva merece usar o melhor suti\u00e3.<\/li>\n<\/ul>","protected":false},"excerpt":{"rendered":"<p>Delicie-se com o fasc\u00ednio brilhante do nosso suti\u00e3 de seda simulado, projetado especialmente para os requintados tamanhos de copa GHIJ. Este suti\u00e3 plus size ultrafino e brilhante oferece uma apar\u00eancia luxuosa, envolvendo voc\u00ea com eleg\u00e2ncia e conforto incompar\u00e1vel.<\/p>","protected":false},"featured_media":6472,"comment_status":"open","ping_status":"closed","template":"","meta":{"site-sidebar-layout":"default","site-content-layout":"","ast-site-content-layout":"default","site-content-style":"default","site-sidebar-style":"default","ast-global-header-display":"","ast-banner-title-visibility":"","ast-main-header-display":"","ast-hfb-above-header-display":"","ast-hfb-below-header-display":"","ast-hfb-mobile-header-display":"","site-post-title":"","ast-breadcrumbs-content":"","ast-featured-img":"","footer-sml-layout":"","ast-disable-related-posts":"","theme-transparent-header-meta":"default","adv-header-id-meta":"","stick-header-meta":"default","header-above-stick-meta":"","header-main-stick-meta":"","header-below-stick-meta":"","astra-migrate-meta-layouts":"set","ast-page-background-enabled":"default","ast-page-background-meta":{"desktop":{"background-color":"","background-image":"","background-repeat":"repeat","background-position":"center center","background-size":"auto","background-attachment":"scroll","background-type":"","background-media":"","overlay-type":"","overlay-color":"","overlay-opacity":"","overlay-gradient":""},"tablet":{"background-color":"","background-image":"","background-repeat":"repeat","background-position":"center center","background-size":"auto","background-attachment":"scroll","background-type":"","background-media":"","overlay-type":"","overlay-color":"","overlay-opacity":"","overlay-gradient":""},"mobile":{"background-color":"","background-image":"","background-repeat":"repeat","background-position":"center center","background-size":"auto","background-attachment":"scroll","background-type":"","background-media":"","overlay-type":"","overlay-color":"","overlay-opacity":"","overlay-gradient":""}},"ast-content-background-meta":{"desktop":{"background-color":"var(--ast-global-color-5)","background-image":"","background-repeat":"repeat","background-position":"center center","background-size":"auto","background-attachment":"scroll","background-type":"","background-media":"","overlay-type":"","overlay-color":"","overlay-opacity":"","overlay-gradient":""},"tablet":{"background-color":"var(--ast-global-color-5)","background-image":"","background-repeat":"repeat","background-position":"center center","background-size":"auto","background-attachment":"scroll","background-type":"","background-media":"","overlay-type":"","overlay-color":"","overlay-opacity":"","overlay-gradient":""},"mobile":{"background-color":"var(--ast-global-color-5)","background-image":"","background-repeat":"repeat","background-position":"center center","background-size":"auto","background-attachment":"scroll","background-type":"","background-media":"","overlay-type":"","overlay-color":"","overlay-opacity":"","overlay-gradient":""}}},"product_brand":[],"product_cat":[65,259,583],"product_tag":[435,400,434],"class_list":{"0":"post-6416","1":"product","2":"type-product","3":"status-publish","4":"has-post-thumbnail","6":"product_cat-best-sellers","7":"product_cat-lingerie","8":"product_cat-plus-size-underwear","9":"product_tag-glossy-underwear","10":"product_tag-plus-size-bra","11":"product_tag-womens-full-cup-bra","12":"pa_color-beige","13":"pa_color-black","14":"pa_size-100g","15":"pa_size-100h","16":"pa_size-100i","17":"pa_size-100j","18":"pa_size-105h","19":"pa_size-105i","20":"pa_size-105j","21":"pa_size-110g","22":"pa_size-110h","23":"pa_size-110i","24":"pa_size-110j","25":"pa_size-75i","26":"pa_size-75j","27":"pa_size-80h","28":"pa_size-80i","29":"pa_size-80j","30":"pa_size-85g","31":"pa_size-85h","32":"pa_size-85i","33":"pa_size-85j","34":"pa_size-90h","35":"pa_size-90i","36":"pa_size-90j","37":"pa_size-95h","38":"pa_size-95i","39":"pa_size-95j","40":"desktop-align-center","41":"tablet-align-left","42":"mobile-align-left","43":"ast-product-gallery-layout-horizontal-slider","44":"ast-product-single-variable","45":"ast-product-tabs-layout-horizontal","46":"ast-qv-on-image","48":"first","49":"instock","50":"shipping-taxable","51":"purchasable","52":"product-type-variable"},"tiered_pricing_type":"fixed","tiered_pricing_fixed_rules":{"2":4.69,"30":3.99,"100":3.49},"tiered_pricing_product_settings":{"layout":"default","base_unit_name":{"singular":null,"plural":null},"default_variation":{}},"tiered_pricing_minimum_quantity":null,"tiered_pricing_roles_data":[],"tiered_pricing_percentage_rules":[],"_links":{"self":[{"href":"https:\/\/yume-silm.com\/pt\/wp-json\/wp\/v2\/product\/6416","targetHints":{"allow":["GET"]}}],"collection":[{"href":"https:\/\/yume-silm.com\/pt\/wp-json\/wp\/v2\/product"}],"about":[{"href":"https:\/\/yume-silm.com\/pt\/wp-json\/wp\/v2\/types\/product"}],"replies":[{"embeddable":true,"href":"https:\/\/yume-silm.com\/pt\/wp-json\/wp\/v2\/comments?post=6416"}],"wp:featuredmedia":[{"embeddable":true,"href":"https:\/\/yume-silm.com\/pt\/wp-json\/wp\/v2\/media\/6472"}],"wp:attachment":[{"href":"https:\/\/yume-silm.com\/pt\/wp-json\/wp\/v2\/media?parent=6416"}],"wp:term":[{"taxonomy":"product_brand","embeddable":true,"href":"https:\/\/yume-silm.com\/pt\/wp-json\/wp\/v2\/product_brand?post=6416"},{"taxonomy":"product_cat","embeddable":true,"href":"https:\/\/yume-silm.com\/pt\/wp-json\/wp\/v2\/product_cat?post=6416"},{"taxonomy":"product_tag","embeddable":true,"href":"https:\/\/yume-silm.com\/pt\/wp-json\/wp\/v2\/product_tag?post=6416"}],"curies":[{"name":"wp","href":"https:\/\/api.w.org\/{rel}","templated":true}]}}