{"id":6504,"date":"2023-09-22T07:13:17","date_gmt":"2023-09-22T07:13:17","guid":{"rendered":"https:\/\/yume-silm.com\/?post_type=product&#038;p=6504"},"modified":"2024-05-11T06:46:32","modified_gmt":"2024-05-11T06:46:32","slug":"atacado-sutia-extra-grande-sem-fio-com-suporte-de-alca-larga-com-copo-completo","status":"publish","type":"product","link":"https:\/\/yume-silm.com\/pt\/produto\/atacado-sutia-extra-grande-sem-fio-com-suporte-de-alca-larga-com-copo-completo\/","title":{"rendered":"Suti\u00e3 plus size de al\u00e7as largas de algod\u00e3o macio por atacado"},"content":{"rendered":"<h5>Caracter\u00edsticas de design<\/h5>\n<ul>\n<li><strong>CONFORT\u00c1VEL SEM AN\u00c9IS DE A\u00c7O:<\/strong> Nossa roupa \u00edntima confort\u00e1vel sem an\u00e9is de a\u00e7o. O design sem anel proporciona um ajuste perfeito e garante liberdade de movimento. Sinta a diferen\u00e7a no seu dia e mude os pux\u00f5es e apertos que s\u00e3o comuns nos suti\u00e3s tradicionais.<\/li>\n<li><strong>PROJETADO PARA TAMANHOS EXTRA GRANDES:<\/strong> Projetado para mulheres corpulentas, este suti\u00e3 leva em considera\u00e7\u00e3o as necessidades exclusivas de quem o usa. Nossos suti\u00e3s plus size oferecem a combina\u00e7\u00e3o perfeita de suporte e estilo, com uma ampla variedade de tamanhos para escolher, para que voc\u00ea n\u00e3o precise mais se preocupar com o tamanho.<\/li>\n<li><strong>GARANTIA DE COPO COMPLETO:<\/strong> Lingerie de algod\u00e3o com cobertura total da copa. Garantindo mod\u00e9stia sem sacrificar o estilo, este suti\u00e3 \u00e9 perfeito para uso di\u00e1rio ou ocasi\u00f5es especiais. Al\u00e9m disso, aumenta o suporte e garante que os seios permane\u00e7am no lugar.<\/li>\n<li><strong>AL\u00c7AS LARGAS DE APOIO:<\/strong> A fadiga nos ombros \u00e9 coisa do passado. As al\u00e7as largas da cueca leve distribuem o peso de maneira uniforme e garantem conforto o dia todo. As al\u00e7as largas tamb\u00e9m garantem que as al\u00e7as n\u00e3o afundem, evitando marcas inest\u00e9ticas nos ombros.<\/li>\n<\/ul>\n<h6><em>Cueca feminina de algod\u00e3o plus size com copo cheio<\/em><\/h6>\n<ul>\n<li>Este suti\u00e3 confort\u00e1vel de algod\u00e3o feminino bem projetado combina perfeitamente com qualquer arm\u00e1rio, proporcionando eleg\u00e2ncia e suporte incompar\u00e1vel. Ideal para quem se preocupa com moda e conforto.<\/li>\n<li>Projetado com um visual moderno e estiloso, o suti\u00e3 plus size de al\u00e7as largas de algod\u00e3o macio \u00e9 uma pe\u00e7a indispens\u00e1vel para o dia a dia que tamb\u00e9m faz uma declara\u00e7\u00e3o. Deleite-se com sua apar\u00eancia elegante enquanto desfruta de conforto de alto n\u00edvel.<\/li>\n<\/ul>","protected":false},"excerpt":{"rendered":"<p>Descubra um conforto incompar\u00e1vel com este suti\u00e3 plus size de al\u00e7as largas de algod\u00e3o macio. Equipado com al\u00e7as largas, garante o equil\u00edbrio ideal entre sustenta\u00e7\u00e3o e eleg\u00e2ncia est\u00e9tica.<\/p>","protected":false},"featured_media":6529,"comment_status":"open","ping_status":"closed","template":"","meta":{"site-sidebar-layout":"default","site-content-layout":"","ast-site-content-layout":"default","site-content-style":"default","site-sidebar-style":"default","ast-global-header-display":"","ast-banner-title-visibility":"","ast-main-header-display":"","ast-hfb-above-header-display":"","ast-hfb-below-header-display":"","ast-hfb-mobile-header-display":"","site-post-title":"","ast-breadcrumbs-content":"","ast-featured-img":"","footer-sml-layout":"","ast-disable-related-posts":"","theme-transparent-header-meta":"default","adv-header-id-meta":"","stick-header-meta":"default","header-above-stick-meta":"","header-main-stick-meta":"","header-below-stick-meta":"","astra-migrate-meta-layouts":"set","ast-page-background-enabled":"default","ast-page-background-meta":{"desktop":{"background-color":"","background-image":"","background-repeat":"repeat","background-position":"center center","background-size":"auto","background-attachment":"scroll","background-type":"","background-media":"","overlay-type":"","overlay-color":"","overlay-opacity":"","overlay-gradient":""},"tablet":{"background-color":"","background-image":"","background-repeat":"repeat","background-position":"center center","background-size":"auto","background-attachment":"scroll","background-type":"","background-media":"","overlay-type":"","overlay-color":"","overlay-opacity":"","overlay-gradient":""},"mobile":{"background-color":"","background-image":"","background-repeat":"repeat","background-position":"center center","background-size":"auto","background-attachment":"scroll","background-type":"","background-media":"","overlay-type":"","overlay-color":"","overlay-opacity":"","overlay-gradient":""}},"ast-content-background-meta":{"desktop":{"background-color":"var(--ast-global-color-5)","background-image":"","background-repeat":"repeat","background-position":"center center","background-size":"auto","background-attachment":"scroll","background-type":"","background-media":"","overlay-type":"","overlay-color":"","overlay-opacity":"","overlay-gradient":""},"tablet":{"background-color":"var(--ast-global-color-5)","background-image":"","background-repeat":"repeat","background-position":"center center","background-size":"auto","background-attachment":"scroll","background-type":"","background-media":"","overlay-type":"","overlay-color":"","overlay-opacity":"","overlay-gradient":""},"mobile":{"background-color":"var(--ast-global-color-5)","background-image":"","background-repeat":"repeat","background-position":"center center","background-size":"auto","background-attachment":"scroll","background-type":"","background-media":"","overlay-type":"","overlay-color":"","overlay-opacity":"","overlay-gradient":""}}},"product_brand":[],"product_cat":[65,259,583],"product_tag":[433,407,397],"class_list":{"0":"post-6504","1":"product","2":"type-product","3":"status-publish","4":"has-post-thumbnail","6":"product_cat-best-sellers","7":"product_cat-lingerie","8":"product_cat-plus-size-underwear","9":"product_tag-cotton-underwear","10":"product_tag-full-cup-bra","11":"product_tag-plus-size-underwear","12":"pa_color-beige","13":"pa_size-100g","14":"pa_size-105f","15":"pa_size-105g","16":"pa_size-110b","17":"pa_size-110c","18":"pa_size-110d","19":"pa_size-110e","20":"pa_size-115b","21":"pa_size-115c","22":"pa_size-115d","23":"pa_size-115e","24":"pa_size-115g","25":"pa_size-120b","26":"pa_size-120c","27":"pa_size-120d","28":"pa_size-120e","29":"pa_size-120f","30":"pa_size-120g","31":"pa_size-125b","32":"pa_size-125c","33":"pa_size-125d","34":"pa_size-125f","35":"desktop-align-center","36":"tablet-align-left","37":"mobile-align-left","38":"ast-product-gallery-layout-horizontal-slider","39":"ast-product-single-variable","40":"ast-product-tabs-layout-horizontal","41":"ast-qv-on-image","43":"first","44":"instock","45":"shipping-taxable","46":"purchasable","47":"product-type-variable"},"tiered_pricing_type":"fixed","tiered_pricing_fixed_rules":{"2":2.09,"30":1.79,"100":1.59},"tiered_pricing_product_settings":{"layout":"default","base_unit_name":{"singular":null,"plural":null},"default_variation":{}},"tiered_pricing_minimum_quantity":null,"tiered_pricing_roles_data":[],"tiered_pricing_percentage_rules":[],"_links":{"self":[{"href":"https:\/\/yume-silm.com\/pt\/wp-json\/wp\/v2\/product\/6504","targetHints":{"allow":["GET"]}}],"collection":[{"href":"https:\/\/yume-silm.com\/pt\/wp-json\/wp\/v2\/product"}],"about":[{"href":"https:\/\/yume-silm.com\/pt\/wp-json\/wp\/v2\/types\/product"}],"replies":[{"embeddable":true,"href":"https:\/\/yume-silm.com\/pt\/wp-json\/wp\/v2\/comments?post=6504"}],"wp:featuredmedia":[{"embeddable":true,"href":"https:\/\/yume-silm.com\/pt\/wp-json\/wp\/v2\/media\/6529"}],"wp:attachment":[{"href":"https:\/\/yume-silm.com\/pt\/wp-json\/wp\/v2\/media?parent=6504"}],"wp:term":[{"taxonomy":"product_brand","embeddable":true,"href":"https:\/\/yume-silm.com\/pt\/wp-json\/wp\/v2\/product_brand?post=6504"},{"taxonomy":"product_cat","embeddable":true,"href":"https:\/\/yume-silm.com\/pt\/wp-json\/wp\/v2\/product_cat?post=6504"},{"taxonomy":"product_tag","embeddable":true,"href":"https:\/\/yume-silm.com\/pt\/wp-json\/wp\/v2\/product_tag?post=6504"}],"curies":[{"name":"wp","href":"https:\/\/api.w.org\/{rel}","templated":true}]}}