{"id":6538,"date":"2023-09-23T07:12:41","date_gmt":"2023-09-23T07:12:41","guid":{"rendered":"https:\/\/yume-silm.com\/?post_type=product&#038;p=6538"},"modified":"2024-05-11T06:48:38","modified_gmt":"2024-05-11T06:48:38","slug":"sutia-extra-grande-sem-aro-com-copa-cheia-e-suporte-de-alca-larga","status":"publish","type":"product","link":"https:\/\/yume-silm.com\/pt\/produto\/sutia-extra-grande-sem-aro-com-copa-cheia-e-suporte-de-alca-larga\/","title":{"rendered":"Suti\u00e3 extra grande sem fio com copa completa e suporte de al\u00e7a larga"},"content":{"rendered":"<h5>Suti\u00e3 plus size com al\u00e7a larga e cobertura total sem fio<\/h5>\n<ul>\n<li>CONFORTO SEM FIO: Diga adeus ao desconforto da arma\u00e7\u00e3o. Nossos suti\u00e3s sem aros t\u00eam um ajuste perfeito para garantir movimentos irrestritos. Sinta a diferen\u00e7a no seu dia sem cutucar e apertar que \u00e9 comum nos suti\u00e3s com arame. Sua natureza sem fio atende \u00e0 necessidade de conforto no uso di\u00e1rio, garantindo que voc\u00ea fique relaxado e sem restri\u00e7\u00f5es.<\/li>\n<li>PROJETADO ESPECIFICAMENTE PARA EXTRA GRANDE: Projetado para mulheres corpulentas, nosso suti\u00e3 plus size leva em considera\u00e7\u00e3o as necessidades exclusivas de quem usa. Oferece uma combina\u00e7\u00e3o perfeita de suporte e estilo para uma experi\u00eancia de uso incompar\u00e1vel. Seu design especial resolve problemas comuns associados a bustos maiores e garante um ajuste confort\u00e1vel.<\/li>\n<li>GARANTIA DE COPO COMPLETO: Suti\u00e3 de copa completa com grande cobertura garante mod\u00e9stia sem perder a moda. Ideal para uso di\u00e1rio ou ocasi\u00f5es especiais, o suporte aprimorado garante que seus seios permane\u00e7am no lugar. O design de copa cheia n\u00e3o s\u00f3 aumenta a confian\u00e7a, mas tamb\u00e9m mostra uma silhueta suave sob qualquer roupa.<\/li>\n<li>Al\u00e7as largas de suporte: as al\u00e7as largas desta lingerie feminina s\u00e3o projetadas para garantir que o peso seja distribu\u00eddo uniformemente para proporcionar conforto durante todo o dia. As al\u00e7as largas tamb\u00e9m evitam marcas desagrad\u00e1veis nos ombros, garantindo que as al\u00e7as n\u00e3o cedam. Estas al\u00e7as largas proporcionam o suporte confort\u00e1vel necess\u00e1rio para bustos maiores.<\/li>\n<li>CHIQUE E FUNCIONAL: Projetado com a moda moderna em mente, este suti\u00e3 leve e confort\u00e1vel \u00e9 uma pe\u00e7a marcante e essencial para o dia a dia. Deleite-se com sua apar\u00eancia elegante enquanto desfruta de conforto de alto n\u00edvel, tornando-o uma escolha confi\u00e1vel para quem busca estilo e funcionalidade.<\/li>\n<\/ul>\n<h6><em>Suti\u00e3 de copa cheia sem aro e suporte de al\u00e7a larga <\/em><\/h6>\n<ul>\n<li>Experimente uma mistura de eleg\u00e2ncia e suporte incompar\u00e1vel com este suti\u00e3 estiloso, confort\u00e1vel e sem press\u00e3o que cabe perfeitamente em qualquer arm\u00e1rio, perfeito para quem valoriza estilo e conforto.<\/li>\n<\/ul>","protected":false},"excerpt":{"rendered":"<p>Um suti\u00e3 sem aros personalizado para mulheres grandes para um conforto incompar\u00e1vel. Possui al\u00e7as largas que garantem o equil\u00edbrio ideal entre sustenta\u00e7\u00e3o e eleg\u00e2ncia est\u00e9tica.<\/p>","protected":false},"featured_media":6588,"comment_status":"open","ping_status":"closed","template":"","meta":{"site-sidebar-layout":"default","site-content-layout":"","ast-site-content-layout":"default","site-content-style":"default","site-sidebar-style":"default","ast-global-header-display":"","ast-banner-title-visibility":"","ast-main-header-display":"","ast-hfb-above-header-display":"","ast-hfb-below-header-display":"","ast-hfb-mobile-header-display":"","site-post-title":"","ast-breadcrumbs-content":"","ast-featured-img":"","footer-sml-layout":"","ast-disable-related-posts":"","theme-transparent-header-meta":"default","adv-header-id-meta":"","stick-header-meta":"default","header-above-stick-meta":"","header-main-stick-meta":"","header-below-stick-meta":"","astra-migrate-meta-layouts":"set","ast-page-background-enabled":"default","ast-page-background-meta":{"desktop":{"background-color":"","background-image":"","background-repeat":"repeat","background-position":"center center","background-size":"auto","background-attachment":"scroll","background-type":"","background-media":"","overlay-type":"","overlay-color":"","overlay-opacity":"","overlay-gradient":""},"tablet":{"background-color":"","background-image":"","background-repeat":"repeat","background-position":"center center","background-size":"auto","background-attachment":"scroll","background-type":"","background-media":"","overlay-type":"","overlay-color":"","overlay-opacity":"","overlay-gradient":""},"mobile":{"background-color":"","background-image":"","background-repeat":"repeat","background-position":"center center","background-size":"auto","background-attachment":"scroll","background-type":"","background-media":"","overlay-type":"","overlay-color":"","overlay-opacity":"","overlay-gradient":""}},"ast-content-background-meta":{"desktop":{"background-color":"var(--ast-global-color-5)","background-image":"","background-repeat":"repeat","background-position":"center center","background-size":"auto","background-attachment":"scroll","background-type":"","background-media":"","overlay-type":"","overlay-color":"","overlay-opacity":"","overlay-gradient":""},"tablet":{"background-color":"var(--ast-global-color-5)","background-image":"","background-repeat":"repeat","background-position":"center center","background-size":"auto","background-attachment":"scroll","background-type":"","background-media":"","overlay-type":"","overlay-color":"","overlay-opacity":"","overlay-gradient":""},"mobile":{"background-color":"var(--ast-global-color-5)","background-image":"","background-repeat":"repeat","background-position":"center center","background-size":"auto","background-attachment":"scroll","background-type":"","background-media":"","overlay-type":"","overlay-color":"","overlay-opacity":"","overlay-gradient":""}}},"product_brand":[],"product_cat":[259,76,583],"product_tag":[404,407,400,397,401,396],"class_list":{"0":"post-6538","1":"product","2":"type-product","3":"status-publish","4":"has-post-thumbnail","6":"product_cat-lingerie","7":"product_cat-new-arrivels","8":"product_cat-plus-size-underwear","9":"product_tag-full-coverage-bra","10":"product_tag-full-cup-bra","11":"product_tag-plus-size-bra","12":"product_tag-plus-size-underwear","13":"product_tag-wireless-bra","14":"product_tag-womens-underwear","15":"pa_color-beige","16":"pa_color-green","17":"pa_color-purple","18":"pa_size-34-75e","19":"pa_size-34-75f","20":"pa_size-36-80d","21":"pa_size-36-80e","22":"pa_size-36-80f","23":"pa_size-38-85d","24":"pa_size-38-85e","25":"pa_size-38-85f","26":"pa_size-40-90d","27":"pa_size-40-90e","28":"pa_size-40-90f","29":"pa_size-42-95d","30":"pa_size-42-95e","31":"pa_size-42-95f","32":"desktop-align-center","33":"tablet-align-left","34":"mobile-align-left","35":"ast-product-gallery-layout-horizontal-slider","36":"ast-product-single-variable","37":"ast-product-tabs-layout-horizontal","38":"ast-qv-on-image","40":"first","41":"instock","42":"shipping-taxable","43":"purchasable","44":"product-type-variable"},"tiered_pricing_type":"fixed","tiered_pricing_fixed_rules":{"2":9.99,"30":8.59,"100":7},"tiered_pricing_product_settings":{"layout":"default","base_unit_name":{"singular":null,"plural":null},"default_variation":{}},"tiered_pricing_minimum_quantity":null,"tiered_pricing_roles_data":[],"tiered_pricing_percentage_rules":[],"_links":{"self":[{"href":"https:\/\/yume-silm.com\/pt\/wp-json\/wp\/v2\/product\/6538","targetHints":{"allow":["GET"]}}],"collection":[{"href":"https:\/\/yume-silm.com\/pt\/wp-json\/wp\/v2\/product"}],"about":[{"href":"https:\/\/yume-silm.com\/pt\/wp-json\/wp\/v2\/types\/product"}],"replies":[{"embeddable":true,"href":"https:\/\/yume-silm.com\/pt\/wp-json\/wp\/v2\/comments?post=6538"}],"wp:featuredmedia":[{"embeddable":true,"href":"https:\/\/yume-silm.com\/pt\/wp-json\/wp\/v2\/media\/6588"}],"wp:attachment":[{"href":"https:\/\/yume-silm.com\/pt\/wp-json\/wp\/v2\/media?parent=6538"}],"wp:term":[{"taxonomy":"product_brand","embeddable":true,"href":"https:\/\/yume-silm.com\/pt\/wp-json\/wp\/v2\/product_brand?post=6538"},{"taxonomy":"product_cat","embeddable":true,"href":"https:\/\/yume-silm.com\/pt\/wp-json\/wp\/v2\/product_cat?post=6538"},{"taxonomy":"product_tag","embeddable":true,"href":"https:\/\/yume-silm.com\/pt\/wp-json\/wp\/v2\/product_tag?post=6538"}],"curies":[{"name":"wp","href":"https:\/\/api.w.org\/{rel}","templated":true}]}}