{"id":6595,"date":"2023-09-23T07:40:13","date_gmt":"2023-09-23T07:40:13","guid":{"rendered":"https:\/\/yume-silm.com\/?post_type=product&#038;p=6595"},"modified":"2024-05-11T06:50:38","modified_gmt":"2024-05-11T06:50:38","slug":"atacado-fivela-frontal-plus-size-sutia-confortavel-ajustavel-sem-fio","status":"publish","type":"product","link":"https:\/\/yume-silm.com\/pt\/produto\/atacado-fivela-frontal-plus-size-sutia-confortavel-ajustavel-sem-fio\/","title":{"rendered":"Suti\u00e3 confort\u00e1vel ajust\u00e1vel sem fio plus size com fivela frontal por atacado"},"content":{"rendered":"<h5>Caracter\u00edsticas de design<\/h5>\n<ul>\n<li><strong>PROJETO DE FECHO FRONTAL:<\/strong> Nosso suti\u00e3 ajust\u00e1vel apresenta um design de fecho frontal simples para facilitar o uso. O ajuste n\u00e3o restritivo \u00e9 perfeito para uso di\u00e1rio.<\/li>\n<li><strong>CONFORT\u00c1VEL SEM AN\u00c9IS DE A\u00c7O:<\/strong> Diga adeus ao desconforto e \u00e0 constri\u00e7\u00e3o causados pelas roupas \u00edntimas! O design sem a\u00e7o deste suti\u00e3 feminino promove um formato natural ao mesmo tempo que fornece suporte suficiente para torn\u00e1-lo uma \u00f3tima op\u00e7\u00e3o para uso a longo prazo. Seus movimentos n\u00e3o ser\u00e3o prejudicados durante o uso prolongado e voc\u00ea n\u00e3o se sentir\u00e1 desconfort\u00e1vel devido \u00e0 restri\u00e7\u00e3o dos fios.<\/li>\n<li><strong>LEVE E EL\u00c1STICO:<\/strong> Esta lingerie feminina tem um design fino que emagrece o seu corpo em qualquer ocasi\u00e3o. Ele abra\u00e7a sua silhueta, criando uma apar\u00eancia atraente, mas n\u00e3o volumosa. Esse recurso o torna perfeito para usar sob um espartilho, proporcionando uma apar\u00eancia elegante e perfeita.<\/li>\n<li><strong>PRESS\u00c3O DE RETROCESSO REDUZIDA:<\/strong> A parte de tr\u00e1s do nosso suti\u00e3 sem a\u00e7o e com cobertura total foi projetada para lhe proporcionar o m\u00e1ximo conforto. As al\u00e7as acolchoadas ajudam a aliviar a press\u00e3o nos ombros. A sua a\u00e7\u00e3o de suporte ajuda a distribuir o peso dos seios uniformemente pelas costas, reduzindo a press\u00e3o nos m\u00fasculos das costas, perfeito para mulheres com corpo mais cheio.<\/li>\n<li><strong>AJUST\u00c1VEL:<\/strong> Este suti\u00e3 confort\u00e1vel ajust\u00e1vel sem fio vem com al\u00e7as ajust\u00e1veis que ajudam a alcan\u00e7ar a sustenta\u00e7\u00e3o desejada. O seu n\u00edvel de ajuste n\u00e3o s\u00f3 garante conforto, mas tamb\u00e9m fornece o suporte necess\u00e1rio para criar uma experi\u00eancia de uso bonita e confiante.<\/li>\n<li>O suti\u00e3 confort\u00e1vel ajust\u00e1vel sem aro plus size com fivela frontal garante que todas as mulheres possam exibir suas curvas com confian\u00e7a. Aproveite o ajuste perfeito.<\/li>\n<\/ul>\n<div class=\"ast-oembed-container\" style=\"height: 100%;\"><iframe title=\"Suti\u00e3 confort\u00e1vel ajust\u00e1vel sem fio plus size com fivela frontal por atacado\" width=\"500\" height=\"281\" src=\"https:\/\/www.youtube.com\/embed\/kUt9Yj5F0dQ?feature=oembed\" frameborder=\"0\" allow=\"accelerometer; autoplay; clipboard-write; encrypted-media; gyroscope; picture-in-picture; web-share\" referrerpolicy=\"strict-origin-when-cross-origin\" allowfullscreen><\/iframe><\/div>","protected":false},"excerpt":{"rendered":"<p>Delicie-se com o conforto durante todo o dia com este suti\u00e3 confort\u00e1vel ajust\u00e1vel sem aro com fivela frontal plus size, apresentando um design de ajuste fino para uma silhueta elegante e al\u00edvio de press\u00e3o nas costas para suporte m\u00e1ximo. A constru\u00e7\u00e3o ajust\u00e1vel garante um ajuste perfeito, tornando-o uma adi\u00e7\u00e3o valiosa \u00e0 sua cole\u00e7\u00e3o de uso di\u00e1rio.<\/p>","protected":false},"featured_media":6648,"comment_status":"open","ping_status":"closed","template":"","meta":{"site-sidebar-layout":"default","site-content-layout":"","ast-site-content-layout":"default","site-content-style":"default","site-sidebar-style":"default","ast-global-header-display":"","ast-banner-title-visibility":"","ast-main-header-display":"","ast-hfb-above-header-display":"","ast-hfb-below-header-display":"","ast-hfb-mobile-header-display":"","site-post-title":"","ast-breadcrumbs-content":"","ast-featured-img":"","footer-sml-layout":"","ast-disable-related-posts":"","theme-transparent-header-meta":"default","adv-header-id-meta":"","stick-header-meta":"default","header-above-stick-meta":"","header-main-stick-meta":"","header-below-stick-meta":"","astra-migrate-meta-layouts":"set","ast-page-background-enabled":"default","ast-page-background-meta":{"desktop":{"background-color":"","background-image":"","background-repeat":"repeat","background-position":"center center","background-size":"auto","background-attachment":"scroll","background-type":"","background-media":"","overlay-type":"","overlay-color":"","overlay-opacity":"","overlay-gradient":""},"tablet":{"background-color":"","background-image":"","background-repeat":"repeat","background-position":"center center","background-size":"auto","background-attachment":"scroll","background-type":"","background-media":"","overlay-type":"","overlay-color":"","overlay-opacity":"","overlay-gradient":""},"mobile":{"background-color":"","background-image":"","background-repeat":"repeat","background-position":"center center","background-size":"auto","background-attachment":"scroll","background-type":"","background-media":"","overlay-type":"","overlay-color":"","overlay-opacity":"","overlay-gradient":""}},"ast-content-background-meta":{"desktop":{"background-color":"var(--ast-global-color-5)","background-image":"","background-repeat":"repeat","background-position":"center center","background-size":"auto","background-attachment":"scroll","background-type":"","background-media":"","overlay-type":"","overlay-color":"","overlay-opacity":"","overlay-gradient":""},"tablet":{"background-color":"var(--ast-global-color-5)","background-image":"","background-repeat":"repeat","background-position":"center center","background-size":"auto","background-attachment":"scroll","background-type":"","background-media":"","overlay-type":"","overlay-color":"","overlay-opacity":"","overlay-gradient":""},"mobile":{"background-color":"var(--ast-global-color-5)","background-image":"","background-repeat":"repeat","background-position":"center center","background-size":"auto","background-attachment":"scroll","background-type":"","background-media":"","overlay-type":"","overlay-color":"","overlay-opacity":"","overlay-gradient":""}}},"product_brand":[],"product_cat":[76,259,583],"product_tag":[405,406,400,396],"class_list":{"0":"post-6595","1":"product","2":"type-product","3":"status-publish","4":"has-post-thumbnail","6":"product_cat-new-arrivels","7":"product_cat-lingerie","8":"product_cat-plus-size-underwear","9":"product_tag-adjustable-bra","10":"product_tag-front-closure-bras","11":"product_tag-plus-size-bra","12":"product_tag-womens-underwear","13":"pa_color-beige","14":"pa_color-black","15":"pa_color-white","16":"pa_size-34-75d","17":"pa_size-34-75e","18":"pa_size-36-80d","19":"pa_size-36-80e","20":"pa_size-38-85d","21":"pa_size-38-85e","22":"pa_size-40-90d","23":"pa_size-40-90e","24":"pa_size-42-95d","25":"pa_size-42-95e","26":"pa_size-44-100d","27":"pa_size-44-100e","28":"pa_size-46-105d","29":"pa_size-46-105e","30":"pa_size-48-110d","31":"pa_size-48-110e","32":"desktop-align-center","33":"tablet-align-left","34":"mobile-align-left","35":"ast-product-gallery-layout-horizontal-slider","36":"ast-product-single-variable","37":"ast-product-tabs-layout-horizontal","38":"ast-qv-on-image","40":"first","41":"instock","42":"shipping-taxable","43":"purchasable","44":"product-type-variable"},"tiered_pricing_type":"fixed","tiered_pricing_fixed_rules":{"2":6.69,"30":5.79,"100":4.99},"tiered_pricing_product_settings":{"layout":"default","base_unit_name":{"singular":null,"plural":null},"default_variation":{}},"tiered_pricing_minimum_quantity":null,"tiered_pricing_roles_data":[],"tiered_pricing_percentage_rules":[],"_links":{"self":[{"href":"https:\/\/yume-silm.com\/pt\/wp-json\/wp\/v2\/product\/6595","targetHints":{"allow":["GET"]}}],"collection":[{"href":"https:\/\/yume-silm.com\/pt\/wp-json\/wp\/v2\/product"}],"about":[{"href":"https:\/\/yume-silm.com\/pt\/wp-json\/wp\/v2\/types\/product"}],"replies":[{"embeddable":true,"href":"https:\/\/yume-silm.com\/pt\/wp-json\/wp\/v2\/comments?post=6595"}],"wp:featuredmedia":[{"embeddable":true,"href":"https:\/\/yume-silm.com\/pt\/wp-json\/wp\/v2\/media\/6648"}],"wp:attachment":[{"href":"https:\/\/yume-silm.com\/pt\/wp-json\/wp\/v2\/media?parent=6595"}],"wp:term":[{"taxonomy":"product_brand","embeddable":true,"href":"https:\/\/yume-silm.com\/pt\/wp-json\/wp\/v2\/product_brand?post=6595"},{"taxonomy":"product_cat","embeddable":true,"href":"https:\/\/yume-silm.com\/pt\/wp-json\/wp\/v2\/product_cat?post=6595"},{"taxonomy":"product_tag","embeddable":true,"href":"https:\/\/yume-silm.com\/pt\/wp-json\/wp\/v2\/product_tag?post=6595"}],"curies":[{"name":"wp","href":"https:\/\/api.w.org\/{rel}","templated":true}]}}