{"id":6699,"date":"2023-09-26T03:57:05","date_gmt":"2023-09-26T03:57:05","guid":{"rendered":"https:\/\/yume-silm.com\/?post_type=product&#038;p=6699"},"modified":"2024-05-11T06:54:18","modified_gmt":"2024-05-11T06:54:18","slug":"sutia-confortavel-de-renda-de-algodao-para-meia-idade-e-idosos-plus-size","status":"publish","type":"product","link":"https:\/\/yume-silm.com\/pt\/produto\/sutia-confortavel-de-renda-de-algodao-para-meia-idade-e-idosos-plus-size\/","title":{"rendered":"Suti\u00e3 de renda de algod\u00e3o por atacado confort\u00e1vel plus size ultrafino"},"content":{"rendered":"<h5>Recursos detalhados:<\/h5>\n<ul>\n<li>Algod\u00e3o ultrafino n\u00e3o acolchoado, algod\u00e3o at\u00e9 85%, leve e respir\u00e1vel.<\/li>\n<li>Detalhes delicados de renda floral, delicados e sexy.<\/li>\n<li>Al\u00e7as largas ajust\u00e1veis e confort\u00e1veis, confort\u00e1veis e sem estresse.<\/li>\n<li>Copos grandes e cheios, costas em formato de U, lindos e elegantes.<\/li>\n<li>Bainha el\u00e1stica sem fio, reduz a sensa\u00e7\u00e3o de escravid\u00e3o, apoia efetivamente o peito<\/li>\n<\/ul>\n<h6><em>Suti\u00e3 de renda de algod\u00e3o confort\u00e1vel plus size de meia idade<\/em><\/h6>\n<ul>\n<li>Projetado com o conforto em mente, nosso suti\u00e3 de renda de algod\u00e3o oferece suporte confi\u00e1vel sem sacrificar o estilo. O suti\u00e3 plus size de algod\u00e3o com fibras naturais acaricia suavemente sua pele, trazendo uma sensa\u00e7\u00e3o macia e n\u00e3o irritante. Detalhes de renda adornam o suti\u00e3, adicionando um toque de romance aos itens essenciais do dia a dia. O design sem fundo e as al\u00e7as largas ajust\u00e1veis deste suti\u00e3 franzido proporcionam um ajuste seguro. Alcan\u00e7a totalmente o conforto da meia-idade.<\/li>\n<li>Nosso suti\u00e3 de renda de algod\u00e3o plus size ir\u00e1 mostrar sua beleza natural e deixar voc\u00ea se sentindo confiante e fortalecido. O suti\u00e3 de renda de algod\u00e3o apresenta conforto, estilo e personalidade, abra\u00e7ando suas curvas e aumentando sua confian\u00e7a a cada uso.<\/li>\n<li>A combina\u00e7\u00e3o perfeita de algod\u00e3o e renda cria uma pe\u00e7a vers\u00e1til que complementa qualquer roupa, garantindo que voc\u00ea se sinta fabulosa de dia ou de noite.<\/li>\n<\/ul>","protected":false},"excerpt":{"rendered":"<p>Voc\u00ea gosta deste suti\u00e3 de suporte? Este suti\u00e3 est\u00e1 dispon\u00edvel em uma variedade de cores e tamanhos. Mostre suas curvas e fique mais confiante e bonita.<\/p>","protected":false},"featured_media":6750,"comment_status":"open","ping_status":"closed","template":"","meta":{"site-sidebar-layout":"default","site-content-layout":"","ast-site-content-layout":"default","site-content-style":"default","site-sidebar-style":"default","ast-global-header-display":"","ast-banner-title-visibility":"","ast-main-header-display":"","ast-hfb-above-header-display":"","ast-hfb-below-header-display":"","ast-hfb-mobile-header-display":"","site-post-title":"","ast-breadcrumbs-content":"","ast-featured-img":"","footer-sml-layout":"","ast-disable-related-posts":"","theme-transparent-header-meta":"default","adv-header-id-meta":"","stick-header-meta":"default","header-above-stick-meta":"","header-main-stick-meta":"","header-below-stick-meta":"","astra-migrate-meta-layouts":"set","ast-page-background-enabled":"default","ast-page-background-meta":{"desktop":{"background-color":"","background-image":"","background-repeat":"repeat","background-position":"center center","background-size":"auto","background-attachment":"scroll","background-type":"","background-media":"","overlay-type":"","overlay-color":"","overlay-opacity":"","overlay-gradient":""},"tablet":{"background-color":"","background-image":"","background-repeat":"repeat","background-position":"center center","background-size":"auto","background-attachment":"scroll","background-type":"","background-media":"","overlay-type":"","overlay-color":"","overlay-opacity":"","overlay-gradient":""},"mobile":{"background-color":"","background-image":"","background-repeat":"repeat","background-position":"center center","background-size":"auto","background-attachment":"scroll","background-type":"","background-media":"","overlay-type":"","overlay-color":"","overlay-opacity":"","overlay-gradient":""}},"ast-content-background-meta":{"desktop":{"background-color":"var(--ast-global-color-5)","background-image":"","background-repeat":"repeat","background-position":"center center","background-size":"auto","background-attachment":"scroll","background-type":"","background-media":"","overlay-type":"","overlay-color":"","overlay-opacity":"","overlay-gradient":""},"tablet":{"background-color":"var(--ast-global-color-5)","background-image":"","background-repeat":"repeat","background-position":"center center","background-size":"auto","background-attachment":"scroll","background-type":"","background-media":"","overlay-type":"","overlay-color":"","overlay-opacity":"","overlay-gradient":""},"mobile":{"background-color":"var(--ast-global-color-5)","background-image":"","background-repeat":"repeat","background-position":"center center","background-size":"auto","background-attachment":"scroll","background-type":"","background-media":"","overlay-type":"","overlay-color":"","overlay-opacity":"","overlay-gradient":""}}},"product_brand":[],"product_cat":[76,259,583],"product_tag":[398,399,400,397,396],"class_list":{"0":"post-6699","1":"product","2":"type-product","3":"status-publish","4":"has-post-thumbnail","6":"product_cat-new-arrivels","7":"product_cat-lingerie","8":"product_cat-plus-size-underwear","9":"product_tag-cotton-bra","10":"product_tag-cotton-lace-bra","11":"product_tag-plus-size-bra","12":"product_tag-plus-size-underwear","13":"product_tag-womens-underwear","14":"pa_color-beige","15":"pa_color-black","16":"pa_color-gray","17":"pa_color-skin","18":"pa_size-100e","19":"pa_size-100f","20":"pa_size-105e","21":"pa_size-105f","22":"pa_size-110e","23":"pa_size-110f","24":"pa_size-115e","25":"pa_size-115f","26":"pa_size-90e","27":"pa_size-90f","28":"pa_size-95e","29":"pa_size-95f","30":"desktop-align-center","31":"tablet-align-left","32":"mobile-align-left","33":"ast-product-gallery-layout-horizontal-slider","34":"ast-product-single-variable","35":"ast-product-tabs-layout-horizontal","36":"ast-qv-on-image","38":"first","39":"instock","40":"shipping-taxable","41":"purchasable","42":"product-type-variable"},"tiered_pricing_type":"fixed","tiered_pricing_fixed_rules":{"2":7.99,"50":6.89,"100":5.99},"tiered_pricing_product_settings":{"layout":"default","base_unit_name":{"singular":null,"plural":null},"default_variation":{}},"tiered_pricing_minimum_quantity":null,"tiered_pricing_roles_data":[],"tiered_pricing_percentage_rules":[],"_links":{"self":[{"href":"https:\/\/yume-silm.com\/pt\/wp-json\/wp\/v2\/product\/6699","targetHints":{"allow":["GET"]}}],"collection":[{"href":"https:\/\/yume-silm.com\/pt\/wp-json\/wp\/v2\/product"}],"about":[{"href":"https:\/\/yume-silm.com\/pt\/wp-json\/wp\/v2\/types\/product"}],"replies":[{"embeddable":true,"href":"https:\/\/yume-silm.com\/pt\/wp-json\/wp\/v2\/comments?post=6699"}],"wp:featuredmedia":[{"embeddable":true,"href":"https:\/\/yume-silm.com\/pt\/wp-json\/wp\/v2\/media\/6750"}],"wp:attachment":[{"href":"https:\/\/yume-silm.com\/pt\/wp-json\/wp\/v2\/media?parent=6699"}],"wp:term":[{"taxonomy":"product_brand","embeddable":true,"href":"https:\/\/yume-silm.com\/pt\/wp-json\/wp\/v2\/product_brand?post=6699"},{"taxonomy":"product_cat","embeddable":true,"href":"https:\/\/yume-silm.com\/pt\/wp-json\/wp\/v2\/product_cat?post=6699"},{"taxonomy":"product_tag","embeddable":true,"href":"https:\/\/yume-silm.com\/pt\/wp-json\/wp\/v2\/product_tag?post=6699"}],"curies":[{"name":"wp","href":"https:\/\/api.w.org\/{rel}","templated":true}]}}